{"id":69377,"date":"2022-05-20T04:12:00","date_gmt":"2022-05-20T02:12:05","guid":{"rendered":"https:\/\/www.gruppoliturgico.com\/prodotto\/chasuble-80\/"},"modified":"2022-09-05T17:35:50","modified_gmt":"2022-09-05T15:35:50","slug":"chasuble-80","status":"publish","type":"product","link":"https:\/\/www.gruppoliturgico.com\/fr\/produit\/chasuble-80\/","title":{"rendered":"chasuble"},"content":{"rendered":"<html><body><p>Chasuble en l\u00e9ger tissu polyester facilement lavable.<br>\nLes galons, de type scapulaire, ont des tuiles, entour\u00e9es de broderies au fil d\u2019or, repr\u00e9sentant les sc\u00e8nes de la Crucifixion, de la Derni\u00e8re C\u00e8ne et de J\u00e9sus le Ma\u00eetre enti\u00e8rement peintes \u00e0 la main.<br>\nL\u2019\u00e9tole arri\u00e8re pr\u00e9sente les d\u00e9corations des Saints Pierre et Paul et la descente du Saint-Esprit sur les Ap\u00f4tres.<br>\nDisponible dans les coloris Liturgiques.<\/p>\n<p>CET ARTICLE EST INDIQUE POUR LA REALISATION DE SUJETS SPECIAUX SUR DEMANDE. IL EST POSSIBLE DE REMPLACER DES SUJETS DANS LES PANNEAUX SELON LES EXIGENCES DU CLIENT.<\/p>\n<\/body><\/html>","protected":false},"excerpt":{"rendered":"<p>Chasuble en l\u00e9ger tissu polyester facilement lavable.<br \/>\nLes galons, de type scapulaire, ont des tuiles, entour\u00e9es de broderies au fil d&rsquo;or, repr\u00e9sentant les sc\u00e8nes de la Crucifixion, de la Derni\u00e8re C\u00e8ne et de J\u00e9sus le Ma\u00eetre enti\u00e8rement peintes \u00e0 la main.<br \/>\nL&rsquo;\u00e9tole arri\u00e8re pr\u00e9sente les d\u00e9corations des Saints Pierre et Paul et la descente du Saint-Esprit sur les Ap\u00f4tres.<br \/>\nDisponible dans les coloris Liturgiques.<\/p>\n<p>CET ARTICLE EST INDIQUE POUR LA REALISATION DE SUJETS SPECIAUX SUR DEMANDE. IL EST POSSIBLE DE REMPLACER DES SUJETS DANS LES PANNEAUX SELON LES EXIGENCES DU CLIENT.<\/p>\n","protected":false},"featured_media":128951,"template":"","meta":[],"product_cat":[12244],"product_tag":[],"yoast_head":"<!-- This site is optimized with the Yoast SEO plugin v20.4 - https:\/\/yoast.com\/wordpress\/plugins\/seo\/ -->\n<title>chasuble - solennelles et Laboratorio Gruppo Liturgico<\/title>\n<meta name=\"description\" content=\"Chasuble en l\u00e9ger tissu polyester facilement lavable. Les galons, de type scapulaire, ont des tuiles, entour\u00e9es de broderies au fil d&#039;or, repr\u00e9sentant les sc\u00e8nes de la Crucifixion, de la Derni\u00e8re C\u00e8ne et de J\u00e9sus le Ma\u00eetre enti\u00e8rement peintes \u00e0 la main. L&#039;\u00e9tole arri\u00e8re pr\u00e9sente les d\u00e9corations des Saints Pierre et Paul et la descente du Saint-Esprit sur les Ap\u00f4tres.  Disponible dans les coloris Liturgiques.  CET ARTICLE EST INDIQUE POUR LA REALISATION DE SUJETS SPECIAUX SUR DEMANDE. IL EST POSSIBLE DE REMPLACER DES SUJETS DANS LES PANNEAUX SELON LES EXIGENCES DU CLIENT.\" \/>\n<meta name=\"robots\" content=\"index, follow, max-snippet:-1, max-image-preview:large, max-video-preview:-1\" \/>\n<link rel=\"canonical\" href=\"https:\/\/www.gruppoliturgico.com\/fr\/produit\/chasuble-80\/\" \/>\n<meta property=\"og:locale\" content=\"fr_FR\" \/>\n<meta property=\"og:type\" content=\"article\" \/>\n<meta property=\"og:title\" content=\"chasuble - solennelles et Laboratorio Gruppo Liturgico\" \/>\n<meta property=\"og:description\" content=\"Chasuble en l\u00e9ger tissu polyester facilement lavable. Les galons, de type scapulaire, ont des tuiles, entour\u00e9es de broderies au fil d&#039;or, repr\u00e9sentant les sc\u00e8nes de la Crucifixion, de la Derni\u00e8re C\u00e8ne et de J\u00e9sus le Ma\u00eetre enti\u00e8rement peintes \u00e0 la main. L&#039;\u00e9tole arri\u00e8re pr\u00e9sente les d\u00e9corations des Saints Pierre et Paul et la descente du Saint-Esprit sur les Ap\u00f4tres.  Disponible dans les coloris Liturgiques.  CET ARTICLE EST INDIQUE POUR LA REALISATION DE SUJETS SPECIAUX SUR DEMANDE. IL EST POSSIBLE DE REMPLACER DES SUJETS DANS LES PANNEAUX SELON LES EXIGENCES DU CLIENT.\" \/>\n<meta property=\"og:url\" content=\"https:\/\/www.gruppoliturgico.com\/fr\/produit\/chasuble-80\/\" \/>\n<meta property=\"og:site_name\" content=\"Laboratorio Gruppo Liturgico\" \/>\n<meta property=\"article:modified_time\" content=\"2022-09-05T15:35:50+00:00\" \/>\n<meta property=\"og:image\" content=\"https:\/\/www.gruppoliturgico.com\/wp-content\/uploads\/2022\/05\/2910_3.jpg\" \/>\n\t<meta property=\"og:image:width\" content=\"1315\" \/>\n\t<meta property=\"og:image:height\" content=\"2000\" \/>\n\t<meta property=\"og:image:type\" content=\"image\/jpeg\" \/>\n<meta name=\"twitter:card\" content=\"summary_large_image\" \/>\n<meta name=\"twitter:label1\" content=\"Dur\u00e9e de lecture estim\u00e9e\" \/>\n\t<meta name=\"twitter:data1\" content=\"1 minute\" \/>\n<script type=\"application\/ld+json\" class=\"yoast-schema-graph\">{\"@context\":\"https:\/\/schema.org\",\"@graph\":[{\"@type\":\"WebPage\",\"@id\":\"https:\/\/www.gruppoliturgico.com\/fr\/produit\/chasuble-80\/\",\"url\":\"https:\/\/www.gruppoliturgico.com\/fr\/produit\/chasuble-80\/\",\"name\":\"chasuble - solennelles et Laboratorio Gruppo Liturgico\",\"isPartOf\":{\"@id\":\"https:\/\/www.gruppoliturgico.com\/es\/#website\"},\"datePublished\":\"2022-05-20T02:12:05+00:00\",\"dateModified\":\"2022-09-05T15:35:50+00:00\",\"description\":\"Chasuble en l\u00e9ger tissu polyester facilement lavable. Les galons, de type scapulaire, ont des tuiles, entour\u00e9es de broderies au fil d'or, repr\u00e9sentant les sc\u00e8nes de la Crucifixion, de la Derni\u00e8re C\u00e8ne et de J\u00e9sus le Ma\u00eetre enti\u00e8rement peintes \u00e0 la main. L'\u00e9tole arri\u00e8re pr\u00e9sente les d\u00e9corations des Saints Pierre et Paul et la descente du Saint-Esprit sur les Ap\u00f4tres. Disponible dans les coloris Liturgiques. CET ARTICLE EST INDIQUE POUR LA REALISATION DE SUJETS SPECIAUX SUR DEMANDE. IL EST POSSIBLE DE REMPLACER DES SUJETS DANS LES PANNEAUX SELON LES EXIGENCES DU CLIENT.\",\"breadcrumb\":{\"@id\":\"https:\/\/www.gruppoliturgico.com\/fr\/produit\/chasuble-80\/#breadcrumb\"},\"inLanguage\":\"fr-FR\",\"potentialAction\":[{\"@type\":\"ReadAction\",\"target\":[\"https:\/\/www.gruppoliturgico.com\/fr\/produit\/chasuble-80\/\"]}]},{\"@type\":\"BreadcrumbList\",\"@id\":\"https:\/\/www.gruppoliturgico.com\/fr\/produit\/chasuble-80\/#breadcrumb\",\"itemListElement\":[{\"@type\":\"ListItem\",\"position\":1,\"name\":\"Home\",\"item\":\"https:\/\/www.gruppoliturgico.com\/fr\/\"},{\"@type\":\"ListItem\",\"position\":2,\"name\":\"Boutique\",\"item\":\"https:\/\/www.gruppoliturgico.com\/fr\/boutique\/\"},{\"@type\":\"ListItem\",\"position\":3,\"name\":\"chasuble\"}]},{\"@type\":\"WebSite\",\"@id\":\"https:\/\/www.gruppoliturgico.com\/es\/#website\",\"url\":\"https:\/\/www.gruppoliturgico.com\/es\/\",\"name\":\"Laboratorio Gruppo Liturgico\",\"description\":\"Articoli Religiosi online\",\"publisher\":{\"@id\":\"https:\/\/www.gruppoliturgico.com\/es\/#organization\"},\"potentialAction\":[{\"@type\":\"SearchAction\",\"target\":{\"@type\":\"EntryPoint\",\"urlTemplate\":\"https:\/\/www.gruppoliturgico.com\/es\/?s={search_term_string}\"},\"query-input\":\"required name=search_term_string\"}],\"inLanguage\":\"fr-FR\"},{\"@type\":\"Organization\",\"@id\":\"https:\/\/www.gruppoliturgico.com\/es\/#organization\",\"name\":\"Laboratorio Gruppo Liturgico\",\"url\":\"https:\/\/www.gruppoliturgico.com\/es\/\",\"logo\":{\"@type\":\"ImageObject\",\"inLanguage\":\"fr-FR\",\"@id\":\"https:\/\/www.gruppoliturgico.com\/es\/#\/schema\/logo\/image\/\",\"url\":\"https:\/\/www.gruppoliturgico.com\/wp-content\/uploads\/2022\/02\/logo-laboratoriogruppoliturgico.png\",\"contentUrl\":\"https:\/\/www.gruppoliturgico.com\/wp-content\/uploads\/2022\/02\/logo-laboratoriogruppoliturgico.png\",\"width\":400,\"height\":114,\"caption\":\"Laboratorio Gruppo Liturgico\"},\"image\":{\"@id\":\"https:\/\/www.gruppoliturgico.com\/es\/#\/schema\/logo\/image\/\"}}]}<\/script>\n<!-- \/ Yoast SEO plugin. -->","yoast_head_json":{"title":"chasuble - solennelles et Laboratorio Gruppo Liturgico","description":"Chasuble en l\u00e9ger tissu polyester facilement lavable. Les galons, de type scapulaire, ont des tuiles, entour\u00e9es de broderies au fil d'or, repr\u00e9sentant les sc\u00e8nes de la Crucifixion, de la Derni\u00e8re C\u00e8ne et de J\u00e9sus le Ma\u00eetre enti\u00e8rement peintes \u00e0 la main. L'\u00e9tole arri\u00e8re pr\u00e9sente les d\u00e9corations des Saints Pierre et Paul et la descente du Saint-Esprit sur les Ap\u00f4tres.  Disponible dans les coloris Liturgiques.  CET ARTICLE EST INDIQUE POUR LA REALISATION DE SUJETS SPECIAUX SUR DEMANDE. IL EST POSSIBLE DE REMPLACER DES SUJETS DANS LES PANNEAUX SELON LES EXIGENCES DU CLIENT.","robots":{"index":"index","follow":"follow","max-snippet":"max-snippet:-1","max-image-preview":"max-image-preview:large","max-video-preview":"max-video-preview:-1"},"canonical":"https:\/\/www.gruppoliturgico.com\/fr\/produit\/chasuble-80\/","og_locale":"fr_FR","og_type":"article","og_title":"chasuble - solennelles et Laboratorio Gruppo Liturgico","og_description":"Chasuble en l\u00e9ger tissu polyester facilement lavable. Les galons, de type scapulaire, ont des tuiles, entour\u00e9es de broderies au fil d'or, repr\u00e9sentant les sc\u00e8nes de la Crucifixion, de la Derni\u00e8re C\u00e8ne et de J\u00e9sus le Ma\u00eetre enti\u00e8rement peintes \u00e0 la main. L'\u00e9tole arri\u00e8re pr\u00e9sente les d\u00e9corations des Saints Pierre et Paul et la descente du Saint-Esprit sur les Ap\u00f4tres.  Disponible dans les coloris Liturgiques.  CET ARTICLE EST INDIQUE POUR LA REALISATION DE SUJETS SPECIAUX SUR DEMANDE. IL EST POSSIBLE DE REMPLACER DES SUJETS DANS LES PANNEAUX SELON LES EXIGENCES DU CLIENT.","og_url":"https:\/\/www.gruppoliturgico.com\/fr\/produit\/chasuble-80\/","og_site_name":"Laboratorio Gruppo Liturgico","article_modified_time":"2022-09-05T15:35:50+00:00","og_image":[{"width":1315,"height":2000,"url":"https:\/\/www.gruppoliturgico.com\/wp-content\/uploads\/2022\/05\/2910_3.jpg","type":"image\/jpeg"}],"twitter_card":"summary_large_image","twitter_misc":{"Dur\u00e9e de lecture estim\u00e9e":"1 minute"},"schema":{"@context":"https:\/\/schema.org","@graph":[{"@type":"WebPage","@id":"https:\/\/www.gruppoliturgico.com\/fr\/produit\/chasuble-80\/","url":"https:\/\/www.gruppoliturgico.com\/fr\/produit\/chasuble-80\/","name":"chasuble - solennelles et Laboratorio Gruppo Liturgico","isPartOf":{"@id":"https:\/\/www.gruppoliturgico.com\/es\/#website"},"datePublished":"2022-05-20T02:12:05+00:00","dateModified":"2022-09-05T15:35:50+00:00","description":"Chasuble en l\u00e9ger tissu polyester facilement lavable. Les galons, de type scapulaire, ont des tuiles, entour\u00e9es de broderies au fil d'or, repr\u00e9sentant les sc\u00e8nes de la Crucifixion, de la Derni\u00e8re C\u00e8ne et de J\u00e9sus le Ma\u00eetre enti\u00e8rement peintes \u00e0 la main. L'\u00e9tole arri\u00e8re pr\u00e9sente les d\u00e9corations des Saints Pierre et Paul et la descente du Saint-Esprit sur les Ap\u00f4tres. Disponible dans les coloris Liturgiques. CET ARTICLE EST INDIQUE POUR LA REALISATION DE SUJETS SPECIAUX SUR DEMANDE. IL EST POSSIBLE DE REMPLACER DES SUJETS DANS LES PANNEAUX SELON LES EXIGENCES DU CLIENT.","breadcrumb":{"@id":"https:\/\/www.gruppoliturgico.com\/fr\/produit\/chasuble-80\/#breadcrumb"},"inLanguage":"fr-FR","potentialAction":[{"@type":"ReadAction","target":["https:\/\/www.gruppoliturgico.com\/fr\/produit\/chasuble-80\/"]}]},{"@type":"BreadcrumbList","@id":"https:\/\/www.gruppoliturgico.com\/fr\/produit\/chasuble-80\/#breadcrumb","itemListElement":[{"@type":"ListItem","position":1,"name":"Home","item":"https:\/\/www.gruppoliturgico.com\/fr\/"},{"@type":"ListItem","position":2,"name":"Boutique","item":"https:\/\/www.gruppoliturgico.com\/fr\/boutique\/"},{"@type":"ListItem","position":3,"name":"chasuble"}]},{"@type":"WebSite","@id":"https:\/\/www.gruppoliturgico.com\/es\/#website","url":"https:\/\/www.gruppoliturgico.com\/es\/","name":"Laboratorio Gruppo Liturgico","description":"Articoli Religiosi online","publisher":{"@id":"https:\/\/www.gruppoliturgico.com\/es\/#organization"},"potentialAction":[{"@type":"SearchAction","target":{"@type":"EntryPoint","urlTemplate":"https:\/\/www.gruppoliturgico.com\/es\/?s={search_term_string}"},"query-input":"required name=search_term_string"}],"inLanguage":"fr-FR"},{"@type":"Organization","@id":"https:\/\/www.gruppoliturgico.com\/es\/#organization","name":"Laboratorio Gruppo Liturgico","url":"https:\/\/www.gruppoliturgico.com\/es\/","logo":{"@type":"ImageObject","inLanguage":"fr-FR","@id":"https:\/\/www.gruppoliturgico.com\/es\/#\/schema\/logo\/image\/","url":"https:\/\/www.gruppoliturgico.com\/wp-content\/uploads\/2022\/02\/logo-laboratoriogruppoliturgico.png","contentUrl":"https:\/\/www.gruppoliturgico.com\/wp-content\/uploads\/2022\/02\/logo-laboratoriogruppoliturgico.png","width":400,"height":114,"caption":"Laboratorio Gruppo Liturgico"},"image":{"@id":"https:\/\/www.gruppoliturgico.com\/es\/#\/schema\/logo\/image\/"}}]}},"_links":{"self":[{"href":"https:\/\/www.gruppoliturgico.com\/fr\/wp-json\/wp\/v2\/product\/69377"}],"collection":[{"href":"https:\/\/www.gruppoliturgico.com\/fr\/wp-json\/wp\/v2\/product"}],"about":[{"href":"https:\/\/www.gruppoliturgico.com\/fr\/wp-json\/wp\/v2\/types\/product"}],"wp:featuredmedia":[{"embeddable":true,"href":"https:\/\/www.gruppoliturgico.com\/fr\/wp-json\/wp\/v2\/media\/128951"}],"wp:attachment":[{"href":"https:\/\/www.gruppoliturgico.com\/fr\/wp-json\/wp\/v2\/media?parent=69377"}],"wp:term":[{"taxonomy":"product_cat","embeddable":true,"href":"https:\/\/www.gruppoliturgico.com\/fr\/wp-json\/wp\/v2\/product_cat?post=69377"},{"taxonomy":"product_tag","embeddable":true,"href":"https:\/\/www.gruppoliturgico.com\/fr\/wp-json\/wp\/v2\/product_tag?post=69377"}],"curies":[{"name":"wp","href":"https:\/\/api.w.org\/{rel}","templated":true}]}}