{"id":69261,"date":"2022-05-20T04:06:00","date_gmt":"2022-05-20T02:06:16","guid":{"rendered":"https:\/\/www.gruppoliturgico.com\/prodotto\/chasuble-78\/"},"modified":"2022-09-03T10:49:21","modified_gmt":"2022-09-03T08:49:21","slug":"chasuble-78","status":"publish","type":"product","link":"https:\/\/www.gruppoliturgico.com\/fr\/produit\/chasuble-78\/","title":{"rendered":"chasuble"},"content":{"rendered":"<html><body><p>Confectionn\u00e9e avec un l\u00e9ger tissu de pure laine lam\u00e9 or.<br>\nCoupe m\u00e9di\u00e9vale avec galon central et cou brod\u00e9s sur tissu doupion couleur sur couleur.<br>\nLe type particulier de broderie, r\u00e9alis\u00e9e avec plusieurs types de fils, la rendent vraiment importante.<br>\nElle est enrichie de strass avec perles de deux tons appliqu\u00e9s \u00e0 la main.<br>\nLa jonction entre le cou et le galon central est enrichie d\u2019un strass dor\u00e9 de la m\u00eame couleur que la chasuble.<br>\nLe galon centrale est \u00e9gale sur la partie arri\u00e8re de la chasuble.<br>\nDisponible dans les coloris Liturgiques.<\/p>\n<\/body><\/html>","protected":false},"excerpt":{"rendered":"<p>Confectionn\u00e9e avec un l\u00e9ger tissu de pure laine lam\u00e9 or.<br \/>\nCoupe m\u00e9di\u00e9vale avec galon central et cou brod\u00e9s sur tissu doupion couleur sur couleur.<br \/>\nLe type particulier de broderie, r\u00e9alis\u00e9e avec plusieurs types de fils, la rendent vraiment importante.<br \/>\nElle est enrichie de strass avec perles de deux tons appliqu\u00e9s \u00e0 la main.<br \/>\nLa jonction entre le cou et le galon central est enrichie d&rsquo;un strass dor\u00e9 de la m\u00eame couleur que la chasuble.<br \/>\nLe galon centrale est \u00e9gale sur la partie arri\u00e8re de la chasuble.<br \/>\nDisponible dans les coloris Liturgiques.<\/p>\n","protected":false},"featured_media":128874,"template":"","meta":[],"product_cat":[12244],"product_tag":[],"yoast_head":"<!-- This site is optimized with the Yoast SEO plugin v20.4 - https:\/\/yoast.com\/wordpress\/plugins\/seo\/ -->\n<title>chasuble - solennelles et Laboratorio Gruppo Liturgico<\/title>\n<meta name=\"description\" content=\"Confectionn\u00e9e avec un l\u00e9ger tissu de pure laine lam\u00e9 or. Coupe m\u00e9di\u00e9vale avec galon central et cou brod\u00e9s sur tissu doupion couleur sur couleur. Le type particulier de broderie, r\u00e9alis\u00e9e avec plusieurs types de fils, la rendent vraiment importante. Elle est enrichie de strass avec perles de deux tons appliqu\u00e9s \u00e0 la main. La jonction entre le cou et le galon central est enrichie d&#039;un strass dor\u00e9 de la m\u00eame couleur que la chasuble. Le galon centrale est \u00e9gale sur la partie arri\u00e8re de la chasuble. Disponible dans les coloris Liturgiques.\" \/>\n<meta name=\"robots\" content=\"index, follow, max-snippet:-1, max-image-preview:large, max-video-preview:-1\" \/>\n<link rel=\"canonical\" href=\"https:\/\/www.gruppoliturgico.com\/fr\/produit\/chasuble-78\/\" \/>\n<meta property=\"og:locale\" content=\"fr_FR\" \/>\n<meta property=\"og:type\" content=\"article\" \/>\n<meta property=\"og:title\" content=\"chasuble - solennelles et Laboratorio Gruppo Liturgico\" \/>\n<meta property=\"og:description\" content=\"Confectionn\u00e9e avec un l\u00e9ger tissu de pure laine lam\u00e9 or. Coupe m\u00e9di\u00e9vale avec galon central et cou brod\u00e9s sur tissu doupion couleur sur couleur. Le type particulier de broderie, r\u00e9alis\u00e9e avec plusieurs types de fils, la rendent vraiment importante. Elle est enrichie de strass avec perles de deux tons appliqu\u00e9s \u00e0 la main. La jonction entre le cou et le galon central est enrichie d&#039;un strass dor\u00e9 de la m\u00eame couleur que la chasuble. Le galon centrale est \u00e9gale sur la partie arri\u00e8re de la chasuble. Disponible dans les coloris Liturgiques.\" \/>\n<meta property=\"og:url\" content=\"https:\/\/www.gruppoliturgico.com\/fr\/produit\/chasuble-78\/\" \/>\n<meta property=\"og:site_name\" content=\"Laboratorio Gruppo Liturgico\" \/>\n<meta property=\"article:modified_time\" content=\"2022-09-03T08:49:21+00:00\" \/>\n<meta property=\"og:image\" content=\"https:\/\/www.gruppoliturgico.com\/wp-content\/uploads\/2022\/05\/2700-bianca.jpg\" \/>\n\t<meta property=\"og:image:width\" content=\"1477\" \/>\n\t<meta property=\"og:image:height\" content=\"2000\" \/>\n\t<meta property=\"og:image:type\" content=\"image\/jpeg\" \/>\n<meta name=\"twitter:card\" content=\"summary_large_image\" \/>\n<meta name=\"twitter:label1\" content=\"Dur\u00e9e de lecture estim\u00e9e\" \/>\n\t<meta name=\"twitter:data1\" content=\"1 minute\" \/>\n<script type=\"application\/ld+json\" class=\"yoast-schema-graph\">{\"@context\":\"https:\/\/schema.org\",\"@graph\":[{\"@type\":\"WebPage\",\"@id\":\"https:\/\/www.gruppoliturgico.com\/fr\/produit\/chasuble-78\/\",\"url\":\"https:\/\/www.gruppoliturgico.com\/fr\/produit\/chasuble-78\/\",\"name\":\"chasuble - solennelles et Laboratorio Gruppo Liturgico\",\"isPartOf\":{\"@id\":\"https:\/\/www.gruppoliturgico.com\/es\/#website\"},\"datePublished\":\"2022-05-20T02:06:16+00:00\",\"dateModified\":\"2022-09-03T08:49:21+00:00\",\"description\":\"Confectionn\u00e9e avec un l\u00e9ger tissu de pure laine lam\u00e9 or. Coupe m\u00e9di\u00e9vale avec galon central et cou brod\u00e9s sur tissu doupion couleur sur couleur. Le type particulier de broderie, r\u00e9alis\u00e9e avec plusieurs types de fils, la rendent vraiment importante. Elle est enrichie de strass avec perles de deux tons appliqu\u00e9s \u00e0 la main. La jonction entre le cou et le galon central est enrichie d'un strass dor\u00e9 de la m\u00eame couleur que la chasuble. Le galon centrale est \u00e9gale sur la partie arri\u00e8re de la chasuble. Disponible dans les coloris Liturgiques.\",\"breadcrumb\":{\"@id\":\"https:\/\/www.gruppoliturgico.com\/fr\/produit\/chasuble-78\/#breadcrumb\"},\"inLanguage\":\"fr-FR\",\"potentialAction\":[{\"@type\":\"ReadAction\",\"target\":[\"https:\/\/www.gruppoliturgico.com\/fr\/produit\/chasuble-78\/\"]}]},{\"@type\":\"BreadcrumbList\",\"@id\":\"https:\/\/www.gruppoliturgico.com\/fr\/produit\/chasuble-78\/#breadcrumb\",\"itemListElement\":[{\"@type\":\"ListItem\",\"position\":1,\"name\":\"Home\",\"item\":\"https:\/\/www.gruppoliturgico.com\/fr\/\"},{\"@type\":\"ListItem\",\"position\":2,\"name\":\"Boutique\",\"item\":\"https:\/\/www.gruppoliturgico.com\/fr\/boutique\/\"},{\"@type\":\"ListItem\",\"position\":3,\"name\":\"chasuble\"}]},{\"@type\":\"WebSite\",\"@id\":\"https:\/\/www.gruppoliturgico.com\/es\/#website\",\"url\":\"https:\/\/www.gruppoliturgico.com\/es\/\",\"name\":\"Laboratorio Gruppo Liturgico\",\"description\":\"Articoli Religiosi online\",\"publisher\":{\"@id\":\"https:\/\/www.gruppoliturgico.com\/es\/#organization\"},\"potentialAction\":[{\"@type\":\"SearchAction\",\"target\":{\"@type\":\"EntryPoint\",\"urlTemplate\":\"https:\/\/www.gruppoliturgico.com\/es\/?s={search_term_string}\"},\"query-input\":\"required name=search_term_string\"}],\"inLanguage\":\"fr-FR\"},{\"@type\":\"Organization\",\"@id\":\"https:\/\/www.gruppoliturgico.com\/es\/#organization\",\"name\":\"Laboratorio Gruppo Liturgico\",\"url\":\"https:\/\/www.gruppoliturgico.com\/es\/\",\"logo\":{\"@type\":\"ImageObject\",\"inLanguage\":\"fr-FR\",\"@id\":\"https:\/\/www.gruppoliturgico.com\/es\/#\/schema\/logo\/image\/\",\"url\":\"https:\/\/www.gruppoliturgico.com\/wp-content\/uploads\/2022\/02\/logo-laboratoriogruppoliturgico.png\",\"contentUrl\":\"https:\/\/www.gruppoliturgico.com\/wp-content\/uploads\/2022\/02\/logo-laboratoriogruppoliturgico.png\",\"width\":400,\"height\":114,\"caption\":\"Laboratorio Gruppo Liturgico\"},\"image\":{\"@id\":\"https:\/\/www.gruppoliturgico.com\/es\/#\/schema\/logo\/image\/\"}}]}<\/script>\n<!-- \/ Yoast SEO plugin. -->","yoast_head_json":{"title":"chasuble - solennelles et Laboratorio Gruppo Liturgico","description":"Confectionn\u00e9e avec un l\u00e9ger tissu de pure laine lam\u00e9 or. Coupe m\u00e9di\u00e9vale avec galon central et cou brod\u00e9s sur tissu doupion couleur sur couleur. Le type particulier de broderie, r\u00e9alis\u00e9e avec plusieurs types de fils, la rendent vraiment importante. Elle est enrichie de strass avec perles de deux tons appliqu\u00e9s \u00e0 la main. La jonction entre le cou et le galon central est enrichie d'un strass dor\u00e9 de la m\u00eame couleur que la chasuble. Le galon centrale est \u00e9gale sur la partie arri\u00e8re de la chasuble. Disponible dans les coloris Liturgiques.","robots":{"index":"index","follow":"follow","max-snippet":"max-snippet:-1","max-image-preview":"max-image-preview:large","max-video-preview":"max-video-preview:-1"},"canonical":"https:\/\/www.gruppoliturgico.com\/fr\/produit\/chasuble-78\/","og_locale":"fr_FR","og_type":"article","og_title":"chasuble - solennelles et Laboratorio Gruppo Liturgico","og_description":"Confectionn\u00e9e avec un l\u00e9ger tissu de pure laine lam\u00e9 or. Coupe m\u00e9di\u00e9vale avec galon central et cou brod\u00e9s sur tissu doupion couleur sur couleur. Le type particulier de broderie, r\u00e9alis\u00e9e avec plusieurs types de fils, la rendent vraiment importante. Elle est enrichie de strass avec perles de deux tons appliqu\u00e9s \u00e0 la main. La jonction entre le cou et le galon central est enrichie d'un strass dor\u00e9 de la m\u00eame couleur que la chasuble. Le galon centrale est \u00e9gale sur la partie arri\u00e8re de la chasuble. Disponible dans les coloris Liturgiques.","og_url":"https:\/\/www.gruppoliturgico.com\/fr\/produit\/chasuble-78\/","og_site_name":"Laboratorio Gruppo Liturgico","article_modified_time":"2022-09-03T08:49:21+00:00","og_image":[{"width":1477,"height":2000,"url":"https:\/\/www.gruppoliturgico.com\/wp-content\/uploads\/2022\/05\/2700-bianca.jpg","type":"image\/jpeg"}],"twitter_card":"summary_large_image","twitter_misc":{"Dur\u00e9e de lecture estim\u00e9e":"1 minute"},"schema":{"@context":"https:\/\/schema.org","@graph":[{"@type":"WebPage","@id":"https:\/\/www.gruppoliturgico.com\/fr\/produit\/chasuble-78\/","url":"https:\/\/www.gruppoliturgico.com\/fr\/produit\/chasuble-78\/","name":"chasuble - solennelles et Laboratorio Gruppo Liturgico","isPartOf":{"@id":"https:\/\/www.gruppoliturgico.com\/es\/#website"},"datePublished":"2022-05-20T02:06:16+00:00","dateModified":"2022-09-03T08:49:21+00:00","description":"Confectionn\u00e9e avec un l\u00e9ger tissu de pure laine lam\u00e9 or. Coupe m\u00e9di\u00e9vale avec galon central et cou brod\u00e9s sur tissu doupion couleur sur couleur. Le type particulier de broderie, r\u00e9alis\u00e9e avec plusieurs types de fils, la rendent vraiment importante. Elle est enrichie de strass avec perles de deux tons appliqu\u00e9s \u00e0 la main. La jonction entre le cou et le galon central est enrichie d'un strass dor\u00e9 de la m\u00eame couleur que la chasuble. Le galon centrale est \u00e9gale sur la partie arri\u00e8re de la chasuble. Disponible dans les coloris Liturgiques.","breadcrumb":{"@id":"https:\/\/www.gruppoliturgico.com\/fr\/produit\/chasuble-78\/#breadcrumb"},"inLanguage":"fr-FR","potentialAction":[{"@type":"ReadAction","target":["https:\/\/www.gruppoliturgico.com\/fr\/produit\/chasuble-78\/"]}]},{"@type":"BreadcrumbList","@id":"https:\/\/www.gruppoliturgico.com\/fr\/produit\/chasuble-78\/#breadcrumb","itemListElement":[{"@type":"ListItem","position":1,"name":"Home","item":"https:\/\/www.gruppoliturgico.com\/fr\/"},{"@type":"ListItem","position":2,"name":"Boutique","item":"https:\/\/www.gruppoliturgico.com\/fr\/boutique\/"},{"@type":"ListItem","position":3,"name":"chasuble"}]},{"@type":"WebSite","@id":"https:\/\/www.gruppoliturgico.com\/es\/#website","url":"https:\/\/www.gruppoliturgico.com\/es\/","name":"Laboratorio Gruppo Liturgico","description":"Articoli Religiosi online","publisher":{"@id":"https:\/\/www.gruppoliturgico.com\/es\/#organization"},"potentialAction":[{"@type":"SearchAction","target":{"@type":"EntryPoint","urlTemplate":"https:\/\/www.gruppoliturgico.com\/es\/?s={search_term_string}"},"query-input":"required name=search_term_string"}],"inLanguage":"fr-FR"},{"@type":"Organization","@id":"https:\/\/www.gruppoliturgico.com\/es\/#organization","name":"Laboratorio Gruppo Liturgico","url":"https:\/\/www.gruppoliturgico.com\/es\/","logo":{"@type":"ImageObject","inLanguage":"fr-FR","@id":"https:\/\/www.gruppoliturgico.com\/es\/#\/schema\/logo\/image\/","url":"https:\/\/www.gruppoliturgico.com\/wp-content\/uploads\/2022\/02\/logo-laboratoriogruppoliturgico.png","contentUrl":"https:\/\/www.gruppoliturgico.com\/wp-content\/uploads\/2022\/02\/logo-laboratoriogruppoliturgico.png","width":400,"height":114,"caption":"Laboratorio Gruppo Liturgico"},"image":{"@id":"https:\/\/www.gruppoliturgico.com\/es\/#\/schema\/logo\/image\/"}}]}},"_links":{"self":[{"href":"https:\/\/www.gruppoliturgico.com\/fr\/wp-json\/wp\/v2\/product\/69261"}],"collection":[{"href":"https:\/\/www.gruppoliturgico.com\/fr\/wp-json\/wp\/v2\/product"}],"about":[{"href":"https:\/\/www.gruppoliturgico.com\/fr\/wp-json\/wp\/v2\/types\/product"}],"wp:featuredmedia":[{"embeddable":true,"href":"https:\/\/www.gruppoliturgico.com\/fr\/wp-json\/wp\/v2\/media\/128874"}],"wp:attachment":[{"href":"https:\/\/www.gruppoliturgico.com\/fr\/wp-json\/wp\/v2\/media?parent=69261"}],"wp:term":[{"taxonomy":"product_cat","embeddable":true,"href":"https:\/\/www.gruppoliturgico.com\/fr\/wp-json\/wp\/v2\/product_cat?post=69261"},{"taxonomy":"product_tag","embeddable":true,"href":"https:\/\/www.gruppoliturgico.com\/fr\/wp-json\/wp\/v2\/product_tag?post=69261"}],"curies":[{"name":"wp","href":"https:\/\/api.w.org\/{rel}","templated":true}]}}