{"id":69257,"date":"2022-05-20T04:05:00","date_gmt":"2022-05-20T02:05:59","guid":{"rendered":"https:\/\/www.gruppoliturgico.com\/prodotto\/chasuble-77\/"},"modified":"2022-07-04T16:10:57","modified_gmt":"2022-07-04T14:10:57","slug":"chasuble-77","status":"publish","type":"product","link":"https:\/\/www.gruppoliturgico.com\/fr\/produit\/chasuble-77\/","title":{"rendered":"chasuble"},"content":{"rendered":"<html><body><p>Chasuble confectionn\u00e9e avec le prestigieux tissu \u00ab\u00a0tela vaticana\u00a0\u00bb<br>\nCoupe m\u00e9di\u00e9vale avec galon central et cou brod\u00e9s sur tissu doupion couleur sur couleur.<br>\nLe type particulier de broderie met en \u00e9vidence un effet tridimensionnel gr\u00e2ce \u00e0 l\u2019utilisation de fils brillants sp\u00e9ciaux.<br>\nUn Swarovski de la couleur liturgique choisie se trouve au milieu de chaque croix.<br>\nLa jonction entre le cou et le galon central est enrichie d\u2019un strass dor\u00e9 de la m\u00eame couleur que la chasuble.<br>\nLe galon central est \u00e9gale sur la partie arri\u00e8re de la chasuble.<\/p>\n<\/body><\/html>","protected":false},"excerpt":{"rendered":"<p>Chasuble confectionn\u00e9e avec le prestigieux tissu \u00ab\u00a0tela vaticana\u00a0\u00bb.<br \/>\nCoupe m\u00e9di\u00e9vale avec galon central et cou brod\u00e9s sur tissu doupion couleur sur couleur.<br \/>\nLe type particulier de broderie met en \u00e9vidence un effet tridimensionnel gr\u00e2ce \u00e0 l&rsquo;utilisation de fils brillants sp\u00e9ciaux.<br \/>\nUn Swarovski de la couleur liturgique choisie se trouve au milieu de chaque croix.<br \/>\nLa jonction entre le cou et le galon central est enrichie d&rsquo;un strass dor\u00e9 de la m\u00eame couleur que la chasuble.<br \/>\nLe galon central est \u00e9gale sur la partie arri\u00e8re de la chasuble.<\/p>\n","protected":false},"featured_media":135849,"template":"","meta":[],"product_cat":[12244],"product_tag":[],"yoast_head":"<!-- This site is optimized with the Yoast SEO plugin v20.4 - https:\/\/yoast.com\/wordpress\/plugins\/seo\/ -->\n<title>chasuble - solennelles et Laboratorio Gruppo Liturgico<\/title>\n<meta name=\"description\" content=\"Chasuble confectionn\u00e9e avec le prestigieux tissu &quot;tela vaticana&quot;. Coupe m\u00e9di\u00e9vale avec galon central et cou brod\u00e9s sur tissu doupion couleur sur couleur. Le type particulier de broderie met en \u00e9vidence un effet tridimensionnel gr\u00e2ce \u00e0 l&#039;utilisation de fils brillants sp\u00e9ciaux. Un Swarovski de la couleur liturgique choisie se trouve au milieu de chaque croix. La jonction entre le cou et le galon central est enrichie d&#039;un strass dor\u00e9 de la m\u00eame couleur que la chasuble. Le galon central est \u00e9gale sur la partie arri\u00e8re de la chasuble.\" \/>\n<meta name=\"robots\" content=\"index, follow, max-snippet:-1, max-image-preview:large, max-video-preview:-1\" \/>\n<link rel=\"canonical\" href=\"https:\/\/www.gruppoliturgico.com\/fr\/produit\/chasuble-77\/\" \/>\n<meta property=\"og:locale\" content=\"fr_FR\" \/>\n<meta property=\"og:type\" content=\"article\" \/>\n<meta property=\"og:title\" content=\"chasuble - solennelles et Laboratorio Gruppo Liturgico\" \/>\n<meta property=\"og:description\" content=\"Chasuble confectionn\u00e9e avec le prestigieux tissu &quot;tela vaticana&quot;. Coupe m\u00e9di\u00e9vale avec galon central et cou brod\u00e9s sur tissu doupion couleur sur couleur. Le type particulier de broderie met en \u00e9vidence un effet tridimensionnel gr\u00e2ce \u00e0 l&#039;utilisation de fils brillants sp\u00e9ciaux. Un Swarovski de la couleur liturgique choisie se trouve au milieu de chaque croix. La jonction entre le cou et le galon central est enrichie d&#039;un strass dor\u00e9 de la m\u00eame couleur que la chasuble. Le galon central est \u00e9gale sur la partie arri\u00e8re de la chasuble.\" \/>\n<meta property=\"og:url\" content=\"https:\/\/www.gruppoliturgico.com\/fr\/produit\/chasuble-77\/\" \/>\n<meta property=\"og:site_name\" content=\"Laboratorio Gruppo Liturgico\" \/>\n<meta property=\"article:modified_time\" content=\"2022-07-04T14:10:57+00:00\" \/>\n<meta property=\"og:image\" content=\"https:\/\/www.gruppoliturgico.com\/wp-content\/uploads\/2022\/09\/2699.6-bianco.jpg\" \/>\n\t<meta property=\"og:image:width\" content=\"1012\" \/>\n\t<meta property=\"og:image:height\" content=\"1500\" \/>\n\t<meta property=\"og:image:type\" content=\"image\/jpeg\" \/>\n<meta name=\"twitter:card\" content=\"summary_large_image\" \/>\n<meta name=\"twitter:label1\" content=\"Dur\u00e9e de lecture estim\u00e9e\" \/>\n\t<meta name=\"twitter:data1\" content=\"1 minute\" \/>\n<script type=\"application\/ld+json\" class=\"yoast-schema-graph\">{\"@context\":\"https:\/\/schema.org\",\"@graph\":[{\"@type\":\"WebPage\",\"@id\":\"https:\/\/www.gruppoliturgico.com\/fr\/produit\/chasuble-77\/\",\"url\":\"https:\/\/www.gruppoliturgico.com\/fr\/produit\/chasuble-77\/\",\"name\":\"chasuble - solennelles et Laboratorio Gruppo Liturgico\",\"isPartOf\":{\"@id\":\"https:\/\/www.gruppoliturgico.com\/es\/#website\"},\"datePublished\":\"2022-05-20T02:05:59+00:00\",\"dateModified\":\"2022-07-04T14:10:57+00:00\",\"description\":\"Chasuble confectionn\u00e9e avec le prestigieux tissu \\\"tela vaticana\\\". Coupe m\u00e9di\u00e9vale avec galon central et cou brod\u00e9s sur tissu doupion couleur sur couleur. Le type particulier de broderie met en \u00e9vidence un effet tridimensionnel gr\u00e2ce \u00e0 l'utilisation de fils brillants sp\u00e9ciaux. Un Swarovski de la couleur liturgique choisie se trouve au milieu de chaque croix. La jonction entre le cou et le galon central est enrichie d'un strass dor\u00e9 de la m\u00eame couleur que la chasuble. Le galon central est \u00e9gale sur la partie arri\u00e8re de la chasuble.\",\"breadcrumb\":{\"@id\":\"https:\/\/www.gruppoliturgico.com\/fr\/produit\/chasuble-77\/#breadcrumb\"},\"inLanguage\":\"fr-FR\",\"potentialAction\":[{\"@type\":\"ReadAction\",\"target\":[\"https:\/\/www.gruppoliturgico.com\/fr\/produit\/chasuble-77\/\"]}]},{\"@type\":\"BreadcrumbList\",\"@id\":\"https:\/\/www.gruppoliturgico.com\/fr\/produit\/chasuble-77\/#breadcrumb\",\"itemListElement\":[{\"@type\":\"ListItem\",\"position\":1,\"name\":\"Home\",\"item\":\"https:\/\/www.gruppoliturgico.com\/fr\/\"},{\"@type\":\"ListItem\",\"position\":2,\"name\":\"Boutique\",\"item\":\"https:\/\/www.gruppoliturgico.com\/fr\/boutique\/\"},{\"@type\":\"ListItem\",\"position\":3,\"name\":\"chasuble\"}]},{\"@type\":\"WebSite\",\"@id\":\"https:\/\/www.gruppoliturgico.com\/es\/#website\",\"url\":\"https:\/\/www.gruppoliturgico.com\/es\/\",\"name\":\"Laboratorio Gruppo Liturgico\",\"description\":\"Articoli Religiosi online\",\"publisher\":{\"@id\":\"https:\/\/www.gruppoliturgico.com\/es\/#organization\"},\"potentialAction\":[{\"@type\":\"SearchAction\",\"target\":{\"@type\":\"EntryPoint\",\"urlTemplate\":\"https:\/\/www.gruppoliturgico.com\/es\/?s={search_term_string}\"},\"query-input\":\"required name=search_term_string\"}],\"inLanguage\":\"fr-FR\"},{\"@type\":\"Organization\",\"@id\":\"https:\/\/www.gruppoliturgico.com\/es\/#organization\",\"name\":\"Laboratorio Gruppo Liturgico\",\"url\":\"https:\/\/www.gruppoliturgico.com\/es\/\",\"logo\":{\"@type\":\"ImageObject\",\"inLanguage\":\"fr-FR\",\"@id\":\"https:\/\/www.gruppoliturgico.com\/es\/#\/schema\/logo\/image\/\",\"url\":\"https:\/\/www.gruppoliturgico.com\/wp-content\/uploads\/2022\/02\/logo-laboratoriogruppoliturgico.png\",\"contentUrl\":\"https:\/\/www.gruppoliturgico.com\/wp-content\/uploads\/2022\/02\/logo-laboratoriogruppoliturgico.png\",\"width\":400,\"height\":114,\"caption\":\"Laboratorio Gruppo Liturgico\"},\"image\":{\"@id\":\"https:\/\/www.gruppoliturgico.com\/es\/#\/schema\/logo\/image\/\"}}]}<\/script>\n<!-- \/ Yoast SEO plugin. -->","yoast_head_json":{"title":"chasuble - solennelles et Laboratorio Gruppo Liturgico","description":"Chasuble confectionn\u00e9e avec le prestigieux tissu \"tela vaticana\". Coupe m\u00e9di\u00e9vale avec galon central et cou brod\u00e9s sur tissu doupion couleur sur couleur. Le type particulier de broderie met en \u00e9vidence un effet tridimensionnel gr\u00e2ce \u00e0 l'utilisation de fils brillants sp\u00e9ciaux. Un Swarovski de la couleur liturgique choisie se trouve au milieu de chaque croix. La jonction entre le cou et le galon central est enrichie d'un strass dor\u00e9 de la m\u00eame couleur que la chasuble. Le galon central est \u00e9gale sur la partie arri\u00e8re de la chasuble.","robots":{"index":"index","follow":"follow","max-snippet":"max-snippet:-1","max-image-preview":"max-image-preview:large","max-video-preview":"max-video-preview:-1"},"canonical":"https:\/\/www.gruppoliturgico.com\/fr\/produit\/chasuble-77\/","og_locale":"fr_FR","og_type":"article","og_title":"chasuble - solennelles et Laboratorio Gruppo Liturgico","og_description":"Chasuble confectionn\u00e9e avec le prestigieux tissu \"tela vaticana\". Coupe m\u00e9di\u00e9vale avec galon central et cou brod\u00e9s sur tissu doupion couleur sur couleur. Le type particulier de broderie met en \u00e9vidence un effet tridimensionnel gr\u00e2ce \u00e0 l'utilisation de fils brillants sp\u00e9ciaux. Un Swarovski de la couleur liturgique choisie se trouve au milieu de chaque croix. La jonction entre le cou et le galon central est enrichie d'un strass dor\u00e9 de la m\u00eame couleur que la chasuble. Le galon central est \u00e9gale sur la partie arri\u00e8re de la chasuble.","og_url":"https:\/\/www.gruppoliturgico.com\/fr\/produit\/chasuble-77\/","og_site_name":"Laboratorio Gruppo Liturgico","article_modified_time":"2022-07-04T14:10:57+00:00","og_image":[{"width":1012,"height":1500,"url":"https:\/\/www.gruppoliturgico.com\/wp-content\/uploads\/2022\/09\/2699.6-bianco.jpg","type":"image\/jpeg"}],"twitter_card":"summary_large_image","twitter_misc":{"Dur\u00e9e de lecture estim\u00e9e":"1 minute"},"schema":{"@context":"https:\/\/schema.org","@graph":[{"@type":"WebPage","@id":"https:\/\/www.gruppoliturgico.com\/fr\/produit\/chasuble-77\/","url":"https:\/\/www.gruppoliturgico.com\/fr\/produit\/chasuble-77\/","name":"chasuble - solennelles et Laboratorio Gruppo Liturgico","isPartOf":{"@id":"https:\/\/www.gruppoliturgico.com\/es\/#website"},"datePublished":"2022-05-20T02:05:59+00:00","dateModified":"2022-07-04T14:10:57+00:00","description":"Chasuble confectionn\u00e9e avec le prestigieux tissu \"tela vaticana\". Coupe m\u00e9di\u00e9vale avec galon central et cou brod\u00e9s sur tissu doupion couleur sur couleur. Le type particulier de broderie met en \u00e9vidence un effet tridimensionnel gr\u00e2ce \u00e0 l'utilisation de fils brillants sp\u00e9ciaux. Un Swarovski de la couleur liturgique choisie se trouve au milieu de chaque croix. La jonction entre le cou et le galon central est enrichie d'un strass dor\u00e9 de la m\u00eame couleur que la chasuble. Le galon central est \u00e9gale sur la partie arri\u00e8re de la chasuble.","breadcrumb":{"@id":"https:\/\/www.gruppoliturgico.com\/fr\/produit\/chasuble-77\/#breadcrumb"},"inLanguage":"fr-FR","potentialAction":[{"@type":"ReadAction","target":["https:\/\/www.gruppoliturgico.com\/fr\/produit\/chasuble-77\/"]}]},{"@type":"BreadcrumbList","@id":"https:\/\/www.gruppoliturgico.com\/fr\/produit\/chasuble-77\/#breadcrumb","itemListElement":[{"@type":"ListItem","position":1,"name":"Home","item":"https:\/\/www.gruppoliturgico.com\/fr\/"},{"@type":"ListItem","position":2,"name":"Boutique","item":"https:\/\/www.gruppoliturgico.com\/fr\/boutique\/"},{"@type":"ListItem","position":3,"name":"chasuble"}]},{"@type":"WebSite","@id":"https:\/\/www.gruppoliturgico.com\/es\/#website","url":"https:\/\/www.gruppoliturgico.com\/es\/","name":"Laboratorio Gruppo Liturgico","description":"Articoli Religiosi online","publisher":{"@id":"https:\/\/www.gruppoliturgico.com\/es\/#organization"},"potentialAction":[{"@type":"SearchAction","target":{"@type":"EntryPoint","urlTemplate":"https:\/\/www.gruppoliturgico.com\/es\/?s={search_term_string}"},"query-input":"required name=search_term_string"}],"inLanguage":"fr-FR"},{"@type":"Organization","@id":"https:\/\/www.gruppoliturgico.com\/es\/#organization","name":"Laboratorio Gruppo Liturgico","url":"https:\/\/www.gruppoliturgico.com\/es\/","logo":{"@type":"ImageObject","inLanguage":"fr-FR","@id":"https:\/\/www.gruppoliturgico.com\/es\/#\/schema\/logo\/image\/","url":"https:\/\/www.gruppoliturgico.com\/wp-content\/uploads\/2022\/02\/logo-laboratoriogruppoliturgico.png","contentUrl":"https:\/\/www.gruppoliturgico.com\/wp-content\/uploads\/2022\/02\/logo-laboratoriogruppoliturgico.png","width":400,"height":114,"caption":"Laboratorio Gruppo Liturgico"},"image":{"@id":"https:\/\/www.gruppoliturgico.com\/es\/#\/schema\/logo\/image\/"}}]}},"_links":{"self":[{"href":"https:\/\/www.gruppoliturgico.com\/fr\/wp-json\/wp\/v2\/product\/69257"}],"collection":[{"href":"https:\/\/www.gruppoliturgico.com\/fr\/wp-json\/wp\/v2\/product"}],"about":[{"href":"https:\/\/www.gruppoliturgico.com\/fr\/wp-json\/wp\/v2\/types\/product"}],"wp:featuredmedia":[{"embeddable":true,"href":"https:\/\/www.gruppoliturgico.com\/fr\/wp-json\/wp\/v2\/media\/135849"}],"wp:attachment":[{"href":"https:\/\/www.gruppoliturgico.com\/fr\/wp-json\/wp\/v2\/media?parent=69257"}],"wp:term":[{"taxonomy":"product_cat","embeddable":true,"href":"https:\/\/www.gruppoliturgico.com\/fr\/wp-json\/wp\/v2\/product_cat?post=69257"},{"taxonomy":"product_tag","embeddable":true,"href":"https:\/\/www.gruppoliturgico.com\/fr\/wp-json\/wp\/v2\/product_tag?post=69257"}],"curies":[{"name":"wp","href":"https:\/\/api.w.org\/{rel}","templated":true}]}}