{"id":69245,"date":"2022-05-20T04:04:59","date_gmt":"2022-05-20T02:05:05","guid":{"rendered":"https:\/\/www.gruppoliturgico.com\/prodotto\/valise-chapelle-5\/"},"modified":"2022-05-20T11:54:56","modified_gmt":"2022-05-20T09:54:56","slug":"valise-chapelle-5","status":"publish","type":"product","link":"https:\/\/www.gruppoliturgico.com\/fr\/produit\/valise-chapelle-5\/","title":{"rendered":"valise chapelle"},"content":{"rendered":"<html><body><p>La valise chapelle la plus compl\u00e8te et pratique qui existe sur le march\u00e9.<br>\nElle contient la plus vaste gamme d\u2019accessoire dans un espace limit\u00e9:<br>\nun calice avec pat\u00e8ne, le ciboire, bo\u00eete \u00e0 hosties en laiton dor\u00e9 avec \u00e9maux, goupillon, ampoule sainte huile,  autel avec support pour crucifix et bougies, bouteilles d\u2019eau et de vin blind\u00e9es, croix pastorale et bougies en cire, etui pour br\u00e9viaire, pupitre d\u2019autel,<br>\npetite \u00e9tole double face et set linge d\u2019autel.<\/p>\n<p>Dimensions cm 36 x 46 x 17<\/p>\n<\/body><\/html>","protected":false},"excerpt":{"rendered":"<p>La valise chapelle la plus compl\u00e8te et pratique qui existe sur le march\u00e9.<br \/>\nElle contient la plus vaste gamme d&rsquo;accessoire dans un espace limit\u00e9:<br \/>\nun calice avec pat\u00e8ne, le ciboire, bo\u00eete \u00e0 hosties en laiton dor\u00e9 avec \u00e9maux, goupillon, ampoule sainte huile,  autel avec support pour crucifix et bougies, bouteilles d&rsquo;eau et de vin blind\u00e9es, croix pastorale et bougies en cire, etui pour br\u00e9viaire, pupitre d&rsquo;autel,<br \/>\npetite \u00e9tole double face et set linge d\u2019autel.<\/p>\n<p>Dimensions cm 36 x 46 x 17<\/p>\n","protected":false},"featured_media":124363,"template":"","meta":[],"product_cat":[11716],"product_tag":[],"yoast_head":"<!-- This site is optimized with the Yoast SEO plugin v20.4 - https:\/\/yoast.com\/wordpress\/plugins\/seo\/ -->\n<title>valise chapelle - valises chapelle et Laboratorio Gruppo Liturgico<\/title>\n<meta name=\"description\" content=\"La valise chapelle la plus compl\u00e8te et pratique qui existe sur le march\u00e9. Elle contient la plus vaste gamme d&#039;accessoire dans un espace limit\u00e9: un calice avec pat\u00e8ne, le ciboire, bo\u00eete \u00e0 hosties en laiton dor\u00e9 avec \u00e9maux, goupillon, ampoule sainte huile, autel avec support pour crucifix et bougies, bouteilles d&#039;eau et de vin blind\u00e9es, croix pastorale et bougies en cire, etui pour br\u00e9viaire, pupitre d&#039;autel, petite \u00e9tole double face et set linge d\u2019autel.  Dimensions cm 36 x 46 x 17\" \/>\n<meta name=\"robots\" content=\"index, follow, max-snippet:-1, max-image-preview:large, max-video-preview:-1\" \/>\n<link rel=\"canonical\" href=\"https:\/\/www.gruppoliturgico.com\/fr\/produit\/valise-chapelle-5\/\" \/>\n<meta property=\"og:locale\" content=\"fr_FR\" \/>\n<meta property=\"og:type\" content=\"article\" \/>\n<meta property=\"og:title\" content=\"valise chapelle - valises chapelle et Laboratorio Gruppo Liturgico\" \/>\n<meta property=\"og:description\" content=\"La valise chapelle la plus compl\u00e8te et pratique qui existe sur le march\u00e9. Elle contient la plus vaste gamme d&#039;accessoire dans un espace limit\u00e9: un calice avec pat\u00e8ne, le ciboire, bo\u00eete \u00e0 hosties en laiton dor\u00e9 avec \u00e9maux, goupillon, ampoule sainte huile, autel avec support pour crucifix et bougies, bouteilles d&#039;eau et de vin blind\u00e9es, croix pastorale et bougies en cire, etui pour br\u00e9viaire, pupitre d&#039;autel, petite \u00e9tole double face et set linge d\u2019autel.  Dimensions cm 36 x 46 x 17\" \/>\n<meta property=\"og:url\" content=\"https:\/\/www.gruppoliturgico.com\/fr\/produit\/valise-chapelle-5\/\" \/>\n<meta property=\"og:site_name\" content=\"Laboratorio Gruppo Liturgico\" \/>\n<meta property=\"article:modified_time\" content=\"2022-05-20T09:54:56+00:00\" \/>\n<meta property=\"og:image\" content=\"https:\/\/www.gruppoliturgico.com\/wp-content\/uploads\/2022\/05\/2672.jpg\" \/>\n\t<meta property=\"og:image:width\" content=\"1661\" \/>\n\t<meta property=\"og:image:height\" content=\"2000\" \/>\n\t<meta property=\"og:image:type\" content=\"image\/jpeg\" \/>\n<meta name=\"twitter:card\" content=\"summary_large_image\" \/>\n<script type=\"application\/ld+json\" class=\"yoast-schema-graph\">{\"@context\":\"https:\/\/schema.org\",\"@graph\":[{\"@type\":\"WebPage\",\"@id\":\"https:\/\/www.gruppoliturgico.com\/fr\/produit\/valise-chapelle-5\/\",\"url\":\"https:\/\/www.gruppoliturgico.com\/fr\/produit\/valise-chapelle-5\/\",\"name\":\"valise chapelle - valises chapelle et Laboratorio Gruppo Liturgico\",\"isPartOf\":{\"@id\":\"https:\/\/www.gruppoliturgico.com\/es\/#website\"},\"datePublished\":\"2022-05-20T02:05:05+00:00\",\"dateModified\":\"2022-05-20T09:54:56+00:00\",\"description\":\"La valise chapelle la plus compl\u00e8te et pratique qui existe sur le march\u00e9. Elle contient la plus vaste gamme d'accessoire dans un espace limit\u00e9: un calice avec pat\u00e8ne, le ciboire, bo\u00eete \u00e0 hosties en laiton dor\u00e9 avec \u00e9maux, goupillon, ampoule sainte huile, autel avec support pour crucifix et bougies, bouteilles d'eau et de vin blind\u00e9es, croix pastorale et bougies en cire, etui pour br\u00e9viaire, pupitre d'autel, petite \u00e9tole double face et set linge d\u2019autel. Dimensions cm 36 x 46 x 17\",\"breadcrumb\":{\"@id\":\"https:\/\/www.gruppoliturgico.com\/fr\/produit\/valise-chapelle-5\/#breadcrumb\"},\"inLanguage\":\"fr-FR\",\"potentialAction\":[{\"@type\":\"ReadAction\",\"target\":[\"https:\/\/www.gruppoliturgico.com\/fr\/produit\/valise-chapelle-5\/\"]}]},{\"@type\":\"BreadcrumbList\",\"@id\":\"https:\/\/www.gruppoliturgico.com\/fr\/produit\/valise-chapelle-5\/#breadcrumb\",\"itemListElement\":[{\"@type\":\"ListItem\",\"position\":1,\"name\":\"Home\",\"item\":\"https:\/\/www.gruppoliturgico.com\/fr\/\"},{\"@type\":\"ListItem\",\"position\":2,\"name\":\"Boutique\",\"item\":\"https:\/\/www.gruppoliturgico.com\/fr\/boutique\/\"},{\"@type\":\"ListItem\",\"position\":3,\"name\":\"valise chapelle\"}]},{\"@type\":\"WebSite\",\"@id\":\"https:\/\/www.gruppoliturgico.com\/es\/#website\",\"url\":\"https:\/\/www.gruppoliturgico.com\/es\/\",\"name\":\"Laboratorio Gruppo Liturgico\",\"description\":\"Articoli Religiosi online\",\"publisher\":{\"@id\":\"https:\/\/www.gruppoliturgico.com\/es\/#organization\"},\"potentialAction\":[{\"@type\":\"SearchAction\",\"target\":{\"@type\":\"EntryPoint\",\"urlTemplate\":\"https:\/\/www.gruppoliturgico.com\/es\/?s={search_term_string}\"},\"query-input\":\"required name=search_term_string\"}],\"inLanguage\":\"fr-FR\"},{\"@type\":\"Organization\",\"@id\":\"https:\/\/www.gruppoliturgico.com\/es\/#organization\",\"name\":\"Laboratorio Gruppo Liturgico\",\"url\":\"https:\/\/www.gruppoliturgico.com\/es\/\",\"logo\":{\"@type\":\"ImageObject\",\"inLanguage\":\"fr-FR\",\"@id\":\"https:\/\/www.gruppoliturgico.com\/es\/#\/schema\/logo\/image\/\",\"url\":\"https:\/\/www.gruppoliturgico.com\/wp-content\/uploads\/2022\/02\/logo-laboratoriogruppoliturgico.png\",\"contentUrl\":\"https:\/\/www.gruppoliturgico.com\/wp-content\/uploads\/2022\/02\/logo-laboratoriogruppoliturgico.png\",\"width\":400,\"height\":114,\"caption\":\"Laboratorio Gruppo Liturgico\"},\"image\":{\"@id\":\"https:\/\/www.gruppoliturgico.com\/es\/#\/schema\/logo\/image\/\"}}]}<\/script>\n<!-- \/ Yoast SEO plugin. -->","yoast_head_json":{"title":"valise chapelle - valises chapelle et Laboratorio Gruppo Liturgico","description":"La valise chapelle la plus compl\u00e8te et pratique qui existe sur le march\u00e9. Elle contient la plus vaste gamme d'accessoire dans un espace limit\u00e9: un calice avec pat\u00e8ne, le ciboire, bo\u00eete \u00e0 hosties en laiton dor\u00e9 avec \u00e9maux, goupillon, ampoule sainte huile, autel avec support pour crucifix et bougies, bouteilles d'eau et de vin blind\u00e9es, croix pastorale et bougies en cire, etui pour br\u00e9viaire, pupitre d'autel, petite \u00e9tole double face et set linge d\u2019autel.  Dimensions cm 36 x 46 x 17","robots":{"index":"index","follow":"follow","max-snippet":"max-snippet:-1","max-image-preview":"max-image-preview:large","max-video-preview":"max-video-preview:-1"},"canonical":"https:\/\/www.gruppoliturgico.com\/fr\/produit\/valise-chapelle-5\/","og_locale":"fr_FR","og_type":"article","og_title":"valise chapelle - valises chapelle et Laboratorio Gruppo Liturgico","og_description":"La valise chapelle la plus compl\u00e8te et pratique qui existe sur le march\u00e9. Elle contient la plus vaste gamme d'accessoire dans un espace limit\u00e9: un calice avec pat\u00e8ne, le ciboire, bo\u00eete \u00e0 hosties en laiton dor\u00e9 avec \u00e9maux, goupillon, ampoule sainte huile, autel avec support pour crucifix et bougies, bouteilles d'eau et de vin blind\u00e9es, croix pastorale et bougies en cire, etui pour br\u00e9viaire, pupitre d'autel, petite \u00e9tole double face et set linge d\u2019autel.  Dimensions cm 36 x 46 x 17","og_url":"https:\/\/www.gruppoliturgico.com\/fr\/produit\/valise-chapelle-5\/","og_site_name":"Laboratorio Gruppo Liturgico","article_modified_time":"2022-05-20T09:54:56+00:00","og_image":[{"width":1661,"height":2000,"url":"https:\/\/www.gruppoliturgico.com\/wp-content\/uploads\/2022\/05\/2672.jpg","type":"image\/jpeg"}],"twitter_card":"summary_large_image","schema":{"@context":"https:\/\/schema.org","@graph":[{"@type":"WebPage","@id":"https:\/\/www.gruppoliturgico.com\/fr\/produit\/valise-chapelle-5\/","url":"https:\/\/www.gruppoliturgico.com\/fr\/produit\/valise-chapelle-5\/","name":"valise chapelle - valises chapelle et Laboratorio Gruppo Liturgico","isPartOf":{"@id":"https:\/\/www.gruppoliturgico.com\/es\/#website"},"datePublished":"2022-05-20T02:05:05+00:00","dateModified":"2022-05-20T09:54:56+00:00","description":"La valise chapelle la plus compl\u00e8te et pratique qui existe sur le march\u00e9. Elle contient la plus vaste gamme d'accessoire dans un espace limit\u00e9: un calice avec pat\u00e8ne, le ciboire, bo\u00eete \u00e0 hosties en laiton dor\u00e9 avec \u00e9maux, goupillon, ampoule sainte huile, autel avec support pour crucifix et bougies, bouteilles d'eau et de vin blind\u00e9es, croix pastorale et bougies en cire, etui pour br\u00e9viaire, pupitre d'autel, petite \u00e9tole double face et set linge d\u2019autel. Dimensions cm 36 x 46 x 17","breadcrumb":{"@id":"https:\/\/www.gruppoliturgico.com\/fr\/produit\/valise-chapelle-5\/#breadcrumb"},"inLanguage":"fr-FR","potentialAction":[{"@type":"ReadAction","target":["https:\/\/www.gruppoliturgico.com\/fr\/produit\/valise-chapelle-5\/"]}]},{"@type":"BreadcrumbList","@id":"https:\/\/www.gruppoliturgico.com\/fr\/produit\/valise-chapelle-5\/#breadcrumb","itemListElement":[{"@type":"ListItem","position":1,"name":"Home","item":"https:\/\/www.gruppoliturgico.com\/fr\/"},{"@type":"ListItem","position":2,"name":"Boutique","item":"https:\/\/www.gruppoliturgico.com\/fr\/boutique\/"},{"@type":"ListItem","position":3,"name":"valise chapelle"}]},{"@type":"WebSite","@id":"https:\/\/www.gruppoliturgico.com\/es\/#website","url":"https:\/\/www.gruppoliturgico.com\/es\/","name":"Laboratorio Gruppo Liturgico","description":"Articoli Religiosi online","publisher":{"@id":"https:\/\/www.gruppoliturgico.com\/es\/#organization"},"potentialAction":[{"@type":"SearchAction","target":{"@type":"EntryPoint","urlTemplate":"https:\/\/www.gruppoliturgico.com\/es\/?s={search_term_string}"},"query-input":"required name=search_term_string"}],"inLanguage":"fr-FR"},{"@type":"Organization","@id":"https:\/\/www.gruppoliturgico.com\/es\/#organization","name":"Laboratorio Gruppo Liturgico","url":"https:\/\/www.gruppoliturgico.com\/es\/","logo":{"@type":"ImageObject","inLanguage":"fr-FR","@id":"https:\/\/www.gruppoliturgico.com\/es\/#\/schema\/logo\/image\/","url":"https:\/\/www.gruppoliturgico.com\/wp-content\/uploads\/2022\/02\/logo-laboratoriogruppoliturgico.png","contentUrl":"https:\/\/www.gruppoliturgico.com\/wp-content\/uploads\/2022\/02\/logo-laboratoriogruppoliturgico.png","width":400,"height":114,"caption":"Laboratorio Gruppo Liturgico"},"image":{"@id":"https:\/\/www.gruppoliturgico.com\/es\/#\/schema\/logo\/image\/"}}]}},"_links":{"self":[{"href":"https:\/\/www.gruppoliturgico.com\/fr\/wp-json\/wp\/v2\/product\/69245"}],"collection":[{"href":"https:\/\/www.gruppoliturgico.com\/fr\/wp-json\/wp\/v2\/product"}],"about":[{"href":"https:\/\/www.gruppoliturgico.com\/fr\/wp-json\/wp\/v2\/types\/product"}],"wp:featuredmedia":[{"embeddable":true,"href":"https:\/\/www.gruppoliturgico.com\/fr\/wp-json\/wp\/v2\/media\/124363"}],"wp:attachment":[{"href":"https:\/\/www.gruppoliturgico.com\/fr\/wp-json\/wp\/v2\/media?parent=69245"}],"wp:term":[{"taxonomy":"product_cat","embeddable":true,"href":"https:\/\/www.gruppoliturgico.com\/fr\/wp-json\/wp\/v2\/product_cat?post=69245"},{"taxonomy":"product_tag","embeddable":true,"href":"https:\/\/www.gruppoliturgico.com\/fr\/wp-json\/wp\/v2\/product_tag?post=69245"}],"curies":[{"name":"wp","href":"https:\/\/api.w.org\/{rel}","templated":true}]}}