{"id":69209,"date":"2022-05-20T04:03:08","date_gmt":"2022-05-20T02:03:14","guid":{"rendered":"https:\/\/www.gruppoliturgico.com\/prodotto\/ampoules-saintes-huiles-5\/"},"modified":"2022-10-05T16:10:32","modified_gmt":"2022-10-05T14:10:32","slug":"ampoules-saintes-huiles-5","status":"publish","type":"product","link":"https:\/\/www.gruppoliturgico.com\/fr\/produit\/ampoules-saintes-huiles-5\/","title":{"rendered":"Ampoules saintes huiles"},"content":{"rendered":"<html><body><p>Trois ampoules, de grandes dimensions, compl\u00e8tes de plateau.<br>\nAmpoules en laiton dor\u00e9 avec int\u00e9rieur en cristal compl\u00e8tes d\u2019un \u00e9l\u00e9gant \u00e9tui.<br>\nDimensions<br>\nAmpoule cm 16<br>\nEtui cm 24 x 16 x 9<\/p>\n<\/body><\/html>","protected":false},"excerpt":{"rendered":"<p>Trois ampoules, de grandes dimensions, compl\u00e8tes de plateau.<br \/>\nAmpoules en laiton dor\u00e9 avec int\u00e9rieur en cristal compl\u00e8tes d&rsquo;un \u00e9l\u00e9gant \u00e9tui.<br \/>\nDimensions<br \/>\nAmpoule cm 16<br \/>\nEtui cm 24 x 16 x 9<\/p>\n","protected":false},"featured_media":132930,"template":"","meta":[],"product_cat":[12424],"product_tag":[],"yoast_head":"<!-- This site is optimized with the Yoast SEO plugin v20.4 - https:\/\/yoast.com\/wordpress\/plugins\/seo\/ -->\n<title>Ampoules saintes huiles - ampoules saintes huiles et Laboratorio Gruppo Liturgico<\/title>\n<meta name=\"description\" content=\"Trois ampoules, de grandes dimensions, compl\u00e8tes de plateau.  Ampoules en laiton dor\u00e9 avec int\u00e9rieur en cristal compl\u00e8tes d&#039;un \u00e9l\u00e9gant \u00e9tui. Dimensions Ampoule cm 16 Etui cm 24 x 16 x 9\" \/>\n<meta name=\"robots\" content=\"index, follow, max-snippet:-1, max-image-preview:large, max-video-preview:-1\" \/>\n<link rel=\"canonical\" href=\"https:\/\/www.gruppoliturgico.com\/fr\/produit\/ampoules-saintes-huiles-5\/\" \/>\n<meta property=\"og:locale\" content=\"fr_FR\" \/>\n<meta property=\"og:type\" content=\"article\" \/>\n<meta property=\"og:title\" content=\"Ampoules saintes huiles - ampoules saintes huiles et Laboratorio Gruppo Liturgico\" \/>\n<meta property=\"og:description\" content=\"Trois ampoules, de grandes dimensions, compl\u00e8tes de plateau.  Ampoules en laiton dor\u00e9 avec int\u00e9rieur en cristal compl\u00e8tes d&#039;un \u00e9l\u00e9gant \u00e9tui. Dimensions Ampoule cm 16 Etui cm 24 x 16 x 9\" \/>\n<meta property=\"og:url\" content=\"https:\/\/www.gruppoliturgico.com\/fr\/produit\/ampoules-saintes-huiles-5\/\" \/>\n<meta property=\"og:site_name\" content=\"Laboratorio Gruppo Liturgico\" \/>\n<meta property=\"article:modified_time\" content=\"2022-10-05T14:10:32+00:00\" \/>\n<meta property=\"og:image\" content=\"https:\/\/www.gruppoliturgico.com\/wp-content\/uploads\/2022\/05\/2662-nv.jpg\" \/>\n\t<meta property=\"og:image:width\" content=\"2000\" \/>\n\t<meta property=\"og:image:height\" content=\"1727\" \/>\n\t<meta property=\"og:image:type\" content=\"image\/jpeg\" \/>\n<meta name=\"twitter:card\" content=\"summary_large_image\" \/>\n<script type=\"application\/ld+json\" class=\"yoast-schema-graph\">{\"@context\":\"https:\/\/schema.org\",\"@graph\":[{\"@type\":\"WebPage\",\"@id\":\"https:\/\/www.gruppoliturgico.com\/fr\/produit\/ampoules-saintes-huiles-5\/\",\"url\":\"https:\/\/www.gruppoliturgico.com\/fr\/produit\/ampoules-saintes-huiles-5\/\",\"name\":\"Ampoules saintes huiles - ampoules saintes huiles et Laboratorio Gruppo Liturgico\",\"isPartOf\":{\"@id\":\"https:\/\/www.gruppoliturgico.com\/es\/#website\"},\"datePublished\":\"2022-05-20T02:03:14+00:00\",\"dateModified\":\"2022-10-05T14:10:32+00:00\",\"description\":\"Trois ampoules, de grandes dimensions, compl\u00e8tes de plateau. Ampoules en laiton dor\u00e9 avec int\u00e9rieur en cristal compl\u00e8tes d'un \u00e9l\u00e9gant \u00e9tui. Dimensions Ampoule cm 16 Etui cm 24 x 16 x 9\",\"breadcrumb\":{\"@id\":\"https:\/\/www.gruppoliturgico.com\/fr\/produit\/ampoules-saintes-huiles-5\/#breadcrumb\"},\"inLanguage\":\"fr-FR\",\"potentialAction\":[{\"@type\":\"ReadAction\",\"target\":[\"https:\/\/www.gruppoliturgico.com\/fr\/produit\/ampoules-saintes-huiles-5\/\"]}]},{\"@type\":\"BreadcrumbList\",\"@id\":\"https:\/\/www.gruppoliturgico.com\/fr\/produit\/ampoules-saintes-huiles-5\/#breadcrumb\",\"itemListElement\":[{\"@type\":\"ListItem\",\"position\":1,\"name\":\"Home\",\"item\":\"https:\/\/www.gruppoliturgico.com\/fr\/\"},{\"@type\":\"ListItem\",\"position\":2,\"name\":\"Boutique\",\"item\":\"https:\/\/www.gruppoliturgico.com\/fr\/boutique\/\"},{\"@type\":\"ListItem\",\"position\":3,\"name\":\"Ampoules saintes huiles\"}]},{\"@type\":\"WebSite\",\"@id\":\"https:\/\/www.gruppoliturgico.com\/es\/#website\",\"url\":\"https:\/\/www.gruppoliturgico.com\/es\/\",\"name\":\"Laboratorio Gruppo Liturgico\",\"description\":\"Articoli Religiosi online\",\"publisher\":{\"@id\":\"https:\/\/www.gruppoliturgico.com\/es\/#organization\"},\"potentialAction\":[{\"@type\":\"SearchAction\",\"target\":{\"@type\":\"EntryPoint\",\"urlTemplate\":\"https:\/\/www.gruppoliturgico.com\/es\/?s={search_term_string}\"},\"query-input\":\"required name=search_term_string\"}],\"inLanguage\":\"fr-FR\"},{\"@type\":\"Organization\",\"@id\":\"https:\/\/www.gruppoliturgico.com\/es\/#organization\",\"name\":\"Laboratorio Gruppo Liturgico\",\"url\":\"https:\/\/www.gruppoliturgico.com\/es\/\",\"logo\":{\"@type\":\"ImageObject\",\"inLanguage\":\"fr-FR\",\"@id\":\"https:\/\/www.gruppoliturgico.com\/es\/#\/schema\/logo\/image\/\",\"url\":\"https:\/\/www.gruppoliturgico.com\/wp-content\/uploads\/2022\/02\/logo-laboratoriogruppoliturgico.png\",\"contentUrl\":\"https:\/\/www.gruppoliturgico.com\/wp-content\/uploads\/2022\/02\/logo-laboratoriogruppoliturgico.png\",\"width\":400,\"height\":114,\"caption\":\"Laboratorio Gruppo Liturgico\"},\"image\":{\"@id\":\"https:\/\/www.gruppoliturgico.com\/es\/#\/schema\/logo\/image\/\"}}]}<\/script>\n<!-- \/ Yoast SEO plugin. -->","yoast_head_json":{"title":"Ampoules saintes huiles - ampoules saintes huiles et Laboratorio Gruppo Liturgico","description":"Trois ampoules, de grandes dimensions, compl\u00e8tes de plateau.  Ampoules en laiton dor\u00e9 avec int\u00e9rieur en cristal compl\u00e8tes d'un \u00e9l\u00e9gant \u00e9tui. Dimensions Ampoule cm 16 Etui cm 24 x 16 x 9","robots":{"index":"index","follow":"follow","max-snippet":"max-snippet:-1","max-image-preview":"max-image-preview:large","max-video-preview":"max-video-preview:-1"},"canonical":"https:\/\/www.gruppoliturgico.com\/fr\/produit\/ampoules-saintes-huiles-5\/","og_locale":"fr_FR","og_type":"article","og_title":"Ampoules saintes huiles - ampoules saintes huiles et Laboratorio Gruppo Liturgico","og_description":"Trois ampoules, de grandes dimensions, compl\u00e8tes de plateau.  Ampoules en laiton dor\u00e9 avec int\u00e9rieur en cristal compl\u00e8tes d'un \u00e9l\u00e9gant \u00e9tui. Dimensions Ampoule cm 16 Etui cm 24 x 16 x 9","og_url":"https:\/\/www.gruppoliturgico.com\/fr\/produit\/ampoules-saintes-huiles-5\/","og_site_name":"Laboratorio Gruppo Liturgico","article_modified_time":"2022-10-05T14:10:32+00:00","og_image":[{"width":2000,"height":1727,"url":"https:\/\/www.gruppoliturgico.com\/wp-content\/uploads\/2022\/05\/2662-nv.jpg","type":"image\/jpeg"}],"twitter_card":"summary_large_image","schema":{"@context":"https:\/\/schema.org","@graph":[{"@type":"WebPage","@id":"https:\/\/www.gruppoliturgico.com\/fr\/produit\/ampoules-saintes-huiles-5\/","url":"https:\/\/www.gruppoliturgico.com\/fr\/produit\/ampoules-saintes-huiles-5\/","name":"Ampoules saintes huiles - ampoules saintes huiles et Laboratorio Gruppo Liturgico","isPartOf":{"@id":"https:\/\/www.gruppoliturgico.com\/es\/#website"},"datePublished":"2022-05-20T02:03:14+00:00","dateModified":"2022-10-05T14:10:32+00:00","description":"Trois ampoules, de grandes dimensions, compl\u00e8tes de plateau. Ampoules en laiton dor\u00e9 avec int\u00e9rieur en cristal compl\u00e8tes d'un \u00e9l\u00e9gant \u00e9tui. Dimensions Ampoule cm 16 Etui cm 24 x 16 x 9","breadcrumb":{"@id":"https:\/\/www.gruppoliturgico.com\/fr\/produit\/ampoules-saintes-huiles-5\/#breadcrumb"},"inLanguage":"fr-FR","potentialAction":[{"@type":"ReadAction","target":["https:\/\/www.gruppoliturgico.com\/fr\/produit\/ampoules-saintes-huiles-5\/"]}]},{"@type":"BreadcrumbList","@id":"https:\/\/www.gruppoliturgico.com\/fr\/produit\/ampoules-saintes-huiles-5\/#breadcrumb","itemListElement":[{"@type":"ListItem","position":1,"name":"Home","item":"https:\/\/www.gruppoliturgico.com\/fr\/"},{"@type":"ListItem","position":2,"name":"Boutique","item":"https:\/\/www.gruppoliturgico.com\/fr\/boutique\/"},{"@type":"ListItem","position":3,"name":"Ampoules saintes huiles"}]},{"@type":"WebSite","@id":"https:\/\/www.gruppoliturgico.com\/es\/#website","url":"https:\/\/www.gruppoliturgico.com\/es\/","name":"Laboratorio Gruppo Liturgico","description":"Articoli Religiosi online","publisher":{"@id":"https:\/\/www.gruppoliturgico.com\/es\/#organization"},"potentialAction":[{"@type":"SearchAction","target":{"@type":"EntryPoint","urlTemplate":"https:\/\/www.gruppoliturgico.com\/es\/?s={search_term_string}"},"query-input":"required name=search_term_string"}],"inLanguage":"fr-FR"},{"@type":"Organization","@id":"https:\/\/www.gruppoliturgico.com\/es\/#organization","name":"Laboratorio Gruppo Liturgico","url":"https:\/\/www.gruppoliturgico.com\/es\/","logo":{"@type":"ImageObject","inLanguage":"fr-FR","@id":"https:\/\/www.gruppoliturgico.com\/es\/#\/schema\/logo\/image\/","url":"https:\/\/www.gruppoliturgico.com\/wp-content\/uploads\/2022\/02\/logo-laboratoriogruppoliturgico.png","contentUrl":"https:\/\/www.gruppoliturgico.com\/wp-content\/uploads\/2022\/02\/logo-laboratoriogruppoliturgico.png","width":400,"height":114,"caption":"Laboratorio Gruppo Liturgico"},"image":{"@id":"https:\/\/www.gruppoliturgico.com\/es\/#\/schema\/logo\/image\/"}}]}},"_links":{"self":[{"href":"https:\/\/www.gruppoliturgico.com\/fr\/wp-json\/wp\/v2\/product\/69209"}],"collection":[{"href":"https:\/\/www.gruppoliturgico.com\/fr\/wp-json\/wp\/v2\/product"}],"about":[{"href":"https:\/\/www.gruppoliturgico.com\/fr\/wp-json\/wp\/v2\/types\/product"}],"wp:featuredmedia":[{"embeddable":true,"href":"https:\/\/www.gruppoliturgico.com\/fr\/wp-json\/wp\/v2\/media\/132930"}],"wp:attachment":[{"href":"https:\/\/www.gruppoliturgico.com\/fr\/wp-json\/wp\/v2\/media?parent=69209"}],"wp:term":[{"taxonomy":"product_cat","embeddable":true,"href":"https:\/\/www.gruppoliturgico.com\/fr\/wp-json\/wp\/v2\/product_cat?post=69209"},{"taxonomy":"product_tag","embeddable":true,"href":"https:\/\/www.gruppoliturgico.com\/fr\/wp-json\/wp\/v2\/product_tag?post=69209"}],"curies":[{"name":"wp","href":"https:\/\/api.w.org\/{rel}","templated":true}]}}