{"id":69117,"date":"2022-05-20T03:58:16","date_gmt":"2022-05-20T01:58:21","guid":{"rendered":"https:\/\/www.gruppoliturgico.com\/prodotto\/homme-avec-la-broche\/"},"modified":"2022-11-08T17:59:51","modified_gmt":"2022-11-08T16:59:51","slug":"homme-avec-la-broche","status":"publish","type":"product","link":"https:\/\/www.gruppoliturgico.com\/fr\/produit\/homme-avec-la-broche\/","title":{"rendered":"Homme avec la broche"},"content":{"rendered":"<html><body><p>Statuette \u00e0 mouvement m\u00e9canique enti\u00e8rement r\u00e9alis\u00e9e et peinte \u00e0 la main.<br>\nPetite \u0153uvre d\u2019art avec des v\u00eatements en tissu.<br>\nL\u2019homme cuit \u00e0 la broche en bougeant les bras et les mains.<br>\nLe feu est allum\u00e9.<br>\nHauteur cm 25.<\/p>\n<\/body><\/html>","protected":false},"excerpt":{"rendered":"<p>Statuette \u00e0 mouvement m\u00e9canique enti\u00e8rement r\u00e9alis\u00e9e et peinte \u00e0 la main.<br \/>\nPetite \u0153uvre d&rsquo;art avec des v\u00eatements en tissu.<br \/>\nL\u2019homme cuit \u00e0 la broche en bougeant les bras et les mains.<br \/>\nLe feu est allum\u00e9.<br \/>\nHauteur cm 25.<\/p>\n","protected":false},"featured_media":79446,"template":"","meta":[],"product_cat":[11832],"product_tag":[],"yoast_head":"<!-- This site is optimized with the Yoast SEO plugin v20.4 - https:\/\/yoast.com\/wordpress\/plugins\/seo\/ -->\n<title>Homme avec la broche - statues au mouvement m\u00e9canique et Laboratorio Gruppo Liturgico<\/title>\n<meta name=\"description\" content=\"Statuette \u00e0 mouvement m\u00e9canique enti\u00e8rement r\u00e9alis\u00e9e et peinte \u00e0 la main. Petite \u0153uvre d&#039;art avec des v\u00eatements en tissu. L\u2019homme cuit \u00e0 la broche en bougeant les bras et les mains.  Le feu est allum\u00e9.  Hauteur cm 25.\" \/>\n<meta name=\"robots\" content=\"index, follow, max-snippet:-1, max-image-preview:large, max-video-preview:-1\" \/>\n<link rel=\"canonical\" href=\"https:\/\/www.gruppoliturgico.com\/fr\/produit\/homme-avec-la-broche\/\" \/>\n<meta property=\"og:locale\" content=\"fr_FR\" \/>\n<meta property=\"og:type\" content=\"article\" \/>\n<meta property=\"og:title\" content=\"Homme avec la broche - statues au mouvement m\u00e9canique et Laboratorio Gruppo Liturgico\" \/>\n<meta property=\"og:description\" content=\"Statuette \u00e0 mouvement m\u00e9canique enti\u00e8rement r\u00e9alis\u00e9e et peinte \u00e0 la main. Petite \u0153uvre d&#039;art avec des v\u00eatements en tissu. L\u2019homme cuit \u00e0 la broche en bougeant les bras et les mains.  Le feu est allum\u00e9.  Hauteur cm 25.\" \/>\n<meta property=\"og:url\" content=\"https:\/\/www.gruppoliturgico.com\/fr\/produit\/homme-avec-la-broche\/\" \/>\n<meta property=\"og:site_name\" content=\"Laboratorio Gruppo Liturgico\" \/>\n<meta property=\"article:modified_time\" content=\"2022-11-08T16:59:51+00:00\" \/>\n<meta property=\"og:image\" content=\"https:\/\/www.gruppoliturgico.com\/wp-content\/uploads\/2022\/05\/movimento20001_0.jpg\" \/>\n\t<meta property=\"og:image:width\" content=\"1437\" \/>\n\t<meta property=\"og:image:height\" content=\"1500\" \/>\n\t<meta property=\"og:image:type\" content=\"image\/jpeg\" \/>\n<meta name=\"twitter:card\" content=\"summary_large_image\" \/>\n<script type=\"application\/ld+json\" class=\"yoast-schema-graph\">{\"@context\":\"https:\/\/schema.org\",\"@graph\":[{\"@type\":\"WebPage\",\"@id\":\"https:\/\/www.gruppoliturgico.com\/fr\/produit\/homme-avec-la-broche\/\",\"url\":\"https:\/\/www.gruppoliturgico.com\/fr\/produit\/homme-avec-la-broche\/\",\"name\":\"Homme avec la broche - statues au mouvement m\u00e9canique et Laboratorio Gruppo Liturgico\",\"isPartOf\":{\"@id\":\"https:\/\/www.gruppoliturgico.com\/es\/#website\"},\"datePublished\":\"2022-05-20T01:58:21+00:00\",\"dateModified\":\"2022-11-08T16:59:51+00:00\",\"description\":\"Statuette \u00e0 mouvement m\u00e9canique enti\u00e8rement r\u00e9alis\u00e9e et peinte \u00e0 la main. Petite \u0153uvre d'art avec des v\u00eatements en tissu. L\u2019homme cuit \u00e0 la broche en bougeant les bras et les mains. Le feu est allum\u00e9. Hauteur cm 25.\",\"breadcrumb\":{\"@id\":\"https:\/\/www.gruppoliturgico.com\/fr\/produit\/homme-avec-la-broche\/#breadcrumb\"},\"inLanguage\":\"fr-FR\",\"potentialAction\":[{\"@type\":\"ReadAction\",\"target\":[\"https:\/\/www.gruppoliturgico.com\/fr\/produit\/homme-avec-la-broche\/\"]}]},{\"@type\":\"BreadcrumbList\",\"@id\":\"https:\/\/www.gruppoliturgico.com\/fr\/produit\/homme-avec-la-broche\/#breadcrumb\",\"itemListElement\":[{\"@type\":\"ListItem\",\"position\":1,\"name\":\"Home\",\"item\":\"https:\/\/www.gruppoliturgico.com\/fr\/\"},{\"@type\":\"ListItem\",\"position\":2,\"name\":\"Boutique\",\"item\":\"https:\/\/www.gruppoliturgico.com\/fr\/boutique\/\"},{\"@type\":\"ListItem\",\"position\":3,\"name\":\"Homme avec la broche\"}]},{\"@type\":\"WebSite\",\"@id\":\"https:\/\/www.gruppoliturgico.com\/es\/#website\",\"url\":\"https:\/\/www.gruppoliturgico.com\/es\/\",\"name\":\"Laboratorio Gruppo Liturgico\",\"description\":\"Articoli Religiosi online\",\"publisher\":{\"@id\":\"https:\/\/www.gruppoliturgico.com\/es\/#organization\"},\"potentialAction\":[{\"@type\":\"SearchAction\",\"target\":{\"@type\":\"EntryPoint\",\"urlTemplate\":\"https:\/\/www.gruppoliturgico.com\/es\/?s={search_term_string}\"},\"query-input\":\"required name=search_term_string\"}],\"inLanguage\":\"fr-FR\"},{\"@type\":\"Organization\",\"@id\":\"https:\/\/www.gruppoliturgico.com\/es\/#organization\",\"name\":\"Laboratorio Gruppo Liturgico\",\"url\":\"https:\/\/www.gruppoliturgico.com\/es\/\",\"logo\":{\"@type\":\"ImageObject\",\"inLanguage\":\"fr-FR\",\"@id\":\"https:\/\/www.gruppoliturgico.com\/es\/#\/schema\/logo\/image\/\",\"url\":\"https:\/\/www.gruppoliturgico.com\/wp-content\/uploads\/2022\/02\/logo-laboratoriogruppoliturgico.png\",\"contentUrl\":\"https:\/\/www.gruppoliturgico.com\/wp-content\/uploads\/2022\/02\/logo-laboratoriogruppoliturgico.png\",\"width\":400,\"height\":114,\"caption\":\"Laboratorio Gruppo Liturgico\"},\"image\":{\"@id\":\"https:\/\/www.gruppoliturgico.com\/es\/#\/schema\/logo\/image\/\"}}]}<\/script>\n<!-- \/ Yoast SEO plugin. -->","yoast_head_json":{"title":"Homme avec la broche - statues au mouvement m\u00e9canique et Laboratorio Gruppo Liturgico","description":"Statuette \u00e0 mouvement m\u00e9canique enti\u00e8rement r\u00e9alis\u00e9e et peinte \u00e0 la main. Petite \u0153uvre d'art avec des v\u00eatements en tissu. L\u2019homme cuit \u00e0 la broche en bougeant les bras et les mains.  Le feu est allum\u00e9.  Hauteur cm 25.","robots":{"index":"index","follow":"follow","max-snippet":"max-snippet:-1","max-image-preview":"max-image-preview:large","max-video-preview":"max-video-preview:-1"},"canonical":"https:\/\/www.gruppoliturgico.com\/fr\/produit\/homme-avec-la-broche\/","og_locale":"fr_FR","og_type":"article","og_title":"Homme avec la broche - statues au mouvement m\u00e9canique et Laboratorio Gruppo Liturgico","og_description":"Statuette \u00e0 mouvement m\u00e9canique enti\u00e8rement r\u00e9alis\u00e9e et peinte \u00e0 la main. Petite \u0153uvre d'art avec des v\u00eatements en tissu. L\u2019homme cuit \u00e0 la broche en bougeant les bras et les mains.  Le feu est allum\u00e9.  Hauteur cm 25.","og_url":"https:\/\/www.gruppoliturgico.com\/fr\/produit\/homme-avec-la-broche\/","og_site_name":"Laboratorio Gruppo Liturgico","article_modified_time":"2022-11-08T16:59:51+00:00","og_image":[{"width":1437,"height":1500,"url":"https:\/\/www.gruppoliturgico.com\/wp-content\/uploads\/2022\/05\/movimento20001_0.jpg","type":"image\/jpeg"}],"twitter_card":"summary_large_image","schema":{"@context":"https:\/\/schema.org","@graph":[{"@type":"WebPage","@id":"https:\/\/www.gruppoliturgico.com\/fr\/produit\/homme-avec-la-broche\/","url":"https:\/\/www.gruppoliturgico.com\/fr\/produit\/homme-avec-la-broche\/","name":"Homme avec la broche - statues au mouvement m\u00e9canique et Laboratorio Gruppo Liturgico","isPartOf":{"@id":"https:\/\/www.gruppoliturgico.com\/es\/#website"},"datePublished":"2022-05-20T01:58:21+00:00","dateModified":"2022-11-08T16:59:51+00:00","description":"Statuette \u00e0 mouvement m\u00e9canique enti\u00e8rement r\u00e9alis\u00e9e et peinte \u00e0 la main. Petite \u0153uvre d'art avec des v\u00eatements en tissu. L\u2019homme cuit \u00e0 la broche en bougeant les bras et les mains. Le feu est allum\u00e9. Hauteur cm 25.","breadcrumb":{"@id":"https:\/\/www.gruppoliturgico.com\/fr\/produit\/homme-avec-la-broche\/#breadcrumb"},"inLanguage":"fr-FR","potentialAction":[{"@type":"ReadAction","target":["https:\/\/www.gruppoliturgico.com\/fr\/produit\/homme-avec-la-broche\/"]}]},{"@type":"BreadcrumbList","@id":"https:\/\/www.gruppoliturgico.com\/fr\/produit\/homme-avec-la-broche\/#breadcrumb","itemListElement":[{"@type":"ListItem","position":1,"name":"Home","item":"https:\/\/www.gruppoliturgico.com\/fr\/"},{"@type":"ListItem","position":2,"name":"Boutique","item":"https:\/\/www.gruppoliturgico.com\/fr\/boutique\/"},{"@type":"ListItem","position":3,"name":"Homme avec la broche"}]},{"@type":"WebSite","@id":"https:\/\/www.gruppoliturgico.com\/es\/#website","url":"https:\/\/www.gruppoliturgico.com\/es\/","name":"Laboratorio Gruppo Liturgico","description":"Articoli Religiosi online","publisher":{"@id":"https:\/\/www.gruppoliturgico.com\/es\/#organization"},"potentialAction":[{"@type":"SearchAction","target":{"@type":"EntryPoint","urlTemplate":"https:\/\/www.gruppoliturgico.com\/es\/?s={search_term_string}"},"query-input":"required name=search_term_string"}],"inLanguage":"fr-FR"},{"@type":"Organization","@id":"https:\/\/www.gruppoliturgico.com\/es\/#organization","name":"Laboratorio Gruppo Liturgico","url":"https:\/\/www.gruppoliturgico.com\/es\/","logo":{"@type":"ImageObject","inLanguage":"fr-FR","@id":"https:\/\/www.gruppoliturgico.com\/es\/#\/schema\/logo\/image\/","url":"https:\/\/www.gruppoliturgico.com\/wp-content\/uploads\/2022\/02\/logo-laboratoriogruppoliturgico.png","contentUrl":"https:\/\/www.gruppoliturgico.com\/wp-content\/uploads\/2022\/02\/logo-laboratoriogruppoliturgico.png","width":400,"height":114,"caption":"Laboratorio Gruppo Liturgico"},"image":{"@id":"https:\/\/www.gruppoliturgico.com\/es\/#\/schema\/logo\/image\/"}}]}},"_links":{"self":[{"href":"https:\/\/www.gruppoliturgico.com\/fr\/wp-json\/wp\/v2\/product\/69117"}],"collection":[{"href":"https:\/\/www.gruppoliturgico.com\/fr\/wp-json\/wp\/v2\/product"}],"about":[{"href":"https:\/\/www.gruppoliturgico.com\/fr\/wp-json\/wp\/v2\/types\/product"}],"wp:featuredmedia":[{"embeddable":true,"href":"https:\/\/www.gruppoliturgico.com\/fr\/wp-json\/wp\/v2\/media\/79446"}],"wp:attachment":[{"href":"https:\/\/www.gruppoliturgico.com\/fr\/wp-json\/wp\/v2\/media?parent=69117"}],"wp:term":[{"taxonomy":"product_cat","embeddable":true,"href":"https:\/\/www.gruppoliturgico.com\/fr\/wp-json\/wp\/v2\/product_cat?post=69117"},{"taxonomy":"product_tag","embeddable":true,"href":"https:\/\/www.gruppoliturgico.com\/fr\/wp-json\/wp\/v2\/product_tag?post=69117"}],"curies":[{"name":"wp","href":"https:\/\/api.w.org\/{rel}","templated":true}]}}