{"id":69113,"date":"2022-05-20T03:58:00","date_gmt":"2022-05-20T01:58:10","guid":{"rendered":"https:\/\/www.gruppoliturgico.com\/prodotto\/etole-double-face-6\/"},"modified":"2022-08-23T10:57:34","modified_gmt":"2022-08-23T08:57:34","slug":"etole-double-face-6","status":"publish","type":"product","link":"https:\/\/www.gruppoliturgico.com\/fr\/produit\/etole-double-face-6\/","title":{"rendered":"\u00e9tole double face"},"content":{"rendered":"<html><body><p>Etole double face confectionn\u00e9e avec un l\u00e9ger tissu de pure laine lam\u00e9 or.<br>\nLe tissu comme la broderie sont ex\u00e9cut\u00e9s \u00e0 travers un travail au m\u00e9tie.<br>\nUne d\u00e9licate broderie de \u00e9pi de bl\u00e9 et grappe de raisin.<br>\nLes couleurs sont accoupl\u00e9s avec blanc\/rouge et vert\/violet.<\/p>\n<\/body><\/html>","protected":false},"excerpt":{"rendered":"<p>Etole double face confectionn\u00e9e avec un l\u00e9ger tissu de pure laine lam\u00e9 or.<br \/>\nLe tissu comme la broderie sont ex\u00e9cut\u00e9s \u00e0 travers un travail au m\u00e9tie.<br \/>\nUne d\u00e9licate broderie de \u00e9pi de bl\u00e9 et grappe de raisin.<br \/>\nLes couleurs sont accoupl\u00e9s avec blanc\/rouge et vert\/violet.<\/p>\n","protected":false},"featured_media":136612,"template":"","meta":[],"product_cat":[12308],"product_tag":[],"yoast_head":"<!-- This site is optimized with the Yoast SEO plugin v20.4 - https:\/\/yoast.com\/wordpress\/plugins\/seo\/ -->\n<title>\u00e9tole double face - \u00e9toles double face et Laboratorio Gruppo Liturgico<\/title>\n<meta name=\"description\" content=\"Etole double face confectionn\u00e9e avec un l\u00e9ger tissu de pure laine lam\u00e9 or. Le tissu comme la broderie sont ex\u00e9cut\u00e9s \u00e0 travers un travail au m\u00e9tie. Une d\u00e9licate broderie de \u00e9pi de bl\u00e9 et grappe de raisin. Les couleurs sont accoupl\u00e9s avec blanc\/rouge et vert\/violet.\" \/>\n<meta name=\"robots\" content=\"index, follow, max-snippet:-1, max-image-preview:large, max-video-preview:-1\" \/>\n<link rel=\"canonical\" href=\"https:\/\/www.gruppoliturgico.com\/fr\/produit\/etole-double-face-6\/\" \/>\n<meta property=\"og:locale\" content=\"fr_FR\" \/>\n<meta property=\"og:type\" content=\"article\" \/>\n<meta property=\"og:title\" content=\"\u00e9tole double face - \u00e9toles double face et Laboratorio Gruppo Liturgico\" \/>\n<meta property=\"og:description\" content=\"Etole double face confectionn\u00e9e avec un l\u00e9ger tissu de pure laine lam\u00e9 or. Le tissu comme la broderie sont ex\u00e9cut\u00e9s \u00e0 travers un travail au m\u00e9tie. Une d\u00e9licate broderie de \u00e9pi de bl\u00e9 et grappe de raisin. Les couleurs sont accoupl\u00e9s avec blanc\/rouge et vert\/violet.\" \/>\n<meta property=\"og:url\" content=\"https:\/\/www.gruppoliturgico.com\/fr\/produit\/etole-double-face-6\/\" \/>\n<meta property=\"og:site_name\" content=\"Laboratorio Gruppo Liturgico\" \/>\n<meta property=\"article:modified_time\" content=\"2022-08-23T08:57:34+00:00\" \/>\n<meta property=\"og:image\" content=\"https:\/\/www.gruppoliturgico.com\/wp-content\/uploads\/2022\/05\/2472-br-1.jpg\" \/>\n\t<meta property=\"og:image:width\" content=\"825\" \/>\n\t<meta property=\"og:image:height\" content=\"2000\" \/>\n\t<meta property=\"og:image:type\" content=\"image\/jpeg\" \/>\n<meta name=\"twitter:card\" content=\"summary_large_image\" \/>\n<meta name=\"twitter:label1\" content=\"Dur\u00e9e de lecture estim\u00e9e\" \/>\n\t<meta name=\"twitter:data1\" content=\"1 minute\" \/>\n<script type=\"application\/ld+json\" class=\"yoast-schema-graph\">{\"@context\":\"https:\/\/schema.org\",\"@graph\":[{\"@type\":\"WebPage\",\"@id\":\"https:\/\/www.gruppoliturgico.com\/fr\/produit\/etole-double-face-6\/\",\"url\":\"https:\/\/www.gruppoliturgico.com\/fr\/produit\/etole-double-face-6\/\",\"name\":\"\u00e9tole double face - \u00e9toles double face et Laboratorio Gruppo Liturgico\",\"isPartOf\":{\"@id\":\"https:\/\/www.gruppoliturgico.com\/es\/#website\"},\"datePublished\":\"2022-05-20T01:58:10+00:00\",\"dateModified\":\"2022-08-23T08:57:34+00:00\",\"description\":\"Etole double face confectionn\u00e9e avec un l\u00e9ger tissu de pure laine lam\u00e9 or. Le tissu comme la broderie sont ex\u00e9cut\u00e9s \u00e0 travers un travail au m\u00e9tie. Une d\u00e9licate broderie de \u00e9pi de bl\u00e9 et grappe de raisin. Les couleurs sont accoupl\u00e9s avec blanc\/rouge et vert\/violet.\",\"breadcrumb\":{\"@id\":\"https:\/\/www.gruppoliturgico.com\/fr\/produit\/etole-double-face-6\/#breadcrumb\"},\"inLanguage\":\"fr-FR\",\"potentialAction\":[{\"@type\":\"ReadAction\",\"target\":[\"https:\/\/www.gruppoliturgico.com\/fr\/produit\/etole-double-face-6\/\"]}]},{\"@type\":\"BreadcrumbList\",\"@id\":\"https:\/\/www.gruppoliturgico.com\/fr\/produit\/etole-double-face-6\/#breadcrumb\",\"itemListElement\":[{\"@type\":\"ListItem\",\"position\":1,\"name\":\"Home\",\"item\":\"https:\/\/www.gruppoliturgico.com\/fr\/\"},{\"@type\":\"ListItem\",\"position\":2,\"name\":\"Boutique\",\"item\":\"https:\/\/www.gruppoliturgico.com\/fr\/boutique\/\"},{\"@type\":\"ListItem\",\"position\":3,\"name\":\"\u00e9tole double face\"}]},{\"@type\":\"WebSite\",\"@id\":\"https:\/\/www.gruppoliturgico.com\/es\/#website\",\"url\":\"https:\/\/www.gruppoliturgico.com\/es\/\",\"name\":\"Laboratorio Gruppo Liturgico\",\"description\":\"Articoli Religiosi online\",\"publisher\":{\"@id\":\"https:\/\/www.gruppoliturgico.com\/es\/#organization\"},\"potentialAction\":[{\"@type\":\"SearchAction\",\"target\":{\"@type\":\"EntryPoint\",\"urlTemplate\":\"https:\/\/www.gruppoliturgico.com\/es\/?s={search_term_string}\"},\"query-input\":\"required name=search_term_string\"}],\"inLanguage\":\"fr-FR\"},{\"@type\":\"Organization\",\"@id\":\"https:\/\/www.gruppoliturgico.com\/es\/#organization\",\"name\":\"Laboratorio Gruppo Liturgico\",\"url\":\"https:\/\/www.gruppoliturgico.com\/es\/\",\"logo\":{\"@type\":\"ImageObject\",\"inLanguage\":\"fr-FR\",\"@id\":\"https:\/\/www.gruppoliturgico.com\/es\/#\/schema\/logo\/image\/\",\"url\":\"https:\/\/www.gruppoliturgico.com\/wp-content\/uploads\/2022\/02\/logo-laboratoriogruppoliturgico.png\",\"contentUrl\":\"https:\/\/www.gruppoliturgico.com\/wp-content\/uploads\/2022\/02\/logo-laboratoriogruppoliturgico.png\",\"width\":400,\"height\":114,\"caption\":\"Laboratorio Gruppo Liturgico\"},\"image\":{\"@id\":\"https:\/\/www.gruppoliturgico.com\/es\/#\/schema\/logo\/image\/\"}}]}<\/script>\n<!-- \/ Yoast SEO plugin. -->","yoast_head_json":{"title":"\u00e9tole double face - \u00e9toles double face et Laboratorio Gruppo Liturgico","description":"Etole double face confectionn\u00e9e avec un l\u00e9ger tissu de pure laine lam\u00e9 or. Le tissu comme la broderie sont ex\u00e9cut\u00e9s \u00e0 travers un travail au m\u00e9tie. Une d\u00e9licate broderie de \u00e9pi de bl\u00e9 et grappe de raisin. Les couleurs sont accoupl\u00e9s avec blanc\/rouge et vert\/violet.","robots":{"index":"index","follow":"follow","max-snippet":"max-snippet:-1","max-image-preview":"max-image-preview:large","max-video-preview":"max-video-preview:-1"},"canonical":"https:\/\/www.gruppoliturgico.com\/fr\/produit\/etole-double-face-6\/","og_locale":"fr_FR","og_type":"article","og_title":"\u00e9tole double face - \u00e9toles double face et Laboratorio Gruppo Liturgico","og_description":"Etole double face confectionn\u00e9e avec un l\u00e9ger tissu de pure laine lam\u00e9 or. Le tissu comme la broderie sont ex\u00e9cut\u00e9s \u00e0 travers un travail au m\u00e9tie. Une d\u00e9licate broderie de \u00e9pi de bl\u00e9 et grappe de raisin. Les couleurs sont accoupl\u00e9s avec blanc\/rouge et vert\/violet.","og_url":"https:\/\/www.gruppoliturgico.com\/fr\/produit\/etole-double-face-6\/","og_site_name":"Laboratorio Gruppo Liturgico","article_modified_time":"2022-08-23T08:57:34+00:00","og_image":[{"width":825,"height":2000,"url":"https:\/\/www.gruppoliturgico.com\/wp-content\/uploads\/2022\/05\/2472-br-1.jpg","type":"image\/jpeg"}],"twitter_card":"summary_large_image","twitter_misc":{"Dur\u00e9e de lecture estim\u00e9e":"1 minute"},"schema":{"@context":"https:\/\/schema.org","@graph":[{"@type":"WebPage","@id":"https:\/\/www.gruppoliturgico.com\/fr\/produit\/etole-double-face-6\/","url":"https:\/\/www.gruppoliturgico.com\/fr\/produit\/etole-double-face-6\/","name":"\u00e9tole double face - \u00e9toles double face et Laboratorio Gruppo Liturgico","isPartOf":{"@id":"https:\/\/www.gruppoliturgico.com\/es\/#website"},"datePublished":"2022-05-20T01:58:10+00:00","dateModified":"2022-08-23T08:57:34+00:00","description":"Etole double face confectionn\u00e9e avec un l\u00e9ger tissu de pure laine lam\u00e9 or. Le tissu comme la broderie sont ex\u00e9cut\u00e9s \u00e0 travers un travail au m\u00e9tie. Une d\u00e9licate broderie de \u00e9pi de bl\u00e9 et grappe de raisin. Les couleurs sont accoupl\u00e9s avec blanc\/rouge et vert\/violet.","breadcrumb":{"@id":"https:\/\/www.gruppoliturgico.com\/fr\/produit\/etole-double-face-6\/#breadcrumb"},"inLanguage":"fr-FR","potentialAction":[{"@type":"ReadAction","target":["https:\/\/www.gruppoliturgico.com\/fr\/produit\/etole-double-face-6\/"]}]},{"@type":"BreadcrumbList","@id":"https:\/\/www.gruppoliturgico.com\/fr\/produit\/etole-double-face-6\/#breadcrumb","itemListElement":[{"@type":"ListItem","position":1,"name":"Home","item":"https:\/\/www.gruppoliturgico.com\/fr\/"},{"@type":"ListItem","position":2,"name":"Boutique","item":"https:\/\/www.gruppoliturgico.com\/fr\/boutique\/"},{"@type":"ListItem","position":3,"name":"\u00e9tole double face"}]},{"@type":"WebSite","@id":"https:\/\/www.gruppoliturgico.com\/es\/#website","url":"https:\/\/www.gruppoliturgico.com\/es\/","name":"Laboratorio Gruppo Liturgico","description":"Articoli Religiosi online","publisher":{"@id":"https:\/\/www.gruppoliturgico.com\/es\/#organization"},"potentialAction":[{"@type":"SearchAction","target":{"@type":"EntryPoint","urlTemplate":"https:\/\/www.gruppoliturgico.com\/es\/?s={search_term_string}"},"query-input":"required name=search_term_string"}],"inLanguage":"fr-FR"},{"@type":"Organization","@id":"https:\/\/www.gruppoliturgico.com\/es\/#organization","name":"Laboratorio Gruppo Liturgico","url":"https:\/\/www.gruppoliturgico.com\/es\/","logo":{"@type":"ImageObject","inLanguage":"fr-FR","@id":"https:\/\/www.gruppoliturgico.com\/es\/#\/schema\/logo\/image\/","url":"https:\/\/www.gruppoliturgico.com\/wp-content\/uploads\/2022\/02\/logo-laboratoriogruppoliturgico.png","contentUrl":"https:\/\/www.gruppoliturgico.com\/wp-content\/uploads\/2022\/02\/logo-laboratoriogruppoliturgico.png","width":400,"height":114,"caption":"Laboratorio Gruppo Liturgico"},"image":{"@id":"https:\/\/www.gruppoliturgico.com\/es\/#\/schema\/logo\/image\/"}}]}},"_links":{"self":[{"href":"https:\/\/www.gruppoliturgico.com\/fr\/wp-json\/wp\/v2\/product\/69113"}],"collection":[{"href":"https:\/\/www.gruppoliturgico.com\/fr\/wp-json\/wp\/v2\/product"}],"about":[{"href":"https:\/\/www.gruppoliturgico.com\/fr\/wp-json\/wp\/v2\/types\/product"}],"wp:featuredmedia":[{"embeddable":true,"href":"https:\/\/www.gruppoliturgico.com\/fr\/wp-json\/wp\/v2\/media\/136612"}],"wp:attachment":[{"href":"https:\/\/www.gruppoliturgico.com\/fr\/wp-json\/wp\/v2\/media?parent=69113"}],"wp:term":[{"taxonomy":"product_cat","embeddable":true,"href":"https:\/\/www.gruppoliturgico.com\/fr\/wp-json\/wp\/v2\/product_cat?post=69113"},{"taxonomy":"product_tag","embeddable":true,"href":"https:\/\/www.gruppoliturgico.com\/fr\/wp-json\/wp\/v2\/product_tag?post=69113"}],"curies":[{"name":"wp","href":"https:\/\/api.w.org\/{rel}","templated":true}]}}