{"id":69093,"date":"2022-05-20T03:57:08","date_gmt":"2022-05-20T01:57:13","guid":{"rendered":"https:\/\/www.gruppoliturgico.com\/prodotto\/croix-de-procession-avec-support-9\/"},"modified":"2022-09-30T15:06:51","modified_gmt":"2022-09-30T13:06:51","slug":"croix-de-procession-avec-support-9","status":"publish","type":"product","link":"https:\/\/www.gruppoliturgico.com\/fr\/produit\/croix-de-procession-avec-support-9\/","title":{"rendered":"Croix de procession avec support"},"content":{"rendered":"<html><body><p>Croix de procession artistique en fusion en repouss\u00e9.<br>\nEnti\u00e8rement argent\u00e9e avec corps de J\u00e9sus dor\u00e9.<br>\nCompl\u00e8te de croix plus le support et de la hampe de cm 160.<br>\nCroix cm 34 x 24 <\/p>\n<\/body><\/html>","protected":false},"excerpt":{"rendered":"<p>Croix de procession artistique en fusion en repouss\u00e9.<br \/>\nEnti\u00e8rement argent\u00e9e avec corps de J\u00e9sus dor\u00e9.<br \/>\nCompl\u00e8te de croix plus le support et de la hampe de cm 160.<br \/>\nCroix cm 34 x 24 <\/p>\n","protected":false},"featured_media":132567,"template":"","meta":[],"product_cat":[11668],"product_tag":[],"yoast_head":"<!-- This site is optimized with the Yoast SEO plugin v20.4 - https:\/\/yoast.com\/wordpress\/plugins\/seo\/ -->\n<title>Croix de procession avec support - croix de procession et Laboratorio Gruppo Liturgico<\/title>\n<meta name=\"description\" content=\"Croix de procession artistique en fusion en repouss\u00e9. Enti\u00e8rement argent\u00e9e avec corps de J\u00e9sus dor\u00e9. Compl\u00e8te de croix plus le support et de la hampe de cm 160. Croix cm 34 x 24\" \/>\n<meta name=\"robots\" content=\"index, follow, max-snippet:-1, max-image-preview:large, max-video-preview:-1\" \/>\n<link rel=\"canonical\" href=\"https:\/\/www.gruppoliturgico.com\/fr\/produit\/croix-de-procession-avec-support-9\/\" \/>\n<meta property=\"og:locale\" content=\"fr_FR\" \/>\n<meta property=\"og:type\" content=\"article\" \/>\n<meta property=\"og:title\" content=\"Croix de procession avec support - croix de procession et Laboratorio Gruppo Liturgico\" \/>\n<meta property=\"og:description\" content=\"Croix de procession artistique en fusion en repouss\u00e9. Enti\u00e8rement argent\u00e9e avec corps de J\u00e9sus dor\u00e9. Compl\u00e8te de croix plus le support et de la hampe de cm 160. Croix cm 34 x 24\" \/>\n<meta property=\"og:url\" content=\"https:\/\/www.gruppoliturgico.com\/fr\/produit\/croix-de-procession-avec-support-9\/\" \/>\n<meta property=\"og:site_name\" content=\"Laboratorio Gruppo Liturgico\" \/>\n<meta property=\"article:modified_time\" content=\"2022-09-30T13:06:51+00:00\" \/>\n<meta property=\"og:image\" content=\"https:\/\/www.gruppoliturgico.com\/wp-content\/uploads\/2022\/05\/2461_inv.jpg\" \/>\n\t<meta property=\"og:image:width\" content=\"1280\" \/>\n\t<meta property=\"og:image:height\" content=\"2000\" \/>\n\t<meta property=\"og:image:type\" content=\"image\/jpeg\" \/>\n<meta name=\"twitter:card\" content=\"summary_large_image\" \/>\n<script type=\"application\/ld+json\" class=\"yoast-schema-graph\">{\"@context\":\"https:\/\/schema.org\",\"@graph\":[{\"@type\":\"WebPage\",\"@id\":\"https:\/\/www.gruppoliturgico.com\/fr\/produit\/croix-de-procession-avec-support-9\/\",\"url\":\"https:\/\/www.gruppoliturgico.com\/fr\/produit\/croix-de-procession-avec-support-9\/\",\"name\":\"Croix de procession avec support - croix de procession et Laboratorio Gruppo Liturgico\",\"isPartOf\":{\"@id\":\"https:\/\/www.gruppoliturgico.com\/es\/#website\"},\"datePublished\":\"2022-05-20T01:57:13+00:00\",\"dateModified\":\"2022-09-30T13:06:51+00:00\",\"description\":\"Croix de procession artistique en fusion en repouss\u00e9. Enti\u00e8rement argent\u00e9e avec corps de J\u00e9sus dor\u00e9. Compl\u00e8te de croix plus le support et de la hampe de cm 160. Croix cm 34 x 24\",\"breadcrumb\":{\"@id\":\"https:\/\/www.gruppoliturgico.com\/fr\/produit\/croix-de-procession-avec-support-9\/#breadcrumb\"},\"inLanguage\":\"fr-FR\",\"potentialAction\":[{\"@type\":\"ReadAction\",\"target\":[\"https:\/\/www.gruppoliturgico.com\/fr\/produit\/croix-de-procession-avec-support-9\/\"]}]},{\"@type\":\"BreadcrumbList\",\"@id\":\"https:\/\/www.gruppoliturgico.com\/fr\/produit\/croix-de-procession-avec-support-9\/#breadcrumb\",\"itemListElement\":[{\"@type\":\"ListItem\",\"position\":1,\"name\":\"Home\",\"item\":\"https:\/\/www.gruppoliturgico.com\/fr\/\"},{\"@type\":\"ListItem\",\"position\":2,\"name\":\"Boutique\",\"item\":\"https:\/\/www.gruppoliturgico.com\/fr\/boutique\/\"},{\"@type\":\"ListItem\",\"position\":3,\"name\":\"Croix de procession avec support\"}]},{\"@type\":\"WebSite\",\"@id\":\"https:\/\/www.gruppoliturgico.com\/es\/#website\",\"url\":\"https:\/\/www.gruppoliturgico.com\/es\/\",\"name\":\"Laboratorio Gruppo Liturgico\",\"description\":\"Articoli Religiosi online\",\"publisher\":{\"@id\":\"https:\/\/www.gruppoliturgico.com\/es\/#organization\"},\"potentialAction\":[{\"@type\":\"SearchAction\",\"target\":{\"@type\":\"EntryPoint\",\"urlTemplate\":\"https:\/\/www.gruppoliturgico.com\/es\/?s={search_term_string}\"},\"query-input\":\"required name=search_term_string\"}],\"inLanguage\":\"fr-FR\"},{\"@type\":\"Organization\",\"@id\":\"https:\/\/www.gruppoliturgico.com\/es\/#organization\",\"name\":\"Laboratorio Gruppo Liturgico\",\"url\":\"https:\/\/www.gruppoliturgico.com\/es\/\",\"logo\":{\"@type\":\"ImageObject\",\"inLanguage\":\"fr-FR\",\"@id\":\"https:\/\/www.gruppoliturgico.com\/es\/#\/schema\/logo\/image\/\",\"url\":\"https:\/\/www.gruppoliturgico.com\/wp-content\/uploads\/2022\/02\/logo-laboratoriogruppoliturgico.png\",\"contentUrl\":\"https:\/\/www.gruppoliturgico.com\/wp-content\/uploads\/2022\/02\/logo-laboratoriogruppoliturgico.png\",\"width\":400,\"height\":114,\"caption\":\"Laboratorio Gruppo Liturgico\"},\"image\":{\"@id\":\"https:\/\/www.gruppoliturgico.com\/es\/#\/schema\/logo\/image\/\"}}]}<\/script>\n<!-- \/ Yoast SEO plugin. -->","yoast_head_json":{"title":"Croix de procession avec support - croix de procession et Laboratorio Gruppo Liturgico","description":"Croix de procession artistique en fusion en repouss\u00e9. Enti\u00e8rement argent\u00e9e avec corps de J\u00e9sus dor\u00e9. Compl\u00e8te de croix plus le support et de la hampe de cm 160. Croix cm 34 x 24","robots":{"index":"index","follow":"follow","max-snippet":"max-snippet:-1","max-image-preview":"max-image-preview:large","max-video-preview":"max-video-preview:-1"},"canonical":"https:\/\/www.gruppoliturgico.com\/fr\/produit\/croix-de-procession-avec-support-9\/","og_locale":"fr_FR","og_type":"article","og_title":"Croix de procession avec support - croix de procession et Laboratorio Gruppo Liturgico","og_description":"Croix de procession artistique en fusion en repouss\u00e9. Enti\u00e8rement argent\u00e9e avec corps de J\u00e9sus dor\u00e9. Compl\u00e8te de croix plus le support et de la hampe de cm 160. Croix cm 34 x 24","og_url":"https:\/\/www.gruppoliturgico.com\/fr\/produit\/croix-de-procession-avec-support-9\/","og_site_name":"Laboratorio Gruppo Liturgico","article_modified_time":"2022-09-30T13:06:51+00:00","og_image":[{"width":1280,"height":2000,"url":"https:\/\/www.gruppoliturgico.com\/wp-content\/uploads\/2022\/05\/2461_inv.jpg","type":"image\/jpeg"}],"twitter_card":"summary_large_image","schema":{"@context":"https:\/\/schema.org","@graph":[{"@type":"WebPage","@id":"https:\/\/www.gruppoliturgico.com\/fr\/produit\/croix-de-procession-avec-support-9\/","url":"https:\/\/www.gruppoliturgico.com\/fr\/produit\/croix-de-procession-avec-support-9\/","name":"Croix de procession avec support - croix de procession et Laboratorio Gruppo Liturgico","isPartOf":{"@id":"https:\/\/www.gruppoliturgico.com\/es\/#website"},"datePublished":"2022-05-20T01:57:13+00:00","dateModified":"2022-09-30T13:06:51+00:00","description":"Croix de procession artistique en fusion en repouss\u00e9. Enti\u00e8rement argent\u00e9e avec corps de J\u00e9sus dor\u00e9. Compl\u00e8te de croix plus le support et de la hampe de cm 160. Croix cm 34 x 24","breadcrumb":{"@id":"https:\/\/www.gruppoliturgico.com\/fr\/produit\/croix-de-procession-avec-support-9\/#breadcrumb"},"inLanguage":"fr-FR","potentialAction":[{"@type":"ReadAction","target":["https:\/\/www.gruppoliturgico.com\/fr\/produit\/croix-de-procession-avec-support-9\/"]}]},{"@type":"BreadcrumbList","@id":"https:\/\/www.gruppoliturgico.com\/fr\/produit\/croix-de-procession-avec-support-9\/#breadcrumb","itemListElement":[{"@type":"ListItem","position":1,"name":"Home","item":"https:\/\/www.gruppoliturgico.com\/fr\/"},{"@type":"ListItem","position":2,"name":"Boutique","item":"https:\/\/www.gruppoliturgico.com\/fr\/boutique\/"},{"@type":"ListItem","position":3,"name":"Croix de procession avec support"}]},{"@type":"WebSite","@id":"https:\/\/www.gruppoliturgico.com\/es\/#website","url":"https:\/\/www.gruppoliturgico.com\/es\/","name":"Laboratorio Gruppo Liturgico","description":"Articoli Religiosi online","publisher":{"@id":"https:\/\/www.gruppoliturgico.com\/es\/#organization"},"potentialAction":[{"@type":"SearchAction","target":{"@type":"EntryPoint","urlTemplate":"https:\/\/www.gruppoliturgico.com\/es\/?s={search_term_string}"},"query-input":"required name=search_term_string"}],"inLanguage":"fr-FR"},{"@type":"Organization","@id":"https:\/\/www.gruppoliturgico.com\/es\/#organization","name":"Laboratorio Gruppo Liturgico","url":"https:\/\/www.gruppoliturgico.com\/es\/","logo":{"@type":"ImageObject","inLanguage":"fr-FR","@id":"https:\/\/www.gruppoliturgico.com\/es\/#\/schema\/logo\/image\/","url":"https:\/\/www.gruppoliturgico.com\/wp-content\/uploads\/2022\/02\/logo-laboratoriogruppoliturgico.png","contentUrl":"https:\/\/www.gruppoliturgico.com\/wp-content\/uploads\/2022\/02\/logo-laboratoriogruppoliturgico.png","width":400,"height":114,"caption":"Laboratorio Gruppo Liturgico"},"image":{"@id":"https:\/\/www.gruppoliturgico.com\/es\/#\/schema\/logo\/image\/"}}]}},"_links":{"self":[{"href":"https:\/\/www.gruppoliturgico.com\/fr\/wp-json\/wp\/v2\/product\/69093"}],"collection":[{"href":"https:\/\/www.gruppoliturgico.com\/fr\/wp-json\/wp\/v2\/product"}],"about":[{"href":"https:\/\/www.gruppoliturgico.com\/fr\/wp-json\/wp\/v2\/types\/product"}],"wp:featuredmedia":[{"embeddable":true,"href":"https:\/\/www.gruppoliturgico.com\/fr\/wp-json\/wp\/v2\/media\/132567"}],"wp:attachment":[{"href":"https:\/\/www.gruppoliturgico.com\/fr\/wp-json\/wp\/v2\/media?parent=69093"}],"wp:term":[{"taxonomy":"product_cat","embeddable":true,"href":"https:\/\/www.gruppoliturgico.com\/fr\/wp-json\/wp\/v2\/product_cat?post=69093"},{"taxonomy":"product_tag","embeddable":true,"href":"https:\/\/www.gruppoliturgico.com\/fr\/wp-json\/wp\/v2\/product_tag?post=69093"}],"curies":[{"name":"wp","href":"https:\/\/api.w.org\/{rel}","templated":true}]}}