{"id":69077,"date":"2022-05-20T03:56:16","date_gmt":"2022-05-20T01:56:22","guid":{"rendered":"https:\/\/www.gruppoliturgico.com\/prodotto\/lampe-en-cristal\/"},"modified":"2022-09-30T16:10:25","modified_gmt":"2022-09-30T14:10:25","slug":"lampe-en-cristal","status":"publish","type":"product","link":"https:\/\/www.gruppoliturgico.com\/fr\/produit\/lampe-en-cristal\/","title":{"rendered":"Lampe en cristal de Boh\u00e8me"},"content":{"rendered":"<html><body><p>Une lampe en cristal de Boh\u00e8me et ins\u00e9r\u00e9e dans un support en fusion semblable \u00e0 un entrelacement de branches dor\u00e9 \u00e0 l\u2019effet ancien.<br>\nConvient pour la cire liquide.<br>\nDiam\u00e8tre cm 18<br>\nHauteur cm 12<\/p>\n<\/body><\/html>","protected":false},"excerpt":{"rendered":"<p>Une lampe en cristal de Boh\u00e8me et ins\u00e9r\u00e9e dans un support en fusion semblable \u00e0 un entrelacement de branches dor\u00e9 \u00e0 l\u2019effet ancien.<br \/>\nConvient pour la cire liquide.<br \/>\nDiam\u00e8tre cm 18<br \/>\nHauteur cm 12<\/p>\n","protected":false},"featured_media":79406,"template":"","meta":[],"product_cat":[11672],"product_tag":[],"yoast_head":"<!-- This site is optimized with the Yoast SEO plugin v20.4 - https:\/\/yoast.com\/wordpress\/plugins\/seo\/ -->\n<title>Lampe en cristal de Boh\u00e8me - Lampes a huile et Laboratorio Gruppo Liturgico<\/title>\n<meta name=\"description\" content=\"Une lampe en cristal de Boh\u00e8me et ins\u00e9r\u00e9e dans un support en fusion semblable \u00e0 un entrelacement de branches dor\u00e9 \u00e0 l\u2019effet ancien.  Convient pour la cire liquide. Diam\u00e8tre cm 18 Hauteur cm 12\" \/>\n<meta name=\"robots\" content=\"index, follow, max-snippet:-1, max-image-preview:large, max-video-preview:-1\" \/>\n<link rel=\"canonical\" href=\"https:\/\/www.gruppoliturgico.com\/fr\/produit\/lampe-en-cristal\/\" \/>\n<meta property=\"og:locale\" content=\"fr_FR\" \/>\n<meta property=\"og:type\" content=\"article\" \/>\n<meta property=\"og:title\" content=\"Lampe en cristal de Boh\u00e8me - Lampes a huile et Laboratorio Gruppo Liturgico\" \/>\n<meta property=\"og:description\" content=\"Une lampe en cristal de Boh\u00e8me et ins\u00e9r\u00e9e dans un support en fusion semblable \u00e0 un entrelacement de branches dor\u00e9 \u00e0 l\u2019effet ancien.  Convient pour la cire liquide. Diam\u00e8tre cm 18 Hauteur cm 12\" \/>\n<meta property=\"og:url\" content=\"https:\/\/www.gruppoliturgico.com\/fr\/produit\/lampe-en-cristal\/\" \/>\n<meta property=\"og:site_name\" content=\"Laboratorio Gruppo Liturgico\" \/>\n<meta property=\"article:modified_time\" content=\"2022-09-30T14:10:25+00:00\" \/>\n<meta property=\"og:image\" content=\"https:\/\/www.gruppoliturgico.com\/wp-content\/uploads\/2022\/05\/245220lampada.jpg\" \/>\n\t<meta property=\"og:image:width\" content=\"1500\" \/>\n\t<meta property=\"og:image:height\" content=\"1276\" \/>\n\t<meta property=\"og:image:type\" content=\"image\/jpeg\" \/>\n<meta name=\"twitter:card\" content=\"summary_large_image\" \/>\n<script type=\"application\/ld+json\" class=\"yoast-schema-graph\">{\"@context\":\"https:\/\/schema.org\",\"@graph\":[{\"@type\":\"WebPage\",\"@id\":\"https:\/\/www.gruppoliturgico.com\/fr\/produit\/lampe-en-cristal\/\",\"url\":\"https:\/\/www.gruppoliturgico.com\/fr\/produit\/lampe-en-cristal\/\",\"name\":\"Lampe en cristal de Boh\u00e8me - Lampes a huile et Laboratorio Gruppo Liturgico\",\"isPartOf\":{\"@id\":\"https:\/\/www.gruppoliturgico.com\/es\/#website\"},\"datePublished\":\"2022-05-20T01:56:22+00:00\",\"dateModified\":\"2022-09-30T14:10:25+00:00\",\"description\":\"Une lampe en cristal de Boh\u00e8me et ins\u00e9r\u00e9e dans un support en fusion semblable \u00e0 un entrelacement de branches dor\u00e9 \u00e0 l\u2019effet ancien. Convient pour la cire liquide. Diam\u00e8tre cm 18 Hauteur cm 12\",\"breadcrumb\":{\"@id\":\"https:\/\/www.gruppoliturgico.com\/fr\/produit\/lampe-en-cristal\/#breadcrumb\"},\"inLanguage\":\"fr-FR\",\"potentialAction\":[{\"@type\":\"ReadAction\",\"target\":[\"https:\/\/www.gruppoliturgico.com\/fr\/produit\/lampe-en-cristal\/\"]}]},{\"@type\":\"BreadcrumbList\",\"@id\":\"https:\/\/www.gruppoliturgico.com\/fr\/produit\/lampe-en-cristal\/#breadcrumb\",\"itemListElement\":[{\"@type\":\"ListItem\",\"position\":1,\"name\":\"Home\",\"item\":\"https:\/\/www.gruppoliturgico.com\/fr\/\"},{\"@type\":\"ListItem\",\"position\":2,\"name\":\"Boutique\",\"item\":\"https:\/\/www.gruppoliturgico.com\/fr\/boutique\/\"},{\"@type\":\"ListItem\",\"position\":3,\"name\":\"Lampe en cristal de Boh\u00e8me\"}]},{\"@type\":\"WebSite\",\"@id\":\"https:\/\/www.gruppoliturgico.com\/es\/#website\",\"url\":\"https:\/\/www.gruppoliturgico.com\/es\/\",\"name\":\"Laboratorio Gruppo Liturgico\",\"description\":\"Articoli Religiosi online\",\"publisher\":{\"@id\":\"https:\/\/www.gruppoliturgico.com\/es\/#organization\"},\"potentialAction\":[{\"@type\":\"SearchAction\",\"target\":{\"@type\":\"EntryPoint\",\"urlTemplate\":\"https:\/\/www.gruppoliturgico.com\/es\/?s={search_term_string}\"},\"query-input\":\"required name=search_term_string\"}],\"inLanguage\":\"fr-FR\"},{\"@type\":\"Organization\",\"@id\":\"https:\/\/www.gruppoliturgico.com\/es\/#organization\",\"name\":\"Laboratorio Gruppo Liturgico\",\"url\":\"https:\/\/www.gruppoliturgico.com\/es\/\",\"logo\":{\"@type\":\"ImageObject\",\"inLanguage\":\"fr-FR\",\"@id\":\"https:\/\/www.gruppoliturgico.com\/es\/#\/schema\/logo\/image\/\",\"url\":\"https:\/\/www.gruppoliturgico.com\/wp-content\/uploads\/2022\/02\/logo-laboratoriogruppoliturgico.png\",\"contentUrl\":\"https:\/\/www.gruppoliturgico.com\/wp-content\/uploads\/2022\/02\/logo-laboratoriogruppoliturgico.png\",\"width\":400,\"height\":114,\"caption\":\"Laboratorio Gruppo Liturgico\"},\"image\":{\"@id\":\"https:\/\/www.gruppoliturgico.com\/es\/#\/schema\/logo\/image\/\"}}]}<\/script>\n<!-- \/ Yoast SEO plugin. -->","yoast_head_json":{"title":"Lampe en cristal de Boh\u00e8me - Lampes a huile et Laboratorio Gruppo Liturgico","description":"Une lampe en cristal de Boh\u00e8me et ins\u00e9r\u00e9e dans un support en fusion semblable \u00e0 un entrelacement de branches dor\u00e9 \u00e0 l\u2019effet ancien.  Convient pour la cire liquide. Diam\u00e8tre cm 18 Hauteur cm 12","robots":{"index":"index","follow":"follow","max-snippet":"max-snippet:-1","max-image-preview":"max-image-preview:large","max-video-preview":"max-video-preview:-1"},"canonical":"https:\/\/www.gruppoliturgico.com\/fr\/produit\/lampe-en-cristal\/","og_locale":"fr_FR","og_type":"article","og_title":"Lampe en cristal de Boh\u00e8me - Lampes a huile et Laboratorio Gruppo Liturgico","og_description":"Une lampe en cristal de Boh\u00e8me et ins\u00e9r\u00e9e dans un support en fusion semblable \u00e0 un entrelacement de branches dor\u00e9 \u00e0 l\u2019effet ancien.  Convient pour la cire liquide. Diam\u00e8tre cm 18 Hauteur cm 12","og_url":"https:\/\/www.gruppoliturgico.com\/fr\/produit\/lampe-en-cristal\/","og_site_name":"Laboratorio Gruppo Liturgico","article_modified_time":"2022-09-30T14:10:25+00:00","og_image":[{"width":1500,"height":1276,"url":"https:\/\/www.gruppoliturgico.com\/wp-content\/uploads\/2022\/05\/245220lampada.jpg","type":"image\/jpeg"}],"twitter_card":"summary_large_image","schema":{"@context":"https:\/\/schema.org","@graph":[{"@type":"WebPage","@id":"https:\/\/www.gruppoliturgico.com\/fr\/produit\/lampe-en-cristal\/","url":"https:\/\/www.gruppoliturgico.com\/fr\/produit\/lampe-en-cristal\/","name":"Lampe en cristal de Boh\u00e8me - Lampes a huile et Laboratorio Gruppo Liturgico","isPartOf":{"@id":"https:\/\/www.gruppoliturgico.com\/es\/#website"},"datePublished":"2022-05-20T01:56:22+00:00","dateModified":"2022-09-30T14:10:25+00:00","description":"Une lampe en cristal de Boh\u00e8me et ins\u00e9r\u00e9e dans un support en fusion semblable \u00e0 un entrelacement de branches dor\u00e9 \u00e0 l\u2019effet ancien. Convient pour la cire liquide. Diam\u00e8tre cm 18 Hauteur cm 12","breadcrumb":{"@id":"https:\/\/www.gruppoliturgico.com\/fr\/produit\/lampe-en-cristal\/#breadcrumb"},"inLanguage":"fr-FR","potentialAction":[{"@type":"ReadAction","target":["https:\/\/www.gruppoliturgico.com\/fr\/produit\/lampe-en-cristal\/"]}]},{"@type":"BreadcrumbList","@id":"https:\/\/www.gruppoliturgico.com\/fr\/produit\/lampe-en-cristal\/#breadcrumb","itemListElement":[{"@type":"ListItem","position":1,"name":"Home","item":"https:\/\/www.gruppoliturgico.com\/fr\/"},{"@type":"ListItem","position":2,"name":"Boutique","item":"https:\/\/www.gruppoliturgico.com\/fr\/boutique\/"},{"@type":"ListItem","position":3,"name":"Lampe en cristal de Boh\u00e8me"}]},{"@type":"WebSite","@id":"https:\/\/www.gruppoliturgico.com\/es\/#website","url":"https:\/\/www.gruppoliturgico.com\/es\/","name":"Laboratorio Gruppo Liturgico","description":"Articoli Religiosi online","publisher":{"@id":"https:\/\/www.gruppoliturgico.com\/es\/#organization"},"potentialAction":[{"@type":"SearchAction","target":{"@type":"EntryPoint","urlTemplate":"https:\/\/www.gruppoliturgico.com\/es\/?s={search_term_string}"},"query-input":"required name=search_term_string"}],"inLanguage":"fr-FR"},{"@type":"Organization","@id":"https:\/\/www.gruppoliturgico.com\/es\/#organization","name":"Laboratorio Gruppo Liturgico","url":"https:\/\/www.gruppoliturgico.com\/es\/","logo":{"@type":"ImageObject","inLanguage":"fr-FR","@id":"https:\/\/www.gruppoliturgico.com\/es\/#\/schema\/logo\/image\/","url":"https:\/\/www.gruppoliturgico.com\/wp-content\/uploads\/2022\/02\/logo-laboratoriogruppoliturgico.png","contentUrl":"https:\/\/www.gruppoliturgico.com\/wp-content\/uploads\/2022\/02\/logo-laboratoriogruppoliturgico.png","width":400,"height":114,"caption":"Laboratorio Gruppo Liturgico"},"image":{"@id":"https:\/\/www.gruppoliturgico.com\/es\/#\/schema\/logo\/image\/"}}]}},"_links":{"self":[{"href":"https:\/\/www.gruppoliturgico.com\/fr\/wp-json\/wp\/v2\/product\/69077"}],"collection":[{"href":"https:\/\/www.gruppoliturgico.com\/fr\/wp-json\/wp\/v2\/product"}],"about":[{"href":"https:\/\/www.gruppoliturgico.com\/fr\/wp-json\/wp\/v2\/types\/product"}],"wp:featuredmedia":[{"embeddable":true,"href":"https:\/\/www.gruppoliturgico.com\/fr\/wp-json\/wp\/v2\/media\/79406"}],"wp:attachment":[{"href":"https:\/\/www.gruppoliturgico.com\/fr\/wp-json\/wp\/v2\/media?parent=69077"}],"wp:term":[{"taxonomy":"product_cat","embeddable":true,"href":"https:\/\/www.gruppoliturgico.com\/fr\/wp-json\/wp\/v2\/product_cat?post=69077"},{"taxonomy":"product_tag","embeddable":true,"href":"https:\/\/www.gruppoliturgico.com\/fr\/wp-json\/wp\/v2\/product_tag?post=69077"}],"curies":[{"name":"wp","href":"https:\/\/api.w.org\/{rel}","templated":true}]}}