{"id":69013,"date":"2022-05-20T03:52:00","date_gmt":"2022-05-20T01:52:52","guid":{"rendered":"https:\/\/www.gruppoliturgico.com\/prodotto\/etole-33\/"},"modified":"2022-06-02T13:20:51","modified_gmt":"2022-06-02T11:20:51","slug":"etole-33","status":"publish","type":"product","link":"https:\/\/www.gruppoliturgico.com\/fr\/produit\/etole-33\/","title":{"rendered":"\u00e9tole"},"content":{"rendered":"<html><body><p>Etole brod\u00e9e au m\u00e9tier avec effet broderie \u00e0 la main<br>\n50% laine et 50% polyester.<br>\nBroderie de croix avec \u00e9pis et grappes de raisin.<br>\nLe tissus de base est orn\u00e9 d\u2019un intercalaire de lignes brod\u00e9es en tonalit\u00e9 avec la couleur choisie.<br>\nDisponible dans les coloris liturgiques.<\/p>\n<\/body><\/html>","protected":false},"excerpt":{"rendered":"<p>Etole brod\u00e9e au m\u00e9tier avec effet broderie \u00e0 la main<br \/>\n50% laine et 50% polyester.<br \/>\nBroderie de croix avec \u00e9pis et grappes de raisin.<br \/>\nLe tissus de base est orn\u00e9 d\u2019un intercalaire de lignes brod\u00e9es en tonalit\u00e9 avec la couleur choisie.<br \/>\nDisponible dans les coloris liturgiques.<\/p>\n","protected":false},"featured_media":136375,"template":"","meta":[],"product_cat":[12300],"product_tag":[],"yoast_head":"<!-- This site is optimized with the Yoast SEO plugin v20.4 - https:\/\/yoast.com\/wordpress\/plugins\/seo\/ -->\n<title>\u00e9tole - tiss\u00e9s \u00e0 la main et Laboratorio Gruppo Liturgico<\/title>\n<meta name=\"description\" content=\"Etole brod\u00e9e au m\u00e9tier avec effet broderie \u00e0 la main 50% laine et 50% polyester. Broderie de croix avec \u00e9pis et grappes de raisin.  Le tissus de base est orn\u00e9 d\u2019un intercalaire de lignes brod\u00e9es en tonalit\u00e9 avec la couleur choisie. Disponible dans les coloris liturgiques.\" \/>\n<meta name=\"robots\" content=\"index, follow, max-snippet:-1, max-image-preview:large, max-video-preview:-1\" \/>\n<link rel=\"canonical\" href=\"https:\/\/www.gruppoliturgico.com\/fr\/produit\/etole-33\/\" \/>\n<meta property=\"og:locale\" content=\"fr_FR\" \/>\n<meta property=\"og:type\" content=\"article\" \/>\n<meta property=\"og:title\" content=\"\u00e9tole - tiss\u00e9s \u00e0 la main et Laboratorio Gruppo Liturgico\" \/>\n<meta property=\"og:description\" content=\"Etole brod\u00e9e au m\u00e9tier avec effet broderie \u00e0 la main 50% laine et 50% polyester. Broderie de croix avec \u00e9pis et grappes de raisin.  Le tissus de base est orn\u00e9 d\u2019un intercalaire de lignes brod\u00e9es en tonalit\u00e9 avec la couleur choisie. Disponible dans les coloris liturgiques.\" \/>\n<meta property=\"og:url\" content=\"https:\/\/www.gruppoliturgico.com\/fr\/produit\/etole-33\/\" \/>\n<meta property=\"og:site_name\" content=\"Laboratorio Gruppo Liturgico\" \/>\n<meta property=\"article:modified_time\" content=\"2022-06-02T11:20:51+00:00\" \/>\n<meta property=\"og:image\" content=\"https:\/\/www.gruppoliturgico.com\/wp-content\/uploads\/2022\/09\/3477-bianco-2.jpg\" \/>\n\t<meta property=\"og:image:width\" content=\"510\" \/>\n\t<meta property=\"og:image:height\" content=\"1500\" \/>\n\t<meta property=\"og:image:type\" content=\"image\/jpeg\" \/>\n<meta name=\"twitter:card\" content=\"summary_large_image\" \/>\n<script type=\"application\/ld+json\" class=\"yoast-schema-graph\">{\"@context\":\"https:\/\/schema.org\",\"@graph\":[{\"@type\":\"WebPage\",\"@id\":\"https:\/\/www.gruppoliturgico.com\/fr\/produit\/etole-33\/\",\"url\":\"https:\/\/www.gruppoliturgico.com\/fr\/produit\/etole-33\/\",\"name\":\"\u00e9tole - tiss\u00e9s \u00e0 la main et Laboratorio Gruppo Liturgico\",\"isPartOf\":{\"@id\":\"https:\/\/www.gruppoliturgico.com\/es\/#website\"},\"datePublished\":\"2022-05-20T01:52:52+00:00\",\"dateModified\":\"2022-06-02T11:20:51+00:00\",\"description\":\"Etole brod\u00e9e au m\u00e9tier avec effet broderie \u00e0 la main 50% laine et 50% polyester. Broderie de croix avec \u00e9pis et grappes de raisin. Le tissus de base est orn\u00e9 d\u2019un intercalaire de lignes brod\u00e9es en tonalit\u00e9 avec la couleur choisie. Disponible dans les coloris liturgiques.\",\"breadcrumb\":{\"@id\":\"https:\/\/www.gruppoliturgico.com\/fr\/produit\/etole-33\/#breadcrumb\"},\"inLanguage\":\"fr-FR\",\"potentialAction\":[{\"@type\":\"ReadAction\",\"target\":[\"https:\/\/www.gruppoliturgico.com\/fr\/produit\/etole-33\/\"]}]},{\"@type\":\"BreadcrumbList\",\"@id\":\"https:\/\/www.gruppoliturgico.com\/fr\/produit\/etole-33\/#breadcrumb\",\"itemListElement\":[{\"@type\":\"ListItem\",\"position\":1,\"name\":\"Home\",\"item\":\"https:\/\/www.gruppoliturgico.com\/fr\/\"},{\"@type\":\"ListItem\",\"position\":2,\"name\":\"Boutique\",\"item\":\"https:\/\/www.gruppoliturgico.com\/fr\/boutique\/\"},{\"@type\":\"ListItem\",\"position\":3,\"name\":\"\u00e9tole\"}]},{\"@type\":\"WebSite\",\"@id\":\"https:\/\/www.gruppoliturgico.com\/es\/#website\",\"url\":\"https:\/\/www.gruppoliturgico.com\/es\/\",\"name\":\"Laboratorio Gruppo Liturgico\",\"description\":\"Articoli Religiosi online\",\"publisher\":{\"@id\":\"https:\/\/www.gruppoliturgico.com\/es\/#organization\"},\"potentialAction\":[{\"@type\":\"SearchAction\",\"target\":{\"@type\":\"EntryPoint\",\"urlTemplate\":\"https:\/\/www.gruppoliturgico.com\/es\/?s={search_term_string}\"},\"query-input\":\"required name=search_term_string\"}],\"inLanguage\":\"fr-FR\"},{\"@type\":\"Organization\",\"@id\":\"https:\/\/www.gruppoliturgico.com\/es\/#organization\",\"name\":\"Laboratorio Gruppo Liturgico\",\"url\":\"https:\/\/www.gruppoliturgico.com\/es\/\",\"logo\":{\"@type\":\"ImageObject\",\"inLanguage\":\"fr-FR\",\"@id\":\"https:\/\/www.gruppoliturgico.com\/es\/#\/schema\/logo\/image\/\",\"url\":\"https:\/\/www.gruppoliturgico.com\/wp-content\/uploads\/2022\/02\/logo-laboratoriogruppoliturgico.png\",\"contentUrl\":\"https:\/\/www.gruppoliturgico.com\/wp-content\/uploads\/2022\/02\/logo-laboratoriogruppoliturgico.png\",\"width\":400,\"height\":114,\"caption\":\"Laboratorio Gruppo Liturgico\"},\"image\":{\"@id\":\"https:\/\/www.gruppoliturgico.com\/es\/#\/schema\/logo\/image\/\"}}]}<\/script>\n<!-- \/ Yoast SEO plugin. -->","yoast_head_json":{"title":"\u00e9tole - tiss\u00e9s \u00e0 la main et Laboratorio Gruppo Liturgico","description":"Etole brod\u00e9e au m\u00e9tier avec effet broderie \u00e0 la main 50% laine et 50% polyester. Broderie de croix avec \u00e9pis et grappes de raisin.  Le tissus de base est orn\u00e9 d\u2019un intercalaire de lignes brod\u00e9es en tonalit\u00e9 avec la couleur choisie. Disponible dans les coloris liturgiques.","robots":{"index":"index","follow":"follow","max-snippet":"max-snippet:-1","max-image-preview":"max-image-preview:large","max-video-preview":"max-video-preview:-1"},"canonical":"https:\/\/www.gruppoliturgico.com\/fr\/produit\/etole-33\/","og_locale":"fr_FR","og_type":"article","og_title":"\u00e9tole - tiss\u00e9s \u00e0 la main et Laboratorio Gruppo Liturgico","og_description":"Etole brod\u00e9e au m\u00e9tier avec effet broderie \u00e0 la main 50% laine et 50% polyester. Broderie de croix avec \u00e9pis et grappes de raisin.  Le tissus de base est orn\u00e9 d\u2019un intercalaire de lignes brod\u00e9es en tonalit\u00e9 avec la couleur choisie. Disponible dans les coloris liturgiques.","og_url":"https:\/\/www.gruppoliturgico.com\/fr\/produit\/etole-33\/","og_site_name":"Laboratorio Gruppo Liturgico","article_modified_time":"2022-06-02T11:20:51+00:00","og_image":[{"width":510,"height":1500,"url":"https:\/\/www.gruppoliturgico.com\/wp-content\/uploads\/2022\/09\/3477-bianco-2.jpg","type":"image\/jpeg"}],"twitter_card":"summary_large_image","schema":{"@context":"https:\/\/schema.org","@graph":[{"@type":"WebPage","@id":"https:\/\/www.gruppoliturgico.com\/fr\/produit\/etole-33\/","url":"https:\/\/www.gruppoliturgico.com\/fr\/produit\/etole-33\/","name":"\u00e9tole - tiss\u00e9s \u00e0 la main et Laboratorio Gruppo Liturgico","isPartOf":{"@id":"https:\/\/www.gruppoliturgico.com\/es\/#website"},"datePublished":"2022-05-20T01:52:52+00:00","dateModified":"2022-06-02T11:20:51+00:00","description":"Etole brod\u00e9e au m\u00e9tier avec effet broderie \u00e0 la main 50% laine et 50% polyester. Broderie de croix avec \u00e9pis et grappes de raisin. Le tissus de base est orn\u00e9 d\u2019un intercalaire de lignes brod\u00e9es en tonalit\u00e9 avec la couleur choisie. Disponible dans les coloris liturgiques.","breadcrumb":{"@id":"https:\/\/www.gruppoliturgico.com\/fr\/produit\/etole-33\/#breadcrumb"},"inLanguage":"fr-FR","potentialAction":[{"@type":"ReadAction","target":["https:\/\/www.gruppoliturgico.com\/fr\/produit\/etole-33\/"]}]},{"@type":"BreadcrumbList","@id":"https:\/\/www.gruppoliturgico.com\/fr\/produit\/etole-33\/#breadcrumb","itemListElement":[{"@type":"ListItem","position":1,"name":"Home","item":"https:\/\/www.gruppoliturgico.com\/fr\/"},{"@type":"ListItem","position":2,"name":"Boutique","item":"https:\/\/www.gruppoliturgico.com\/fr\/boutique\/"},{"@type":"ListItem","position":3,"name":"\u00e9tole"}]},{"@type":"WebSite","@id":"https:\/\/www.gruppoliturgico.com\/es\/#website","url":"https:\/\/www.gruppoliturgico.com\/es\/","name":"Laboratorio Gruppo Liturgico","description":"Articoli Religiosi online","publisher":{"@id":"https:\/\/www.gruppoliturgico.com\/es\/#organization"},"potentialAction":[{"@type":"SearchAction","target":{"@type":"EntryPoint","urlTemplate":"https:\/\/www.gruppoliturgico.com\/es\/?s={search_term_string}"},"query-input":"required name=search_term_string"}],"inLanguage":"fr-FR"},{"@type":"Organization","@id":"https:\/\/www.gruppoliturgico.com\/es\/#organization","name":"Laboratorio Gruppo Liturgico","url":"https:\/\/www.gruppoliturgico.com\/es\/","logo":{"@type":"ImageObject","inLanguage":"fr-FR","@id":"https:\/\/www.gruppoliturgico.com\/es\/#\/schema\/logo\/image\/","url":"https:\/\/www.gruppoliturgico.com\/wp-content\/uploads\/2022\/02\/logo-laboratoriogruppoliturgico.png","contentUrl":"https:\/\/www.gruppoliturgico.com\/wp-content\/uploads\/2022\/02\/logo-laboratoriogruppoliturgico.png","width":400,"height":114,"caption":"Laboratorio Gruppo Liturgico"},"image":{"@id":"https:\/\/www.gruppoliturgico.com\/es\/#\/schema\/logo\/image\/"}}]}},"_links":{"self":[{"href":"https:\/\/www.gruppoliturgico.com\/fr\/wp-json\/wp\/v2\/product\/69013"}],"collection":[{"href":"https:\/\/www.gruppoliturgico.com\/fr\/wp-json\/wp\/v2\/product"}],"about":[{"href":"https:\/\/www.gruppoliturgico.com\/fr\/wp-json\/wp\/v2\/types\/product"}],"wp:featuredmedia":[{"embeddable":true,"href":"https:\/\/www.gruppoliturgico.com\/fr\/wp-json\/wp\/v2\/media\/136375"}],"wp:attachment":[{"href":"https:\/\/www.gruppoliturgico.com\/fr\/wp-json\/wp\/v2\/media?parent=69013"}],"wp:term":[{"taxonomy":"product_cat","embeddable":true,"href":"https:\/\/www.gruppoliturgico.com\/fr\/wp-json\/wp\/v2\/product_cat?post=69013"},{"taxonomy":"product_tag","embeddable":true,"href":"https:\/\/www.gruppoliturgico.com\/fr\/wp-json\/wp\/v2\/product_tag?post=69013"}],"curies":[{"name":"wp","href":"https:\/\/api.w.org\/{rel}","templated":true}]}}