{"id":68973,"date":"2022-05-20T03:50:26","date_gmt":"2022-05-20T01:50:32","guid":{"rendered":"https:\/\/www.gruppoliturgico.com\/prodotto\/coupe-patene-20\/"},"modified":"2022-05-20T11:40:19","modified_gmt":"2022-05-20T09:40:19","slug":"coupe-patene-20","status":"publish","type":"product","link":"https:\/\/www.gruppoliturgico.com\/fr\/produit\/coupe-patene-20\/","title":{"rendered":"coupe-pat\u00e8ne"},"content":{"rendered":"<html><body><p>coupe-pat\u00e8ne tr\u00e8s beau de ligne romantique avec riche double travail ex\u00e9cut\u00e9 \u00e0 la main.<br>\nDes parties martel\u00e9es alternent avec d\u2019autres finement cisel\u00e9es avec un travail artisanal genre filet.<br>\nBicolore or et argent. <\/p>\n<p>Hauteur cm 9<br>\nCoupe diam\u00e8tre 13,5<\/p>\n<\/body><\/html>","protected":false},"excerpt":{"rendered":"<p>coupe-pat\u00e8ne tr\u00e8s beau de ligne romantique avec riche double travail ex\u00e9cut\u00e9 \u00e0 la main.<br \/>\nDes parties martel\u00e9es alternent avec d\u2019autres finement cisel\u00e9es avec un travail artisanal genre filet.<br \/>\nBicolore or et argent. <\/p>\n<p>Hauteur cm 9<br \/>\nCoupe diam\u00e8tre 13,5<\/p>\n","protected":false},"featured_media":79302,"template":"","meta":[],"product_cat":[12036],"product_tag":[],"yoast_head":"<!-- This site is optimized with the Yoast SEO plugin v20.4 - https:\/\/yoast.com\/wordpress\/plugins\/seo\/ -->\n<title>coupe-pat\u00e8ne - collection coupes pat\u00e8nes et Laboratorio Gruppo Liturgico<\/title>\n<meta name=\"description\" content=\"coupe-pat\u00e8ne tr\u00e8s beau de ligne romantique avec riche double travail ex\u00e9cut\u00e9 \u00e0 la main.  Des parties martel\u00e9es alternent avec d\u2019autres finement cisel\u00e9es avec un travail artisanal genre filet.  Bicolore or et argent.   Hauteur cm 9 Coupe diam\u00e8tre 13,5\" \/>\n<meta name=\"robots\" content=\"index, follow, max-snippet:-1, max-image-preview:large, max-video-preview:-1\" \/>\n<link rel=\"canonical\" href=\"https:\/\/www.gruppoliturgico.com\/fr\/produit\/coupe-patene-20\/\" \/>\n<meta property=\"og:locale\" content=\"fr_FR\" \/>\n<meta property=\"og:type\" content=\"article\" \/>\n<meta property=\"og:title\" content=\"coupe-pat\u00e8ne - collection coupes pat\u00e8nes et Laboratorio Gruppo Liturgico\" \/>\n<meta property=\"og:description\" content=\"coupe-pat\u00e8ne tr\u00e8s beau de ligne romantique avec riche double travail ex\u00e9cut\u00e9 \u00e0 la main.  Des parties martel\u00e9es alternent avec d\u2019autres finement cisel\u00e9es avec un travail artisanal genre filet.  Bicolore or et argent.   Hauteur cm 9 Coupe diam\u00e8tre 13,5\" \/>\n<meta property=\"og:url\" content=\"https:\/\/www.gruppoliturgico.com\/fr\/produit\/coupe-patene-20\/\" \/>\n<meta property=\"og:site_name\" content=\"Laboratorio Gruppo Liturgico\" \/>\n<meta property=\"article:modified_time\" content=\"2022-05-20T09:40:19+00:00\" \/>\n<meta property=\"og:image\" content=\"https:\/\/www.gruppoliturgico.com\/wp-content\/uploads\/2022\/05\/241820p.cestello.jpg\" \/>\n\t<meta property=\"og:image:width\" content=\"1500\" \/>\n\t<meta property=\"og:image:height\" content=\"1241\" \/>\n\t<meta property=\"og:image:type\" content=\"image\/jpeg\" \/>\n<meta name=\"twitter:card\" content=\"summary_large_image\" \/>\n<script type=\"application\/ld+json\" class=\"yoast-schema-graph\">{\"@context\":\"https:\/\/schema.org\",\"@graph\":[{\"@type\":\"WebPage\",\"@id\":\"https:\/\/www.gruppoliturgico.com\/fr\/produit\/coupe-patene-20\/\",\"url\":\"https:\/\/www.gruppoliturgico.com\/fr\/produit\/coupe-patene-20\/\",\"name\":\"coupe-pat\u00e8ne - collection coupes pat\u00e8nes et Laboratorio Gruppo Liturgico\",\"isPartOf\":{\"@id\":\"https:\/\/www.gruppoliturgico.com\/es\/#website\"},\"datePublished\":\"2022-05-20T01:50:32+00:00\",\"dateModified\":\"2022-05-20T09:40:19+00:00\",\"description\":\"coupe-pat\u00e8ne tr\u00e8s beau de ligne romantique avec riche double travail ex\u00e9cut\u00e9 \u00e0 la main. Des parties martel\u00e9es alternent avec d\u2019autres finement cisel\u00e9es avec un travail artisanal genre filet. Bicolore or et argent. Hauteur cm 9 Coupe diam\u00e8tre 13,5\",\"breadcrumb\":{\"@id\":\"https:\/\/www.gruppoliturgico.com\/fr\/produit\/coupe-patene-20\/#breadcrumb\"},\"inLanguage\":\"fr-FR\",\"potentialAction\":[{\"@type\":\"ReadAction\",\"target\":[\"https:\/\/www.gruppoliturgico.com\/fr\/produit\/coupe-patene-20\/\"]}]},{\"@type\":\"BreadcrumbList\",\"@id\":\"https:\/\/www.gruppoliturgico.com\/fr\/produit\/coupe-patene-20\/#breadcrumb\",\"itemListElement\":[{\"@type\":\"ListItem\",\"position\":1,\"name\":\"Home\",\"item\":\"https:\/\/www.gruppoliturgico.com\/fr\/\"},{\"@type\":\"ListItem\",\"position\":2,\"name\":\"Boutique\",\"item\":\"https:\/\/www.gruppoliturgico.com\/fr\/boutique\/\"},{\"@type\":\"ListItem\",\"position\":3,\"name\":\"coupe-pat\u00e8ne\"}]},{\"@type\":\"WebSite\",\"@id\":\"https:\/\/www.gruppoliturgico.com\/es\/#website\",\"url\":\"https:\/\/www.gruppoliturgico.com\/es\/\",\"name\":\"Laboratorio Gruppo Liturgico\",\"description\":\"Articoli Religiosi online\",\"publisher\":{\"@id\":\"https:\/\/www.gruppoliturgico.com\/es\/#organization\"},\"potentialAction\":[{\"@type\":\"SearchAction\",\"target\":{\"@type\":\"EntryPoint\",\"urlTemplate\":\"https:\/\/www.gruppoliturgico.com\/es\/?s={search_term_string}\"},\"query-input\":\"required name=search_term_string\"}],\"inLanguage\":\"fr-FR\"},{\"@type\":\"Organization\",\"@id\":\"https:\/\/www.gruppoliturgico.com\/es\/#organization\",\"name\":\"Laboratorio Gruppo Liturgico\",\"url\":\"https:\/\/www.gruppoliturgico.com\/es\/\",\"logo\":{\"@type\":\"ImageObject\",\"inLanguage\":\"fr-FR\",\"@id\":\"https:\/\/www.gruppoliturgico.com\/es\/#\/schema\/logo\/image\/\",\"url\":\"https:\/\/www.gruppoliturgico.com\/wp-content\/uploads\/2022\/02\/logo-laboratoriogruppoliturgico.png\",\"contentUrl\":\"https:\/\/www.gruppoliturgico.com\/wp-content\/uploads\/2022\/02\/logo-laboratoriogruppoliturgico.png\",\"width\":400,\"height\":114,\"caption\":\"Laboratorio Gruppo Liturgico\"},\"image\":{\"@id\":\"https:\/\/www.gruppoliturgico.com\/es\/#\/schema\/logo\/image\/\"}}]}<\/script>\n<!-- \/ Yoast SEO plugin. -->","yoast_head_json":{"title":"coupe-pat\u00e8ne - collection coupes pat\u00e8nes et Laboratorio Gruppo Liturgico","description":"coupe-pat\u00e8ne tr\u00e8s beau de ligne romantique avec riche double travail ex\u00e9cut\u00e9 \u00e0 la main.  Des parties martel\u00e9es alternent avec d\u2019autres finement cisel\u00e9es avec un travail artisanal genre filet.  Bicolore or et argent.   Hauteur cm 9 Coupe diam\u00e8tre 13,5","robots":{"index":"index","follow":"follow","max-snippet":"max-snippet:-1","max-image-preview":"max-image-preview:large","max-video-preview":"max-video-preview:-1"},"canonical":"https:\/\/www.gruppoliturgico.com\/fr\/produit\/coupe-patene-20\/","og_locale":"fr_FR","og_type":"article","og_title":"coupe-pat\u00e8ne - collection coupes pat\u00e8nes et Laboratorio Gruppo Liturgico","og_description":"coupe-pat\u00e8ne tr\u00e8s beau de ligne romantique avec riche double travail ex\u00e9cut\u00e9 \u00e0 la main.  Des parties martel\u00e9es alternent avec d\u2019autres finement cisel\u00e9es avec un travail artisanal genre filet.  Bicolore or et argent.   Hauteur cm 9 Coupe diam\u00e8tre 13,5","og_url":"https:\/\/www.gruppoliturgico.com\/fr\/produit\/coupe-patene-20\/","og_site_name":"Laboratorio Gruppo Liturgico","article_modified_time":"2022-05-20T09:40:19+00:00","og_image":[{"width":1500,"height":1241,"url":"https:\/\/www.gruppoliturgico.com\/wp-content\/uploads\/2022\/05\/241820p.cestello.jpg","type":"image\/jpeg"}],"twitter_card":"summary_large_image","schema":{"@context":"https:\/\/schema.org","@graph":[{"@type":"WebPage","@id":"https:\/\/www.gruppoliturgico.com\/fr\/produit\/coupe-patene-20\/","url":"https:\/\/www.gruppoliturgico.com\/fr\/produit\/coupe-patene-20\/","name":"coupe-pat\u00e8ne - collection coupes pat\u00e8nes et Laboratorio Gruppo Liturgico","isPartOf":{"@id":"https:\/\/www.gruppoliturgico.com\/es\/#website"},"datePublished":"2022-05-20T01:50:32+00:00","dateModified":"2022-05-20T09:40:19+00:00","description":"coupe-pat\u00e8ne tr\u00e8s beau de ligne romantique avec riche double travail ex\u00e9cut\u00e9 \u00e0 la main. Des parties martel\u00e9es alternent avec d\u2019autres finement cisel\u00e9es avec un travail artisanal genre filet. Bicolore or et argent. Hauteur cm 9 Coupe diam\u00e8tre 13,5","breadcrumb":{"@id":"https:\/\/www.gruppoliturgico.com\/fr\/produit\/coupe-patene-20\/#breadcrumb"},"inLanguage":"fr-FR","potentialAction":[{"@type":"ReadAction","target":["https:\/\/www.gruppoliturgico.com\/fr\/produit\/coupe-patene-20\/"]}]},{"@type":"BreadcrumbList","@id":"https:\/\/www.gruppoliturgico.com\/fr\/produit\/coupe-patene-20\/#breadcrumb","itemListElement":[{"@type":"ListItem","position":1,"name":"Home","item":"https:\/\/www.gruppoliturgico.com\/fr\/"},{"@type":"ListItem","position":2,"name":"Boutique","item":"https:\/\/www.gruppoliturgico.com\/fr\/boutique\/"},{"@type":"ListItem","position":3,"name":"coupe-pat\u00e8ne"}]},{"@type":"WebSite","@id":"https:\/\/www.gruppoliturgico.com\/es\/#website","url":"https:\/\/www.gruppoliturgico.com\/es\/","name":"Laboratorio Gruppo Liturgico","description":"Articoli Religiosi online","publisher":{"@id":"https:\/\/www.gruppoliturgico.com\/es\/#organization"},"potentialAction":[{"@type":"SearchAction","target":{"@type":"EntryPoint","urlTemplate":"https:\/\/www.gruppoliturgico.com\/es\/?s={search_term_string}"},"query-input":"required name=search_term_string"}],"inLanguage":"fr-FR"},{"@type":"Organization","@id":"https:\/\/www.gruppoliturgico.com\/es\/#organization","name":"Laboratorio Gruppo Liturgico","url":"https:\/\/www.gruppoliturgico.com\/es\/","logo":{"@type":"ImageObject","inLanguage":"fr-FR","@id":"https:\/\/www.gruppoliturgico.com\/es\/#\/schema\/logo\/image\/","url":"https:\/\/www.gruppoliturgico.com\/wp-content\/uploads\/2022\/02\/logo-laboratoriogruppoliturgico.png","contentUrl":"https:\/\/www.gruppoliturgico.com\/wp-content\/uploads\/2022\/02\/logo-laboratoriogruppoliturgico.png","width":400,"height":114,"caption":"Laboratorio Gruppo Liturgico"},"image":{"@id":"https:\/\/www.gruppoliturgico.com\/es\/#\/schema\/logo\/image\/"}}]}},"_links":{"self":[{"href":"https:\/\/www.gruppoliturgico.com\/fr\/wp-json\/wp\/v2\/product\/68973"}],"collection":[{"href":"https:\/\/www.gruppoliturgico.com\/fr\/wp-json\/wp\/v2\/product"}],"about":[{"href":"https:\/\/www.gruppoliturgico.com\/fr\/wp-json\/wp\/v2\/types\/product"}],"wp:featuredmedia":[{"embeddable":true,"href":"https:\/\/www.gruppoliturgico.com\/fr\/wp-json\/wp\/v2\/media\/79302"}],"wp:attachment":[{"href":"https:\/\/www.gruppoliturgico.com\/fr\/wp-json\/wp\/v2\/media?parent=68973"}],"wp:term":[{"taxonomy":"product_cat","embeddable":true,"href":"https:\/\/www.gruppoliturgico.com\/fr\/wp-json\/wp\/v2\/product_cat?post=68973"},{"taxonomy":"product_tag","embeddable":true,"href":"https:\/\/www.gruppoliturgico.com\/fr\/wp-json\/wp\/v2\/product_tag?post=68973"}],"curies":[{"name":"wp","href":"https:\/\/api.w.org\/{rel}","templated":true}]}}