{"id":68965,"date":"2022-05-20T03:49:57","date_gmt":"2022-05-20T01:50:05","guid":{"rendered":"https:\/\/www.gruppoliturgico.com\/prodotto\/calice-43\/"},"modified":"2022-05-20T11:39:52","modified_gmt":"2022-05-20T09:39:52","slug":"calice-43","status":"publish","type":"product","link":"https:\/\/www.gruppoliturgico.com\/fr\/produit\/calice-43\/","title":{"rendered":"calice"},"content":{"rendered":"<html><body><p>Calice tr\u00e8s beau de ligne romantique avec riche double travail ex\u00e9cut\u00e9 \u00e0 la main.<br>\nDes parties martel\u00e9es alternent avec d\u2019autres finement cisel\u00e9es avec un travail artisanal genre filet.<br>\nBicolore or et argent.<br>\nComplet de pat\u00e8ne de cm 16 <\/p>\n<p>Hauteur cm 17<br>\ncoupe diam\u00e8tre 11<\/p>\n<\/body><\/html>","protected":false},"excerpt":{"rendered":"<p>Calice tr\u00e8s beau de ligne romantique avec riche double travail ex\u00e9cut\u00e9 \u00e0 la main.<br \/>\nDes parties martel\u00e9es alternent avec d\u2019autres finement cisel\u00e9es avec un travail artisanal genre filet.<br \/>\nBicolore or et argent.<br \/>\nComplet de pat\u00e8ne de cm 16 <\/p>\n<p>Hauteur cm 17<br \/>\ncoupe diam\u00e8tre 11<\/p>\n","protected":false},"featured_media":79294,"template":"","meta":[],"product_cat":[12028],"product_tag":[],"yoast_head":"<!-- This site is optimized with the Yoast SEO plugin v20.4 - https:\/\/yoast.com\/wordpress\/plugins\/seo\/ -->\n<title>calice - collection calices et Laboratorio Gruppo Liturgico<\/title>\n<meta name=\"description\" content=\"Calice tr\u00e8s beau de ligne romantique avec riche double travail ex\u00e9cut\u00e9 \u00e0 la main.  Des parties martel\u00e9es alternent avec d\u2019autres finement cisel\u00e9es avec un travail artisanal genre filet.  Bicolore or et argent.  Complet de pat\u00e8ne de cm 16   Hauteur cm 17 coupe diam\u00e8tre 11\" \/>\n<meta name=\"robots\" content=\"index, follow, max-snippet:-1, max-image-preview:large, max-video-preview:-1\" \/>\n<link rel=\"canonical\" href=\"https:\/\/www.gruppoliturgico.com\/fr\/produit\/calice-43\/\" \/>\n<meta property=\"og:locale\" content=\"fr_FR\" \/>\n<meta property=\"og:type\" content=\"article\" \/>\n<meta property=\"og:title\" content=\"calice - collection calices et Laboratorio Gruppo Liturgico\" \/>\n<meta property=\"og:description\" content=\"Calice tr\u00e8s beau de ligne romantique avec riche double travail ex\u00e9cut\u00e9 \u00e0 la main.  Des parties martel\u00e9es alternent avec d\u2019autres finement cisel\u00e9es avec un travail artisanal genre filet.  Bicolore or et argent.  Complet de pat\u00e8ne de cm 16   Hauteur cm 17 coupe diam\u00e8tre 11\" \/>\n<meta property=\"og:url\" content=\"https:\/\/www.gruppoliturgico.com\/fr\/produit\/calice-43\/\" \/>\n<meta property=\"og:site_name\" content=\"Laboratorio Gruppo Liturgico\" \/>\n<meta property=\"article:modified_time\" content=\"2022-05-20T09:39:52+00:00\" \/>\n<meta property=\"og:image\" content=\"https:\/\/www.gruppoliturgico.com\/wp-content\/uploads\/2022\/05\/241620calice.jpg\" \/>\n\t<meta property=\"og:image:width\" content=\"920\" \/>\n\t<meta property=\"og:image:height\" content=\"1500\" \/>\n\t<meta property=\"og:image:type\" content=\"image\/jpeg\" \/>\n<meta name=\"twitter:card\" content=\"summary_large_image\" \/>\n<script type=\"application\/ld+json\" class=\"yoast-schema-graph\">{\"@context\":\"https:\/\/schema.org\",\"@graph\":[{\"@type\":\"WebPage\",\"@id\":\"https:\/\/www.gruppoliturgico.com\/fr\/produit\/calice-43\/\",\"url\":\"https:\/\/www.gruppoliturgico.com\/fr\/produit\/calice-43\/\",\"name\":\"calice - collection calices et Laboratorio Gruppo Liturgico\",\"isPartOf\":{\"@id\":\"https:\/\/www.gruppoliturgico.com\/es\/#website\"},\"datePublished\":\"2022-05-20T01:50:05+00:00\",\"dateModified\":\"2022-05-20T09:39:52+00:00\",\"description\":\"Calice tr\u00e8s beau de ligne romantique avec riche double travail ex\u00e9cut\u00e9 \u00e0 la main. Des parties martel\u00e9es alternent avec d\u2019autres finement cisel\u00e9es avec un travail artisanal genre filet. Bicolore or et argent. Complet de pat\u00e8ne de cm 16 Hauteur cm 17 coupe diam\u00e8tre 11\",\"breadcrumb\":{\"@id\":\"https:\/\/www.gruppoliturgico.com\/fr\/produit\/calice-43\/#breadcrumb\"},\"inLanguage\":\"fr-FR\",\"potentialAction\":[{\"@type\":\"ReadAction\",\"target\":[\"https:\/\/www.gruppoliturgico.com\/fr\/produit\/calice-43\/\"]}]},{\"@type\":\"BreadcrumbList\",\"@id\":\"https:\/\/www.gruppoliturgico.com\/fr\/produit\/calice-43\/#breadcrumb\",\"itemListElement\":[{\"@type\":\"ListItem\",\"position\":1,\"name\":\"Home\",\"item\":\"https:\/\/www.gruppoliturgico.com\/fr\/\"},{\"@type\":\"ListItem\",\"position\":2,\"name\":\"Boutique\",\"item\":\"https:\/\/www.gruppoliturgico.com\/fr\/boutique\/\"},{\"@type\":\"ListItem\",\"position\":3,\"name\":\"calice\"}]},{\"@type\":\"WebSite\",\"@id\":\"https:\/\/www.gruppoliturgico.com\/es\/#website\",\"url\":\"https:\/\/www.gruppoliturgico.com\/es\/\",\"name\":\"Laboratorio Gruppo Liturgico\",\"description\":\"Articoli Religiosi online\",\"publisher\":{\"@id\":\"https:\/\/www.gruppoliturgico.com\/es\/#organization\"},\"potentialAction\":[{\"@type\":\"SearchAction\",\"target\":{\"@type\":\"EntryPoint\",\"urlTemplate\":\"https:\/\/www.gruppoliturgico.com\/es\/?s={search_term_string}\"},\"query-input\":\"required name=search_term_string\"}],\"inLanguage\":\"fr-FR\"},{\"@type\":\"Organization\",\"@id\":\"https:\/\/www.gruppoliturgico.com\/es\/#organization\",\"name\":\"Laboratorio Gruppo Liturgico\",\"url\":\"https:\/\/www.gruppoliturgico.com\/es\/\",\"logo\":{\"@type\":\"ImageObject\",\"inLanguage\":\"fr-FR\",\"@id\":\"https:\/\/www.gruppoliturgico.com\/es\/#\/schema\/logo\/image\/\",\"url\":\"https:\/\/www.gruppoliturgico.com\/wp-content\/uploads\/2022\/02\/logo-laboratoriogruppoliturgico.png\",\"contentUrl\":\"https:\/\/www.gruppoliturgico.com\/wp-content\/uploads\/2022\/02\/logo-laboratoriogruppoliturgico.png\",\"width\":400,\"height\":114,\"caption\":\"Laboratorio Gruppo Liturgico\"},\"image\":{\"@id\":\"https:\/\/www.gruppoliturgico.com\/es\/#\/schema\/logo\/image\/\"}}]}<\/script>\n<!-- \/ Yoast SEO plugin. -->","yoast_head_json":{"title":"calice - collection calices et Laboratorio Gruppo Liturgico","description":"Calice tr\u00e8s beau de ligne romantique avec riche double travail ex\u00e9cut\u00e9 \u00e0 la main.  Des parties martel\u00e9es alternent avec d\u2019autres finement cisel\u00e9es avec un travail artisanal genre filet.  Bicolore or et argent.  Complet de pat\u00e8ne de cm 16   Hauteur cm 17 coupe diam\u00e8tre 11","robots":{"index":"index","follow":"follow","max-snippet":"max-snippet:-1","max-image-preview":"max-image-preview:large","max-video-preview":"max-video-preview:-1"},"canonical":"https:\/\/www.gruppoliturgico.com\/fr\/produit\/calice-43\/","og_locale":"fr_FR","og_type":"article","og_title":"calice - collection calices et Laboratorio Gruppo Liturgico","og_description":"Calice tr\u00e8s beau de ligne romantique avec riche double travail ex\u00e9cut\u00e9 \u00e0 la main.  Des parties martel\u00e9es alternent avec d\u2019autres finement cisel\u00e9es avec un travail artisanal genre filet.  Bicolore or et argent.  Complet de pat\u00e8ne de cm 16   Hauteur cm 17 coupe diam\u00e8tre 11","og_url":"https:\/\/www.gruppoliturgico.com\/fr\/produit\/calice-43\/","og_site_name":"Laboratorio Gruppo Liturgico","article_modified_time":"2022-05-20T09:39:52+00:00","og_image":[{"width":920,"height":1500,"url":"https:\/\/www.gruppoliturgico.com\/wp-content\/uploads\/2022\/05\/241620calice.jpg","type":"image\/jpeg"}],"twitter_card":"summary_large_image","schema":{"@context":"https:\/\/schema.org","@graph":[{"@type":"WebPage","@id":"https:\/\/www.gruppoliturgico.com\/fr\/produit\/calice-43\/","url":"https:\/\/www.gruppoliturgico.com\/fr\/produit\/calice-43\/","name":"calice - collection calices et Laboratorio Gruppo Liturgico","isPartOf":{"@id":"https:\/\/www.gruppoliturgico.com\/es\/#website"},"datePublished":"2022-05-20T01:50:05+00:00","dateModified":"2022-05-20T09:39:52+00:00","description":"Calice tr\u00e8s beau de ligne romantique avec riche double travail ex\u00e9cut\u00e9 \u00e0 la main. Des parties martel\u00e9es alternent avec d\u2019autres finement cisel\u00e9es avec un travail artisanal genre filet. Bicolore or et argent. Complet de pat\u00e8ne de cm 16 Hauteur cm 17 coupe diam\u00e8tre 11","breadcrumb":{"@id":"https:\/\/www.gruppoliturgico.com\/fr\/produit\/calice-43\/#breadcrumb"},"inLanguage":"fr-FR","potentialAction":[{"@type":"ReadAction","target":["https:\/\/www.gruppoliturgico.com\/fr\/produit\/calice-43\/"]}]},{"@type":"BreadcrumbList","@id":"https:\/\/www.gruppoliturgico.com\/fr\/produit\/calice-43\/#breadcrumb","itemListElement":[{"@type":"ListItem","position":1,"name":"Home","item":"https:\/\/www.gruppoliturgico.com\/fr\/"},{"@type":"ListItem","position":2,"name":"Boutique","item":"https:\/\/www.gruppoliturgico.com\/fr\/boutique\/"},{"@type":"ListItem","position":3,"name":"calice"}]},{"@type":"WebSite","@id":"https:\/\/www.gruppoliturgico.com\/es\/#website","url":"https:\/\/www.gruppoliturgico.com\/es\/","name":"Laboratorio Gruppo Liturgico","description":"Articoli Religiosi online","publisher":{"@id":"https:\/\/www.gruppoliturgico.com\/es\/#organization"},"potentialAction":[{"@type":"SearchAction","target":{"@type":"EntryPoint","urlTemplate":"https:\/\/www.gruppoliturgico.com\/es\/?s={search_term_string}"},"query-input":"required name=search_term_string"}],"inLanguage":"fr-FR"},{"@type":"Organization","@id":"https:\/\/www.gruppoliturgico.com\/es\/#organization","name":"Laboratorio Gruppo Liturgico","url":"https:\/\/www.gruppoliturgico.com\/es\/","logo":{"@type":"ImageObject","inLanguage":"fr-FR","@id":"https:\/\/www.gruppoliturgico.com\/es\/#\/schema\/logo\/image\/","url":"https:\/\/www.gruppoliturgico.com\/wp-content\/uploads\/2022\/02\/logo-laboratoriogruppoliturgico.png","contentUrl":"https:\/\/www.gruppoliturgico.com\/wp-content\/uploads\/2022\/02\/logo-laboratoriogruppoliturgico.png","width":400,"height":114,"caption":"Laboratorio Gruppo Liturgico"},"image":{"@id":"https:\/\/www.gruppoliturgico.com\/es\/#\/schema\/logo\/image\/"}}]}},"_links":{"self":[{"href":"https:\/\/www.gruppoliturgico.com\/fr\/wp-json\/wp\/v2\/product\/68965"}],"collection":[{"href":"https:\/\/www.gruppoliturgico.com\/fr\/wp-json\/wp\/v2\/product"}],"about":[{"href":"https:\/\/www.gruppoliturgico.com\/fr\/wp-json\/wp\/v2\/types\/product"}],"wp:featuredmedia":[{"embeddable":true,"href":"https:\/\/www.gruppoliturgico.com\/fr\/wp-json\/wp\/v2\/media\/79294"}],"wp:attachment":[{"href":"https:\/\/www.gruppoliturgico.com\/fr\/wp-json\/wp\/v2\/media?parent=68965"}],"wp:term":[{"taxonomy":"product_cat","embeddable":true,"href":"https:\/\/www.gruppoliturgico.com\/fr\/wp-json\/wp\/v2\/product_cat?post=68965"},{"taxonomy":"product_tag","embeddable":true,"href":"https:\/\/www.gruppoliturgico.com\/fr\/wp-json\/wp\/v2\/product_tag?post=68965"}],"curies":[{"name":"wp","href":"https:\/\/api.w.org\/{rel}","templated":true}]}}