{"id":68925,"date":"2022-05-20T03:47:50","date_gmt":"2022-05-20T01:47:57","guid":{"rendered":"https:\/\/www.gruppoliturgico.com\/prodotto\/voile-humeral-9\/"},"modified":"2022-09-16T15:03:41","modified_gmt":"2022-09-16T13:03:41","slug":"voile-humeral-9","status":"publish","type":"product","link":"https:\/\/www.gruppoliturgico.com\/fr\/produit\/voile-humeral-9\/","title":{"rendered":"voile hum\u00e9ral"},"content":{"rendered":"<html><body><p>Voile hum\u00e9ral en un tissu de haute qualit\u00e9 en fibres naturelles et polyester.<br>\nIl comporte la broderie d\u2019un symbole marial entour\u00e9 de lys.<br>\nCrochets m\u00e9talliques et poches int\u00e9rieures.<br>\nDimensions cm 270 x 54. <\/p>\n<\/body><\/html>","protected":false},"excerpt":{"rendered":"<p>Voile hum\u00e9ral en un tissu de haute qualit\u00e9 en fibres naturelles et polyester.<br \/>\nIl comporte la broderie d&rsquo;un symbole marial entour\u00e9 de lys.<br \/>\nCrochets m\u00e9talliques et poches int\u00e9rieures.<br \/>\nDimensions cm 270 x 54. <\/p>\n","protected":false},"featured_media":79254,"template":"","meta":[],"product_cat":[12292],"product_tag":[],"yoast_head":"<!-- This site is optimized with the Yoast SEO plugin v20.4 - https:\/\/yoast.com\/wordpress\/plugins\/seo\/ -->\n<title>voile hum\u00e9ral - voiles hum\u00e8raux et Laboratorio Gruppo Liturgico<\/title>\n<meta name=\"description\" content=\"Voile hum\u00e9ral en un tissu de haute qualit\u00e9 en fibres naturelles et polyester. Il comporte la broderie d&#039;un symbole marial entour\u00e9 de lys. Crochets m\u00e9talliques et poches int\u00e9rieures. Dimensions cm 270 x 54.\" \/>\n<meta name=\"robots\" content=\"index, follow, max-snippet:-1, max-image-preview:large, max-video-preview:-1\" \/>\n<link rel=\"canonical\" href=\"https:\/\/www.gruppoliturgico.com\/fr\/produit\/voile-humeral-9\/\" \/>\n<meta property=\"og:locale\" content=\"fr_FR\" \/>\n<meta property=\"og:type\" content=\"article\" \/>\n<meta property=\"og:title\" content=\"voile hum\u00e9ral - voiles hum\u00e8raux et Laboratorio Gruppo Liturgico\" \/>\n<meta property=\"og:description\" content=\"Voile hum\u00e9ral en un tissu de haute qualit\u00e9 en fibres naturelles et polyester. Il comporte la broderie d&#039;un symbole marial entour\u00e9 de lys. Crochets m\u00e9talliques et poches int\u00e9rieures. Dimensions cm 270 x 54.\" \/>\n<meta property=\"og:url\" content=\"https:\/\/www.gruppoliturgico.com\/fr\/produit\/voile-humeral-9\/\" \/>\n<meta property=\"og:site_name\" content=\"Laboratorio Gruppo Liturgico\" \/>\n<meta property=\"article:modified_time\" content=\"2022-09-16T13:03:41+00:00\" \/>\n<meta property=\"og:image\" content=\"https:\/\/www.gruppoliturgico.com\/wp-content\/uploads\/2022\/05\/385620copia.jpg\" \/>\n\t<meta property=\"og:image:width\" content=\"1500\" \/>\n\t<meta property=\"og:image:height\" content=\"1012\" \/>\n\t<meta property=\"og:image:type\" content=\"image\/jpeg\" \/>\n<meta name=\"twitter:card\" content=\"summary_large_image\" \/>\n<meta name=\"twitter:label1\" content=\"Dur\u00e9e de lecture estim\u00e9e\" \/>\n\t<meta name=\"twitter:data1\" content=\"1 minute\" \/>\n<script type=\"application\/ld+json\" class=\"yoast-schema-graph\">{\"@context\":\"https:\/\/schema.org\",\"@graph\":[{\"@type\":\"WebPage\",\"@id\":\"https:\/\/www.gruppoliturgico.com\/fr\/produit\/voile-humeral-9\/\",\"url\":\"https:\/\/www.gruppoliturgico.com\/fr\/produit\/voile-humeral-9\/\",\"name\":\"voile hum\u00e9ral - voiles hum\u00e8raux et Laboratorio Gruppo Liturgico\",\"isPartOf\":{\"@id\":\"https:\/\/www.gruppoliturgico.com\/es\/#website\"},\"datePublished\":\"2022-05-20T01:47:57+00:00\",\"dateModified\":\"2022-09-16T13:03:41+00:00\",\"description\":\"Voile hum\u00e9ral en un tissu de haute qualit\u00e9 en fibres naturelles et polyester. Il comporte la broderie d'un symbole marial entour\u00e9 de lys. Crochets m\u00e9talliques et poches int\u00e9rieures. Dimensions cm 270 x 54.\",\"breadcrumb\":{\"@id\":\"https:\/\/www.gruppoliturgico.com\/fr\/produit\/voile-humeral-9\/#breadcrumb\"},\"inLanguage\":\"fr-FR\",\"potentialAction\":[{\"@type\":\"ReadAction\",\"target\":[\"https:\/\/www.gruppoliturgico.com\/fr\/produit\/voile-humeral-9\/\"]}]},{\"@type\":\"BreadcrumbList\",\"@id\":\"https:\/\/www.gruppoliturgico.com\/fr\/produit\/voile-humeral-9\/#breadcrumb\",\"itemListElement\":[{\"@type\":\"ListItem\",\"position\":1,\"name\":\"Home\",\"item\":\"https:\/\/www.gruppoliturgico.com\/fr\/\"},{\"@type\":\"ListItem\",\"position\":2,\"name\":\"Boutique\",\"item\":\"https:\/\/www.gruppoliturgico.com\/fr\/boutique\/\"},{\"@type\":\"ListItem\",\"position\":3,\"name\":\"voile hum\u00e9ral\"}]},{\"@type\":\"WebSite\",\"@id\":\"https:\/\/www.gruppoliturgico.com\/es\/#website\",\"url\":\"https:\/\/www.gruppoliturgico.com\/es\/\",\"name\":\"Laboratorio Gruppo Liturgico\",\"description\":\"Articoli Religiosi online\",\"publisher\":{\"@id\":\"https:\/\/www.gruppoliturgico.com\/es\/#organization\"},\"potentialAction\":[{\"@type\":\"SearchAction\",\"target\":{\"@type\":\"EntryPoint\",\"urlTemplate\":\"https:\/\/www.gruppoliturgico.com\/es\/?s={search_term_string}\"},\"query-input\":\"required name=search_term_string\"}],\"inLanguage\":\"fr-FR\"},{\"@type\":\"Organization\",\"@id\":\"https:\/\/www.gruppoliturgico.com\/es\/#organization\",\"name\":\"Laboratorio Gruppo Liturgico\",\"url\":\"https:\/\/www.gruppoliturgico.com\/es\/\",\"logo\":{\"@type\":\"ImageObject\",\"inLanguage\":\"fr-FR\",\"@id\":\"https:\/\/www.gruppoliturgico.com\/es\/#\/schema\/logo\/image\/\",\"url\":\"https:\/\/www.gruppoliturgico.com\/wp-content\/uploads\/2022\/02\/logo-laboratoriogruppoliturgico.png\",\"contentUrl\":\"https:\/\/www.gruppoliturgico.com\/wp-content\/uploads\/2022\/02\/logo-laboratoriogruppoliturgico.png\",\"width\":400,\"height\":114,\"caption\":\"Laboratorio Gruppo Liturgico\"},\"image\":{\"@id\":\"https:\/\/www.gruppoliturgico.com\/es\/#\/schema\/logo\/image\/\"}}]}<\/script>\n<!-- \/ Yoast SEO plugin. -->","yoast_head_json":{"title":"voile hum\u00e9ral - voiles hum\u00e8raux et Laboratorio Gruppo Liturgico","description":"Voile hum\u00e9ral en un tissu de haute qualit\u00e9 en fibres naturelles et polyester. Il comporte la broderie d'un symbole marial entour\u00e9 de lys. Crochets m\u00e9talliques et poches int\u00e9rieures. Dimensions cm 270 x 54.","robots":{"index":"index","follow":"follow","max-snippet":"max-snippet:-1","max-image-preview":"max-image-preview:large","max-video-preview":"max-video-preview:-1"},"canonical":"https:\/\/www.gruppoliturgico.com\/fr\/produit\/voile-humeral-9\/","og_locale":"fr_FR","og_type":"article","og_title":"voile hum\u00e9ral - voiles hum\u00e8raux et Laboratorio Gruppo Liturgico","og_description":"Voile hum\u00e9ral en un tissu de haute qualit\u00e9 en fibres naturelles et polyester. Il comporte la broderie d'un symbole marial entour\u00e9 de lys. Crochets m\u00e9talliques et poches int\u00e9rieures. Dimensions cm 270 x 54.","og_url":"https:\/\/www.gruppoliturgico.com\/fr\/produit\/voile-humeral-9\/","og_site_name":"Laboratorio Gruppo Liturgico","article_modified_time":"2022-09-16T13:03:41+00:00","og_image":[{"width":1500,"height":1012,"url":"https:\/\/www.gruppoliturgico.com\/wp-content\/uploads\/2022\/05\/385620copia.jpg","type":"image\/jpeg"}],"twitter_card":"summary_large_image","twitter_misc":{"Dur\u00e9e de lecture estim\u00e9e":"1 minute"},"schema":{"@context":"https:\/\/schema.org","@graph":[{"@type":"WebPage","@id":"https:\/\/www.gruppoliturgico.com\/fr\/produit\/voile-humeral-9\/","url":"https:\/\/www.gruppoliturgico.com\/fr\/produit\/voile-humeral-9\/","name":"voile hum\u00e9ral - voiles hum\u00e8raux et Laboratorio Gruppo Liturgico","isPartOf":{"@id":"https:\/\/www.gruppoliturgico.com\/es\/#website"},"datePublished":"2022-05-20T01:47:57+00:00","dateModified":"2022-09-16T13:03:41+00:00","description":"Voile hum\u00e9ral en un tissu de haute qualit\u00e9 en fibres naturelles et polyester. Il comporte la broderie d'un symbole marial entour\u00e9 de lys. Crochets m\u00e9talliques et poches int\u00e9rieures. Dimensions cm 270 x 54.","breadcrumb":{"@id":"https:\/\/www.gruppoliturgico.com\/fr\/produit\/voile-humeral-9\/#breadcrumb"},"inLanguage":"fr-FR","potentialAction":[{"@type":"ReadAction","target":["https:\/\/www.gruppoliturgico.com\/fr\/produit\/voile-humeral-9\/"]}]},{"@type":"BreadcrumbList","@id":"https:\/\/www.gruppoliturgico.com\/fr\/produit\/voile-humeral-9\/#breadcrumb","itemListElement":[{"@type":"ListItem","position":1,"name":"Home","item":"https:\/\/www.gruppoliturgico.com\/fr\/"},{"@type":"ListItem","position":2,"name":"Boutique","item":"https:\/\/www.gruppoliturgico.com\/fr\/boutique\/"},{"@type":"ListItem","position":3,"name":"voile hum\u00e9ral"}]},{"@type":"WebSite","@id":"https:\/\/www.gruppoliturgico.com\/es\/#website","url":"https:\/\/www.gruppoliturgico.com\/es\/","name":"Laboratorio Gruppo Liturgico","description":"Articoli Religiosi online","publisher":{"@id":"https:\/\/www.gruppoliturgico.com\/es\/#organization"},"potentialAction":[{"@type":"SearchAction","target":{"@type":"EntryPoint","urlTemplate":"https:\/\/www.gruppoliturgico.com\/es\/?s={search_term_string}"},"query-input":"required name=search_term_string"}],"inLanguage":"fr-FR"},{"@type":"Organization","@id":"https:\/\/www.gruppoliturgico.com\/es\/#organization","name":"Laboratorio Gruppo Liturgico","url":"https:\/\/www.gruppoliturgico.com\/es\/","logo":{"@type":"ImageObject","inLanguage":"fr-FR","@id":"https:\/\/www.gruppoliturgico.com\/es\/#\/schema\/logo\/image\/","url":"https:\/\/www.gruppoliturgico.com\/wp-content\/uploads\/2022\/02\/logo-laboratoriogruppoliturgico.png","contentUrl":"https:\/\/www.gruppoliturgico.com\/wp-content\/uploads\/2022\/02\/logo-laboratoriogruppoliturgico.png","width":400,"height":114,"caption":"Laboratorio Gruppo Liturgico"},"image":{"@id":"https:\/\/www.gruppoliturgico.com\/es\/#\/schema\/logo\/image\/"}}]}},"_links":{"self":[{"href":"https:\/\/www.gruppoliturgico.com\/fr\/wp-json\/wp\/v2\/product\/68925"}],"collection":[{"href":"https:\/\/www.gruppoliturgico.com\/fr\/wp-json\/wp\/v2\/product"}],"about":[{"href":"https:\/\/www.gruppoliturgico.com\/fr\/wp-json\/wp\/v2\/types\/product"}],"wp:featuredmedia":[{"embeddable":true,"href":"https:\/\/www.gruppoliturgico.com\/fr\/wp-json\/wp\/v2\/media\/79254"}],"wp:attachment":[{"href":"https:\/\/www.gruppoliturgico.com\/fr\/wp-json\/wp\/v2\/media?parent=68925"}],"wp:term":[{"taxonomy":"product_cat","embeddable":true,"href":"https:\/\/www.gruppoliturgico.com\/fr\/wp-json\/wp\/v2\/product_cat?post=68925"},{"taxonomy":"product_tag","embeddable":true,"href":"https:\/\/www.gruppoliturgico.com\/fr\/wp-json\/wp\/v2\/product_tag?post=68925"}],"curies":[{"name":"wp","href":"https:\/\/api.w.org\/{rel}","templated":true}]}}