{"id":68901,"date":"2022-05-20T03:46:00","date_gmt":"2022-05-20T01:46:45","guid":{"rendered":"https:\/\/www.gruppoliturgico.com\/prodotto\/dalmatique-7\/"},"modified":"2022-09-19T11:16:22","modified_gmt":"2022-09-19T09:16:22","slug":"dalmatique-7","status":"publish","type":"product","link":"https:\/\/www.gruppoliturgico.com\/fr\/produit\/dalmatique-7\/","title":{"rendered":"Dalmatique"},"content":{"rendered":"<html><body><p>Dalmatique tr\u00e8s simple et \u00e9conomique en tissu polyester.<br>\nOrn\u00e9e d\u2019une pr\u00e9cieuse passementerie dor\u00e9e pr\u00e9sentes sur les deux c\u00f4t\u00e9s.<br>\nCompl\u00e8te d\u2019\u00e9tole de diacre.<br>\nDisponible dans les quattre coloris Liturgiques, en rose et violet pour l\u2019avent.<\/p>\n<\/body><\/html>","protected":false},"excerpt":{"rendered":"<p>Dalmatique tr\u00e8s simple et \u00e9conomique en tissu polyester.<br \/>\nOrn\u00e9e d\u2019une pr\u00e9cieuse passementerie dor\u00e9e pr\u00e9sentes sur les deux c\u00f4t\u00e9s.<br \/>\nCompl\u00e8te d&rsquo;\u00e9tole de diacre.<br \/>\nDisponible dans les quattre coloris Liturgiques, en rose et violet pour l&rsquo;avent.<\/p>\n","protected":false},"featured_media":130586,"template":"","meta":[],"product_cat":[12324],"product_tag":[],"yoast_head":"<!-- This site is optimized with the Yoast SEO plugin v20.4 - https:\/\/yoast.com\/wordpress\/plugins\/seo\/ -->\n<title>Dalmatique - dalmatiques et Laboratorio Gruppo Liturgico<\/title>\n<meta name=\"description\" content=\"Dalmatique tr\u00e8s simple et \u00e9conomique en tissu polyester. Orn\u00e9e d\u2019une pr\u00e9cieuse passementerie dor\u00e9e pr\u00e9sentes sur les deux c\u00f4t\u00e9s. Compl\u00e8te d&#039;\u00e9tole de diacre. Disponible dans les quattre coloris Liturgiques, en rose et violet pour l&#039;avent.\" \/>\n<meta name=\"robots\" content=\"index, follow, max-snippet:-1, max-image-preview:large, max-video-preview:-1\" \/>\n<link rel=\"canonical\" href=\"https:\/\/www.gruppoliturgico.com\/fr\/produit\/dalmatique-7\/\" \/>\n<meta property=\"og:locale\" content=\"fr_FR\" \/>\n<meta property=\"og:type\" content=\"article\" \/>\n<meta property=\"og:title\" content=\"Dalmatique - dalmatiques et Laboratorio Gruppo Liturgico\" \/>\n<meta property=\"og:description\" content=\"Dalmatique tr\u00e8s simple et \u00e9conomique en tissu polyester. Orn\u00e9e d\u2019une pr\u00e9cieuse passementerie dor\u00e9e pr\u00e9sentes sur les deux c\u00f4t\u00e9s. Compl\u00e8te d&#039;\u00e9tole de diacre. Disponible dans les quattre coloris Liturgiques, en rose et violet pour l&#039;avent.\" \/>\n<meta property=\"og:url\" content=\"https:\/\/www.gruppoliturgico.com\/fr\/produit\/dalmatique-7\/\" \/>\n<meta property=\"og:site_name\" content=\"Laboratorio Gruppo Liturgico\" \/>\n<meta property=\"article:modified_time\" content=\"2022-09-19T09:16:22+00:00\" \/>\n<meta property=\"og:image\" content=\"https:\/\/www.gruppoliturgico.com\/wp-content\/uploads\/2022\/05\/2394-rit.jpg\" \/>\n\t<meta property=\"og:image:width\" content=\"1207\" \/>\n\t<meta property=\"og:image:height\" content=\"2000\" \/>\n\t<meta property=\"og:image:type\" content=\"image\/jpeg\" \/>\n<meta name=\"twitter:card\" content=\"summary_large_image\" \/>\n<meta name=\"twitter:label1\" content=\"Dur\u00e9e de lecture estim\u00e9e\" \/>\n\t<meta name=\"twitter:data1\" content=\"1 minute\" \/>\n<script type=\"application\/ld+json\" class=\"yoast-schema-graph\">{\"@context\":\"https:\/\/schema.org\",\"@graph\":[{\"@type\":\"WebPage\",\"@id\":\"https:\/\/www.gruppoliturgico.com\/fr\/produit\/dalmatique-7\/\",\"url\":\"https:\/\/www.gruppoliturgico.com\/fr\/produit\/dalmatique-7\/\",\"name\":\"Dalmatique - dalmatiques et Laboratorio Gruppo Liturgico\",\"isPartOf\":{\"@id\":\"https:\/\/www.gruppoliturgico.com\/es\/#website\"},\"datePublished\":\"2022-05-20T01:46:45+00:00\",\"dateModified\":\"2022-09-19T09:16:22+00:00\",\"description\":\"Dalmatique tr\u00e8s simple et \u00e9conomique en tissu polyester. Orn\u00e9e d\u2019une pr\u00e9cieuse passementerie dor\u00e9e pr\u00e9sentes sur les deux c\u00f4t\u00e9s. Compl\u00e8te d'\u00e9tole de diacre. Disponible dans les quattre coloris Liturgiques, en rose et violet pour l'avent.\",\"breadcrumb\":{\"@id\":\"https:\/\/www.gruppoliturgico.com\/fr\/produit\/dalmatique-7\/#breadcrumb\"},\"inLanguage\":\"fr-FR\",\"potentialAction\":[{\"@type\":\"ReadAction\",\"target\":[\"https:\/\/www.gruppoliturgico.com\/fr\/produit\/dalmatique-7\/\"]}]},{\"@type\":\"BreadcrumbList\",\"@id\":\"https:\/\/www.gruppoliturgico.com\/fr\/produit\/dalmatique-7\/#breadcrumb\",\"itemListElement\":[{\"@type\":\"ListItem\",\"position\":1,\"name\":\"Home\",\"item\":\"https:\/\/www.gruppoliturgico.com\/fr\/\"},{\"@type\":\"ListItem\",\"position\":2,\"name\":\"Boutique\",\"item\":\"https:\/\/www.gruppoliturgico.com\/fr\/boutique\/\"},{\"@type\":\"ListItem\",\"position\":3,\"name\":\"Dalmatique\"}]},{\"@type\":\"WebSite\",\"@id\":\"https:\/\/www.gruppoliturgico.com\/es\/#website\",\"url\":\"https:\/\/www.gruppoliturgico.com\/es\/\",\"name\":\"Laboratorio Gruppo Liturgico\",\"description\":\"Articoli Religiosi online\",\"publisher\":{\"@id\":\"https:\/\/www.gruppoliturgico.com\/es\/#organization\"},\"potentialAction\":[{\"@type\":\"SearchAction\",\"target\":{\"@type\":\"EntryPoint\",\"urlTemplate\":\"https:\/\/www.gruppoliturgico.com\/es\/?s={search_term_string}\"},\"query-input\":\"required name=search_term_string\"}],\"inLanguage\":\"fr-FR\"},{\"@type\":\"Organization\",\"@id\":\"https:\/\/www.gruppoliturgico.com\/es\/#organization\",\"name\":\"Laboratorio Gruppo Liturgico\",\"url\":\"https:\/\/www.gruppoliturgico.com\/es\/\",\"logo\":{\"@type\":\"ImageObject\",\"inLanguage\":\"fr-FR\",\"@id\":\"https:\/\/www.gruppoliturgico.com\/es\/#\/schema\/logo\/image\/\",\"url\":\"https:\/\/www.gruppoliturgico.com\/wp-content\/uploads\/2022\/02\/logo-laboratoriogruppoliturgico.png\",\"contentUrl\":\"https:\/\/www.gruppoliturgico.com\/wp-content\/uploads\/2022\/02\/logo-laboratoriogruppoliturgico.png\",\"width\":400,\"height\":114,\"caption\":\"Laboratorio Gruppo Liturgico\"},\"image\":{\"@id\":\"https:\/\/www.gruppoliturgico.com\/es\/#\/schema\/logo\/image\/\"}}]}<\/script>\n<!-- \/ Yoast SEO plugin. -->","yoast_head_json":{"title":"Dalmatique - dalmatiques et Laboratorio Gruppo Liturgico","description":"Dalmatique tr\u00e8s simple et \u00e9conomique en tissu polyester. Orn\u00e9e d\u2019une pr\u00e9cieuse passementerie dor\u00e9e pr\u00e9sentes sur les deux c\u00f4t\u00e9s. Compl\u00e8te d'\u00e9tole de diacre. Disponible dans les quattre coloris Liturgiques, en rose et violet pour l'avent.","robots":{"index":"index","follow":"follow","max-snippet":"max-snippet:-1","max-image-preview":"max-image-preview:large","max-video-preview":"max-video-preview:-1"},"canonical":"https:\/\/www.gruppoliturgico.com\/fr\/produit\/dalmatique-7\/","og_locale":"fr_FR","og_type":"article","og_title":"Dalmatique - dalmatiques et Laboratorio Gruppo Liturgico","og_description":"Dalmatique tr\u00e8s simple et \u00e9conomique en tissu polyester. Orn\u00e9e d\u2019une pr\u00e9cieuse passementerie dor\u00e9e pr\u00e9sentes sur les deux c\u00f4t\u00e9s. Compl\u00e8te d'\u00e9tole de diacre. Disponible dans les quattre coloris Liturgiques, en rose et violet pour l'avent.","og_url":"https:\/\/www.gruppoliturgico.com\/fr\/produit\/dalmatique-7\/","og_site_name":"Laboratorio Gruppo Liturgico","article_modified_time":"2022-09-19T09:16:22+00:00","og_image":[{"width":1207,"height":2000,"url":"https:\/\/www.gruppoliturgico.com\/wp-content\/uploads\/2022\/05\/2394-rit.jpg","type":"image\/jpeg"}],"twitter_card":"summary_large_image","twitter_misc":{"Dur\u00e9e de lecture estim\u00e9e":"1 minute"},"schema":{"@context":"https:\/\/schema.org","@graph":[{"@type":"WebPage","@id":"https:\/\/www.gruppoliturgico.com\/fr\/produit\/dalmatique-7\/","url":"https:\/\/www.gruppoliturgico.com\/fr\/produit\/dalmatique-7\/","name":"Dalmatique - dalmatiques et Laboratorio Gruppo Liturgico","isPartOf":{"@id":"https:\/\/www.gruppoliturgico.com\/es\/#website"},"datePublished":"2022-05-20T01:46:45+00:00","dateModified":"2022-09-19T09:16:22+00:00","description":"Dalmatique tr\u00e8s simple et \u00e9conomique en tissu polyester. Orn\u00e9e d\u2019une pr\u00e9cieuse passementerie dor\u00e9e pr\u00e9sentes sur les deux c\u00f4t\u00e9s. Compl\u00e8te d'\u00e9tole de diacre. Disponible dans les quattre coloris Liturgiques, en rose et violet pour l'avent.","breadcrumb":{"@id":"https:\/\/www.gruppoliturgico.com\/fr\/produit\/dalmatique-7\/#breadcrumb"},"inLanguage":"fr-FR","potentialAction":[{"@type":"ReadAction","target":["https:\/\/www.gruppoliturgico.com\/fr\/produit\/dalmatique-7\/"]}]},{"@type":"BreadcrumbList","@id":"https:\/\/www.gruppoliturgico.com\/fr\/produit\/dalmatique-7\/#breadcrumb","itemListElement":[{"@type":"ListItem","position":1,"name":"Home","item":"https:\/\/www.gruppoliturgico.com\/fr\/"},{"@type":"ListItem","position":2,"name":"Boutique","item":"https:\/\/www.gruppoliturgico.com\/fr\/boutique\/"},{"@type":"ListItem","position":3,"name":"Dalmatique"}]},{"@type":"WebSite","@id":"https:\/\/www.gruppoliturgico.com\/es\/#website","url":"https:\/\/www.gruppoliturgico.com\/es\/","name":"Laboratorio Gruppo Liturgico","description":"Articoli Religiosi online","publisher":{"@id":"https:\/\/www.gruppoliturgico.com\/es\/#organization"},"potentialAction":[{"@type":"SearchAction","target":{"@type":"EntryPoint","urlTemplate":"https:\/\/www.gruppoliturgico.com\/es\/?s={search_term_string}"},"query-input":"required name=search_term_string"}],"inLanguage":"fr-FR"},{"@type":"Organization","@id":"https:\/\/www.gruppoliturgico.com\/es\/#organization","name":"Laboratorio Gruppo Liturgico","url":"https:\/\/www.gruppoliturgico.com\/es\/","logo":{"@type":"ImageObject","inLanguage":"fr-FR","@id":"https:\/\/www.gruppoliturgico.com\/es\/#\/schema\/logo\/image\/","url":"https:\/\/www.gruppoliturgico.com\/wp-content\/uploads\/2022\/02\/logo-laboratoriogruppoliturgico.png","contentUrl":"https:\/\/www.gruppoliturgico.com\/wp-content\/uploads\/2022\/02\/logo-laboratoriogruppoliturgico.png","width":400,"height":114,"caption":"Laboratorio Gruppo Liturgico"},"image":{"@id":"https:\/\/www.gruppoliturgico.com\/es\/#\/schema\/logo\/image\/"}}]}},"_links":{"self":[{"href":"https:\/\/www.gruppoliturgico.com\/fr\/wp-json\/wp\/v2\/product\/68901"}],"collection":[{"href":"https:\/\/www.gruppoliturgico.com\/fr\/wp-json\/wp\/v2\/product"}],"about":[{"href":"https:\/\/www.gruppoliturgico.com\/fr\/wp-json\/wp\/v2\/types\/product"}],"wp:featuredmedia":[{"embeddable":true,"href":"https:\/\/www.gruppoliturgico.com\/fr\/wp-json\/wp\/v2\/media\/130586"}],"wp:attachment":[{"href":"https:\/\/www.gruppoliturgico.com\/fr\/wp-json\/wp\/v2\/media?parent=68901"}],"wp:term":[{"taxonomy":"product_cat","embeddable":true,"href":"https:\/\/www.gruppoliturgico.com\/fr\/wp-json\/wp\/v2\/product_cat?post=68901"},{"taxonomy":"product_tag","embeddable":true,"href":"https:\/\/www.gruppoliturgico.com\/fr\/wp-json\/wp\/v2\/product_tag?post=68901"}],"curies":[{"name":"wp","href":"https:\/\/api.w.org\/{rel}","templated":true}]}}