{"id":68893,"date":"2022-05-20T03:46:10","date_gmt":"2022-05-20T01:46:16","guid":{"rendered":"https:\/\/www.gruppoliturgico.com\/prodotto\/chasuble-68\/"},"modified":"2024-06-24T16:16:15","modified_gmt":"2024-06-24T14:16:15","slug":"chasuble-68","status":"publish","type":"product","link":"https:\/\/www.gruppoliturgico.com\/fr\/produit\/chasuble-68\/","title":{"rendered":"chasuble"},"content":{"rendered":"<html><body><p>Chasuble en tissu polyester.<br>\nIl a un scapulaire, obtenu avec un travail de m\u00e9tier fin, qui repr\u00e9sente l\u2019entr\u00e9e de J\u00e9sus \u00e0 J\u00e9rusalem.<br>\nLe scapulaire peut simplement \u00eatre retir\u00e9 pour \u00eatre adapt\u00e9 \u00e0 une autre chasuble.<\/p>\n<p>\u00a0<\/p>\n<p>Sur demande, nous pouvons \u00e9galement fournir le scapulaire seul sans la chasuble.<br>\nRenseignez-vous \u00e0 l\u2019adresse suivante : <a href=\"ma&#105;&#108;&#116;&#x6f;&#x3a;&#x69;&#x6e;&#x66;o&#64;&#103;&#114;&#117;&#x70;&#x70;&#x6f;&#x6c;&#x69;tu&#114;&#103;&#105;&#x63;&#x6f;&#x2e;&#x63;&#x6f;m\">&#x69;&#110;f&#x6f;&#64;g&#x72;&#117;p&#x70;&#x6f;&#108;&#x69;&#x74;&#117;r&#x67;&#105;c&#x6f;&#46;c&#x6f;&#x6d;<\/a><\/p>\n<\/body><\/html>","protected":false},"excerpt":{"rendered":"<p>Chasuble en tissu polyester.<br \/>\nIl a un scapulaire, obtenu avec un travail de m\u00e9tier fin, qui repr\u00e9sente l&rsquo;entr\u00e9e de J\u00e9sus \u00e0 J\u00e9rusalem.<br \/>\nLe scapulaire peut simplement \u00eatre retir\u00e9 pour \u00eatre adapt\u00e9 \u00e0 une autre chasuble.<\/p>\n<p>&nbsp;<\/p>\n<p>Sur demande, nous pouvons \u00e9galement fournir le scapulaire seul sans la chasuble.<br \/>\nRenseignez-vous \u00e0 l&rsquo;adresse suivante : <a href=\"&#109;&#x61;i&#108;&#x74;o&#58;&#x69;n&#102;&#x6f;&#64;&#103;&#x72;u&#112;&#x70;o&#108;&#x69;t&#117;&#x72;g&#105;&#x63;o&#46;&#x63;o&#109;\">in&#102;&#111;&#64;&#x67;&#x72;&#x75;&#x70;&#x70;ol&#105;&#116;&#117;&#x72;&#x67;&#x69;&#x63;&#x6f;&#46;c&#111;&#109;<\/a><\/p>\n","protected":false},"featured_media":129249,"template":"","meta":[],"product_cat":[12256],"product_tag":[],"yoast_head":"<!-- This site is optimized with the Yoast SEO plugin v20.4 - https:\/\/yoast.com\/wordpress\/plugins\/seo\/ -->\n<title>chasuble - broderie au m\u00e9tier et Laboratorio Gruppo Liturgico<\/title>\n<meta name=\"description\" content=\"Chasuble en tissu polyester. Il a un scapulaire, obtenu avec un travail de m\u00e9tier fin, qui repr\u00e9sente l&#039;entr\u00e9e de J\u00e9sus \u00e0 J\u00e9rusalem. Le scapulaire peut simplement \u00eatre retir\u00e9 pour \u00eatre adapt\u00e9 \u00e0 une autre chasuble.  &nbsp;  Sur demande, nous pouvons \u00e9galement fournir le scapulaire seul sans la chasuble. Renseignez-vous \u00e0 l&#039;adresse suivante : info@gruppoliturgico.com\" \/>\n<meta name=\"robots\" content=\"index, follow, max-snippet:-1, max-image-preview:large, max-video-preview:-1\" \/>\n<link rel=\"canonical\" href=\"https:\/\/www.gruppoliturgico.com\/fr\/produit\/chasuble-68\/\" \/>\n<meta property=\"og:locale\" content=\"fr_FR\" \/>\n<meta property=\"og:type\" content=\"article\" \/>\n<meta property=\"og:title\" content=\"chasuble - broderie au m\u00e9tier et Laboratorio Gruppo Liturgico\" \/>\n<meta property=\"og:description\" content=\"Chasuble en tissu polyester. Il a un scapulaire, obtenu avec un travail de m\u00e9tier fin, qui repr\u00e9sente l&#039;entr\u00e9e de J\u00e9sus \u00e0 J\u00e9rusalem. Le scapulaire peut simplement \u00eatre retir\u00e9 pour \u00eatre adapt\u00e9 \u00e0 une autre chasuble.  &nbsp;  Sur demande, nous pouvons \u00e9galement fournir le scapulaire seul sans la chasuble. Renseignez-vous \u00e0 l&#039;adresse suivante : info@gruppoliturgico.com\" \/>\n<meta property=\"og:url\" content=\"https:\/\/www.gruppoliturgico.com\/fr\/produit\/chasuble-68\/\" \/>\n<meta property=\"og:site_name\" content=\"Laboratorio Gruppo Liturgico\" \/>\n<meta property=\"article:modified_time\" content=\"2024-06-24T14:16:15+00:00\" \/>\n<meta property=\"og:image\" content=\"https:\/\/www.gruppoliturgico.com\/wp-content\/uploads\/2022\/05\/239320casula20rossa.jpg\" \/>\n\t<meta property=\"og:image:width\" content=\"1080\" \/>\n\t<meta property=\"og:image:height\" content=\"1500\" \/>\n\t<meta property=\"og:image:type\" content=\"image\/jpeg\" \/>\n<meta name=\"twitter:card\" content=\"summary_large_image\" \/>\n<script type=\"application\/ld+json\" class=\"yoast-schema-graph\">{\"@context\":\"https:\/\/schema.org\",\"@graph\":[{\"@type\":\"WebPage\",\"@id\":\"https:\/\/www.gruppoliturgico.com\/fr\/produit\/chasuble-68\/\",\"url\":\"https:\/\/www.gruppoliturgico.com\/fr\/produit\/chasuble-68\/\",\"name\":\"chasuble - broderie au m\u00e9tier et Laboratorio Gruppo Liturgico\",\"isPartOf\":{\"@id\":\"https:\/\/www.gruppoliturgico.com\/es\/#website\"},\"datePublished\":\"2022-05-20T01:46:16+00:00\",\"dateModified\":\"2024-06-24T14:16:15+00:00\",\"description\":\"Chasuble en tissu polyester. Il a un scapulaire, obtenu avec un travail de m\u00e9tier fin, qui repr\u00e9sente l'entr\u00e9e de J\u00e9sus \u00e0 J\u00e9rusalem. Le scapulaire peut simplement \u00eatre retir\u00e9 pour \u00eatre adapt\u00e9 \u00e0 une autre chasuble. &nbsp; Sur demande, nous pouvons \u00e9galement fournir le scapulaire seul sans la chasuble. Renseignez-vous \u00e0 l'adresse suivante : info@gruppoliturgico.com\",\"breadcrumb\":{\"@id\":\"https:\/\/www.gruppoliturgico.com\/fr\/produit\/chasuble-68\/#breadcrumb\"},\"inLanguage\":\"fr-FR\",\"potentialAction\":[{\"@type\":\"ReadAction\",\"target\":[\"https:\/\/www.gruppoliturgico.com\/fr\/produit\/chasuble-68\/\"]}]},{\"@type\":\"BreadcrumbList\",\"@id\":\"https:\/\/www.gruppoliturgico.com\/fr\/produit\/chasuble-68\/#breadcrumb\",\"itemListElement\":[{\"@type\":\"ListItem\",\"position\":1,\"name\":\"Home\",\"item\":\"https:\/\/www.gruppoliturgico.com\/fr\/\"},{\"@type\":\"ListItem\",\"position\":2,\"name\":\"Boutique\",\"item\":\"https:\/\/www.gruppoliturgico.com\/fr\/boutique\/\"},{\"@type\":\"ListItem\",\"position\":3,\"name\":\"chasuble\"}]},{\"@type\":\"WebSite\",\"@id\":\"https:\/\/www.gruppoliturgico.com\/es\/#website\",\"url\":\"https:\/\/www.gruppoliturgico.com\/es\/\",\"name\":\"Laboratorio Gruppo Liturgico\",\"description\":\"Articoli Religiosi online\",\"publisher\":{\"@id\":\"https:\/\/www.gruppoliturgico.com\/es\/#organization\"},\"potentialAction\":[{\"@type\":\"SearchAction\",\"target\":{\"@type\":\"EntryPoint\",\"urlTemplate\":\"https:\/\/www.gruppoliturgico.com\/es\/?s={search_term_string}\"},\"query-input\":\"required name=search_term_string\"}],\"inLanguage\":\"fr-FR\"},{\"@type\":\"Organization\",\"@id\":\"https:\/\/www.gruppoliturgico.com\/es\/#organization\",\"name\":\"Laboratorio Gruppo Liturgico\",\"url\":\"https:\/\/www.gruppoliturgico.com\/es\/\",\"logo\":{\"@type\":\"ImageObject\",\"inLanguage\":\"fr-FR\",\"@id\":\"https:\/\/www.gruppoliturgico.com\/es\/#\/schema\/logo\/image\/\",\"url\":\"https:\/\/www.gruppoliturgico.com\/wp-content\/uploads\/2022\/02\/logo-laboratoriogruppoliturgico.png\",\"contentUrl\":\"https:\/\/www.gruppoliturgico.com\/wp-content\/uploads\/2022\/02\/logo-laboratoriogruppoliturgico.png\",\"width\":400,\"height\":114,\"caption\":\"Laboratorio Gruppo Liturgico\"},\"image\":{\"@id\":\"https:\/\/www.gruppoliturgico.com\/es\/#\/schema\/logo\/image\/\"}}]}<\/script>\n<!-- \/ Yoast SEO plugin. -->","yoast_head_json":{"title":"chasuble - broderie au m\u00e9tier et Laboratorio Gruppo Liturgico","description":"Chasuble en tissu polyester. Il a un scapulaire, obtenu avec un travail de m\u00e9tier fin, qui repr\u00e9sente l'entr\u00e9e de J\u00e9sus \u00e0 J\u00e9rusalem. Le scapulaire peut simplement \u00eatre retir\u00e9 pour \u00eatre adapt\u00e9 \u00e0 une autre chasuble.  &nbsp;  Sur demande, nous pouvons \u00e9galement fournir le scapulaire seul sans la chasuble. Renseignez-vous \u00e0 l'adresse suivante : info@gruppoliturgico.com","robots":{"index":"index","follow":"follow","max-snippet":"max-snippet:-1","max-image-preview":"max-image-preview:large","max-video-preview":"max-video-preview:-1"},"canonical":"https:\/\/www.gruppoliturgico.com\/fr\/produit\/chasuble-68\/","og_locale":"fr_FR","og_type":"article","og_title":"chasuble - broderie au m\u00e9tier et Laboratorio Gruppo Liturgico","og_description":"Chasuble en tissu polyester. Il a un scapulaire, obtenu avec un travail de m\u00e9tier fin, qui repr\u00e9sente l'entr\u00e9e de J\u00e9sus \u00e0 J\u00e9rusalem. Le scapulaire peut simplement \u00eatre retir\u00e9 pour \u00eatre adapt\u00e9 \u00e0 une autre chasuble.  &nbsp;  Sur demande, nous pouvons \u00e9galement fournir le scapulaire seul sans la chasuble. Renseignez-vous \u00e0 l'adresse suivante : info@gruppoliturgico.com","og_url":"https:\/\/www.gruppoliturgico.com\/fr\/produit\/chasuble-68\/","og_site_name":"Laboratorio Gruppo Liturgico","article_modified_time":"2024-06-24T14:16:15+00:00","og_image":[{"width":1080,"height":1500,"url":"https:\/\/www.gruppoliturgico.com\/wp-content\/uploads\/2022\/05\/239320casula20rossa.jpg","type":"image\/jpeg"}],"twitter_card":"summary_large_image","schema":{"@context":"https:\/\/schema.org","@graph":[{"@type":"WebPage","@id":"https:\/\/www.gruppoliturgico.com\/fr\/produit\/chasuble-68\/","url":"https:\/\/www.gruppoliturgico.com\/fr\/produit\/chasuble-68\/","name":"chasuble - broderie au m\u00e9tier et Laboratorio Gruppo Liturgico","isPartOf":{"@id":"https:\/\/www.gruppoliturgico.com\/es\/#website"},"datePublished":"2022-05-20T01:46:16+00:00","dateModified":"2024-06-24T14:16:15+00:00","description":"Chasuble en tissu polyester. Il a un scapulaire, obtenu avec un travail de m\u00e9tier fin, qui repr\u00e9sente l'entr\u00e9e de J\u00e9sus \u00e0 J\u00e9rusalem. Le scapulaire peut simplement \u00eatre retir\u00e9 pour \u00eatre adapt\u00e9 \u00e0 une autre chasuble. &nbsp; Sur demande, nous pouvons \u00e9galement fournir le scapulaire seul sans la chasuble. Renseignez-vous \u00e0 l'adresse suivante : info@gruppoliturgico.com","breadcrumb":{"@id":"https:\/\/www.gruppoliturgico.com\/fr\/produit\/chasuble-68\/#breadcrumb"},"inLanguage":"fr-FR","potentialAction":[{"@type":"ReadAction","target":["https:\/\/www.gruppoliturgico.com\/fr\/produit\/chasuble-68\/"]}]},{"@type":"BreadcrumbList","@id":"https:\/\/www.gruppoliturgico.com\/fr\/produit\/chasuble-68\/#breadcrumb","itemListElement":[{"@type":"ListItem","position":1,"name":"Home","item":"https:\/\/www.gruppoliturgico.com\/fr\/"},{"@type":"ListItem","position":2,"name":"Boutique","item":"https:\/\/www.gruppoliturgico.com\/fr\/boutique\/"},{"@type":"ListItem","position":3,"name":"chasuble"}]},{"@type":"WebSite","@id":"https:\/\/www.gruppoliturgico.com\/es\/#website","url":"https:\/\/www.gruppoliturgico.com\/es\/","name":"Laboratorio Gruppo Liturgico","description":"Articoli Religiosi online","publisher":{"@id":"https:\/\/www.gruppoliturgico.com\/es\/#organization"},"potentialAction":[{"@type":"SearchAction","target":{"@type":"EntryPoint","urlTemplate":"https:\/\/www.gruppoliturgico.com\/es\/?s={search_term_string}"},"query-input":"required name=search_term_string"}],"inLanguage":"fr-FR"},{"@type":"Organization","@id":"https:\/\/www.gruppoliturgico.com\/es\/#organization","name":"Laboratorio Gruppo Liturgico","url":"https:\/\/www.gruppoliturgico.com\/es\/","logo":{"@type":"ImageObject","inLanguage":"fr-FR","@id":"https:\/\/www.gruppoliturgico.com\/es\/#\/schema\/logo\/image\/","url":"https:\/\/www.gruppoliturgico.com\/wp-content\/uploads\/2022\/02\/logo-laboratoriogruppoliturgico.png","contentUrl":"https:\/\/www.gruppoliturgico.com\/wp-content\/uploads\/2022\/02\/logo-laboratoriogruppoliturgico.png","width":400,"height":114,"caption":"Laboratorio Gruppo Liturgico"},"image":{"@id":"https:\/\/www.gruppoliturgico.com\/es\/#\/schema\/logo\/image\/"}}]}},"_links":{"self":[{"href":"https:\/\/www.gruppoliturgico.com\/fr\/wp-json\/wp\/v2\/product\/68893"}],"collection":[{"href":"https:\/\/www.gruppoliturgico.com\/fr\/wp-json\/wp\/v2\/product"}],"about":[{"href":"https:\/\/www.gruppoliturgico.com\/fr\/wp-json\/wp\/v2\/types\/product"}],"wp:featuredmedia":[{"embeddable":true,"href":"https:\/\/www.gruppoliturgico.com\/fr\/wp-json\/wp\/v2\/media\/129249"}],"wp:attachment":[{"href":"https:\/\/www.gruppoliturgico.com\/fr\/wp-json\/wp\/v2\/media?parent=68893"}],"wp:term":[{"taxonomy":"product_cat","embeddable":true,"href":"https:\/\/www.gruppoliturgico.com\/fr\/wp-json\/wp\/v2\/product_cat?post=68893"},{"taxonomy":"product_tag","embeddable":true,"href":"https:\/\/www.gruppoliturgico.com\/fr\/wp-json\/wp\/v2\/product_tag?post=68893"}],"curies":[{"name":"wp","href":"https:\/\/api.w.org\/{rel}","templated":true}]}}