{"id":68865,"date":"2022-05-20T03:44:51","date_gmt":"2022-05-20T01:44:55","guid":{"rendered":"https:\/\/www.gruppoliturgico.com\/prodotto\/calice-avec-coupe-en-argent-4\/"},"modified":"2022-09-22T11:25:53","modified_gmt":"2022-09-22T09:25:53","slug":"calice-avec-coupe-en-argent-4","status":"publish","type":"product","link":"https:\/\/www.gruppoliturgico.com\/fr\/produit\/calice-avec-coupe-en-argent-4\/","title":{"rendered":"Calice avec coupe en argent"},"content":{"rendered":"<html><body><p>Calice avec pat\u00e8ne  en fusion, repouss\u00e9 et cisel\u00e9 \u00e0 la main avec coupe en argent.<br>\nPrestigieux ouvrage de l\u2019artisanat espagnol.<br>\nDessin gothique tr\u00e8s d\u00e9licat et \u00e9quilibr\u00e9 dans ses proportions.<br>\nAvec six medaillons grav\u00e9s sur la base avec Saint Pierre, Saint Paul, Saint Jacques le Mineur , Saint Jean, Saint Barth\u00e9lemy et Saint Jacques le Majeur.<br>\nHauteur cm 21<br>\nDiam\u00e8tre de la coupe cm 11<\/p>\n<\/body><\/html>","protected":false},"excerpt":{"rendered":"<p>Calice avec pat\u00e8ne  en fusion, repouss\u00e9 et cisel\u00e9 \u00e0 la main avec coupe en argent.<br \/>\nPrestigieux ouvrage de l&rsquo;artisanat espagnol.<br \/>\nDessin gothique tr\u00e8s d\u00e9licat et \u00e9quilibr\u00e9 dans ses proportions.<br \/>\nAvec six medaillons grav\u00e9s sur la base avec Saint Pierre, Saint Paul, Saint Jacques le Mineur , Saint Jean, Saint Barth\u00e9lemy et Saint Jacques le Majeur.<br \/>\nHauteur cm 21<br \/>\nDiam\u00e8tre de la coupe cm 11<\/p>\n","protected":false},"featured_media":130871,"template":"","meta":[],"product_cat":[12028],"product_tag":[],"yoast_head":"<!-- This site is optimized with the Yoast SEO plugin v20.4 - https:\/\/yoast.com\/wordpress\/plugins\/seo\/ -->\n<title>Calice avec coupe en argent - collection calices et Laboratorio Gruppo Liturgico<\/title>\n<meta name=\"description\" content=\"Calice avec pat\u00e8ne en fusion, repouss\u00e9 et cisel\u00e9 \u00e0 la main avec coupe en argent. Prestigieux ouvrage de l&#039;artisanat espagnol. Dessin gothique tr\u00e8s d\u00e9licat et \u00e9quilibr\u00e9 dans ses proportions.  Avec six medaillons grav\u00e9s sur la base avec Saint Pierre, Saint Paul, Saint Jacques le Mineur , Saint Jean, Saint Barth\u00e9lemy et Saint Jacques le Majeur.  Hauteur cm 21  Diam\u00e8tre de la coupe cm 11\" \/>\n<meta name=\"robots\" content=\"index, follow, max-snippet:-1, max-image-preview:large, max-video-preview:-1\" \/>\n<link rel=\"canonical\" href=\"https:\/\/www.gruppoliturgico.com\/fr\/produit\/calice-avec-coupe-en-argent-4\/\" \/>\n<meta property=\"og:locale\" content=\"fr_FR\" \/>\n<meta property=\"og:type\" content=\"article\" \/>\n<meta property=\"og:title\" content=\"Calice avec coupe en argent - collection calices et Laboratorio Gruppo Liturgico\" \/>\n<meta property=\"og:description\" content=\"Calice avec pat\u00e8ne en fusion, repouss\u00e9 et cisel\u00e9 \u00e0 la main avec coupe en argent. Prestigieux ouvrage de l&#039;artisanat espagnol. Dessin gothique tr\u00e8s d\u00e9licat et \u00e9quilibr\u00e9 dans ses proportions.  Avec six medaillons grav\u00e9s sur la base avec Saint Pierre, Saint Paul, Saint Jacques le Mineur , Saint Jean, Saint Barth\u00e9lemy et Saint Jacques le Majeur.  Hauteur cm 21  Diam\u00e8tre de la coupe cm 11\" \/>\n<meta property=\"og:url\" content=\"https:\/\/www.gruppoliturgico.com\/fr\/produit\/calice-avec-coupe-en-argent-4\/\" \/>\n<meta property=\"og:site_name\" content=\"Laboratorio Gruppo Liturgico\" \/>\n<meta property=\"article:modified_time\" content=\"2022-09-22T09:25:53+00:00\" \/>\n<meta property=\"og:image\" content=\"https:\/\/www.gruppoliturgico.com\/wp-content\/uploads\/2022\/05\/3046.jpg\" \/>\n\t<meta property=\"og:image:width\" content=\"949\" \/>\n\t<meta property=\"og:image:height\" content=\"1500\" \/>\n\t<meta property=\"og:image:type\" content=\"image\/jpeg\" \/>\n<meta name=\"twitter:card\" content=\"summary_large_image\" \/>\n<script type=\"application\/ld+json\" class=\"yoast-schema-graph\">{\"@context\":\"https:\/\/schema.org\",\"@graph\":[{\"@type\":\"WebPage\",\"@id\":\"https:\/\/www.gruppoliturgico.com\/fr\/produit\/calice-avec-coupe-en-argent-4\/\",\"url\":\"https:\/\/www.gruppoliturgico.com\/fr\/produit\/calice-avec-coupe-en-argent-4\/\",\"name\":\"Calice avec coupe en argent - collection calices et Laboratorio Gruppo Liturgico\",\"isPartOf\":{\"@id\":\"https:\/\/www.gruppoliturgico.com\/es\/#website\"},\"datePublished\":\"2022-05-20T01:44:55+00:00\",\"dateModified\":\"2022-09-22T09:25:53+00:00\",\"description\":\"Calice avec pat\u00e8ne en fusion, repouss\u00e9 et cisel\u00e9 \u00e0 la main avec coupe en argent. Prestigieux ouvrage de l'artisanat espagnol. Dessin gothique tr\u00e8s d\u00e9licat et \u00e9quilibr\u00e9 dans ses proportions. Avec six medaillons grav\u00e9s sur la base avec Saint Pierre, Saint Paul, Saint Jacques le Mineur , Saint Jean, Saint Barth\u00e9lemy et Saint Jacques le Majeur. Hauteur cm 21 Diam\u00e8tre de la coupe cm 11\",\"breadcrumb\":{\"@id\":\"https:\/\/www.gruppoliturgico.com\/fr\/produit\/calice-avec-coupe-en-argent-4\/#breadcrumb\"},\"inLanguage\":\"fr-FR\",\"potentialAction\":[{\"@type\":\"ReadAction\",\"target\":[\"https:\/\/www.gruppoliturgico.com\/fr\/produit\/calice-avec-coupe-en-argent-4\/\"]}]},{\"@type\":\"BreadcrumbList\",\"@id\":\"https:\/\/www.gruppoliturgico.com\/fr\/produit\/calice-avec-coupe-en-argent-4\/#breadcrumb\",\"itemListElement\":[{\"@type\":\"ListItem\",\"position\":1,\"name\":\"Home\",\"item\":\"https:\/\/www.gruppoliturgico.com\/fr\/\"},{\"@type\":\"ListItem\",\"position\":2,\"name\":\"Boutique\",\"item\":\"https:\/\/www.gruppoliturgico.com\/fr\/boutique\/\"},{\"@type\":\"ListItem\",\"position\":3,\"name\":\"Calice avec coupe en argent\"}]},{\"@type\":\"WebSite\",\"@id\":\"https:\/\/www.gruppoliturgico.com\/es\/#website\",\"url\":\"https:\/\/www.gruppoliturgico.com\/es\/\",\"name\":\"Laboratorio Gruppo Liturgico\",\"description\":\"Articoli Religiosi online\",\"publisher\":{\"@id\":\"https:\/\/www.gruppoliturgico.com\/es\/#organization\"},\"potentialAction\":[{\"@type\":\"SearchAction\",\"target\":{\"@type\":\"EntryPoint\",\"urlTemplate\":\"https:\/\/www.gruppoliturgico.com\/es\/?s={search_term_string}\"},\"query-input\":\"required name=search_term_string\"}],\"inLanguage\":\"fr-FR\"},{\"@type\":\"Organization\",\"@id\":\"https:\/\/www.gruppoliturgico.com\/es\/#organization\",\"name\":\"Laboratorio Gruppo Liturgico\",\"url\":\"https:\/\/www.gruppoliturgico.com\/es\/\",\"logo\":{\"@type\":\"ImageObject\",\"inLanguage\":\"fr-FR\",\"@id\":\"https:\/\/www.gruppoliturgico.com\/es\/#\/schema\/logo\/image\/\",\"url\":\"https:\/\/www.gruppoliturgico.com\/wp-content\/uploads\/2022\/02\/logo-laboratoriogruppoliturgico.png\",\"contentUrl\":\"https:\/\/www.gruppoliturgico.com\/wp-content\/uploads\/2022\/02\/logo-laboratoriogruppoliturgico.png\",\"width\":400,\"height\":114,\"caption\":\"Laboratorio Gruppo Liturgico\"},\"image\":{\"@id\":\"https:\/\/www.gruppoliturgico.com\/es\/#\/schema\/logo\/image\/\"}}]}<\/script>\n<!-- \/ Yoast SEO plugin. -->","yoast_head_json":{"title":"Calice avec coupe en argent - collection calices et Laboratorio Gruppo Liturgico","description":"Calice avec pat\u00e8ne en fusion, repouss\u00e9 et cisel\u00e9 \u00e0 la main avec coupe en argent. Prestigieux ouvrage de l'artisanat espagnol. Dessin gothique tr\u00e8s d\u00e9licat et \u00e9quilibr\u00e9 dans ses proportions.  Avec six medaillons grav\u00e9s sur la base avec Saint Pierre, Saint Paul, Saint Jacques le Mineur , Saint Jean, Saint Barth\u00e9lemy et Saint Jacques le Majeur.  Hauteur cm 21  Diam\u00e8tre de la coupe cm 11","robots":{"index":"index","follow":"follow","max-snippet":"max-snippet:-1","max-image-preview":"max-image-preview:large","max-video-preview":"max-video-preview:-1"},"canonical":"https:\/\/www.gruppoliturgico.com\/fr\/produit\/calice-avec-coupe-en-argent-4\/","og_locale":"fr_FR","og_type":"article","og_title":"Calice avec coupe en argent - collection calices et Laboratorio Gruppo Liturgico","og_description":"Calice avec pat\u00e8ne en fusion, repouss\u00e9 et cisel\u00e9 \u00e0 la main avec coupe en argent. Prestigieux ouvrage de l'artisanat espagnol. Dessin gothique tr\u00e8s d\u00e9licat et \u00e9quilibr\u00e9 dans ses proportions.  Avec six medaillons grav\u00e9s sur la base avec Saint Pierre, Saint Paul, Saint Jacques le Mineur , Saint Jean, Saint Barth\u00e9lemy et Saint Jacques le Majeur.  Hauteur cm 21  Diam\u00e8tre de la coupe cm 11","og_url":"https:\/\/www.gruppoliturgico.com\/fr\/produit\/calice-avec-coupe-en-argent-4\/","og_site_name":"Laboratorio Gruppo Liturgico","article_modified_time":"2022-09-22T09:25:53+00:00","og_image":[{"width":949,"height":1500,"url":"https:\/\/www.gruppoliturgico.com\/wp-content\/uploads\/2022\/05\/3046.jpg","type":"image\/jpeg"}],"twitter_card":"summary_large_image","schema":{"@context":"https:\/\/schema.org","@graph":[{"@type":"WebPage","@id":"https:\/\/www.gruppoliturgico.com\/fr\/produit\/calice-avec-coupe-en-argent-4\/","url":"https:\/\/www.gruppoliturgico.com\/fr\/produit\/calice-avec-coupe-en-argent-4\/","name":"Calice avec coupe en argent - collection calices et Laboratorio Gruppo Liturgico","isPartOf":{"@id":"https:\/\/www.gruppoliturgico.com\/es\/#website"},"datePublished":"2022-05-20T01:44:55+00:00","dateModified":"2022-09-22T09:25:53+00:00","description":"Calice avec pat\u00e8ne en fusion, repouss\u00e9 et cisel\u00e9 \u00e0 la main avec coupe en argent. Prestigieux ouvrage de l'artisanat espagnol. Dessin gothique tr\u00e8s d\u00e9licat et \u00e9quilibr\u00e9 dans ses proportions. Avec six medaillons grav\u00e9s sur la base avec Saint Pierre, Saint Paul, Saint Jacques le Mineur , Saint Jean, Saint Barth\u00e9lemy et Saint Jacques le Majeur. Hauteur cm 21 Diam\u00e8tre de la coupe cm 11","breadcrumb":{"@id":"https:\/\/www.gruppoliturgico.com\/fr\/produit\/calice-avec-coupe-en-argent-4\/#breadcrumb"},"inLanguage":"fr-FR","potentialAction":[{"@type":"ReadAction","target":["https:\/\/www.gruppoliturgico.com\/fr\/produit\/calice-avec-coupe-en-argent-4\/"]}]},{"@type":"BreadcrumbList","@id":"https:\/\/www.gruppoliturgico.com\/fr\/produit\/calice-avec-coupe-en-argent-4\/#breadcrumb","itemListElement":[{"@type":"ListItem","position":1,"name":"Home","item":"https:\/\/www.gruppoliturgico.com\/fr\/"},{"@type":"ListItem","position":2,"name":"Boutique","item":"https:\/\/www.gruppoliturgico.com\/fr\/boutique\/"},{"@type":"ListItem","position":3,"name":"Calice avec coupe en argent"}]},{"@type":"WebSite","@id":"https:\/\/www.gruppoliturgico.com\/es\/#website","url":"https:\/\/www.gruppoliturgico.com\/es\/","name":"Laboratorio Gruppo Liturgico","description":"Articoli Religiosi online","publisher":{"@id":"https:\/\/www.gruppoliturgico.com\/es\/#organization"},"potentialAction":[{"@type":"SearchAction","target":{"@type":"EntryPoint","urlTemplate":"https:\/\/www.gruppoliturgico.com\/es\/?s={search_term_string}"},"query-input":"required name=search_term_string"}],"inLanguage":"fr-FR"},{"@type":"Organization","@id":"https:\/\/www.gruppoliturgico.com\/es\/#organization","name":"Laboratorio Gruppo Liturgico","url":"https:\/\/www.gruppoliturgico.com\/es\/","logo":{"@type":"ImageObject","inLanguage":"fr-FR","@id":"https:\/\/www.gruppoliturgico.com\/es\/#\/schema\/logo\/image\/","url":"https:\/\/www.gruppoliturgico.com\/wp-content\/uploads\/2022\/02\/logo-laboratoriogruppoliturgico.png","contentUrl":"https:\/\/www.gruppoliturgico.com\/wp-content\/uploads\/2022\/02\/logo-laboratoriogruppoliturgico.png","width":400,"height":114,"caption":"Laboratorio Gruppo Liturgico"},"image":{"@id":"https:\/\/www.gruppoliturgico.com\/es\/#\/schema\/logo\/image\/"}}]}},"_links":{"self":[{"href":"https:\/\/www.gruppoliturgico.com\/fr\/wp-json\/wp\/v2\/product\/68865"}],"collection":[{"href":"https:\/\/www.gruppoliturgico.com\/fr\/wp-json\/wp\/v2\/product"}],"about":[{"href":"https:\/\/www.gruppoliturgico.com\/fr\/wp-json\/wp\/v2\/types\/product"}],"wp:featuredmedia":[{"embeddable":true,"href":"https:\/\/www.gruppoliturgico.com\/fr\/wp-json\/wp\/v2\/media\/130871"}],"wp:attachment":[{"href":"https:\/\/www.gruppoliturgico.com\/fr\/wp-json\/wp\/v2\/media?parent=68865"}],"wp:term":[{"taxonomy":"product_cat","embeddable":true,"href":"https:\/\/www.gruppoliturgico.com\/fr\/wp-json\/wp\/v2\/product_cat?post=68865"},{"taxonomy":"product_tag","embeddable":true,"href":"https:\/\/www.gruppoliturgico.com\/fr\/wp-json\/wp\/v2\/product_tag?post=68865"}],"curies":[{"name":"wp","href":"https:\/\/api.w.org\/{rel}","templated":true}]}}