{"id":68792,"date":"2022-05-20T03:41:03","date_gmt":"2022-05-20T01:41:12","guid":{"rendered":"https:\/\/www.gruppoliturgico.com\/prodotto\/icone-byzantine-3\/"},"modified":"2022-11-11T17:07:08","modified_gmt":"2022-11-11T16:07:08","slug":"icone-byzantine-3","status":"publish","type":"product","link":"https:\/\/www.gruppoliturgico.com\/fr\/produit\/icone-byzantine-3\/","title":{"rendered":"Ic\u00f4ne byzantine"},"content":{"rendered":"<html><body><p>Ic\u00f4ne byzantine peinte \u00e0 la main.<br>\nLe bois et la toile ont \u00e9t\u00e9 soumis \u00e0 un proc\u00e9d\u00e9 de vieillissement.<br>\nLa d\u00e9coration de la figure est obtenue par trempe, les dorures sont obtenues par feuille d\u2019or.<br>\nFournie avec \u00e9tui en velours et certificat de qualit\u00e9.<br>\nDimensions cm 18 x 22<\/p>\n<\/body><\/html>","protected":false},"excerpt":{"rendered":"<p>Ic\u00f4ne byzantine peinte \u00e0 la main.<br \/>\nLe bois et la toile ont \u00e9t\u00e9 soumis \u00e0 un proc\u00e9d\u00e9 de vieillissement.<br \/>\nLa d\u00e9coration de la figure est obtenue par trempe, les dorures sont obtenues par feuille d&rsquo;or.<br \/>\nFournie avec \u00e9tui en velours et certificat de qualit\u00e9.<br \/>\nDimensions cm 18 x 22<\/p>\n","protected":false},"featured_media":79122,"template":"","meta":[],"product_cat":[11980],"product_tag":[],"yoast_head":"<!-- This site is optimized with the Yoast SEO plugin v20.4 - https:\/\/yoast.com\/wordpress\/plugins\/seo\/ -->\n<title>Ic\u00f4ne byzantine - ic\u00f4nes et Laboratorio Gruppo Liturgico<\/title>\n<meta name=\"description\" content=\"Ic\u00f4ne byzantine peinte \u00e0 la main.  Le bois et la toile ont \u00e9t\u00e9 soumis \u00e0 un proc\u00e9d\u00e9 de vieillissement.  La d\u00e9coration de la figure est obtenue par trempe, les dorures sont obtenues par feuille d&#039;or. Fournie avec \u00e9tui en velours et certificat de qualit\u00e9.  Dimensions cm 18 x 22\" \/>\n<meta name=\"robots\" content=\"index, follow, max-snippet:-1, max-image-preview:large, max-video-preview:-1\" \/>\n<link rel=\"canonical\" href=\"https:\/\/www.gruppoliturgico.com\/fr\/produit\/icone-byzantine-3\/\" \/>\n<meta property=\"og:locale\" content=\"fr_FR\" \/>\n<meta property=\"og:type\" content=\"article\" \/>\n<meta property=\"og:title\" content=\"Ic\u00f4ne byzantine - ic\u00f4nes et Laboratorio Gruppo Liturgico\" \/>\n<meta property=\"og:description\" content=\"Ic\u00f4ne byzantine peinte \u00e0 la main.  Le bois et la toile ont \u00e9t\u00e9 soumis \u00e0 un proc\u00e9d\u00e9 de vieillissement.  La d\u00e9coration de la figure est obtenue par trempe, les dorures sont obtenues par feuille d&#039;or. Fournie avec \u00e9tui en velours et certificat de qualit\u00e9.  Dimensions cm 18 x 22\" \/>\n<meta property=\"og:url\" content=\"https:\/\/www.gruppoliturgico.com\/fr\/produit\/icone-byzantine-3\/\" \/>\n<meta property=\"og:site_name\" content=\"Laboratorio Gruppo Liturgico\" \/>\n<meta property=\"article:modified_time\" content=\"2022-11-11T16:07:08+00:00\" \/>\n<meta property=\"og:image\" content=\"https:\/\/www.gruppoliturgico.com\/wp-content\/uploads\/2022\/05\/2506.jpg\" \/>\n\t<meta property=\"og:image:width\" content=\"1077\" \/>\n\t<meta property=\"og:image:height\" content=\"1500\" \/>\n\t<meta property=\"og:image:type\" content=\"image\/jpeg\" \/>\n<meta name=\"twitter:card\" content=\"summary_large_image\" \/>\n<script type=\"application\/ld+json\" class=\"yoast-schema-graph\">{\"@context\":\"https:\/\/schema.org\",\"@graph\":[{\"@type\":\"WebPage\",\"@id\":\"https:\/\/www.gruppoliturgico.com\/fr\/produit\/icone-byzantine-3\/\",\"url\":\"https:\/\/www.gruppoliturgico.com\/fr\/produit\/icone-byzantine-3\/\",\"name\":\"Ic\u00f4ne byzantine - ic\u00f4nes et Laboratorio Gruppo Liturgico\",\"isPartOf\":{\"@id\":\"https:\/\/www.gruppoliturgico.com\/es\/#website\"},\"datePublished\":\"2022-05-20T01:41:12+00:00\",\"dateModified\":\"2022-11-11T16:07:08+00:00\",\"description\":\"Ic\u00f4ne byzantine peinte \u00e0 la main. Le bois et la toile ont \u00e9t\u00e9 soumis \u00e0 un proc\u00e9d\u00e9 de vieillissement. La d\u00e9coration de la figure est obtenue par trempe, les dorures sont obtenues par feuille d'or. Fournie avec \u00e9tui en velours et certificat de qualit\u00e9. Dimensions cm 18 x 22\",\"breadcrumb\":{\"@id\":\"https:\/\/www.gruppoliturgico.com\/fr\/produit\/icone-byzantine-3\/#breadcrumb\"},\"inLanguage\":\"fr-FR\",\"potentialAction\":[{\"@type\":\"ReadAction\",\"target\":[\"https:\/\/www.gruppoliturgico.com\/fr\/produit\/icone-byzantine-3\/\"]}]},{\"@type\":\"BreadcrumbList\",\"@id\":\"https:\/\/www.gruppoliturgico.com\/fr\/produit\/icone-byzantine-3\/#breadcrumb\",\"itemListElement\":[{\"@type\":\"ListItem\",\"position\":1,\"name\":\"Home\",\"item\":\"https:\/\/www.gruppoliturgico.com\/fr\/\"},{\"@type\":\"ListItem\",\"position\":2,\"name\":\"Boutique\",\"item\":\"https:\/\/www.gruppoliturgico.com\/fr\/boutique\/\"},{\"@type\":\"ListItem\",\"position\":3,\"name\":\"Ic\u00f4ne byzantine\"}]},{\"@type\":\"WebSite\",\"@id\":\"https:\/\/www.gruppoliturgico.com\/es\/#website\",\"url\":\"https:\/\/www.gruppoliturgico.com\/es\/\",\"name\":\"Laboratorio Gruppo Liturgico\",\"description\":\"Articoli Religiosi online\",\"publisher\":{\"@id\":\"https:\/\/www.gruppoliturgico.com\/es\/#organization\"},\"potentialAction\":[{\"@type\":\"SearchAction\",\"target\":{\"@type\":\"EntryPoint\",\"urlTemplate\":\"https:\/\/www.gruppoliturgico.com\/es\/?s={search_term_string}\"},\"query-input\":\"required name=search_term_string\"}],\"inLanguage\":\"fr-FR\"},{\"@type\":\"Organization\",\"@id\":\"https:\/\/www.gruppoliturgico.com\/es\/#organization\",\"name\":\"Laboratorio Gruppo Liturgico\",\"url\":\"https:\/\/www.gruppoliturgico.com\/es\/\",\"logo\":{\"@type\":\"ImageObject\",\"inLanguage\":\"fr-FR\",\"@id\":\"https:\/\/www.gruppoliturgico.com\/es\/#\/schema\/logo\/image\/\",\"url\":\"https:\/\/www.gruppoliturgico.com\/wp-content\/uploads\/2022\/02\/logo-laboratoriogruppoliturgico.png\",\"contentUrl\":\"https:\/\/www.gruppoliturgico.com\/wp-content\/uploads\/2022\/02\/logo-laboratoriogruppoliturgico.png\",\"width\":400,\"height\":114,\"caption\":\"Laboratorio Gruppo Liturgico\"},\"image\":{\"@id\":\"https:\/\/www.gruppoliturgico.com\/es\/#\/schema\/logo\/image\/\"}}]}<\/script>\n<!-- \/ Yoast SEO plugin. -->","yoast_head_json":{"title":"Ic\u00f4ne byzantine - ic\u00f4nes et Laboratorio Gruppo Liturgico","description":"Ic\u00f4ne byzantine peinte \u00e0 la main.  Le bois et la toile ont \u00e9t\u00e9 soumis \u00e0 un proc\u00e9d\u00e9 de vieillissement.  La d\u00e9coration de la figure est obtenue par trempe, les dorures sont obtenues par feuille d'or. Fournie avec \u00e9tui en velours et certificat de qualit\u00e9.  Dimensions cm 18 x 22","robots":{"index":"index","follow":"follow","max-snippet":"max-snippet:-1","max-image-preview":"max-image-preview:large","max-video-preview":"max-video-preview:-1"},"canonical":"https:\/\/www.gruppoliturgico.com\/fr\/produit\/icone-byzantine-3\/","og_locale":"fr_FR","og_type":"article","og_title":"Ic\u00f4ne byzantine - ic\u00f4nes et Laboratorio Gruppo Liturgico","og_description":"Ic\u00f4ne byzantine peinte \u00e0 la main.  Le bois et la toile ont \u00e9t\u00e9 soumis \u00e0 un proc\u00e9d\u00e9 de vieillissement.  La d\u00e9coration de la figure est obtenue par trempe, les dorures sont obtenues par feuille d'or. Fournie avec \u00e9tui en velours et certificat de qualit\u00e9.  Dimensions cm 18 x 22","og_url":"https:\/\/www.gruppoliturgico.com\/fr\/produit\/icone-byzantine-3\/","og_site_name":"Laboratorio Gruppo Liturgico","article_modified_time":"2022-11-11T16:07:08+00:00","og_image":[{"width":1077,"height":1500,"url":"https:\/\/www.gruppoliturgico.com\/wp-content\/uploads\/2022\/05\/2506.jpg","type":"image\/jpeg"}],"twitter_card":"summary_large_image","schema":{"@context":"https:\/\/schema.org","@graph":[{"@type":"WebPage","@id":"https:\/\/www.gruppoliturgico.com\/fr\/produit\/icone-byzantine-3\/","url":"https:\/\/www.gruppoliturgico.com\/fr\/produit\/icone-byzantine-3\/","name":"Ic\u00f4ne byzantine - ic\u00f4nes et Laboratorio Gruppo Liturgico","isPartOf":{"@id":"https:\/\/www.gruppoliturgico.com\/es\/#website"},"datePublished":"2022-05-20T01:41:12+00:00","dateModified":"2022-11-11T16:07:08+00:00","description":"Ic\u00f4ne byzantine peinte \u00e0 la main. Le bois et la toile ont \u00e9t\u00e9 soumis \u00e0 un proc\u00e9d\u00e9 de vieillissement. La d\u00e9coration de la figure est obtenue par trempe, les dorures sont obtenues par feuille d'or. Fournie avec \u00e9tui en velours et certificat de qualit\u00e9. Dimensions cm 18 x 22","breadcrumb":{"@id":"https:\/\/www.gruppoliturgico.com\/fr\/produit\/icone-byzantine-3\/#breadcrumb"},"inLanguage":"fr-FR","potentialAction":[{"@type":"ReadAction","target":["https:\/\/www.gruppoliturgico.com\/fr\/produit\/icone-byzantine-3\/"]}]},{"@type":"BreadcrumbList","@id":"https:\/\/www.gruppoliturgico.com\/fr\/produit\/icone-byzantine-3\/#breadcrumb","itemListElement":[{"@type":"ListItem","position":1,"name":"Home","item":"https:\/\/www.gruppoliturgico.com\/fr\/"},{"@type":"ListItem","position":2,"name":"Boutique","item":"https:\/\/www.gruppoliturgico.com\/fr\/boutique\/"},{"@type":"ListItem","position":3,"name":"Ic\u00f4ne byzantine"}]},{"@type":"WebSite","@id":"https:\/\/www.gruppoliturgico.com\/es\/#website","url":"https:\/\/www.gruppoliturgico.com\/es\/","name":"Laboratorio Gruppo Liturgico","description":"Articoli Religiosi online","publisher":{"@id":"https:\/\/www.gruppoliturgico.com\/es\/#organization"},"potentialAction":[{"@type":"SearchAction","target":{"@type":"EntryPoint","urlTemplate":"https:\/\/www.gruppoliturgico.com\/es\/?s={search_term_string}"},"query-input":"required name=search_term_string"}],"inLanguage":"fr-FR"},{"@type":"Organization","@id":"https:\/\/www.gruppoliturgico.com\/es\/#organization","name":"Laboratorio Gruppo Liturgico","url":"https:\/\/www.gruppoliturgico.com\/es\/","logo":{"@type":"ImageObject","inLanguage":"fr-FR","@id":"https:\/\/www.gruppoliturgico.com\/es\/#\/schema\/logo\/image\/","url":"https:\/\/www.gruppoliturgico.com\/wp-content\/uploads\/2022\/02\/logo-laboratoriogruppoliturgico.png","contentUrl":"https:\/\/www.gruppoliturgico.com\/wp-content\/uploads\/2022\/02\/logo-laboratoriogruppoliturgico.png","width":400,"height":114,"caption":"Laboratorio Gruppo Liturgico"},"image":{"@id":"https:\/\/www.gruppoliturgico.com\/es\/#\/schema\/logo\/image\/"}}]}},"_links":{"self":[{"href":"https:\/\/www.gruppoliturgico.com\/fr\/wp-json\/wp\/v2\/product\/68792"}],"collection":[{"href":"https:\/\/www.gruppoliturgico.com\/fr\/wp-json\/wp\/v2\/product"}],"about":[{"href":"https:\/\/www.gruppoliturgico.com\/fr\/wp-json\/wp\/v2\/types\/product"}],"wp:featuredmedia":[{"embeddable":true,"href":"https:\/\/www.gruppoliturgico.com\/fr\/wp-json\/wp\/v2\/media\/79122"}],"wp:attachment":[{"href":"https:\/\/www.gruppoliturgico.com\/fr\/wp-json\/wp\/v2\/media?parent=68792"}],"wp:term":[{"taxonomy":"product_cat","embeddable":true,"href":"https:\/\/www.gruppoliturgico.com\/fr\/wp-json\/wp\/v2\/product_cat?post=68792"},{"taxonomy":"product_tag","embeddable":true,"href":"https:\/\/www.gruppoliturgico.com\/fr\/wp-json\/wp\/v2\/product_tag?post=68792"}],"curies":[{"name":"wp","href":"https:\/\/api.w.org\/{rel}","templated":true}]}}