{"id":68696,"date":"2022-05-20T03:35:54","date_gmt":"2022-05-20T01:35:59","guid":{"rendered":"https:\/\/www.gruppoliturgico.com\/prodotto\/aube-36\/"},"modified":"2022-06-02T13:14:23","modified_gmt":"2022-06-02T11:14:23","slug":"aube-36","status":"publish","type":"product","link":"https:\/\/www.gruppoliturgico.com\/fr\/produit\/aube-36\/","title":{"rendered":"aube"},"content":{"rendered":"<html><body><p>version f\u00e9minine de l\u2019 aube Matteo.<br>\nCe mod\u00e8le se distingue pour l\u2019ampleur de la confection.<br>\nOriginal le col montant tr\u00e8s ample sur le devant et le faux capuchon sur le dos.<br>\nLa petite croix est d\u00e9j\u00e0 inclus dans le prix. <\/p>\n<p>Vous pouvez commander cette aube, en nous communiquant seulement la mesure de la longueur totale ( on la prend du centre des \u00e9paules jusqu\u2019au talon).<\/p>\n<\/body><\/html>","protected":false},"excerpt":{"rendered":"<p>version f\u00e9minine de l&rsquo; aube Matteo.<br \/>\nCe mod\u00e8le se distingue pour l&rsquo;ampleur de la confection.<br \/>\nOriginal le col montant tr\u00e8s ample sur le devant et le faux capuchon sur le dos.<br \/>\nLa petite croix est d\u00e9j\u00e0 inclus dans le prix. <\/p>\n<p>Vous pouvez commander cette aube, en nous communiquant seulement la mesure de la longueur totale ( on la prend du centre des \u00e9paules jusqu&rsquo;au talon).<\/p>\n","protected":false},"featured_media":135583,"template":"","meta":[],"product_cat":[11808],"product_tag":[],"yoast_head":"<!-- This site is optimized with the Yoast SEO plugin v20.4 - https:\/\/yoast.com\/wordpress\/plugins\/seo\/ -->\n<title>aube - aubes et Laboratorio Gruppo Liturgico<\/title>\n<meta name=\"description\" content=\"version f\u00e9minine de l&#039; aube Matteo. Ce mod\u00e8le se distingue pour l&#039;ampleur de la confection.  Original le col montant tr\u00e8s ample sur le devant et le faux capuchon sur le dos.  La petite croix est d\u00e9j\u00e0 inclus dans le prix.    Vous pouvez commander cette aube, en nous communiquant seulement la mesure de la longueur totale ( on la prend du centre des \u00e9paules jusqu&#039;au talon).\" \/>\n<meta name=\"robots\" content=\"index, follow, max-snippet:-1, max-image-preview:large, max-video-preview:-1\" \/>\n<link rel=\"canonical\" href=\"https:\/\/www.gruppoliturgico.com\/fr\/produit\/aube-36\/\" \/>\n<meta property=\"og:locale\" content=\"fr_FR\" \/>\n<meta property=\"og:type\" content=\"article\" \/>\n<meta property=\"og:title\" content=\"aube - aubes et Laboratorio Gruppo Liturgico\" \/>\n<meta property=\"og:description\" content=\"version f\u00e9minine de l&#039; aube Matteo. Ce mod\u00e8le se distingue pour l&#039;ampleur de la confection.  Original le col montant tr\u00e8s ample sur le devant et le faux capuchon sur le dos.  La petite croix est d\u00e9j\u00e0 inclus dans le prix.    Vous pouvez commander cette aube, en nous communiquant seulement la mesure de la longueur totale ( on la prend du centre des \u00e9paules jusqu&#039;au talon).\" \/>\n<meta property=\"og:url\" content=\"https:\/\/www.gruppoliturgico.com\/fr\/produit\/aube-36\/\" \/>\n<meta property=\"og:site_name\" content=\"Laboratorio Gruppo Liturgico\" \/>\n<meta property=\"article:modified_time\" content=\"2022-06-02T11:14:23+00:00\" \/>\n<meta property=\"og:image\" content=\"https:\/\/www.gruppoliturgico.com\/wp-content\/uploads\/2022\/05\/aurora.1.jpg\" \/>\n\t<meta property=\"og:image:width\" content=\"1062\" \/>\n\t<meta property=\"og:image:height\" content=\"1500\" \/>\n\t<meta property=\"og:image:type\" content=\"image\/jpeg\" \/>\n<meta name=\"twitter:card\" content=\"summary_large_image\" \/>\n<script type=\"application\/ld+json\" class=\"yoast-schema-graph\">{\"@context\":\"https:\/\/schema.org\",\"@graph\":[{\"@type\":\"WebPage\",\"@id\":\"https:\/\/www.gruppoliturgico.com\/fr\/produit\/aube-36\/\",\"url\":\"https:\/\/www.gruppoliturgico.com\/fr\/produit\/aube-36\/\",\"name\":\"aube - aubes et Laboratorio Gruppo Liturgico\",\"isPartOf\":{\"@id\":\"https:\/\/www.gruppoliturgico.com\/es\/#website\"},\"datePublished\":\"2022-05-20T01:35:59+00:00\",\"dateModified\":\"2022-06-02T11:14:23+00:00\",\"description\":\"version f\u00e9minine de l' aube Matteo. Ce mod\u00e8le se distingue pour l'ampleur de la confection. Original le col montant tr\u00e8s ample sur le devant et le faux capuchon sur le dos. La petite croix est d\u00e9j\u00e0 inclus dans le prix. Vous pouvez commander cette aube, en nous communiquant seulement la mesure de la longueur totale ( on la prend du centre des \u00e9paules jusqu'au talon).\",\"breadcrumb\":{\"@id\":\"https:\/\/www.gruppoliturgico.com\/fr\/produit\/aube-36\/#breadcrumb\"},\"inLanguage\":\"fr-FR\",\"potentialAction\":[{\"@type\":\"ReadAction\",\"target\":[\"https:\/\/www.gruppoliturgico.com\/fr\/produit\/aube-36\/\"]}]},{\"@type\":\"BreadcrumbList\",\"@id\":\"https:\/\/www.gruppoliturgico.com\/fr\/produit\/aube-36\/#breadcrumb\",\"itemListElement\":[{\"@type\":\"ListItem\",\"position\":1,\"name\":\"Home\",\"item\":\"https:\/\/www.gruppoliturgico.com\/fr\/\"},{\"@type\":\"ListItem\",\"position\":2,\"name\":\"Boutique\",\"item\":\"https:\/\/www.gruppoliturgico.com\/fr\/boutique\/\"},{\"@type\":\"ListItem\",\"position\":3,\"name\":\"aube\"}]},{\"@type\":\"WebSite\",\"@id\":\"https:\/\/www.gruppoliturgico.com\/es\/#website\",\"url\":\"https:\/\/www.gruppoliturgico.com\/es\/\",\"name\":\"Laboratorio Gruppo Liturgico\",\"description\":\"Articoli Religiosi online\",\"publisher\":{\"@id\":\"https:\/\/www.gruppoliturgico.com\/es\/#organization\"},\"potentialAction\":[{\"@type\":\"SearchAction\",\"target\":{\"@type\":\"EntryPoint\",\"urlTemplate\":\"https:\/\/www.gruppoliturgico.com\/es\/?s={search_term_string}\"},\"query-input\":\"required name=search_term_string\"}],\"inLanguage\":\"fr-FR\"},{\"@type\":\"Organization\",\"@id\":\"https:\/\/www.gruppoliturgico.com\/es\/#organization\",\"name\":\"Laboratorio Gruppo Liturgico\",\"url\":\"https:\/\/www.gruppoliturgico.com\/es\/\",\"logo\":{\"@type\":\"ImageObject\",\"inLanguage\":\"fr-FR\",\"@id\":\"https:\/\/www.gruppoliturgico.com\/es\/#\/schema\/logo\/image\/\",\"url\":\"https:\/\/www.gruppoliturgico.com\/wp-content\/uploads\/2022\/02\/logo-laboratoriogruppoliturgico.png\",\"contentUrl\":\"https:\/\/www.gruppoliturgico.com\/wp-content\/uploads\/2022\/02\/logo-laboratoriogruppoliturgico.png\",\"width\":400,\"height\":114,\"caption\":\"Laboratorio Gruppo Liturgico\"},\"image\":{\"@id\":\"https:\/\/www.gruppoliturgico.com\/es\/#\/schema\/logo\/image\/\"}}]}<\/script>\n<!-- \/ Yoast SEO plugin. -->","yoast_head_json":{"title":"aube - aubes et Laboratorio Gruppo Liturgico","description":"version f\u00e9minine de l' aube Matteo. Ce mod\u00e8le se distingue pour l'ampleur de la confection.  Original le col montant tr\u00e8s ample sur le devant et le faux capuchon sur le dos.  La petite croix est d\u00e9j\u00e0 inclus dans le prix.    Vous pouvez commander cette aube, en nous communiquant seulement la mesure de la longueur totale ( on la prend du centre des \u00e9paules jusqu'au talon).","robots":{"index":"index","follow":"follow","max-snippet":"max-snippet:-1","max-image-preview":"max-image-preview:large","max-video-preview":"max-video-preview:-1"},"canonical":"https:\/\/www.gruppoliturgico.com\/fr\/produit\/aube-36\/","og_locale":"fr_FR","og_type":"article","og_title":"aube - aubes et Laboratorio Gruppo Liturgico","og_description":"version f\u00e9minine de l' aube Matteo. Ce mod\u00e8le se distingue pour l'ampleur de la confection.  Original le col montant tr\u00e8s ample sur le devant et le faux capuchon sur le dos.  La petite croix est d\u00e9j\u00e0 inclus dans le prix.    Vous pouvez commander cette aube, en nous communiquant seulement la mesure de la longueur totale ( on la prend du centre des \u00e9paules jusqu'au talon).","og_url":"https:\/\/www.gruppoliturgico.com\/fr\/produit\/aube-36\/","og_site_name":"Laboratorio Gruppo Liturgico","article_modified_time":"2022-06-02T11:14:23+00:00","og_image":[{"width":1062,"height":1500,"url":"https:\/\/www.gruppoliturgico.com\/wp-content\/uploads\/2022\/05\/aurora.1.jpg","type":"image\/jpeg"}],"twitter_card":"summary_large_image","schema":{"@context":"https:\/\/schema.org","@graph":[{"@type":"WebPage","@id":"https:\/\/www.gruppoliturgico.com\/fr\/produit\/aube-36\/","url":"https:\/\/www.gruppoliturgico.com\/fr\/produit\/aube-36\/","name":"aube - aubes et Laboratorio Gruppo Liturgico","isPartOf":{"@id":"https:\/\/www.gruppoliturgico.com\/es\/#website"},"datePublished":"2022-05-20T01:35:59+00:00","dateModified":"2022-06-02T11:14:23+00:00","description":"version f\u00e9minine de l' aube Matteo. Ce mod\u00e8le se distingue pour l'ampleur de la confection. Original le col montant tr\u00e8s ample sur le devant et le faux capuchon sur le dos. La petite croix est d\u00e9j\u00e0 inclus dans le prix. Vous pouvez commander cette aube, en nous communiquant seulement la mesure de la longueur totale ( on la prend du centre des \u00e9paules jusqu'au talon).","breadcrumb":{"@id":"https:\/\/www.gruppoliturgico.com\/fr\/produit\/aube-36\/#breadcrumb"},"inLanguage":"fr-FR","potentialAction":[{"@type":"ReadAction","target":["https:\/\/www.gruppoliturgico.com\/fr\/produit\/aube-36\/"]}]},{"@type":"BreadcrumbList","@id":"https:\/\/www.gruppoliturgico.com\/fr\/produit\/aube-36\/#breadcrumb","itemListElement":[{"@type":"ListItem","position":1,"name":"Home","item":"https:\/\/www.gruppoliturgico.com\/fr\/"},{"@type":"ListItem","position":2,"name":"Boutique","item":"https:\/\/www.gruppoliturgico.com\/fr\/boutique\/"},{"@type":"ListItem","position":3,"name":"aube"}]},{"@type":"WebSite","@id":"https:\/\/www.gruppoliturgico.com\/es\/#website","url":"https:\/\/www.gruppoliturgico.com\/es\/","name":"Laboratorio Gruppo Liturgico","description":"Articoli Religiosi online","publisher":{"@id":"https:\/\/www.gruppoliturgico.com\/es\/#organization"},"potentialAction":[{"@type":"SearchAction","target":{"@type":"EntryPoint","urlTemplate":"https:\/\/www.gruppoliturgico.com\/es\/?s={search_term_string}"},"query-input":"required name=search_term_string"}],"inLanguage":"fr-FR"},{"@type":"Organization","@id":"https:\/\/www.gruppoliturgico.com\/es\/#organization","name":"Laboratorio Gruppo Liturgico","url":"https:\/\/www.gruppoliturgico.com\/es\/","logo":{"@type":"ImageObject","inLanguage":"fr-FR","@id":"https:\/\/www.gruppoliturgico.com\/es\/#\/schema\/logo\/image\/","url":"https:\/\/www.gruppoliturgico.com\/wp-content\/uploads\/2022\/02\/logo-laboratoriogruppoliturgico.png","contentUrl":"https:\/\/www.gruppoliturgico.com\/wp-content\/uploads\/2022\/02\/logo-laboratoriogruppoliturgico.png","width":400,"height":114,"caption":"Laboratorio Gruppo Liturgico"},"image":{"@id":"https:\/\/www.gruppoliturgico.com\/es\/#\/schema\/logo\/image\/"}}]}},"_links":{"self":[{"href":"https:\/\/www.gruppoliturgico.com\/fr\/wp-json\/wp\/v2\/product\/68696"}],"collection":[{"href":"https:\/\/www.gruppoliturgico.com\/fr\/wp-json\/wp\/v2\/product"}],"about":[{"href":"https:\/\/www.gruppoliturgico.com\/fr\/wp-json\/wp\/v2\/types\/product"}],"wp:featuredmedia":[{"embeddable":true,"href":"https:\/\/www.gruppoliturgico.com\/fr\/wp-json\/wp\/v2\/media\/135583"}],"wp:attachment":[{"href":"https:\/\/www.gruppoliturgico.com\/fr\/wp-json\/wp\/v2\/media?parent=68696"}],"wp:term":[{"taxonomy":"product_cat","embeddable":true,"href":"https:\/\/www.gruppoliturgico.com\/fr\/wp-json\/wp\/v2\/product_cat?post=68696"},{"taxonomy":"product_tag","embeddable":true,"href":"https:\/\/www.gruppoliturgico.com\/fr\/wp-json\/wp\/v2\/product_tag?post=68696"}],"curies":[{"name":"wp","href":"https:\/\/api.w.org\/{rel}","templated":true}]}}