{"id":68600,"date":"2022-05-20T03:31:31","date_gmt":"2022-05-20T01:31:36","guid":{"rendered":"https:\/\/www.gruppoliturgico.com\/prodotto\/calice-40\/"},"modified":"2022-05-20T11:20:44","modified_gmt":"2022-05-20T09:20:44","slug":"calice-40","status":"publish","type":"product","link":"https:\/\/www.gruppoliturgico.com\/fr\/produit\/calice-40\/","title":{"rendered":"Calice"},"content":{"rendered":"<html><body><p>Extraordinaire calice enti\u00e8rement cisel\u00e9 \u00e0 la main et orn\u00e9 de fusions en bronze fondu sur la base et sur la coupe.<br>\nPierres dures ornementales.<br>\nHauteur cm 24<br>\nCoupe \u00d8 cm 10 <\/p>\n<\/body><\/html>","protected":false},"excerpt":{"rendered":"<p>Extraordinaire calice enti\u00e8rement cisel\u00e9 \u00e0 la main et orn\u00e9 de fusions en bronze fondu sur la base et sur la coupe.<br \/>\nPierres dures ornementales.<br \/>\nHauteur cm 24<br \/>\nCoupe \u00d8 cm 10 <\/p>\n","protected":false},"featured_media":130796,"template":"","meta":[],"product_cat":[12028],"product_tag":[],"yoast_head":"<!-- This site is optimized with the Yoast SEO plugin v20.4 - https:\/\/yoast.com\/wordpress\/plugins\/seo\/ -->\n<title>Calice - collection calices et Laboratorio Gruppo Liturgico<\/title>\n<meta name=\"description\" content=\"Extraordinaire calice enti\u00e8rement cisel\u00e9 \u00e0 la main et orn\u00e9 de fusions en bronze fondu sur la base et sur la coupe.  Pierres dures ornementales.  Hauteur cm 24 Coupe \u00d8 cm 10\" \/>\n<meta name=\"robots\" content=\"index, follow, max-snippet:-1, max-image-preview:large, max-video-preview:-1\" \/>\n<link rel=\"canonical\" href=\"https:\/\/www.gruppoliturgico.com\/fr\/produit\/calice-40\/\" \/>\n<meta property=\"og:locale\" content=\"fr_FR\" \/>\n<meta property=\"og:type\" content=\"article\" \/>\n<meta property=\"og:title\" content=\"Calice - collection calices et Laboratorio Gruppo Liturgico\" \/>\n<meta property=\"og:description\" content=\"Extraordinaire calice enti\u00e8rement cisel\u00e9 \u00e0 la main et orn\u00e9 de fusions en bronze fondu sur la base et sur la coupe.  Pierres dures ornementales.  Hauteur cm 24 Coupe \u00d8 cm 10\" \/>\n<meta property=\"og:url\" content=\"https:\/\/www.gruppoliturgico.com\/fr\/produit\/calice-40\/\" \/>\n<meta property=\"og:site_name\" content=\"Laboratorio Gruppo Liturgico\" \/>\n<meta property=\"article:modified_time\" content=\"2022-05-20T09:20:44+00:00\" \/>\n<meta property=\"og:image\" content=\"https:\/\/www.gruppoliturgico.com\/wp-content\/uploads\/2022\/05\/2210_inPixio-Copy.jpg\" \/>\n\t<meta property=\"og:image:width\" content=\"1087\" \/>\n\t<meta property=\"og:image:height\" content=\"2000\" \/>\n\t<meta property=\"og:image:type\" content=\"image\/jpeg\" \/>\n<meta name=\"twitter:card\" content=\"summary_large_image\" \/>\n<script type=\"application\/ld+json\" class=\"yoast-schema-graph\">{\"@context\":\"https:\/\/schema.org\",\"@graph\":[{\"@type\":\"WebPage\",\"@id\":\"https:\/\/www.gruppoliturgico.com\/fr\/produit\/calice-40\/\",\"url\":\"https:\/\/www.gruppoliturgico.com\/fr\/produit\/calice-40\/\",\"name\":\"Calice - collection calices et Laboratorio Gruppo Liturgico\",\"isPartOf\":{\"@id\":\"https:\/\/www.gruppoliturgico.com\/es\/#website\"},\"datePublished\":\"2022-05-20T01:31:36+00:00\",\"dateModified\":\"2022-05-20T09:20:44+00:00\",\"description\":\"Extraordinaire calice enti\u00e8rement cisel\u00e9 \u00e0 la main et orn\u00e9 de fusions en bronze fondu sur la base et sur la coupe. Pierres dures ornementales. Hauteur cm 24 Coupe \u00d8 cm 10\",\"breadcrumb\":{\"@id\":\"https:\/\/www.gruppoliturgico.com\/fr\/produit\/calice-40\/#breadcrumb\"},\"inLanguage\":\"fr-FR\",\"potentialAction\":[{\"@type\":\"ReadAction\",\"target\":[\"https:\/\/www.gruppoliturgico.com\/fr\/produit\/calice-40\/\"]}]},{\"@type\":\"BreadcrumbList\",\"@id\":\"https:\/\/www.gruppoliturgico.com\/fr\/produit\/calice-40\/#breadcrumb\",\"itemListElement\":[{\"@type\":\"ListItem\",\"position\":1,\"name\":\"Home\",\"item\":\"https:\/\/www.gruppoliturgico.com\/fr\/\"},{\"@type\":\"ListItem\",\"position\":2,\"name\":\"Boutique\",\"item\":\"https:\/\/www.gruppoliturgico.com\/fr\/boutique\/\"},{\"@type\":\"ListItem\",\"position\":3,\"name\":\"Calice\"}]},{\"@type\":\"WebSite\",\"@id\":\"https:\/\/www.gruppoliturgico.com\/es\/#website\",\"url\":\"https:\/\/www.gruppoliturgico.com\/es\/\",\"name\":\"Laboratorio Gruppo Liturgico\",\"description\":\"Articoli Religiosi online\",\"publisher\":{\"@id\":\"https:\/\/www.gruppoliturgico.com\/es\/#organization\"},\"potentialAction\":[{\"@type\":\"SearchAction\",\"target\":{\"@type\":\"EntryPoint\",\"urlTemplate\":\"https:\/\/www.gruppoliturgico.com\/es\/?s={search_term_string}\"},\"query-input\":\"required name=search_term_string\"}],\"inLanguage\":\"fr-FR\"},{\"@type\":\"Organization\",\"@id\":\"https:\/\/www.gruppoliturgico.com\/es\/#organization\",\"name\":\"Laboratorio Gruppo Liturgico\",\"url\":\"https:\/\/www.gruppoliturgico.com\/es\/\",\"logo\":{\"@type\":\"ImageObject\",\"inLanguage\":\"fr-FR\",\"@id\":\"https:\/\/www.gruppoliturgico.com\/es\/#\/schema\/logo\/image\/\",\"url\":\"https:\/\/www.gruppoliturgico.com\/wp-content\/uploads\/2022\/02\/logo-laboratoriogruppoliturgico.png\",\"contentUrl\":\"https:\/\/www.gruppoliturgico.com\/wp-content\/uploads\/2022\/02\/logo-laboratoriogruppoliturgico.png\",\"width\":400,\"height\":114,\"caption\":\"Laboratorio Gruppo Liturgico\"},\"image\":{\"@id\":\"https:\/\/www.gruppoliturgico.com\/es\/#\/schema\/logo\/image\/\"}}]}<\/script>\n<!-- \/ Yoast SEO plugin. -->","yoast_head_json":{"title":"Calice - collection calices et Laboratorio Gruppo Liturgico","description":"Extraordinaire calice enti\u00e8rement cisel\u00e9 \u00e0 la main et orn\u00e9 de fusions en bronze fondu sur la base et sur la coupe.  Pierres dures ornementales.  Hauteur cm 24 Coupe \u00d8 cm 10","robots":{"index":"index","follow":"follow","max-snippet":"max-snippet:-1","max-image-preview":"max-image-preview:large","max-video-preview":"max-video-preview:-1"},"canonical":"https:\/\/www.gruppoliturgico.com\/fr\/produit\/calice-40\/","og_locale":"fr_FR","og_type":"article","og_title":"Calice - collection calices et Laboratorio Gruppo Liturgico","og_description":"Extraordinaire calice enti\u00e8rement cisel\u00e9 \u00e0 la main et orn\u00e9 de fusions en bronze fondu sur la base et sur la coupe.  Pierres dures ornementales.  Hauteur cm 24 Coupe \u00d8 cm 10","og_url":"https:\/\/www.gruppoliturgico.com\/fr\/produit\/calice-40\/","og_site_name":"Laboratorio Gruppo Liturgico","article_modified_time":"2022-05-20T09:20:44+00:00","og_image":[{"width":1087,"height":2000,"url":"https:\/\/www.gruppoliturgico.com\/wp-content\/uploads\/2022\/05\/2210_inPixio-Copy.jpg","type":"image\/jpeg"}],"twitter_card":"summary_large_image","schema":{"@context":"https:\/\/schema.org","@graph":[{"@type":"WebPage","@id":"https:\/\/www.gruppoliturgico.com\/fr\/produit\/calice-40\/","url":"https:\/\/www.gruppoliturgico.com\/fr\/produit\/calice-40\/","name":"Calice - collection calices et Laboratorio Gruppo Liturgico","isPartOf":{"@id":"https:\/\/www.gruppoliturgico.com\/es\/#website"},"datePublished":"2022-05-20T01:31:36+00:00","dateModified":"2022-05-20T09:20:44+00:00","description":"Extraordinaire calice enti\u00e8rement cisel\u00e9 \u00e0 la main et orn\u00e9 de fusions en bronze fondu sur la base et sur la coupe. Pierres dures ornementales. Hauteur cm 24 Coupe \u00d8 cm 10","breadcrumb":{"@id":"https:\/\/www.gruppoliturgico.com\/fr\/produit\/calice-40\/#breadcrumb"},"inLanguage":"fr-FR","potentialAction":[{"@type":"ReadAction","target":["https:\/\/www.gruppoliturgico.com\/fr\/produit\/calice-40\/"]}]},{"@type":"BreadcrumbList","@id":"https:\/\/www.gruppoliturgico.com\/fr\/produit\/calice-40\/#breadcrumb","itemListElement":[{"@type":"ListItem","position":1,"name":"Home","item":"https:\/\/www.gruppoliturgico.com\/fr\/"},{"@type":"ListItem","position":2,"name":"Boutique","item":"https:\/\/www.gruppoliturgico.com\/fr\/boutique\/"},{"@type":"ListItem","position":3,"name":"Calice"}]},{"@type":"WebSite","@id":"https:\/\/www.gruppoliturgico.com\/es\/#website","url":"https:\/\/www.gruppoliturgico.com\/es\/","name":"Laboratorio Gruppo Liturgico","description":"Articoli Religiosi online","publisher":{"@id":"https:\/\/www.gruppoliturgico.com\/es\/#organization"},"potentialAction":[{"@type":"SearchAction","target":{"@type":"EntryPoint","urlTemplate":"https:\/\/www.gruppoliturgico.com\/es\/?s={search_term_string}"},"query-input":"required name=search_term_string"}],"inLanguage":"fr-FR"},{"@type":"Organization","@id":"https:\/\/www.gruppoliturgico.com\/es\/#organization","name":"Laboratorio Gruppo Liturgico","url":"https:\/\/www.gruppoliturgico.com\/es\/","logo":{"@type":"ImageObject","inLanguage":"fr-FR","@id":"https:\/\/www.gruppoliturgico.com\/es\/#\/schema\/logo\/image\/","url":"https:\/\/www.gruppoliturgico.com\/wp-content\/uploads\/2022\/02\/logo-laboratoriogruppoliturgico.png","contentUrl":"https:\/\/www.gruppoliturgico.com\/wp-content\/uploads\/2022\/02\/logo-laboratoriogruppoliturgico.png","width":400,"height":114,"caption":"Laboratorio Gruppo Liturgico"},"image":{"@id":"https:\/\/www.gruppoliturgico.com\/es\/#\/schema\/logo\/image\/"}}]}},"_links":{"self":[{"href":"https:\/\/www.gruppoliturgico.com\/fr\/wp-json\/wp\/v2\/product\/68600"}],"collection":[{"href":"https:\/\/www.gruppoliturgico.com\/fr\/wp-json\/wp\/v2\/product"}],"about":[{"href":"https:\/\/www.gruppoliturgico.com\/fr\/wp-json\/wp\/v2\/types\/product"}],"wp:featuredmedia":[{"embeddable":true,"href":"https:\/\/www.gruppoliturgico.com\/fr\/wp-json\/wp\/v2\/media\/130796"}],"wp:attachment":[{"href":"https:\/\/www.gruppoliturgico.com\/fr\/wp-json\/wp\/v2\/media?parent=68600"}],"wp:term":[{"taxonomy":"product_cat","embeddable":true,"href":"https:\/\/www.gruppoliturgico.com\/fr\/wp-json\/wp\/v2\/product_cat?post=68600"},{"taxonomy":"product_tag","embeddable":true,"href":"https:\/\/www.gruppoliturgico.com\/fr\/wp-json\/wp\/v2\/product_tag?post=68600"}],"curies":[{"name":"wp","href":"https:\/\/api.w.org\/{rel}","templated":true}]}}