{"id":68504,"date":"2022-05-20T03:26:46","date_gmt":"2022-05-20T01:26:52","guid":{"rendered":"https:\/\/www.gruppoliturgico.com\/prodotto\/enfant-jesus-cm-60\/"},"modified":"2022-11-07T11:10:21","modified_gmt":"2022-11-07T10:10:21","slug":"enfant-jesus-cm-60","status":"publish","type":"product","link":"https:\/\/www.gruppoliturgico.com\/fr\/produit\/enfant-jesus-cm-60\/","title":{"rendered":"Enfant J\u00e9sus cm 60"},"content":{"rendered":"<html><body><p>Enfant J\u00e9sus artistique en fibre r\u00e9sine, genre bois,  enti\u00e8rement d\u00e9cor\u00e9 \u00e0 la main particuli\u00e8rement riche en d\u00e9tails en or.<br>\nMesure cm 60  <\/p>\n<\/body><\/html>","protected":false},"excerpt":{"rendered":"<p>Enfant J\u00e9sus artistique en fibre r\u00e9sine, genre bois,  enti\u00e8rement d\u00e9cor\u00e9 \u00e0 la main particuli\u00e8rement riche en d\u00e9tails en or.<br \/>\nMesure cm 60  <\/p>\n","protected":false},"featured_media":135325,"template":"","meta":[],"product_cat":[12368,12352],"product_tag":[],"yoast_head":"<!-- This site is optimized with the Yoast SEO plugin v20.4 - https:\/\/yoast.com\/wordpress\/plugins\/seo\/ -->\n<title>Enfant J\u00e9sus cm 60 - en fibre r\u00e9sine, ensemble de No\u00ebl cm 125 et Laboratorio Gruppo Liturgico<\/title>\n<meta name=\"description\" content=\"Enfant J\u00e9sus artistique en fibre r\u00e9sine, genre bois, enti\u00e8rement d\u00e9cor\u00e9 \u00e0 la main particuli\u00e8rement riche en d\u00e9tails en or. Mesure cm 60\" \/>\n<meta name=\"robots\" content=\"index, follow, max-snippet:-1, max-image-preview:large, max-video-preview:-1\" \/>\n<link rel=\"canonical\" href=\"https:\/\/www.gruppoliturgico.com\/fr\/produit\/enfant-jesus-cm-60\/\" \/>\n<meta property=\"og:locale\" content=\"fr_FR\" \/>\n<meta property=\"og:type\" content=\"article\" \/>\n<meta property=\"og:title\" content=\"Enfant J\u00e9sus cm 60 - en fibre r\u00e9sine, ensemble de No\u00ebl cm 125 et Laboratorio Gruppo Liturgico\" \/>\n<meta property=\"og:description\" content=\"Enfant J\u00e9sus artistique en fibre r\u00e9sine, genre bois, enti\u00e8rement d\u00e9cor\u00e9 \u00e0 la main particuli\u00e8rement riche en d\u00e9tails en or. Mesure cm 60\" \/>\n<meta property=\"og:url\" content=\"https:\/\/www.gruppoliturgico.com\/fr\/produit\/enfant-jesus-cm-60\/\" \/>\n<meta property=\"og:site_name\" content=\"Laboratorio Gruppo Liturgico\" \/>\n<meta property=\"article:modified_time\" content=\"2022-11-07T10:10:21+00:00\" \/>\n<meta property=\"og:image\" content=\"https:\/\/www.gruppoliturgico.com\/wp-content\/uploads\/2022\/05\/3512.jpg\" \/>\n\t<meta property=\"og:image:width\" content=\"1281\" \/>\n\t<meta property=\"og:image:height\" content=\"1500\" \/>\n\t<meta property=\"og:image:type\" content=\"image\/jpeg\" \/>\n<meta name=\"twitter:card\" content=\"summary_large_image\" \/>\n<script type=\"application\/ld+json\" class=\"yoast-schema-graph\">{\"@context\":\"https:\/\/schema.org\",\"@graph\":[{\"@type\":\"WebPage\",\"@id\":\"https:\/\/www.gruppoliturgico.com\/fr\/produit\/enfant-jesus-cm-60\/\",\"url\":\"https:\/\/www.gruppoliturgico.com\/fr\/produit\/enfant-jesus-cm-60\/\",\"name\":\"Enfant J\u00e9sus cm 60 - en fibre r\u00e9sine, ensemble de No\u00ebl cm 125 et Laboratorio Gruppo Liturgico\",\"isPartOf\":{\"@id\":\"https:\/\/www.gruppoliturgico.com\/es\/#website\"},\"datePublished\":\"2022-05-20T01:26:52+00:00\",\"dateModified\":\"2022-11-07T10:10:21+00:00\",\"description\":\"Enfant J\u00e9sus artistique en fibre r\u00e9sine, genre bois, enti\u00e8rement d\u00e9cor\u00e9 \u00e0 la main particuli\u00e8rement riche en d\u00e9tails en or. Mesure cm 60\",\"breadcrumb\":{\"@id\":\"https:\/\/www.gruppoliturgico.com\/fr\/produit\/enfant-jesus-cm-60\/#breadcrumb\"},\"inLanguage\":\"fr-FR\",\"potentialAction\":[{\"@type\":\"ReadAction\",\"target\":[\"https:\/\/www.gruppoliturgico.com\/fr\/produit\/enfant-jesus-cm-60\/\"]}]},{\"@type\":\"BreadcrumbList\",\"@id\":\"https:\/\/www.gruppoliturgico.com\/fr\/produit\/enfant-jesus-cm-60\/#breadcrumb\",\"itemListElement\":[{\"@type\":\"ListItem\",\"position\":1,\"name\":\"Home\",\"item\":\"https:\/\/www.gruppoliturgico.com\/fr\/\"},{\"@type\":\"ListItem\",\"position\":2,\"name\":\"Boutique\",\"item\":\"https:\/\/www.gruppoliturgico.com\/fr\/boutique\/\"},{\"@type\":\"ListItem\",\"position\":3,\"name\":\"Enfant J\u00e9sus cm 60\"}]},{\"@type\":\"WebSite\",\"@id\":\"https:\/\/www.gruppoliturgico.com\/es\/#website\",\"url\":\"https:\/\/www.gruppoliturgico.com\/es\/\",\"name\":\"Laboratorio Gruppo Liturgico\",\"description\":\"Articoli Religiosi online\",\"publisher\":{\"@id\":\"https:\/\/www.gruppoliturgico.com\/es\/#organization\"},\"potentialAction\":[{\"@type\":\"SearchAction\",\"target\":{\"@type\":\"EntryPoint\",\"urlTemplate\":\"https:\/\/www.gruppoliturgico.com\/es\/?s={search_term_string}\"},\"query-input\":\"required name=search_term_string\"}],\"inLanguage\":\"fr-FR\"},{\"@type\":\"Organization\",\"@id\":\"https:\/\/www.gruppoliturgico.com\/es\/#organization\",\"name\":\"Laboratorio Gruppo Liturgico\",\"url\":\"https:\/\/www.gruppoliturgico.com\/es\/\",\"logo\":{\"@type\":\"ImageObject\",\"inLanguage\":\"fr-FR\",\"@id\":\"https:\/\/www.gruppoliturgico.com\/es\/#\/schema\/logo\/image\/\",\"url\":\"https:\/\/www.gruppoliturgico.com\/wp-content\/uploads\/2022\/02\/logo-laboratoriogruppoliturgico.png\",\"contentUrl\":\"https:\/\/www.gruppoliturgico.com\/wp-content\/uploads\/2022\/02\/logo-laboratoriogruppoliturgico.png\",\"width\":400,\"height\":114,\"caption\":\"Laboratorio Gruppo Liturgico\"},\"image\":{\"@id\":\"https:\/\/www.gruppoliturgico.com\/es\/#\/schema\/logo\/image\/\"}}]}<\/script>\n<!-- \/ Yoast SEO plugin. -->","yoast_head_json":{"title":"Enfant J\u00e9sus cm 60 - en fibre r\u00e9sine, ensemble de No\u00ebl cm 125 et Laboratorio Gruppo Liturgico","description":"Enfant J\u00e9sus artistique en fibre r\u00e9sine, genre bois, enti\u00e8rement d\u00e9cor\u00e9 \u00e0 la main particuli\u00e8rement riche en d\u00e9tails en or. Mesure cm 60","robots":{"index":"index","follow":"follow","max-snippet":"max-snippet:-1","max-image-preview":"max-image-preview:large","max-video-preview":"max-video-preview:-1"},"canonical":"https:\/\/www.gruppoliturgico.com\/fr\/produit\/enfant-jesus-cm-60\/","og_locale":"fr_FR","og_type":"article","og_title":"Enfant J\u00e9sus cm 60 - en fibre r\u00e9sine, ensemble de No\u00ebl cm 125 et Laboratorio Gruppo Liturgico","og_description":"Enfant J\u00e9sus artistique en fibre r\u00e9sine, genre bois, enti\u00e8rement d\u00e9cor\u00e9 \u00e0 la main particuli\u00e8rement riche en d\u00e9tails en or. Mesure cm 60","og_url":"https:\/\/www.gruppoliturgico.com\/fr\/produit\/enfant-jesus-cm-60\/","og_site_name":"Laboratorio Gruppo Liturgico","article_modified_time":"2022-11-07T10:10:21+00:00","og_image":[{"width":1281,"height":1500,"url":"https:\/\/www.gruppoliturgico.com\/wp-content\/uploads\/2022\/05\/3512.jpg","type":"image\/jpeg"}],"twitter_card":"summary_large_image","schema":{"@context":"https:\/\/schema.org","@graph":[{"@type":"WebPage","@id":"https:\/\/www.gruppoliturgico.com\/fr\/produit\/enfant-jesus-cm-60\/","url":"https:\/\/www.gruppoliturgico.com\/fr\/produit\/enfant-jesus-cm-60\/","name":"Enfant J\u00e9sus cm 60 - en fibre r\u00e9sine, ensemble de No\u00ebl cm 125 et Laboratorio Gruppo Liturgico","isPartOf":{"@id":"https:\/\/www.gruppoliturgico.com\/es\/#website"},"datePublished":"2022-05-20T01:26:52+00:00","dateModified":"2022-11-07T10:10:21+00:00","description":"Enfant J\u00e9sus artistique en fibre r\u00e9sine, genre bois, enti\u00e8rement d\u00e9cor\u00e9 \u00e0 la main particuli\u00e8rement riche en d\u00e9tails en or. Mesure cm 60","breadcrumb":{"@id":"https:\/\/www.gruppoliturgico.com\/fr\/produit\/enfant-jesus-cm-60\/#breadcrumb"},"inLanguage":"fr-FR","potentialAction":[{"@type":"ReadAction","target":["https:\/\/www.gruppoliturgico.com\/fr\/produit\/enfant-jesus-cm-60\/"]}]},{"@type":"BreadcrumbList","@id":"https:\/\/www.gruppoliturgico.com\/fr\/produit\/enfant-jesus-cm-60\/#breadcrumb","itemListElement":[{"@type":"ListItem","position":1,"name":"Home","item":"https:\/\/www.gruppoliturgico.com\/fr\/"},{"@type":"ListItem","position":2,"name":"Boutique","item":"https:\/\/www.gruppoliturgico.com\/fr\/boutique\/"},{"@type":"ListItem","position":3,"name":"Enfant J\u00e9sus cm 60"}]},{"@type":"WebSite","@id":"https:\/\/www.gruppoliturgico.com\/es\/#website","url":"https:\/\/www.gruppoliturgico.com\/es\/","name":"Laboratorio Gruppo Liturgico","description":"Articoli Religiosi online","publisher":{"@id":"https:\/\/www.gruppoliturgico.com\/es\/#organization"},"potentialAction":[{"@type":"SearchAction","target":{"@type":"EntryPoint","urlTemplate":"https:\/\/www.gruppoliturgico.com\/es\/?s={search_term_string}"},"query-input":"required name=search_term_string"}],"inLanguage":"fr-FR"},{"@type":"Organization","@id":"https:\/\/www.gruppoliturgico.com\/es\/#organization","name":"Laboratorio Gruppo Liturgico","url":"https:\/\/www.gruppoliturgico.com\/es\/","logo":{"@type":"ImageObject","inLanguage":"fr-FR","@id":"https:\/\/www.gruppoliturgico.com\/es\/#\/schema\/logo\/image\/","url":"https:\/\/www.gruppoliturgico.com\/wp-content\/uploads\/2022\/02\/logo-laboratoriogruppoliturgico.png","contentUrl":"https:\/\/www.gruppoliturgico.com\/wp-content\/uploads\/2022\/02\/logo-laboratoriogruppoliturgico.png","width":400,"height":114,"caption":"Laboratorio Gruppo Liturgico"},"image":{"@id":"https:\/\/www.gruppoliturgico.com\/es\/#\/schema\/logo\/image\/"}}]}},"_links":{"self":[{"href":"https:\/\/www.gruppoliturgico.com\/fr\/wp-json\/wp\/v2\/product\/68504"}],"collection":[{"href":"https:\/\/www.gruppoliturgico.com\/fr\/wp-json\/wp\/v2\/product"}],"about":[{"href":"https:\/\/www.gruppoliturgico.com\/fr\/wp-json\/wp\/v2\/types\/product"}],"wp:featuredmedia":[{"embeddable":true,"href":"https:\/\/www.gruppoliturgico.com\/fr\/wp-json\/wp\/v2\/media\/135325"}],"wp:attachment":[{"href":"https:\/\/www.gruppoliturgico.com\/fr\/wp-json\/wp\/v2\/media?parent=68504"}],"wp:term":[{"taxonomy":"product_cat","embeddable":true,"href":"https:\/\/www.gruppoliturgico.com\/fr\/wp-json\/wp\/v2\/product_cat?post=68504"},{"taxonomy":"product_tag","embeddable":true,"href":"https:\/\/www.gruppoliturgico.com\/fr\/wp-json\/wp\/v2\/product_tag?post=68504"}],"curies":[{"name":"wp","href":"https:\/\/api.w.org\/{rel}","templated":true}]}}