{"id":68404,"date":"2022-05-20T03:21:19","date_gmt":"2022-05-20T01:21:25","guid":{"rendered":"https:\/\/www.gruppoliturgico.com\/prodotto\/ciboire-37\/"},"modified":"2022-05-20T11:09:31","modified_gmt":"2022-05-20T09:09:31","slug":"ciboire-37","status":"publish","type":"product","link":"https:\/\/www.gruppoliturgico.com\/fr\/produit\/ciboire-37\/","title":{"rendered":"ciboire"},"content":{"rendered":"<html><body><p>Ciboire indiqu\u00e9 pour la Communion sous les deux esp\u00e8ces.<br>\nA l\u2019int\u00e9rieur il ya les accessoires illustr\u00e9s dans la photo. Le calice et pat\u00e8ne et la coupe pat\u00e8ne qui peuvent \u00eatre enlev\u00e9s. Dans ce cas il se transforme dans un grand ciboire.<br>\nL\u2019 anneau contient environ 150 hosties<br>\nLe ciboire environ 300<br>\nHauteur croix comprise cm 15<br>\nDiam\u00e8tre cm 15<\/p>\n<\/body><\/html>","protected":false},"excerpt":{"rendered":"<p>Ciboire indiqu\u00e9 pour la Communion sous les deux esp\u00e8ces.<br \/>\nA l\u2019int\u00e9rieur il ya les accessoires illustr\u00e9s dans la photo. Le calice et pat\u00e8ne et la coupe pat\u00e8ne qui peuvent \u00eatre enlev\u00e9s. Dans ce cas il se transforme dans un grand ciboire.<br \/>\nL\u2019 anneau contient environ 150 hosties<br \/>\nLe ciboire environ 300<br \/>\nHauteur croix comprise cm 15<br \/>\nDiam\u00e8tre cm 15<\/p>\n","protected":false},"featured_media":130939,"template":"","meta":[],"product_cat":[12032],"product_tag":[],"yoast_head":"<!-- This site is optimized with the Yoast SEO plugin v20.4 - https:\/\/yoast.com\/wordpress\/plugins\/seo\/ -->\n<title>ciboire - collection ciboires et Laboratorio Gruppo Liturgico<\/title>\n<meta name=\"description\" content=\"Ciboire indiqu\u00e9 pour la Communion sous les deux esp\u00e8ces.  A l\u2019int\u00e9rieur il ya les accessoires illustr\u00e9s dans la photo. Le calice et pat\u00e8ne et la coupe pat\u00e8ne qui peuvent \u00eatre enlev\u00e9s. Dans ce cas il se transforme dans un grand ciboire. L\u2019 anneau contient environ 150 hosties Le ciboire environ 300 Hauteur croix comprise cm 15 Diam\u00e8tre cm 15\" \/>\n<meta name=\"robots\" content=\"index, follow, max-snippet:-1, max-image-preview:large, max-video-preview:-1\" \/>\n<link rel=\"canonical\" href=\"https:\/\/www.gruppoliturgico.com\/fr\/produit\/ciboire-37\/\" \/>\n<meta property=\"og:locale\" content=\"fr_FR\" \/>\n<meta property=\"og:type\" content=\"article\" \/>\n<meta property=\"og:title\" content=\"ciboire - collection ciboires et Laboratorio Gruppo Liturgico\" \/>\n<meta property=\"og:description\" content=\"Ciboire indiqu\u00e9 pour la Communion sous les deux esp\u00e8ces.  A l\u2019int\u00e9rieur il ya les accessoires illustr\u00e9s dans la photo. Le calice et pat\u00e8ne et la coupe pat\u00e8ne qui peuvent \u00eatre enlev\u00e9s. Dans ce cas il se transforme dans un grand ciboire. L\u2019 anneau contient environ 150 hosties Le ciboire environ 300 Hauteur croix comprise cm 15 Diam\u00e8tre cm 15\" \/>\n<meta property=\"og:url\" content=\"https:\/\/www.gruppoliturgico.com\/fr\/produit\/ciboire-37\/\" \/>\n<meta property=\"og:site_name\" content=\"Laboratorio Gruppo Liturgico\" \/>\n<meta property=\"article:modified_time\" content=\"2022-05-20T09:09:31+00:00\" \/>\n<meta property=\"og:image\" content=\"https:\/\/www.gruppoliturgico.com\/wp-content\/uploads\/2022\/05\/2193nv2.jpg\" \/>\n\t<meta property=\"og:image:width\" content=\"2000\" \/>\n\t<meta property=\"og:image:height\" content=\"1646\" \/>\n\t<meta property=\"og:image:type\" content=\"image\/jpeg\" \/>\n<meta name=\"twitter:card\" content=\"summary_large_image\" \/>\n<script type=\"application\/ld+json\" class=\"yoast-schema-graph\">{\"@context\":\"https:\/\/schema.org\",\"@graph\":[{\"@type\":\"WebPage\",\"@id\":\"https:\/\/www.gruppoliturgico.com\/fr\/produit\/ciboire-37\/\",\"url\":\"https:\/\/www.gruppoliturgico.com\/fr\/produit\/ciboire-37\/\",\"name\":\"ciboire - collection ciboires et Laboratorio Gruppo Liturgico\",\"isPartOf\":{\"@id\":\"https:\/\/www.gruppoliturgico.com\/es\/#website\"},\"datePublished\":\"2022-05-20T01:21:25+00:00\",\"dateModified\":\"2022-05-20T09:09:31+00:00\",\"description\":\"Ciboire indiqu\u00e9 pour la Communion sous les deux esp\u00e8ces. A l\u2019int\u00e9rieur il ya les accessoires illustr\u00e9s dans la photo. Le calice et pat\u00e8ne et la coupe pat\u00e8ne qui peuvent \u00eatre enlev\u00e9s. Dans ce cas il se transforme dans un grand ciboire. L\u2019 anneau contient environ 150 hosties Le ciboire environ 300 Hauteur croix comprise cm 15 Diam\u00e8tre cm 15\",\"breadcrumb\":{\"@id\":\"https:\/\/www.gruppoliturgico.com\/fr\/produit\/ciboire-37\/#breadcrumb\"},\"inLanguage\":\"fr-FR\",\"potentialAction\":[{\"@type\":\"ReadAction\",\"target\":[\"https:\/\/www.gruppoliturgico.com\/fr\/produit\/ciboire-37\/\"]}]},{\"@type\":\"BreadcrumbList\",\"@id\":\"https:\/\/www.gruppoliturgico.com\/fr\/produit\/ciboire-37\/#breadcrumb\",\"itemListElement\":[{\"@type\":\"ListItem\",\"position\":1,\"name\":\"Home\",\"item\":\"https:\/\/www.gruppoliturgico.com\/fr\/\"},{\"@type\":\"ListItem\",\"position\":2,\"name\":\"Boutique\",\"item\":\"https:\/\/www.gruppoliturgico.com\/fr\/boutique\/\"},{\"@type\":\"ListItem\",\"position\":3,\"name\":\"ciboire\"}]},{\"@type\":\"WebSite\",\"@id\":\"https:\/\/www.gruppoliturgico.com\/es\/#website\",\"url\":\"https:\/\/www.gruppoliturgico.com\/es\/\",\"name\":\"Laboratorio Gruppo Liturgico\",\"description\":\"Articoli Religiosi online\",\"publisher\":{\"@id\":\"https:\/\/www.gruppoliturgico.com\/es\/#organization\"},\"potentialAction\":[{\"@type\":\"SearchAction\",\"target\":{\"@type\":\"EntryPoint\",\"urlTemplate\":\"https:\/\/www.gruppoliturgico.com\/es\/?s={search_term_string}\"},\"query-input\":\"required name=search_term_string\"}],\"inLanguage\":\"fr-FR\"},{\"@type\":\"Organization\",\"@id\":\"https:\/\/www.gruppoliturgico.com\/es\/#organization\",\"name\":\"Laboratorio Gruppo Liturgico\",\"url\":\"https:\/\/www.gruppoliturgico.com\/es\/\",\"logo\":{\"@type\":\"ImageObject\",\"inLanguage\":\"fr-FR\",\"@id\":\"https:\/\/www.gruppoliturgico.com\/es\/#\/schema\/logo\/image\/\",\"url\":\"https:\/\/www.gruppoliturgico.com\/wp-content\/uploads\/2022\/02\/logo-laboratoriogruppoliturgico.png\",\"contentUrl\":\"https:\/\/www.gruppoliturgico.com\/wp-content\/uploads\/2022\/02\/logo-laboratoriogruppoliturgico.png\",\"width\":400,\"height\":114,\"caption\":\"Laboratorio Gruppo Liturgico\"},\"image\":{\"@id\":\"https:\/\/www.gruppoliturgico.com\/es\/#\/schema\/logo\/image\/\"}}]}<\/script>\n<!-- \/ Yoast SEO plugin. -->","yoast_head_json":{"title":"ciboire - collection ciboires et Laboratorio Gruppo Liturgico","description":"Ciboire indiqu\u00e9 pour la Communion sous les deux esp\u00e8ces.  A l\u2019int\u00e9rieur il ya les accessoires illustr\u00e9s dans la photo. Le calice et pat\u00e8ne et la coupe pat\u00e8ne qui peuvent \u00eatre enlev\u00e9s. Dans ce cas il se transforme dans un grand ciboire. L\u2019 anneau contient environ 150 hosties Le ciboire environ 300 Hauteur croix comprise cm 15 Diam\u00e8tre cm 15","robots":{"index":"index","follow":"follow","max-snippet":"max-snippet:-1","max-image-preview":"max-image-preview:large","max-video-preview":"max-video-preview:-1"},"canonical":"https:\/\/www.gruppoliturgico.com\/fr\/produit\/ciboire-37\/","og_locale":"fr_FR","og_type":"article","og_title":"ciboire - collection ciboires et Laboratorio Gruppo Liturgico","og_description":"Ciboire indiqu\u00e9 pour la Communion sous les deux esp\u00e8ces.  A l\u2019int\u00e9rieur il ya les accessoires illustr\u00e9s dans la photo. Le calice et pat\u00e8ne et la coupe pat\u00e8ne qui peuvent \u00eatre enlev\u00e9s. Dans ce cas il se transforme dans un grand ciboire. L\u2019 anneau contient environ 150 hosties Le ciboire environ 300 Hauteur croix comprise cm 15 Diam\u00e8tre cm 15","og_url":"https:\/\/www.gruppoliturgico.com\/fr\/produit\/ciboire-37\/","og_site_name":"Laboratorio Gruppo Liturgico","article_modified_time":"2022-05-20T09:09:31+00:00","og_image":[{"width":2000,"height":1646,"url":"https:\/\/www.gruppoliturgico.com\/wp-content\/uploads\/2022\/05\/2193nv2.jpg","type":"image\/jpeg"}],"twitter_card":"summary_large_image","schema":{"@context":"https:\/\/schema.org","@graph":[{"@type":"WebPage","@id":"https:\/\/www.gruppoliturgico.com\/fr\/produit\/ciboire-37\/","url":"https:\/\/www.gruppoliturgico.com\/fr\/produit\/ciboire-37\/","name":"ciboire - collection ciboires et Laboratorio Gruppo Liturgico","isPartOf":{"@id":"https:\/\/www.gruppoliturgico.com\/es\/#website"},"datePublished":"2022-05-20T01:21:25+00:00","dateModified":"2022-05-20T09:09:31+00:00","description":"Ciboire indiqu\u00e9 pour la Communion sous les deux esp\u00e8ces. A l\u2019int\u00e9rieur il ya les accessoires illustr\u00e9s dans la photo. Le calice et pat\u00e8ne et la coupe pat\u00e8ne qui peuvent \u00eatre enlev\u00e9s. Dans ce cas il se transforme dans un grand ciboire. L\u2019 anneau contient environ 150 hosties Le ciboire environ 300 Hauteur croix comprise cm 15 Diam\u00e8tre cm 15","breadcrumb":{"@id":"https:\/\/www.gruppoliturgico.com\/fr\/produit\/ciboire-37\/#breadcrumb"},"inLanguage":"fr-FR","potentialAction":[{"@type":"ReadAction","target":["https:\/\/www.gruppoliturgico.com\/fr\/produit\/ciboire-37\/"]}]},{"@type":"BreadcrumbList","@id":"https:\/\/www.gruppoliturgico.com\/fr\/produit\/ciboire-37\/#breadcrumb","itemListElement":[{"@type":"ListItem","position":1,"name":"Home","item":"https:\/\/www.gruppoliturgico.com\/fr\/"},{"@type":"ListItem","position":2,"name":"Boutique","item":"https:\/\/www.gruppoliturgico.com\/fr\/boutique\/"},{"@type":"ListItem","position":3,"name":"ciboire"}]},{"@type":"WebSite","@id":"https:\/\/www.gruppoliturgico.com\/es\/#website","url":"https:\/\/www.gruppoliturgico.com\/es\/","name":"Laboratorio Gruppo Liturgico","description":"Articoli Religiosi online","publisher":{"@id":"https:\/\/www.gruppoliturgico.com\/es\/#organization"},"potentialAction":[{"@type":"SearchAction","target":{"@type":"EntryPoint","urlTemplate":"https:\/\/www.gruppoliturgico.com\/es\/?s={search_term_string}"},"query-input":"required name=search_term_string"}],"inLanguage":"fr-FR"},{"@type":"Organization","@id":"https:\/\/www.gruppoliturgico.com\/es\/#organization","name":"Laboratorio Gruppo Liturgico","url":"https:\/\/www.gruppoliturgico.com\/es\/","logo":{"@type":"ImageObject","inLanguage":"fr-FR","@id":"https:\/\/www.gruppoliturgico.com\/es\/#\/schema\/logo\/image\/","url":"https:\/\/www.gruppoliturgico.com\/wp-content\/uploads\/2022\/02\/logo-laboratoriogruppoliturgico.png","contentUrl":"https:\/\/www.gruppoliturgico.com\/wp-content\/uploads\/2022\/02\/logo-laboratoriogruppoliturgico.png","width":400,"height":114,"caption":"Laboratorio Gruppo Liturgico"},"image":{"@id":"https:\/\/www.gruppoliturgico.com\/es\/#\/schema\/logo\/image\/"}}]}},"_links":{"self":[{"href":"https:\/\/www.gruppoliturgico.com\/fr\/wp-json\/wp\/v2\/product\/68404"}],"collection":[{"href":"https:\/\/www.gruppoliturgico.com\/fr\/wp-json\/wp\/v2\/product"}],"about":[{"href":"https:\/\/www.gruppoliturgico.com\/fr\/wp-json\/wp\/v2\/types\/product"}],"wp:featuredmedia":[{"embeddable":true,"href":"https:\/\/www.gruppoliturgico.com\/fr\/wp-json\/wp\/v2\/media\/130939"}],"wp:attachment":[{"href":"https:\/\/www.gruppoliturgico.com\/fr\/wp-json\/wp\/v2\/media?parent=68404"}],"wp:term":[{"taxonomy":"product_cat","embeddable":true,"href":"https:\/\/www.gruppoliturgico.com\/fr\/wp-json\/wp\/v2\/product_cat?post=68404"},{"taxonomy":"product_tag","embeddable":true,"href":"https:\/\/www.gruppoliturgico.com\/fr\/wp-json\/wp\/v2\/product_tag?post=68404"}],"curies":[{"name":"wp","href":"https:\/\/api.w.org\/{rel}","templated":true}]}}