{"id":68376,"date":"2022-05-20T03:19:51","date_gmt":"2022-05-20T01:19:56","guid":{"rendered":"https:\/\/www.gruppoliturgico.com\/prodotto\/calice-avec-patene-4\/"},"modified":"2022-05-20T11:08:07","modified_gmt":"2022-05-20T09:08:07","slug":"calice-avec-patene-4","status":"publish","type":"product","link":"https:\/\/www.gruppoliturgico.com\/fr\/produit\/calice-avec-patene-4\/","title":{"rendered":"Calice avec pat\u00e8ne"},"content":{"rendered":"<html><body><p>Mod\u00e8le unique et exclusif en bois  fa\u00e7onn\u00e9 au tour enti\u00e8rement \u00e0 la main, compos\u00e9 d\u2019essences pr\u00e9cieuses telles que l\u2019olivier, le noyer national, le cerisier et le padouk.<br>\nD\u00e9coration en coloris bois astiqu\u00e9 avec de la cire de carnauba.<br>\nCoupe en m\u00e9tal dor\u00e9 \u00e0 l\u2019or fin.<br>\nComprenant sa pat\u00e8ne de cm 15 de diam\u00e8tre.<\/p>\n<p>Hauteur cm 21<br>\nDiam\u00e8tre coupe cm 10<\/p>\n<\/body><\/html>","protected":false},"excerpt":{"rendered":"<p>Mod\u00e8le unique et exclusif en bois  fa\u00e7onn\u00e9 au tour enti\u00e8rement \u00e0 la main, compos\u00e9 d\u2019essences pr\u00e9cieuses telles que l\u2019olivier, le noyer national, le cerisier et le padouk.<br \/>\nD\u00e9coration en coloris bois astiqu\u00e9 avec de la cire de carnauba.<br \/>\nCoupe en m\u00e9tal dor\u00e9 \u00e0 l\u2019or fin.<br \/>\nComprenant sa pat\u00e8ne de cm 15 de diam\u00e8tre.<\/p>\n<p>Hauteur cm 21<br \/>\nDiam\u00e8tre coupe cm 10<\/p>\n","protected":false},"featured_media":130759,"template":"","meta":[],"product_cat":[12024,12028],"product_tag":[],"yoast_head":"<!-- This site is optimized with the Yoast SEO plugin v20.4 - https:\/\/yoast.com\/wordpress\/plugins\/seo\/ -->\n<title>Calice avec pat\u00e8ne - collection en bois d&#039;olivier, collection calices et Laboratorio Gruppo Liturgico<\/title>\n<meta name=\"description\" content=\"Mod\u00e8le unique et exclusif en bois fa\u00e7onn\u00e9 au tour enti\u00e8rement \u00e0 la main, compos\u00e9 d\u2019essences pr\u00e9cieuses telles que l\u2019olivier, le noyer national, le cerisier et le padouk.   D\u00e9coration en coloris bois astiqu\u00e9 avec de la cire de carnauba. Coupe en m\u00e9tal dor\u00e9 \u00e0 l\u2019or fin.  Comprenant sa pat\u00e8ne de cm 15 de diam\u00e8tre.  Hauteur cm 21  Diam\u00e8tre coupe cm 10\" \/>\n<meta name=\"robots\" content=\"index, follow, max-snippet:-1, max-image-preview:large, max-video-preview:-1\" \/>\n<link rel=\"canonical\" href=\"https:\/\/www.gruppoliturgico.com\/fr\/produit\/calice-avec-patene-4\/\" \/>\n<meta property=\"og:locale\" content=\"fr_FR\" \/>\n<meta property=\"og:type\" content=\"article\" \/>\n<meta property=\"og:title\" content=\"Calice avec pat\u00e8ne - collection en bois d&#039;olivier, collection calices et Laboratorio Gruppo Liturgico\" \/>\n<meta property=\"og:description\" content=\"Mod\u00e8le unique et exclusif en bois fa\u00e7onn\u00e9 au tour enti\u00e8rement \u00e0 la main, compos\u00e9 d\u2019essences pr\u00e9cieuses telles que l\u2019olivier, le noyer national, le cerisier et le padouk.   D\u00e9coration en coloris bois astiqu\u00e9 avec de la cire de carnauba. Coupe en m\u00e9tal dor\u00e9 \u00e0 l\u2019or fin.  Comprenant sa pat\u00e8ne de cm 15 de diam\u00e8tre.  Hauteur cm 21  Diam\u00e8tre coupe cm 10\" \/>\n<meta property=\"og:url\" content=\"https:\/\/www.gruppoliturgico.com\/fr\/produit\/calice-avec-patene-4\/\" \/>\n<meta property=\"og:site_name\" content=\"Laboratorio Gruppo Liturgico\" \/>\n<meta property=\"article:modified_time\" content=\"2022-05-20T09:08:07+00:00\" \/>\n<meta property=\"og:image\" content=\"https:\/\/www.gruppoliturgico.com\/wp-content\/uploads\/2022\/05\/2252-calice-2_inPixio-1.jpg\" \/>\n\t<meta property=\"og:image:width\" content=\"977\" \/>\n\t<meta property=\"og:image:height\" content=\"1400\" \/>\n\t<meta property=\"og:image:type\" content=\"image\/jpeg\" \/>\n<meta name=\"twitter:card\" content=\"summary_large_image\" \/>\n<script type=\"application\/ld+json\" class=\"yoast-schema-graph\">{\"@context\":\"https:\/\/schema.org\",\"@graph\":[{\"@type\":\"WebPage\",\"@id\":\"https:\/\/www.gruppoliturgico.com\/fr\/produit\/calice-avec-patene-4\/\",\"url\":\"https:\/\/www.gruppoliturgico.com\/fr\/produit\/calice-avec-patene-4\/\",\"name\":\"Calice avec pat\u00e8ne - collection en bois d'olivier, collection calices et Laboratorio Gruppo Liturgico\",\"isPartOf\":{\"@id\":\"https:\/\/www.gruppoliturgico.com\/es\/#website\"},\"datePublished\":\"2022-05-20T01:19:56+00:00\",\"dateModified\":\"2022-05-20T09:08:07+00:00\",\"description\":\"Mod\u00e8le unique et exclusif en bois fa\u00e7onn\u00e9 au tour enti\u00e8rement \u00e0 la main, compos\u00e9 d\u2019essences pr\u00e9cieuses telles que l\u2019olivier, le noyer national, le cerisier et le padouk. D\u00e9coration en coloris bois astiqu\u00e9 avec de la cire de carnauba. Coupe en m\u00e9tal dor\u00e9 \u00e0 l\u2019or fin. Comprenant sa pat\u00e8ne de cm 15 de diam\u00e8tre. Hauteur cm 21 Diam\u00e8tre coupe cm 10\",\"breadcrumb\":{\"@id\":\"https:\/\/www.gruppoliturgico.com\/fr\/produit\/calice-avec-patene-4\/#breadcrumb\"},\"inLanguage\":\"fr-FR\",\"potentialAction\":[{\"@type\":\"ReadAction\",\"target\":[\"https:\/\/www.gruppoliturgico.com\/fr\/produit\/calice-avec-patene-4\/\"]}]},{\"@type\":\"BreadcrumbList\",\"@id\":\"https:\/\/www.gruppoliturgico.com\/fr\/produit\/calice-avec-patene-4\/#breadcrumb\",\"itemListElement\":[{\"@type\":\"ListItem\",\"position\":1,\"name\":\"Home\",\"item\":\"https:\/\/www.gruppoliturgico.com\/fr\/\"},{\"@type\":\"ListItem\",\"position\":2,\"name\":\"Boutique\",\"item\":\"https:\/\/www.gruppoliturgico.com\/fr\/boutique\/\"},{\"@type\":\"ListItem\",\"position\":3,\"name\":\"Calice avec pat\u00e8ne\"}]},{\"@type\":\"WebSite\",\"@id\":\"https:\/\/www.gruppoliturgico.com\/es\/#website\",\"url\":\"https:\/\/www.gruppoliturgico.com\/es\/\",\"name\":\"Laboratorio Gruppo Liturgico\",\"description\":\"Articoli Religiosi online\",\"publisher\":{\"@id\":\"https:\/\/www.gruppoliturgico.com\/es\/#organization\"},\"potentialAction\":[{\"@type\":\"SearchAction\",\"target\":{\"@type\":\"EntryPoint\",\"urlTemplate\":\"https:\/\/www.gruppoliturgico.com\/es\/?s={search_term_string}\"},\"query-input\":\"required name=search_term_string\"}],\"inLanguage\":\"fr-FR\"},{\"@type\":\"Organization\",\"@id\":\"https:\/\/www.gruppoliturgico.com\/es\/#organization\",\"name\":\"Laboratorio Gruppo Liturgico\",\"url\":\"https:\/\/www.gruppoliturgico.com\/es\/\",\"logo\":{\"@type\":\"ImageObject\",\"inLanguage\":\"fr-FR\",\"@id\":\"https:\/\/www.gruppoliturgico.com\/es\/#\/schema\/logo\/image\/\",\"url\":\"https:\/\/www.gruppoliturgico.com\/wp-content\/uploads\/2022\/02\/logo-laboratoriogruppoliturgico.png\",\"contentUrl\":\"https:\/\/www.gruppoliturgico.com\/wp-content\/uploads\/2022\/02\/logo-laboratoriogruppoliturgico.png\",\"width\":400,\"height\":114,\"caption\":\"Laboratorio Gruppo Liturgico\"},\"image\":{\"@id\":\"https:\/\/www.gruppoliturgico.com\/es\/#\/schema\/logo\/image\/\"}}]}<\/script>\n<!-- \/ Yoast SEO plugin. -->","yoast_head_json":{"title":"Calice avec pat\u00e8ne - collection en bois d'olivier, collection calices et Laboratorio Gruppo Liturgico","description":"Mod\u00e8le unique et exclusif en bois fa\u00e7onn\u00e9 au tour enti\u00e8rement \u00e0 la main, compos\u00e9 d\u2019essences pr\u00e9cieuses telles que l\u2019olivier, le noyer national, le cerisier et le padouk.   D\u00e9coration en coloris bois astiqu\u00e9 avec de la cire de carnauba. Coupe en m\u00e9tal dor\u00e9 \u00e0 l\u2019or fin.  Comprenant sa pat\u00e8ne de cm 15 de diam\u00e8tre.  Hauteur cm 21  Diam\u00e8tre coupe cm 10","robots":{"index":"index","follow":"follow","max-snippet":"max-snippet:-1","max-image-preview":"max-image-preview:large","max-video-preview":"max-video-preview:-1"},"canonical":"https:\/\/www.gruppoliturgico.com\/fr\/produit\/calice-avec-patene-4\/","og_locale":"fr_FR","og_type":"article","og_title":"Calice avec pat\u00e8ne - collection en bois d'olivier, collection calices et Laboratorio Gruppo Liturgico","og_description":"Mod\u00e8le unique et exclusif en bois fa\u00e7onn\u00e9 au tour enti\u00e8rement \u00e0 la main, compos\u00e9 d\u2019essences pr\u00e9cieuses telles que l\u2019olivier, le noyer national, le cerisier et le padouk.   D\u00e9coration en coloris bois astiqu\u00e9 avec de la cire de carnauba. Coupe en m\u00e9tal dor\u00e9 \u00e0 l\u2019or fin.  Comprenant sa pat\u00e8ne de cm 15 de diam\u00e8tre.  Hauteur cm 21  Diam\u00e8tre coupe cm 10","og_url":"https:\/\/www.gruppoliturgico.com\/fr\/produit\/calice-avec-patene-4\/","og_site_name":"Laboratorio Gruppo Liturgico","article_modified_time":"2022-05-20T09:08:07+00:00","og_image":[{"width":977,"height":1400,"url":"https:\/\/www.gruppoliturgico.com\/wp-content\/uploads\/2022\/05\/2252-calice-2_inPixio-1.jpg","type":"image\/jpeg"}],"twitter_card":"summary_large_image","schema":{"@context":"https:\/\/schema.org","@graph":[{"@type":"WebPage","@id":"https:\/\/www.gruppoliturgico.com\/fr\/produit\/calice-avec-patene-4\/","url":"https:\/\/www.gruppoliturgico.com\/fr\/produit\/calice-avec-patene-4\/","name":"Calice avec pat\u00e8ne - collection en bois d'olivier, collection calices et Laboratorio Gruppo Liturgico","isPartOf":{"@id":"https:\/\/www.gruppoliturgico.com\/es\/#website"},"datePublished":"2022-05-20T01:19:56+00:00","dateModified":"2022-05-20T09:08:07+00:00","description":"Mod\u00e8le unique et exclusif en bois fa\u00e7onn\u00e9 au tour enti\u00e8rement \u00e0 la main, compos\u00e9 d\u2019essences pr\u00e9cieuses telles que l\u2019olivier, le noyer national, le cerisier et le padouk. D\u00e9coration en coloris bois astiqu\u00e9 avec de la cire de carnauba. Coupe en m\u00e9tal dor\u00e9 \u00e0 l\u2019or fin. Comprenant sa pat\u00e8ne de cm 15 de diam\u00e8tre. Hauteur cm 21 Diam\u00e8tre coupe cm 10","breadcrumb":{"@id":"https:\/\/www.gruppoliturgico.com\/fr\/produit\/calice-avec-patene-4\/#breadcrumb"},"inLanguage":"fr-FR","potentialAction":[{"@type":"ReadAction","target":["https:\/\/www.gruppoliturgico.com\/fr\/produit\/calice-avec-patene-4\/"]}]},{"@type":"BreadcrumbList","@id":"https:\/\/www.gruppoliturgico.com\/fr\/produit\/calice-avec-patene-4\/#breadcrumb","itemListElement":[{"@type":"ListItem","position":1,"name":"Home","item":"https:\/\/www.gruppoliturgico.com\/fr\/"},{"@type":"ListItem","position":2,"name":"Boutique","item":"https:\/\/www.gruppoliturgico.com\/fr\/boutique\/"},{"@type":"ListItem","position":3,"name":"Calice avec pat\u00e8ne"}]},{"@type":"WebSite","@id":"https:\/\/www.gruppoliturgico.com\/es\/#website","url":"https:\/\/www.gruppoliturgico.com\/es\/","name":"Laboratorio Gruppo Liturgico","description":"Articoli Religiosi online","publisher":{"@id":"https:\/\/www.gruppoliturgico.com\/es\/#organization"},"potentialAction":[{"@type":"SearchAction","target":{"@type":"EntryPoint","urlTemplate":"https:\/\/www.gruppoliturgico.com\/es\/?s={search_term_string}"},"query-input":"required name=search_term_string"}],"inLanguage":"fr-FR"},{"@type":"Organization","@id":"https:\/\/www.gruppoliturgico.com\/es\/#organization","name":"Laboratorio Gruppo Liturgico","url":"https:\/\/www.gruppoliturgico.com\/es\/","logo":{"@type":"ImageObject","inLanguage":"fr-FR","@id":"https:\/\/www.gruppoliturgico.com\/es\/#\/schema\/logo\/image\/","url":"https:\/\/www.gruppoliturgico.com\/wp-content\/uploads\/2022\/02\/logo-laboratoriogruppoliturgico.png","contentUrl":"https:\/\/www.gruppoliturgico.com\/wp-content\/uploads\/2022\/02\/logo-laboratoriogruppoliturgico.png","width":400,"height":114,"caption":"Laboratorio Gruppo Liturgico"},"image":{"@id":"https:\/\/www.gruppoliturgico.com\/es\/#\/schema\/logo\/image\/"}}]}},"_links":{"self":[{"href":"https:\/\/www.gruppoliturgico.com\/fr\/wp-json\/wp\/v2\/product\/68376"}],"collection":[{"href":"https:\/\/www.gruppoliturgico.com\/fr\/wp-json\/wp\/v2\/product"}],"about":[{"href":"https:\/\/www.gruppoliturgico.com\/fr\/wp-json\/wp\/v2\/types\/product"}],"wp:featuredmedia":[{"embeddable":true,"href":"https:\/\/www.gruppoliturgico.com\/fr\/wp-json\/wp\/v2\/media\/130759"}],"wp:attachment":[{"href":"https:\/\/www.gruppoliturgico.com\/fr\/wp-json\/wp\/v2\/media?parent=68376"}],"wp:term":[{"taxonomy":"product_cat","embeddable":true,"href":"https:\/\/www.gruppoliturgico.com\/fr\/wp-json\/wp\/v2\/product_cat?post=68376"},{"taxonomy":"product_tag","embeddable":true,"href":"https:\/\/www.gruppoliturgico.com\/fr\/wp-json\/wp\/v2\/product_tag?post=68376"}],"curies":[{"name":"wp","href":"https:\/\/api.w.org\/{rel}","templated":true}]}}