{"id":68328,"date":"2022-05-20T03:17:00","date_gmt":"2022-05-20T01:17:42","guid":{"rendered":"https:\/\/www.gruppoliturgico.com\/prodotto\/chasuble-61\/"},"modified":"2022-06-15T15:34:00","modified_gmt":"2022-06-15T13:34:00","slug":"chasuble-61","status":"publish","type":"product","link":"https:\/\/www.gruppoliturgico.com\/fr\/produit\/chasuble-61\/","title":{"rendered":"Chasuble"},"content":{"rendered":"<html><body><p>Chasuble de prestige r\u00e9alis\u00e9e avec un tissu de haute qualit\u00e9 de pure laine lamin\u00e9 or.<br>\nElle pr\u00e9sente sur le devant un ornement de trois applications en m\u00e9tal vieilli enrichies de cristaux ornementaux de la m\u00eame couleur que la couleur liturgique , une seule sur le dos.<br>\nElle est orn\u00e9e d\u2019une pr\u00e9cieuse passementerie dor\u00e9e.<\/p>\n<\/body><\/html>","protected":false},"excerpt":{"rendered":"<p>Chasuble de prestige r\u00e9alis\u00e9e avec un tissu de haute qualit\u00e9 de pure laine lamin\u00e9 or.<br \/>\nElle pr\u00e9sente sur le devant un ornement de trois applications en m\u00e9tal vieilli enrichies de cristaux ornementaux de la m\u00eame couleur que la couleur liturgique , une seule sur le dos.<br \/>\nElle est orn\u00e9e d\u2019une pr\u00e9cieuse passementerie dor\u00e9e.<\/p>\n","protected":false},"featured_media":117087,"template":"","meta":[],"product_cat":[12244],"product_tag":[],"yoast_head":"<!-- This site is optimized with the Yoast SEO plugin v20.4 - https:\/\/yoast.com\/wordpress\/plugins\/seo\/ -->\n<title>Chasuble - solennelles et Laboratorio Gruppo Liturgico<\/title>\n<meta name=\"description\" content=\"Chasuble de prestige r\u00e9alis\u00e9e avec un tissu de haute qualit\u00e9 de pure laine lamin\u00e9 or. Elle pr\u00e9sente sur le devant un ornement de trois applications en m\u00e9tal vieilli enrichies de cristaux ornementaux de la m\u00eame couleur que la couleur liturgique , une seule sur le dos. Elle est orn\u00e9e d\u2019une pr\u00e9cieuse passementerie dor\u00e9e.\" \/>\n<meta name=\"robots\" content=\"index, follow, max-snippet:-1, max-image-preview:large, max-video-preview:-1\" \/>\n<link rel=\"canonical\" href=\"https:\/\/www.gruppoliturgico.com\/fr\/produit\/chasuble-61\/\" \/>\n<meta property=\"og:locale\" content=\"fr_FR\" \/>\n<meta property=\"og:type\" content=\"article\" \/>\n<meta property=\"og:title\" content=\"Chasuble - solennelles et Laboratorio Gruppo Liturgico\" \/>\n<meta property=\"og:description\" content=\"Chasuble de prestige r\u00e9alis\u00e9e avec un tissu de haute qualit\u00e9 de pure laine lamin\u00e9 or. Elle pr\u00e9sente sur le devant un ornement de trois applications en m\u00e9tal vieilli enrichies de cristaux ornementaux de la m\u00eame couleur que la couleur liturgique , une seule sur le dos. Elle est orn\u00e9e d\u2019une pr\u00e9cieuse passementerie dor\u00e9e.\" \/>\n<meta property=\"og:url\" content=\"https:\/\/www.gruppoliturgico.com\/fr\/produit\/chasuble-61\/\" \/>\n<meta property=\"og:site_name\" content=\"Laboratorio Gruppo Liturgico\" \/>\n<meta property=\"article:modified_time\" content=\"2022-06-15T13:34:00+00:00\" \/>\n<meta property=\"og:image\" content=\"https:\/\/www.gruppoliturgico.com\/wp-content\/uploads\/2022\/09\/3846-verde.jpg\" \/>\n\t<meta property=\"og:image:width\" content=\"1312\" \/>\n\t<meta property=\"og:image:height\" content=\"1500\" \/>\n\t<meta property=\"og:image:type\" content=\"image\/jpeg\" \/>\n<meta name=\"twitter:card\" content=\"summary_large_image\" \/>\n<script type=\"application\/ld+json\" class=\"yoast-schema-graph\">{\"@context\":\"https:\/\/schema.org\",\"@graph\":[{\"@type\":\"WebPage\",\"@id\":\"https:\/\/www.gruppoliturgico.com\/fr\/produit\/chasuble-61\/\",\"url\":\"https:\/\/www.gruppoliturgico.com\/fr\/produit\/chasuble-61\/\",\"name\":\"Chasuble - solennelles et Laboratorio Gruppo Liturgico\",\"isPartOf\":{\"@id\":\"https:\/\/www.gruppoliturgico.com\/es\/#website\"},\"datePublished\":\"2022-05-20T01:17:42+00:00\",\"dateModified\":\"2022-06-15T13:34:00+00:00\",\"description\":\"Chasuble de prestige r\u00e9alis\u00e9e avec un tissu de haute qualit\u00e9 de pure laine lamin\u00e9 or. Elle pr\u00e9sente sur le devant un ornement de trois applications en m\u00e9tal vieilli enrichies de cristaux ornementaux de la m\u00eame couleur que la couleur liturgique , une seule sur le dos. Elle est orn\u00e9e d\u2019une pr\u00e9cieuse passementerie dor\u00e9e.\",\"breadcrumb\":{\"@id\":\"https:\/\/www.gruppoliturgico.com\/fr\/produit\/chasuble-61\/#breadcrumb\"},\"inLanguage\":\"fr-FR\",\"potentialAction\":[{\"@type\":\"ReadAction\",\"target\":[\"https:\/\/www.gruppoliturgico.com\/fr\/produit\/chasuble-61\/\"]}]},{\"@type\":\"BreadcrumbList\",\"@id\":\"https:\/\/www.gruppoliturgico.com\/fr\/produit\/chasuble-61\/#breadcrumb\",\"itemListElement\":[{\"@type\":\"ListItem\",\"position\":1,\"name\":\"Home\",\"item\":\"https:\/\/www.gruppoliturgico.com\/fr\/\"},{\"@type\":\"ListItem\",\"position\":2,\"name\":\"Boutique\",\"item\":\"https:\/\/www.gruppoliturgico.com\/fr\/boutique\/\"},{\"@type\":\"ListItem\",\"position\":3,\"name\":\"Chasuble\"}]},{\"@type\":\"WebSite\",\"@id\":\"https:\/\/www.gruppoliturgico.com\/es\/#website\",\"url\":\"https:\/\/www.gruppoliturgico.com\/es\/\",\"name\":\"Laboratorio Gruppo Liturgico\",\"description\":\"Articoli Religiosi online\",\"publisher\":{\"@id\":\"https:\/\/www.gruppoliturgico.com\/es\/#organization\"},\"potentialAction\":[{\"@type\":\"SearchAction\",\"target\":{\"@type\":\"EntryPoint\",\"urlTemplate\":\"https:\/\/www.gruppoliturgico.com\/es\/?s={search_term_string}\"},\"query-input\":\"required name=search_term_string\"}],\"inLanguage\":\"fr-FR\"},{\"@type\":\"Organization\",\"@id\":\"https:\/\/www.gruppoliturgico.com\/es\/#organization\",\"name\":\"Laboratorio Gruppo Liturgico\",\"url\":\"https:\/\/www.gruppoliturgico.com\/es\/\",\"logo\":{\"@type\":\"ImageObject\",\"inLanguage\":\"fr-FR\",\"@id\":\"https:\/\/www.gruppoliturgico.com\/es\/#\/schema\/logo\/image\/\",\"url\":\"https:\/\/www.gruppoliturgico.com\/wp-content\/uploads\/2022\/02\/logo-laboratoriogruppoliturgico.png\",\"contentUrl\":\"https:\/\/www.gruppoliturgico.com\/wp-content\/uploads\/2022\/02\/logo-laboratoriogruppoliturgico.png\",\"width\":400,\"height\":114,\"caption\":\"Laboratorio Gruppo Liturgico\"},\"image\":{\"@id\":\"https:\/\/www.gruppoliturgico.com\/es\/#\/schema\/logo\/image\/\"}}]}<\/script>\n<!-- \/ Yoast SEO plugin. -->","yoast_head_json":{"title":"Chasuble - solennelles et Laboratorio Gruppo Liturgico","description":"Chasuble de prestige r\u00e9alis\u00e9e avec un tissu de haute qualit\u00e9 de pure laine lamin\u00e9 or. Elle pr\u00e9sente sur le devant un ornement de trois applications en m\u00e9tal vieilli enrichies de cristaux ornementaux de la m\u00eame couleur que la couleur liturgique , une seule sur le dos. Elle est orn\u00e9e d\u2019une pr\u00e9cieuse passementerie dor\u00e9e.","robots":{"index":"index","follow":"follow","max-snippet":"max-snippet:-1","max-image-preview":"max-image-preview:large","max-video-preview":"max-video-preview:-1"},"canonical":"https:\/\/www.gruppoliturgico.com\/fr\/produit\/chasuble-61\/","og_locale":"fr_FR","og_type":"article","og_title":"Chasuble - solennelles et Laboratorio Gruppo Liturgico","og_description":"Chasuble de prestige r\u00e9alis\u00e9e avec un tissu de haute qualit\u00e9 de pure laine lamin\u00e9 or. Elle pr\u00e9sente sur le devant un ornement de trois applications en m\u00e9tal vieilli enrichies de cristaux ornementaux de la m\u00eame couleur que la couleur liturgique , une seule sur le dos. Elle est orn\u00e9e d\u2019une pr\u00e9cieuse passementerie dor\u00e9e.","og_url":"https:\/\/www.gruppoliturgico.com\/fr\/produit\/chasuble-61\/","og_site_name":"Laboratorio Gruppo Liturgico","article_modified_time":"2022-06-15T13:34:00+00:00","og_image":[{"width":1312,"height":1500,"url":"https:\/\/www.gruppoliturgico.com\/wp-content\/uploads\/2022\/09\/3846-verde.jpg","type":"image\/jpeg"}],"twitter_card":"summary_large_image","schema":{"@context":"https:\/\/schema.org","@graph":[{"@type":"WebPage","@id":"https:\/\/www.gruppoliturgico.com\/fr\/produit\/chasuble-61\/","url":"https:\/\/www.gruppoliturgico.com\/fr\/produit\/chasuble-61\/","name":"Chasuble - solennelles et Laboratorio Gruppo Liturgico","isPartOf":{"@id":"https:\/\/www.gruppoliturgico.com\/es\/#website"},"datePublished":"2022-05-20T01:17:42+00:00","dateModified":"2022-06-15T13:34:00+00:00","description":"Chasuble de prestige r\u00e9alis\u00e9e avec un tissu de haute qualit\u00e9 de pure laine lamin\u00e9 or. Elle pr\u00e9sente sur le devant un ornement de trois applications en m\u00e9tal vieilli enrichies de cristaux ornementaux de la m\u00eame couleur que la couleur liturgique , une seule sur le dos. Elle est orn\u00e9e d\u2019une pr\u00e9cieuse passementerie dor\u00e9e.","breadcrumb":{"@id":"https:\/\/www.gruppoliturgico.com\/fr\/produit\/chasuble-61\/#breadcrumb"},"inLanguage":"fr-FR","potentialAction":[{"@type":"ReadAction","target":["https:\/\/www.gruppoliturgico.com\/fr\/produit\/chasuble-61\/"]}]},{"@type":"BreadcrumbList","@id":"https:\/\/www.gruppoliturgico.com\/fr\/produit\/chasuble-61\/#breadcrumb","itemListElement":[{"@type":"ListItem","position":1,"name":"Home","item":"https:\/\/www.gruppoliturgico.com\/fr\/"},{"@type":"ListItem","position":2,"name":"Boutique","item":"https:\/\/www.gruppoliturgico.com\/fr\/boutique\/"},{"@type":"ListItem","position":3,"name":"Chasuble"}]},{"@type":"WebSite","@id":"https:\/\/www.gruppoliturgico.com\/es\/#website","url":"https:\/\/www.gruppoliturgico.com\/es\/","name":"Laboratorio Gruppo Liturgico","description":"Articoli Religiosi online","publisher":{"@id":"https:\/\/www.gruppoliturgico.com\/es\/#organization"},"potentialAction":[{"@type":"SearchAction","target":{"@type":"EntryPoint","urlTemplate":"https:\/\/www.gruppoliturgico.com\/es\/?s={search_term_string}"},"query-input":"required name=search_term_string"}],"inLanguage":"fr-FR"},{"@type":"Organization","@id":"https:\/\/www.gruppoliturgico.com\/es\/#organization","name":"Laboratorio Gruppo Liturgico","url":"https:\/\/www.gruppoliturgico.com\/es\/","logo":{"@type":"ImageObject","inLanguage":"fr-FR","@id":"https:\/\/www.gruppoliturgico.com\/es\/#\/schema\/logo\/image\/","url":"https:\/\/www.gruppoliturgico.com\/wp-content\/uploads\/2022\/02\/logo-laboratoriogruppoliturgico.png","contentUrl":"https:\/\/www.gruppoliturgico.com\/wp-content\/uploads\/2022\/02\/logo-laboratoriogruppoliturgico.png","width":400,"height":114,"caption":"Laboratorio Gruppo Liturgico"},"image":{"@id":"https:\/\/www.gruppoliturgico.com\/es\/#\/schema\/logo\/image\/"}}]}},"_links":{"self":[{"href":"https:\/\/www.gruppoliturgico.com\/fr\/wp-json\/wp\/v2\/product\/68328"}],"collection":[{"href":"https:\/\/www.gruppoliturgico.com\/fr\/wp-json\/wp\/v2\/product"}],"about":[{"href":"https:\/\/www.gruppoliturgico.com\/fr\/wp-json\/wp\/v2\/types\/product"}],"wp:featuredmedia":[{"embeddable":true,"href":"https:\/\/www.gruppoliturgico.com\/fr\/wp-json\/wp\/v2\/media\/117087"}],"wp:attachment":[{"href":"https:\/\/www.gruppoliturgico.com\/fr\/wp-json\/wp\/v2\/media?parent=68328"}],"wp:term":[{"taxonomy":"product_cat","embeddable":true,"href":"https:\/\/www.gruppoliturgico.com\/fr\/wp-json\/wp\/v2\/product_cat?post=68328"},{"taxonomy":"product_tag","embeddable":true,"href":"https:\/\/www.gruppoliturgico.com\/fr\/wp-json\/wp\/v2\/product_tag?post=68328"}],"curies":[{"name":"wp","href":"https:\/\/api.w.org\/{rel}","templated":true}]}}