{"id":68299,"date":"2022-05-20T03:16:09","date_gmt":"2022-05-20T01:16:16","guid":{"rendered":"https:\/\/www.gruppoliturgico.com\/prodotto\/st-jean-paul-ii-5\/"},"modified":"2022-11-02T17:44:47","modified_gmt":"2022-11-02T16:44:47","slug":"st-jean-paul-ii-5","status":"publish","type":"product","link":"https:\/\/www.gruppoliturgico.com\/fr\/produit\/st-jean-paul-ii-5\/","title":{"rendered":"St.Jean-Paul II"},"content":{"rendered":"<html><body><p>Merveilleuse statue en fibre r\u00e9sine d\u00e9cor\u00e9 \u00e0 la main.<br>\nElle est indiqu\u00e9e pour la construction de monuments et donc pour \u00eatre plac\u00e9e \u00e0 l\u2019ext\u00e9rieure.<br>\nHauteurs disponibles cm 140 et cm 160<\/p>\n<\/body><\/html>","protected":false},"excerpt":{"rendered":"<p>Merveilleuse statue en fibre r\u00e9sine d\u00e9cor\u00e9 \u00e0 la main.<br \/>\nElle est indiqu\u00e9e pour la construction de monuments et donc pour \u00eatre plac\u00e9e \u00e0 l&rsquo;ext\u00e9rieure.<br \/>\nHauteurs disponibles cm 140 et cm 160<\/p>\n","protected":false},"featured_media":134067,"template":"","meta":[],"product_cat":[12732],"product_tag":[],"yoast_head":"<!-- This site is optimized with the Yoast SEO plugin v20.4 - https:\/\/yoast.com\/wordpress\/plugins\/seo\/ -->\n<title>St.Jean-Paul II - St.Jean-Paul II et Laboratorio Gruppo Liturgico<\/title>\n<meta name=\"description\" content=\"Merveilleuse statue en fibre r\u00e9sine d\u00e9cor\u00e9 \u00e0 la main. Elle est indiqu\u00e9e pour la construction de monuments et donc pour \u00eatre plac\u00e9e \u00e0 l&#039;ext\u00e9rieure.  Hauteurs disponibles cm 140 et cm 160\" \/>\n<meta name=\"robots\" content=\"index, follow, max-snippet:-1, max-image-preview:large, max-video-preview:-1\" \/>\n<link rel=\"canonical\" href=\"https:\/\/www.gruppoliturgico.com\/fr\/produit\/st-jean-paul-ii-5\/\" \/>\n<meta property=\"og:locale\" content=\"fr_FR\" \/>\n<meta property=\"og:type\" content=\"article\" \/>\n<meta property=\"og:title\" content=\"St.Jean-Paul II - St.Jean-Paul II et Laboratorio Gruppo Liturgico\" \/>\n<meta property=\"og:description\" content=\"Merveilleuse statue en fibre r\u00e9sine d\u00e9cor\u00e9 \u00e0 la main. Elle est indiqu\u00e9e pour la construction de monuments et donc pour \u00eatre plac\u00e9e \u00e0 l&#039;ext\u00e9rieure.  Hauteurs disponibles cm 140 et cm 160\" \/>\n<meta property=\"og:url\" content=\"https:\/\/www.gruppoliturgico.com\/fr\/produit\/st-jean-paul-ii-5\/\" \/>\n<meta property=\"og:site_name\" content=\"Laboratorio Gruppo Liturgico\" \/>\n<meta property=\"article:modified_time\" content=\"2022-11-02T16:44:47+00:00\" \/>\n<meta property=\"og:image\" content=\"https:\/\/www.gruppoliturgico.com\/wp-content\/uploads\/2022\/05\/Papa20casula20gialla.jpg\" \/>\n\t<meta property=\"og:image:width\" content=\"584\" \/>\n\t<meta property=\"og:image:height\" content=\"1500\" \/>\n\t<meta property=\"og:image:type\" content=\"image\/jpeg\" \/>\n<meta name=\"twitter:card\" content=\"summary_large_image\" \/>\n<script type=\"application\/ld+json\" class=\"yoast-schema-graph\">{\"@context\":\"https:\/\/schema.org\",\"@graph\":[{\"@type\":\"WebPage\",\"@id\":\"https:\/\/www.gruppoliturgico.com\/fr\/produit\/st-jean-paul-ii-5\/\",\"url\":\"https:\/\/www.gruppoliturgico.com\/fr\/produit\/st-jean-paul-ii-5\/\",\"name\":\"St.Jean-Paul II - St.Jean-Paul II et Laboratorio Gruppo Liturgico\",\"isPartOf\":{\"@id\":\"https:\/\/www.gruppoliturgico.com\/es\/#website\"},\"datePublished\":\"2022-05-20T01:16:16+00:00\",\"dateModified\":\"2022-11-02T16:44:47+00:00\",\"description\":\"Merveilleuse statue en fibre r\u00e9sine d\u00e9cor\u00e9 \u00e0 la main. Elle est indiqu\u00e9e pour la construction de monuments et donc pour \u00eatre plac\u00e9e \u00e0 l'ext\u00e9rieure. Hauteurs disponibles cm 140 et cm 160\",\"breadcrumb\":{\"@id\":\"https:\/\/www.gruppoliturgico.com\/fr\/produit\/st-jean-paul-ii-5\/#breadcrumb\"},\"inLanguage\":\"fr-FR\",\"potentialAction\":[{\"@type\":\"ReadAction\",\"target\":[\"https:\/\/www.gruppoliturgico.com\/fr\/produit\/st-jean-paul-ii-5\/\"]}]},{\"@type\":\"BreadcrumbList\",\"@id\":\"https:\/\/www.gruppoliturgico.com\/fr\/produit\/st-jean-paul-ii-5\/#breadcrumb\",\"itemListElement\":[{\"@type\":\"ListItem\",\"position\":1,\"name\":\"Home\",\"item\":\"https:\/\/www.gruppoliturgico.com\/fr\/\"},{\"@type\":\"ListItem\",\"position\":2,\"name\":\"Boutique\",\"item\":\"https:\/\/www.gruppoliturgico.com\/fr\/boutique\/\"},{\"@type\":\"ListItem\",\"position\":3,\"name\":\"St.Jean-Paul II\"}]},{\"@type\":\"WebSite\",\"@id\":\"https:\/\/www.gruppoliturgico.com\/es\/#website\",\"url\":\"https:\/\/www.gruppoliturgico.com\/es\/\",\"name\":\"Laboratorio Gruppo Liturgico\",\"description\":\"Articoli Religiosi online\",\"publisher\":{\"@id\":\"https:\/\/www.gruppoliturgico.com\/es\/#organization\"},\"potentialAction\":[{\"@type\":\"SearchAction\",\"target\":{\"@type\":\"EntryPoint\",\"urlTemplate\":\"https:\/\/www.gruppoliturgico.com\/es\/?s={search_term_string}\"},\"query-input\":\"required name=search_term_string\"}],\"inLanguage\":\"fr-FR\"},{\"@type\":\"Organization\",\"@id\":\"https:\/\/www.gruppoliturgico.com\/es\/#organization\",\"name\":\"Laboratorio Gruppo Liturgico\",\"url\":\"https:\/\/www.gruppoliturgico.com\/es\/\",\"logo\":{\"@type\":\"ImageObject\",\"inLanguage\":\"fr-FR\",\"@id\":\"https:\/\/www.gruppoliturgico.com\/es\/#\/schema\/logo\/image\/\",\"url\":\"https:\/\/www.gruppoliturgico.com\/wp-content\/uploads\/2022\/02\/logo-laboratoriogruppoliturgico.png\",\"contentUrl\":\"https:\/\/www.gruppoliturgico.com\/wp-content\/uploads\/2022\/02\/logo-laboratoriogruppoliturgico.png\",\"width\":400,\"height\":114,\"caption\":\"Laboratorio Gruppo Liturgico\"},\"image\":{\"@id\":\"https:\/\/www.gruppoliturgico.com\/es\/#\/schema\/logo\/image\/\"}}]}<\/script>\n<!-- \/ Yoast SEO plugin. -->","yoast_head_json":{"title":"St.Jean-Paul II - St.Jean-Paul II et Laboratorio Gruppo Liturgico","description":"Merveilleuse statue en fibre r\u00e9sine d\u00e9cor\u00e9 \u00e0 la main. Elle est indiqu\u00e9e pour la construction de monuments et donc pour \u00eatre plac\u00e9e \u00e0 l'ext\u00e9rieure.  Hauteurs disponibles cm 140 et cm 160","robots":{"index":"index","follow":"follow","max-snippet":"max-snippet:-1","max-image-preview":"max-image-preview:large","max-video-preview":"max-video-preview:-1"},"canonical":"https:\/\/www.gruppoliturgico.com\/fr\/produit\/st-jean-paul-ii-5\/","og_locale":"fr_FR","og_type":"article","og_title":"St.Jean-Paul II - St.Jean-Paul II et Laboratorio Gruppo Liturgico","og_description":"Merveilleuse statue en fibre r\u00e9sine d\u00e9cor\u00e9 \u00e0 la main. Elle est indiqu\u00e9e pour la construction de monuments et donc pour \u00eatre plac\u00e9e \u00e0 l'ext\u00e9rieure.  Hauteurs disponibles cm 140 et cm 160","og_url":"https:\/\/www.gruppoliturgico.com\/fr\/produit\/st-jean-paul-ii-5\/","og_site_name":"Laboratorio Gruppo Liturgico","article_modified_time":"2022-11-02T16:44:47+00:00","og_image":[{"width":584,"height":1500,"url":"https:\/\/www.gruppoliturgico.com\/wp-content\/uploads\/2022\/05\/Papa20casula20gialla.jpg","type":"image\/jpeg"}],"twitter_card":"summary_large_image","schema":{"@context":"https:\/\/schema.org","@graph":[{"@type":"WebPage","@id":"https:\/\/www.gruppoliturgico.com\/fr\/produit\/st-jean-paul-ii-5\/","url":"https:\/\/www.gruppoliturgico.com\/fr\/produit\/st-jean-paul-ii-5\/","name":"St.Jean-Paul II - St.Jean-Paul II et Laboratorio Gruppo Liturgico","isPartOf":{"@id":"https:\/\/www.gruppoliturgico.com\/es\/#website"},"datePublished":"2022-05-20T01:16:16+00:00","dateModified":"2022-11-02T16:44:47+00:00","description":"Merveilleuse statue en fibre r\u00e9sine d\u00e9cor\u00e9 \u00e0 la main. Elle est indiqu\u00e9e pour la construction de monuments et donc pour \u00eatre plac\u00e9e \u00e0 l'ext\u00e9rieure. Hauteurs disponibles cm 140 et cm 160","breadcrumb":{"@id":"https:\/\/www.gruppoliturgico.com\/fr\/produit\/st-jean-paul-ii-5\/#breadcrumb"},"inLanguage":"fr-FR","potentialAction":[{"@type":"ReadAction","target":["https:\/\/www.gruppoliturgico.com\/fr\/produit\/st-jean-paul-ii-5\/"]}]},{"@type":"BreadcrumbList","@id":"https:\/\/www.gruppoliturgico.com\/fr\/produit\/st-jean-paul-ii-5\/#breadcrumb","itemListElement":[{"@type":"ListItem","position":1,"name":"Home","item":"https:\/\/www.gruppoliturgico.com\/fr\/"},{"@type":"ListItem","position":2,"name":"Boutique","item":"https:\/\/www.gruppoliturgico.com\/fr\/boutique\/"},{"@type":"ListItem","position":3,"name":"St.Jean-Paul II"}]},{"@type":"WebSite","@id":"https:\/\/www.gruppoliturgico.com\/es\/#website","url":"https:\/\/www.gruppoliturgico.com\/es\/","name":"Laboratorio Gruppo Liturgico","description":"Articoli Religiosi online","publisher":{"@id":"https:\/\/www.gruppoliturgico.com\/es\/#organization"},"potentialAction":[{"@type":"SearchAction","target":{"@type":"EntryPoint","urlTemplate":"https:\/\/www.gruppoliturgico.com\/es\/?s={search_term_string}"},"query-input":"required name=search_term_string"}],"inLanguage":"fr-FR"},{"@type":"Organization","@id":"https:\/\/www.gruppoliturgico.com\/es\/#organization","name":"Laboratorio Gruppo Liturgico","url":"https:\/\/www.gruppoliturgico.com\/es\/","logo":{"@type":"ImageObject","inLanguage":"fr-FR","@id":"https:\/\/www.gruppoliturgico.com\/es\/#\/schema\/logo\/image\/","url":"https:\/\/www.gruppoliturgico.com\/wp-content\/uploads\/2022\/02\/logo-laboratoriogruppoliturgico.png","contentUrl":"https:\/\/www.gruppoliturgico.com\/wp-content\/uploads\/2022\/02\/logo-laboratoriogruppoliturgico.png","width":400,"height":114,"caption":"Laboratorio Gruppo Liturgico"},"image":{"@id":"https:\/\/www.gruppoliturgico.com\/es\/#\/schema\/logo\/image\/"}}]}},"_links":{"self":[{"href":"https:\/\/www.gruppoliturgico.com\/fr\/wp-json\/wp\/v2\/product\/68299"}],"collection":[{"href":"https:\/\/www.gruppoliturgico.com\/fr\/wp-json\/wp\/v2\/product"}],"about":[{"href":"https:\/\/www.gruppoliturgico.com\/fr\/wp-json\/wp\/v2\/types\/product"}],"wp:featuredmedia":[{"embeddable":true,"href":"https:\/\/www.gruppoliturgico.com\/fr\/wp-json\/wp\/v2\/media\/134067"}],"wp:attachment":[{"href":"https:\/\/www.gruppoliturgico.com\/fr\/wp-json\/wp\/v2\/media?parent=68299"}],"wp:term":[{"taxonomy":"product_cat","embeddable":true,"href":"https:\/\/www.gruppoliturgico.com\/fr\/wp-json\/wp\/v2\/product_cat?post=68299"},{"taxonomy":"product_tag","embeddable":true,"href":"https:\/\/www.gruppoliturgico.com\/fr\/wp-json\/wp\/v2\/product_tag?post=68299"}],"curies":[{"name":"wp","href":"https:\/\/api.w.org\/{rel}","templated":true}]}}