{"id":68295,"date":"2022-05-20T03:15:58","date_gmt":"2022-05-20T01:16:03","guid":{"rendered":"https:\/\/www.gruppoliturgico.com\/prodotto\/prie-dieu-double-5\/"},"modified":"2022-10-25T17:40:27","modified_gmt":"2022-10-25T15:40:27","slug":"prie-dieu-double-5","status":"publish","type":"product","link":"https:\/\/www.gruppoliturgico.com\/fr\/produit\/prie-dieu-double-5\/","title":{"rendered":"Prie-dieu double"},"content":{"rendered":"<html><body><p>Prie-dieu double pour mariages  en bois massif laqu\u00e9 en teinte \u00e9crue.<br>\nAvec des gravures sur le devant et sur les c\u00f4t\u00e9s dor\u00e9s \u00e0 la feuille d\u2019or.<br>\nRembourrages rev\u00eatus en velours.<br>\nMod\u00e8le \u00e0 deux places.<br>\nDimensions cm 123 x 82 x 46<\/p>\n<\/body><\/html>","protected":false},"excerpt":{"rendered":"<p>Prie-dieu double pour mariages  en bois massif laqu\u00e9 en teinte \u00e9crue.<br \/>\nAvec des gravures sur le devant et sur les c\u00f4t\u00e9s dor\u00e9s \u00e0 la feuille d\u2019or.<br \/>\nRembourrages rev\u00eatus en velours.<br \/>\nMod\u00e8le \u00e0 deux places.<br \/>\nDimensions cm 123 x 82 x 46<\/p>\n","protected":false},"featured_media":131617,"template":"","meta":[],"product_cat":[11744],"product_tag":[],"yoast_head":"<!-- This site is optimized with the Yoast SEO plugin v20.4 - https:\/\/yoast.com\/wordpress\/plugins\/seo\/ -->\n<title>Prie-dieu double - ensembles de c\u00e9r\u00e9monie et Laboratorio Gruppo Liturgico<\/title>\n<meta name=\"description\" content=\"Prie-dieu double pour mariages en bois massif laqu\u00e9 en teinte \u00e9crue.  Avec des gravures sur le devant et sur les c\u00f4t\u00e9s dor\u00e9s \u00e0 la feuille d\u2019or.  Rembourrages rev\u00eatus en velours.  Mod\u00e8le \u00e0 deux places. Dimensions cm 123 x 82 x 46\" \/>\n<meta name=\"robots\" content=\"index, follow, max-snippet:-1, max-image-preview:large, max-video-preview:-1\" \/>\n<link rel=\"canonical\" href=\"https:\/\/www.gruppoliturgico.com\/fr\/produit\/prie-dieu-double-5\/\" \/>\n<meta property=\"og:locale\" content=\"fr_FR\" \/>\n<meta property=\"og:type\" content=\"article\" \/>\n<meta property=\"og:title\" content=\"Prie-dieu double - ensembles de c\u00e9r\u00e9monie et Laboratorio Gruppo Liturgico\" \/>\n<meta property=\"og:description\" content=\"Prie-dieu double pour mariages en bois massif laqu\u00e9 en teinte \u00e9crue.  Avec des gravures sur le devant et sur les c\u00f4t\u00e9s dor\u00e9s \u00e0 la feuille d\u2019or.  Rembourrages rev\u00eatus en velours.  Mod\u00e8le \u00e0 deux places. Dimensions cm 123 x 82 x 46\" \/>\n<meta property=\"og:url\" content=\"https:\/\/www.gruppoliturgico.com\/fr\/produit\/prie-dieu-double-5\/\" \/>\n<meta property=\"og:site_name\" content=\"Laboratorio Gruppo Liturgico\" \/>\n<meta property=\"article:modified_time\" content=\"2022-10-25T15:40:27+00:00\" \/>\n<meta property=\"og:image\" content=\"https:\/\/www.gruppoliturgico.com\/wp-content\/uploads\/2022\/05\/2240.120banco20sposi.jpg\" \/>\n\t<meta property=\"og:image:width\" content=\"1500\" \/>\n\t<meta property=\"og:image:height\" content=\"1126\" \/>\n\t<meta property=\"og:image:type\" content=\"image\/jpeg\" \/>\n<meta name=\"twitter:card\" content=\"summary_large_image\" \/>\n<script type=\"application\/ld+json\" class=\"yoast-schema-graph\">{\"@context\":\"https:\/\/schema.org\",\"@graph\":[{\"@type\":\"WebPage\",\"@id\":\"https:\/\/www.gruppoliturgico.com\/fr\/produit\/prie-dieu-double-5\/\",\"url\":\"https:\/\/www.gruppoliturgico.com\/fr\/produit\/prie-dieu-double-5\/\",\"name\":\"Prie-dieu double - ensembles de c\u00e9r\u00e9monie et Laboratorio Gruppo Liturgico\",\"isPartOf\":{\"@id\":\"https:\/\/www.gruppoliturgico.com\/es\/#website\"},\"datePublished\":\"2022-05-20T01:16:03+00:00\",\"dateModified\":\"2022-10-25T15:40:27+00:00\",\"description\":\"Prie-dieu double pour mariages en bois massif laqu\u00e9 en teinte \u00e9crue. Avec des gravures sur le devant et sur les c\u00f4t\u00e9s dor\u00e9s \u00e0 la feuille d\u2019or. Rembourrages rev\u00eatus en velours. Mod\u00e8le \u00e0 deux places. Dimensions cm 123 x 82 x 46\",\"breadcrumb\":{\"@id\":\"https:\/\/www.gruppoliturgico.com\/fr\/produit\/prie-dieu-double-5\/#breadcrumb\"},\"inLanguage\":\"fr-FR\",\"potentialAction\":[{\"@type\":\"ReadAction\",\"target\":[\"https:\/\/www.gruppoliturgico.com\/fr\/produit\/prie-dieu-double-5\/\"]}]},{\"@type\":\"BreadcrumbList\",\"@id\":\"https:\/\/www.gruppoliturgico.com\/fr\/produit\/prie-dieu-double-5\/#breadcrumb\",\"itemListElement\":[{\"@type\":\"ListItem\",\"position\":1,\"name\":\"Home\",\"item\":\"https:\/\/www.gruppoliturgico.com\/fr\/\"},{\"@type\":\"ListItem\",\"position\":2,\"name\":\"Boutique\",\"item\":\"https:\/\/www.gruppoliturgico.com\/fr\/boutique\/\"},{\"@type\":\"ListItem\",\"position\":3,\"name\":\"Prie-dieu double\"}]},{\"@type\":\"WebSite\",\"@id\":\"https:\/\/www.gruppoliturgico.com\/es\/#website\",\"url\":\"https:\/\/www.gruppoliturgico.com\/es\/\",\"name\":\"Laboratorio Gruppo Liturgico\",\"description\":\"Articoli Religiosi online\",\"publisher\":{\"@id\":\"https:\/\/www.gruppoliturgico.com\/es\/#organization\"},\"potentialAction\":[{\"@type\":\"SearchAction\",\"target\":{\"@type\":\"EntryPoint\",\"urlTemplate\":\"https:\/\/www.gruppoliturgico.com\/es\/?s={search_term_string}\"},\"query-input\":\"required name=search_term_string\"}],\"inLanguage\":\"fr-FR\"},{\"@type\":\"Organization\",\"@id\":\"https:\/\/www.gruppoliturgico.com\/es\/#organization\",\"name\":\"Laboratorio Gruppo Liturgico\",\"url\":\"https:\/\/www.gruppoliturgico.com\/es\/\",\"logo\":{\"@type\":\"ImageObject\",\"inLanguage\":\"fr-FR\",\"@id\":\"https:\/\/www.gruppoliturgico.com\/es\/#\/schema\/logo\/image\/\",\"url\":\"https:\/\/www.gruppoliturgico.com\/wp-content\/uploads\/2022\/02\/logo-laboratoriogruppoliturgico.png\",\"contentUrl\":\"https:\/\/www.gruppoliturgico.com\/wp-content\/uploads\/2022\/02\/logo-laboratoriogruppoliturgico.png\",\"width\":400,\"height\":114,\"caption\":\"Laboratorio Gruppo Liturgico\"},\"image\":{\"@id\":\"https:\/\/www.gruppoliturgico.com\/es\/#\/schema\/logo\/image\/\"}}]}<\/script>\n<!-- \/ Yoast SEO plugin. -->","yoast_head_json":{"title":"Prie-dieu double - ensembles de c\u00e9r\u00e9monie et Laboratorio Gruppo Liturgico","description":"Prie-dieu double pour mariages en bois massif laqu\u00e9 en teinte \u00e9crue.  Avec des gravures sur le devant et sur les c\u00f4t\u00e9s dor\u00e9s \u00e0 la feuille d\u2019or.  Rembourrages rev\u00eatus en velours.  Mod\u00e8le \u00e0 deux places. Dimensions cm 123 x 82 x 46","robots":{"index":"index","follow":"follow","max-snippet":"max-snippet:-1","max-image-preview":"max-image-preview:large","max-video-preview":"max-video-preview:-1"},"canonical":"https:\/\/www.gruppoliturgico.com\/fr\/produit\/prie-dieu-double-5\/","og_locale":"fr_FR","og_type":"article","og_title":"Prie-dieu double - ensembles de c\u00e9r\u00e9monie et Laboratorio Gruppo Liturgico","og_description":"Prie-dieu double pour mariages en bois massif laqu\u00e9 en teinte \u00e9crue.  Avec des gravures sur le devant et sur les c\u00f4t\u00e9s dor\u00e9s \u00e0 la feuille d\u2019or.  Rembourrages rev\u00eatus en velours.  Mod\u00e8le \u00e0 deux places. Dimensions cm 123 x 82 x 46","og_url":"https:\/\/www.gruppoliturgico.com\/fr\/produit\/prie-dieu-double-5\/","og_site_name":"Laboratorio Gruppo Liturgico","article_modified_time":"2022-10-25T15:40:27+00:00","og_image":[{"width":1500,"height":1126,"url":"https:\/\/www.gruppoliturgico.com\/wp-content\/uploads\/2022\/05\/2240.120banco20sposi.jpg","type":"image\/jpeg"}],"twitter_card":"summary_large_image","schema":{"@context":"https:\/\/schema.org","@graph":[{"@type":"WebPage","@id":"https:\/\/www.gruppoliturgico.com\/fr\/produit\/prie-dieu-double-5\/","url":"https:\/\/www.gruppoliturgico.com\/fr\/produit\/prie-dieu-double-5\/","name":"Prie-dieu double - ensembles de c\u00e9r\u00e9monie et Laboratorio Gruppo Liturgico","isPartOf":{"@id":"https:\/\/www.gruppoliturgico.com\/es\/#website"},"datePublished":"2022-05-20T01:16:03+00:00","dateModified":"2022-10-25T15:40:27+00:00","description":"Prie-dieu double pour mariages en bois massif laqu\u00e9 en teinte \u00e9crue. Avec des gravures sur le devant et sur les c\u00f4t\u00e9s dor\u00e9s \u00e0 la feuille d\u2019or. Rembourrages rev\u00eatus en velours. Mod\u00e8le \u00e0 deux places. Dimensions cm 123 x 82 x 46","breadcrumb":{"@id":"https:\/\/www.gruppoliturgico.com\/fr\/produit\/prie-dieu-double-5\/#breadcrumb"},"inLanguage":"fr-FR","potentialAction":[{"@type":"ReadAction","target":["https:\/\/www.gruppoliturgico.com\/fr\/produit\/prie-dieu-double-5\/"]}]},{"@type":"BreadcrumbList","@id":"https:\/\/www.gruppoliturgico.com\/fr\/produit\/prie-dieu-double-5\/#breadcrumb","itemListElement":[{"@type":"ListItem","position":1,"name":"Home","item":"https:\/\/www.gruppoliturgico.com\/fr\/"},{"@type":"ListItem","position":2,"name":"Boutique","item":"https:\/\/www.gruppoliturgico.com\/fr\/boutique\/"},{"@type":"ListItem","position":3,"name":"Prie-dieu double"}]},{"@type":"WebSite","@id":"https:\/\/www.gruppoliturgico.com\/es\/#website","url":"https:\/\/www.gruppoliturgico.com\/es\/","name":"Laboratorio Gruppo Liturgico","description":"Articoli Religiosi online","publisher":{"@id":"https:\/\/www.gruppoliturgico.com\/es\/#organization"},"potentialAction":[{"@type":"SearchAction","target":{"@type":"EntryPoint","urlTemplate":"https:\/\/www.gruppoliturgico.com\/es\/?s={search_term_string}"},"query-input":"required name=search_term_string"}],"inLanguage":"fr-FR"},{"@type":"Organization","@id":"https:\/\/www.gruppoliturgico.com\/es\/#organization","name":"Laboratorio Gruppo Liturgico","url":"https:\/\/www.gruppoliturgico.com\/es\/","logo":{"@type":"ImageObject","inLanguage":"fr-FR","@id":"https:\/\/www.gruppoliturgico.com\/es\/#\/schema\/logo\/image\/","url":"https:\/\/www.gruppoliturgico.com\/wp-content\/uploads\/2022\/02\/logo-laboratoriogruppoliturgico.png","contentUrl":"https:\/\/www.gruppoliturgico.com\/wp-content\/uploads\/2022\/02\/logo-laboratoriogruppoliturgico.png","width":400,"height":114,"caption":"Laboratorio Gruppo Liturgico"},"image":{"@id":"https:\/\/www.gruppoliturgico.com\/es\/#\/schema\/logo\/image\/"}}]}},"_links":{"self":[{"href":"https:\/\/www.gruppoliturgico.com\/fr\/wp-json\/wp\/v2\/product\/68295"}],"collection":[{"href":"https:\/\/www.gruppoliturgico.com\/fr\/wp-json\/wp\/v2\/product"}],"about":[{"href":"https:\/\/www.gruppoliturgico.com\/fr\/wp-json\/wp\/v2\/types\/product"}],"wp:featuredmedia":[{"embeddable":true,"href":"https:\/\/www.gruppoliturgico.com\/fr\/wp-json\/wp\/v2\/media\/131617"}],"wp:attachment":[{"href":"https:\/\/www.gruppoliturgico.com\/fr\/wp-json\/wp\/v2\/media?parent=68295"}],"wp:term":[{"taxonomy":"product_cat","embeddable":true,"href":"https:\/\/www.gruppoliturgico.com\/fr\/wp-json\/wp\/v2\/product_cat?post=68295"},{"taxonomy":"product_tag","embeddable":true,"href":"https:\/\/www.gruppoliturgico.com\/fr\/wp-json\/wp\/v2\/product_tag?post=68295"}],"curies":[{"name":"wp","href":"https:\/\/api.w.org\/{rel}","templated":true}]}}