{"id":68271,"date":"2022-05-20T03:14:00","date_gmt":"2022-05-20T01:14:47","guid":{"rendered":"https:\/\/www.gruppoliturgico.com\/prodotto\/chasuble-60\/"},"modified":"2022-06-15T15:37:03","modified_gmt":"2022-06-15T13:37:03","slug":"chasuble-60","status":"publish","type":"product","link":"https:\/\/www.gruppoliturgico.com\/fr\/produit\/chasuble-60\/","title":{"rendered":"Chasuble"},"content":{"rendered":"<html><body><p>Chasuble en tissu de laine pure tr\u00e8s l\u00e9g\u00e8re lamin\u00e9 en or, coupe m\u00e9di\u00e9vale.<br>\nLe galon central et le col sont enrichis d\u2019une d\u00e9coration particuli\u00e8re obtenue avec un tissu sur lequel des d\u00e9corations dor\u00e9es type arabesque sont mises en \u00e9vidence.<br>\nLa jonction entre col et le galon central est enrichie de pierres dures ornementales de la couleur de la chasuble.<br>\nLe galon central est \u00e9galement pr\u00e9sente sur la partie arri\u00e8re de la chasuble.<br>\nDisponible dans les quattre coloris liturgiques et en rose.<\/p>\n<\/body><\/html>","protected":false},"excerpt":{"rendered":"<p>Chasuble en tissu de laine pure tr\u00e8s l\u00e9g\u00e8re lamin\u00e9 en or, coupe m\u00e9di\u00e9vale.<br \/>\nLe galon central et le col sont enrichis d\u2019une d\u00e9coration particuli\u00e8re obtenue avec un tissu sur lequel des d\u00e9corations dor\u00e9es type arabesque sont mises en \u00e9vidence.<br \/>\nLa jonction entre col et le galon central est enrichie de pierres dures ornementales de la couleur de la chasuble.<br \/>\nLe galon central est \u00e9galement pr\u00e9sente sur la partie arri\u00e8re de la chasuble.<br \/>\nDisponible dans les quattre coloris liturgiques et en rose.<\/p>\n","protected":false},"featured_media":128854,"template":"","meta":[],"product_cat":[12244],"product_tag":[],"yoast_head":"<!-- This site is optimized with the Yoast SEO plugin v20.4 - https:\/\/yoast.com\/wordpress\/plugins\/seo\/ -->\n<title>Chasuble - solennelles et Laboratorio Gruppo Liturgico<\/title>\n<meta name=\"description\" content=\"Chasuble en tissu de laine pure tr\u00e8s l\u00e9g\u00e8re lamin\u00e9 en or, coupe m\u00e9di\u00e9vale. Le galon central et le col sont enrichis d\u2019une d\u00e9coration particuli\u00e8re obtenue avec un tissu sur lequel des d\u00e9corations dor\u00e9es type arabesque sont mises en \u00e9vidence. La jonction entre col et le galon central est enrichie de pierres dures ornementales de la couleur de la chasuble. Le galon central est \u00e9galement pr\u00e9sente sur la partie arri\u00e8re de la chasuble. Disponible dans les quattre coloris liturgiques et en rose.\" \/>\n<meta name=\"robots\" content=\"index, follow, max-snippet:-1, max-image-preview:large, max-video-preview:-1\" \/>\n<link rel=\"canonical\" href=\"https:\/\/www.gruppoliturgico.com\/fr\/produit\/chasuble-60\/\" \/>\n<meta property=\"og:locale\" content=\"fr_FR\" \/>\n<meta property=\"og:type\" content=\"article\" \/>\n<meta property=\"og:title\" content=\"Chasuble - solennelles et Laboratorio Gruppo Liturgico\" \/>\n<meta property=\"og:description\" content=\"Chasuble en tissu de laine pure tr\u00e8s l\u00e9g\u00e8re lamin\u00e9 en or, coupe m\u00e9di\u00e9vale. Le galon central et le col sont enrichis d\u2019une d\u00e9coration particuli\u00e8re obtenue avec un tissu sur lequel des d\u00e9corations dor\u00e9es type arabesque sont mises en \u00e9vidence. La jonction entre col et le galon central est enrichie de pierres dures ornementales de la couleur de la chasuble. Le galon central est \u00e9galement pr\u00e9sente sur la partie arri\u00e8re de la chasuble. Disponible dans les quattre coloris liturgiques et en rose.\" \/>\n<meta property=\"og:url\" content=\"https:\/\/www.gruppoliturgico.com\/fr\/produit\/chasuble-60\/\" \/>\n<meta property=\"og:site_name\" content=\"Laboratorio Gruppo Liturgico\" \/>\n<meta property=\"article:modified_time\" content=\"2022-06-15T13:37:03+00:00\" \/>\n<meta property=\"og:image\" content=\"https:\/\/www.gruppoliturgico.com\/wp-content\/uploads\/2022\/09\/3451-rosso-9.jpg\" \/>\n\t<meta property=\"og:image:width\" content=\"1199\" \/>\n\t<meta property=\"og:image:height\" content=\"1500\" \/>\n\t<meta property=\"og:image:type\" content=\"image\/jpeg\" \/>\n<meta name=\"twitter:card\" content=\"summary_large_image\" \/>\n<script type=\"application\/ld+json\" class=\"yoast-schema-graph\">{\"@context\":\"https:\/\/schema.org\",\"@graph\":[{\"@type\":\"WebPage\",\"@id\":\"https:\/\/www.gruppoliturgico.com\/fr\/produit\/chasuble-60\/\",\"url\":\"https:\/\/www.gruppoliturgico.com\/fr\/produit\/chasuble-60\/\",\"name\":\"Chasuble - solennelles et Laboratorio Gruppo Liturgico\",\"isPartOf\":{\"@id\":\"https:\/\/www.gruppoliturgico.com\/es\/#website\"},\"datePublished\":\"2022-05-20T01:14:47+00:00\",\"dateModified\":\"2022-06-15T13:37:03+00:00\",\"description\":\"Chasuble en tissu de laine pure tr\u00e8s l\u00e9g\u00e8re lamin\u00e9 en or, coupe m\u00e9di\u00e9vale. Le galon central et le col sont enrichis d\u2019une d\u00e9coration particuli\u00e8re obtenue avec un tissu sur lequel des d\u00e9corations dor\u00e9es type arabesque sont mises en \u00e9vidence. La jonction entre col et le galon central est enrichie de pierres dures ornementales de la couleur de la chasuble. Le galon central est \u00e9galement pr\u00e9sente sur la partie arri\u00e8re de la chasuble. Disponible dans les quattre coloris liturgiques et en rose.\",\"breadcrumb\":{\"@id\":\"https:\/\/www.gruppoliturgico.com\/fr\/produit\/chasuble-60\/#breadcrumb\"},\"inLanguage\":\"fr-FR\",\"potentialAction\":[{\"@type\":\"ReadAction\",\"target\":[\"https:\/\/www.gruppoliturgico.com\/fr\/produit\/chasuble-60\/\"]}]},{\"@type\":\"BreadcrumbList\",\"@id\":\"https:\/\/www.gruppoliturgico.com\/fr\/produit\/chasuble-60\/#breadcrumb\",\"itemListElement\":[{\"@type\":\"ListItem\",\"position\":1,\"name\":\"Home\",\"item\":\"https:\/\/www.gruppoliturgico.com\/fr\/\"},{\"@type\":\"ListItem\",\"position\":2,\"name\":\"Boutique\",\"item\":\"https:\/\/www.gruppoliturgico.com\/fr\/boutique\/\"},{\"@type\":\"ListItem\",\"position\":3,\"name\":\"Chasuble\"}]},{\"@type\":\"WebSite\",\"@id\":\"https:\/\/www.gruppoliturgico.com\/es\/#website\",\"url\":\"https:\/\/www.gruppoliturgico.com\/es\/\",\"name\":\"Laboratorio Gruppo Liturgico\",\"description\":\"Articoli Religiosi online\",\"publisher\":{\"@id\":\"https:\/\/www.gruppoliturgico.com\/es\/#organization\"},\"potentialAction\":[{\"@type\":\"SearchAction\",\"target\":{\"@type\":\"EntryPoint\",\"urlTemplate\":\"https:\/\/www.gruppoliturgico.com\/es\/?s={search_term_string}\"},\"query-input\":\"required name=search_term_string\"}],\"inLanguage\":\"fr-FR\"},{\"@type\":\"Organization\",\"@id\":\"https:\/\/www.gruppoliturgico.com\/es\/#organization\",\"name\":\"Laboratorio Gruppo Liturgico\",\"url\":\"https:\/\/www.gruppoliturgico.com\/es\/\",\"logo\":{\"@type\":\"ImageObject\",\"inLanguage\":\"fr-FR\",\"@id\":\"https:\/\/www.gruppoliturgico.com\/es\/#\/schema\/logo\/image\/\",\"url\":\"https:\/\/www.gruppoliturgico.com\/wp-content\/uploads\/2022\/02\/logo-laboratoriogruppoliturgico.png\",\"contentUrl\":\"https:\/\/www.gruppoliturgico.com\/wp-content\/uploads\/2022\/02\/logo-laboratoriogruppoliturgico.png\",\"width\":400,\"height\":114,\"caption\":\"Laboratorio Gruppo Liturgico\"},\"image\":{\"@id\":\"https:\/\/www.gruppoliturgico.com\/es\/#\/schema\/logo\/image\/\"}}]}<\/script>\n<!-- \/ Yoast SEO plugin. -->","yoast_head_json":{"title":"Chasuble - solennelles et Laboratorio Gruppo Liturgico","description":"Chasuble en tissu de laine pure tr\u00e8s l\u00e9g\u00e8re lamin\u00e9 en or, coupe m\u00e9di\u00e9vale. Le galon central et le col sont enrichis d\u2019une d\u00e9coration particuli\u00e8re obtenue avec un tissu sur lequel des d\u00e9corations dor\u00e9es type arabesque sont mises en \u00e9vidence. La jonction entre col et le galon central est enrichie de pierres dures ornementales de la couleur de la chasuble. Le galon central est \u00e9galement pr\u00e9sente sur la partie arri\u00e8re de la chasuble. Disponible dans les quattre coloris liturgiques et en rose.","robots":{"index":"index","follow":"follow","max-snippet":"max-snippet:-1","max-image-preview":"max-image-preview:large","max-video-preview":"max-video-preview:-1"},"canonical":"https:\/\/www.gruppoliturgico.com\/fr\/produit\/chasuble-60\/","og_locale":"fr_FR","og_type":"article","og_title":"Chasuble - solennelles et Laboratorio Gruppo Liturgico","og_description":"Chasuble en tissu de laine pure tr\u00e8s l\u00e9g\u00e8re lamin\u00e9 en or, coupe m\u00e9di\u00e9vale. Le galon central et le col sont enrichis d\u2019une d\u00e9coration particuli\u00e8re obtenue avec un tissu sur lequel des d\u00e9corations dor\u00e9es type arabesque sont mises en \u00e9vidence. La jonction entre col et le galon central est enrichie de pierres dures ornementales de la couleur de la chasuble. Le galon central est \u00e9galement pr\u00e9sente sur la partie arri\u00e8re de la chasuble. Disponible dans les quattre coloris liturgiques et en rose.","og_url":"https:\/\/www.gruppoliturgico.com\/fr\/produit\/chasuble-60\/","og_site_name":"Laboratorio Gruppo Liturgico","article_modified_time":"2022-06-15T13:37:03+00:00","og_image":[{"width":1199,"height":1500,"url":"https:\/\/www.gruppoliturgico.com\/wp-content\/uploads\/2022\/09\/3451-rosso-9.jpg","type":"image\/jpeg"}],"twitter_card":"summary_large_image","schema":{"@context":"https:\/\/schema.org","@graph":[{"@type":"WebPage","@id":"https:\/\/www.gruppoliturgico.com\/fr\/produit\/chasuble-60\/","url":"https:\/\/www.gruppoliturgico.com\/fr\/produit\/chasuble-60\/","name":"Chasuble - solennelles et Laboratorio Gruppo Liturgico","isPartOf":{"@id":"https:\/\/www.gruppoliturgico.com\/es\/#website"},"datePublished":"2022-05-20T01:14:47+00:00","dateModified":"2022-06-15T13:37:03+00:00","description":"Chasuble en tissu de laine pure tr\u00e8s l\u00e9g\u00e8re lamin\u00e9 en or, coupe m\u00e9di\u00e9vale. Le galon central et le col sont enrichis d\u2019une d\u00e9coration particuli\u00e8re obtenue avec un tissu sur lequel des d\u00e9corations dor\u00e9es type arabesque sont mises en \u00e9vidence. La jonction entre col et le galon central est enrichie de pierres dures ornementales de la couleur de la chasuble. Le galon central est \u00e9galement pr\u00e9sente sur la partie arri\u00e8re de la chasuble. Disponible dans les quattre coloris liturgiques et en rose.","breadcrumb":{"@id":"https:\/\/www.gruppoliturgico.com\/fr\/produit\/chasuble-60\/#breadcrumb"},"inLanguage":"fr-FR","potentialAction":[{"@type":"ReadAction","target":["https:\/\/www.gruppoliturgico.com\/fr\/produit\/chasuble-60\/"]}]},{"@type":"BreadcrumbList","@id":"https:\/\/www.gruppoliturgico.com\/fr\/produit\/chasuble-60\/#breadcrumb","itemListElement":[{"@type":"ListItem","position":1,"name":"Home","item":"https:\/\/www.gruppoliturgico.com\/fr\/"},{"@type":"ListItem","position":2,"name":"Boutique","item":"https:\/\/www.gruppoliturgico.com\/fr\/boutique\/"},{"@type":"ListItem","position":3,"name":"Chasuble"}]},{"@type":"WebSite","@id":"https:\/\/www.gruppoliturgico.com\/es\/#website","url":"https:\/\/www.gruppoliturgico.com\/es\/","name":"Laboratorio Gruppo Liturgico","description":"Articoli Religiosi online","publisher":{"@id":"https:\/\/www.gruppoliturgico.com\/es\/#organization"},"potentialAction":[{"@type":"SearchAction","target":{"@type":"EntryPoint","urlTemplate":"https:\/\/www.gruppoliturgico.com\/es\/?s={search_term_string}"},"query-input":"required name=search_term_string"}],"inLanguage":"fr-FR"},{"@type":"Organization","@id":"https:\/\/www.gruppoliturgico.com\/es\/#organization","name":"Laboratorio Gruppo Liturgico","url":"https:\/\/www.gruppoliturgico.com\/es\/","logo":{"@type":"ImageObject","inLanguage":"fr-FR","@id":"https:\/\/www.gruppoliturgico.com\/es\/#\/schema\/logo\/image\/","url":"https:\/\/www.gruppoliturgico.com\/wp-content\/uploads\/2022\/02\/logo-laboratoriogruppoliturgico.png","contentUrl":"https:\/\/www.gruppoliturgico.com\/wp-content\/uploads\/2022\/02\/logo-laboratoriogruppoliturgico.png","width":400,"height":114,"caption":"Laboratorio Gruppo Liturgico"},"image":{"@id":"https:\/\/www.gruppoliturgico.com\/es\/#\/schema\/logo\/image\/"}}]}},"_links":{"self":[{"href":"https:\/\/www.gruppoliturgico.com\/fr\/wp-json\/wp\/v2\/product\/68271"}],"collection":[{"href":"https:\/\/www.gruppoliturgico.com\/fr\/wp-json\/wp\/v2\/product"}],"about":[{"href":"https:\/\/www.gruppoliturgico.com\/fr\/wp-json\/wp\/v2\/types\/product"}],"wp:featuredmedia":[{"embeddable":true,"href":"https:\/\/www.gruppoliturgico.com\/fr\/wp-json\/wp\/v2\/media\/128854"}],"wp:attachment":[{"href":"https:\/\/www.gruppoliturgico.com\/fr\/wp-json\/wp\/v2\/media?parent=68271"}],"wp:term":[{"taxonomy":"product_cat","embeddable":true,"href":"https:\/\/www.gruppoliturgico.com\/fr\/wp-json\/wp\/v2\/product_cat?post=68271"},{"taxonomy":"product_tag","embeddable":true,"href":"https:\/\/www.gruppoliturgico.com\/fr\/wp-json\/wp\/v2\/product_tag?post=68271"}],"curies":[{"name":"wp","href":"https:\/\/api.w.org\/{rel}","templated":true}]}}