{"id":68151,"date":"2022-05-20T03:08:38","date_gmt":"2022-05-20T01:08:44","guid":{"rendered":"https:\/\/www.gruppoliturgico.com\/prodotto\/dalmatique-5\/"},"modified":"2022-08-26T15:54:22","modified_gmt":"2022-08-26T13:54:22","slug":"dalmatique-5","status":"publish","type":"product","link":"https:\/\/www.gruppoliturgico.com\/fr\/produit\/dalmatique-5\/","title":{"rendered":"Dalmatique"},"content":{"rendered":"<html><body><p>Dalmatique r\u00e9alis\u00e9e avec un majestueux et pr\u00e9cieux tissu de brocart floral avec des croix sur fond blanc.<br>\nParticulier est la confection de coupe classique.<br>\nComplet avec \u00e9tole de diacre.<br>\nDisponible en blanc et, sur demande, dans les autres couleurs usuelles.<\/p>\n<\/body><\/html>","protected":false},"excerpt":{"rendered":"<p>Dalmatique r\u00e9alis\u00e9e avec un majestueux et pr\u00e9cieux tissu de brocart floral avec des croix sur fond blanc.<br \/>\nParticulier est la confection de coupe classique.<br \/>\nComplet avec \u00e9tole de diacre.<br \/>\nDisponible en blanc et, sur demande, dans les autres couleurs usuelles.<\/p>\n","protected":false},"featured_media":130623,"template":"","meta":[],"product_cat":[12324],"product_tag":[],"yoast_head":"<!-- This site is optimized with the Yoast SEO plugin v20.4 - https:\/\/yoast.com\/wordpress\/plugins\/seo\/ -->\n<title>Dalmatique - dalmatiques et Laboratorio Gruppo Liturgico<\/title>\n<meta name=\"description\" content=\"Dalmatique r\u00e9alis\u00e9e avec un majestueux et pr\u00e9cieux tissu de brocart floral avec des croix sur fond blanc. Particulier est la confection de coupe classique. Complet avec \u00e9tole de diacre. Disponible en blanc et, sur demande, dans les autres couleurs usuelles.\" \/>\n<meta name=\"robots\" content=\"index, follow, max-snippet:-1, max-image-preview:large, max-video-preview:-1\" \/>\n<link rel=\"canonical\" href=\"https:\/\/www.gruppoliturgico.com\/fr\/produit\/dalmatique-5\/\" \/>\n<meta property=\"og:locale\" content=\"fr_FR\" \/>\n<meta property=\"og:type\" content=\"article\" \/>\n<meta property=\"og:title\" content=\"Dalmatique - dalmatiques et Laboratorio Gruppo Liturgico\" \/>\n<meta property=\"og:description\" content=\"Dalmatique r\u00e9alis\u00e9e avec un majestueux et pr\u00e9cieux tissu de brocart floral avec des croix sur fond blanc. Particulier est la confection de coupe classique. Complet avec \u00e9tole de diacre. Disponible en blanc et, sur demande, dans les autres couleurs usuelles.\" \/>\n<meta property=\"og:url\" content=\"https:\/\/www.gruppoliturgico.com\/fr\/produit\/dalmatique-5\/\" \/>\n<meta property=\"og:site_name\" content=\"Laboratorio Gruppo Liturgico\" \/>\n<meta property=\"article:modified_time\" content=\"2022-08-26T13:54:22+00:00\" \/>\n<meta property=\"og:image\" content=\"https:\/\/www.gruppoliturgico.com\/wp-content\/uploads\/2022\/05\/1398-rit-633x1024.jpg\" \/>\n\t<meta property=\"og:image:width\" content=\"633\" \/>\n\t<meta property=\"og:image:height\" content=\"1024\" \/>\n\t<meta property=\"og:image:type\" content=\"image\/jpeg\" \/>\n<meta name=\"twitter:card\" content=\"summary_large_image\" \/>\n<meta name=\"twitter:label1\" content=\"Dur\u00e9e de lecture estim\u00e9e\" \/>\n\t<meta name=\"twitter:data1\" content=\"1 minute\" \/>\n<script type=\"application\/ld+json\" class=\"yoast-schema-graph\">{\"@context\":\"https:\/\/schema.org\",\"@graph\":[{\"@type\":\"WebPage\",\"@id\":\"https:\/\/www.gruppoliturgico.com\/fr\/produit\/dalmatique-5\/\",\"url\":\"https:\/\/www.gruppoliturgico.com\/fr\/produit\/dalmatique-5\/\",\"name\":\"Dalmatique - dalmatiques et Laboratorio Gruppo Liturgico\",\"isPartOf\":{\"@id\":\"https:\/\/www.gruppoliturgico.com\/es\/#website\"},\"datePublished\":\"2022-05-20T01:08:44+00:00\",\"dateModified\":\"2022-08-26T13:54:22+00:00\",\"description\":\"Dalmatique r\u00e9alis\u00e9e avec un majestueux et pr\u00e9cieux tissu de brocart floral avec des croix sur fond blanc. Particulier est la confection de coupe classique. Complet avec \u00e9tole de diacre. Disponible en blanc et, sur demande, dans les autres couleurs usuelles.\",\"breadcrumb\":{\"@id\":\"https:\/\/www.gruppoliturgico.com\/fr\/produit\/dalmatique-5\/#breadcrumb\"},\"inLanguage\":\"fr-FR\",\"potentialAction\":[{\"@type\":\"ReadAction\",\"target\":[\"https:\/\/www.gruppoliturgico.com\/fr\/produit\/dalmatique-5\/\"]}]},{\"@type\":\"BreadcrumbList\",\"@id\":\"https:\/\/www.gruppoliturgico.com\/fr\/produit\/dalmatique-5\/#breadcrumb\",\"itemListElement\":[{\"@type\":\"ListItem\",\"position\":1,\"name\":\"Home\",\"item\":\"https:\/\/www.gruppoliturgico.com\/fr\/\"},{\"@type\":\"ListItem\",\"position\":2,\"name\":\"Boutique\",\"item\":\"https:\/\/www.gruppoliturgico.com\/fr\/boutique\/\"},{\"@type\":\"ListItem\",\"position\":3,\"name\":\"Dalmatique\"}]},{\"@type\":\"WebSite\",\"@id\":\"https:\/\/www.gruppoliturgico.com\/es\/#website\",\"url\":\"https:\/\/www.gruppoliturgico.com\/es\/\",\"name\":\"Laboratorio Gruppo Liturgico\",\"description\":\"Articoli Religiosi online\",\"publisher\":{\"@id\":\"https:\/\/www.gruppoliturgico.com\/es\/#organization\"},\"potentialAction\":[{\"@type\":\"SearchAction\",\"target\":{\"@type\":\"EntryPoint\",\"urlTemplate\":\"https:\/\/www.gruppoliturgico.com\/es\/?s={search_term_string}\"},\"query-input\":\"required name=search_term_string\"}],\"inLanguage\":\"fr-FR\"},{\"@type\":\"Organization\",\"@id\":\"https:\/\/www.gruppoliturgico.com\/es\/#organization\",\"name\":\"Laboratorio Gruppo Liturgico\",\"url\":\"https:\/\/www.gruppoliturgico.com\/es\/\",\"logo\":{\"@type\":\"ImageObject\",\"inLanguage\":\"fr-FR\",\"@id\":\"https:\/\/www.gruppoliturgico.com\/es\/#\/schema\/logo\/image\/\",\"url\":\"https:\/\/www.gruppoliturgico.com\/wp-content\/uploads\/2022\/02\/logo-laboratoriogruppoliturgico.png\",\"contentUrl\":\"https:\/\/www.gruppoliturgico.com\/wp-content\/uploads\/2022\/02\/logo-laboratoriogruppoliturgico.png\",\"width\":400,\"height\":114,\"caption\":\"Laboratorio Gruppo Liturgico\"},\"image\":{\"@id\":\"https:\/\/www.gruppoliturgico.com\/es\/#\/schema\/logo\/image\/\"}}]}<\/script>\n<!-- \/ Yoast SEO plugin. -->","yoast_head_json":{"title":"Dalmatique - dalmatiques et Laboratorio Gruppo Liturgico","description":"Dalmatique r\u00e9alis\u00e9e avec un majestueux et pr\u00e9cieux tissu de brocart floral avec des croix sur fond blanc. Particulier est la confection de coupe classique. Complet avec \u00e9tole de diacre. Disponible en blanc et, sur demande, dans les autres couleurs usuelles.","robots":{"index":"index","follow":"follow","max-snippet":"max-snippet:-1","max-image-preview":"max-image-preview:large","max-video-preview":"max-video-preview:-1"},"canonical":"https:\/\/www.gruppoliturgico.com\/fr\/produit\/dalmatique-5\/","og_locale":"fr_FR","og_type":"article","og_title":"Dalmatique - dalmatiques et Laboratorio Gruppo Liturgico","og_description":"Dalmatique r\u00e9alis\u00e9e avec un majestueux et pr\u00e9cieux tissu de brocart floral avec des croix sur fond blanc. Particulier est la confection de coupe classique. Complet avec \u00e9tole de diacre. Disponible en blanc et, sur demande, dans les autres couleurs usuelles.","og_url":"https:\/\/www.gruppoliturgico.com\/fr\/produit\/dalmatique-5\/","og_site_name":"Laboratorio Gruppo Liturgico","article_modified_time":"2022-08-26T13:54:22+00:00","og_image":[{"width":633,"height":1024,"url":"https:\/\/www.gruppoliturgico.com\/wp-content\/uploads\/2022\/05\/1398-rit-633x1024.jpg","type":"image\/jpeg"}],"twitter_card":"summary_large_image","twitter_misc":{"Dur\u00e9e de lecture estim\u00e9e":"1 minute"},"schema":{"@context":"https:\/\/schema.org","@graph":[{"@type":"WebPage","@id":"https:\/\/www.gruppoliturgico.com\/fr\/produit\/dalmatique-5\/","url":"https:\/\/www.gruppoliturgico.com\/fr\/produit\/dalmatique-5\/","name":"Dalmatique - dalmatiques et Laboratorio Gruppo Liturgico","isPartOf":{"@id":"https:\/\/www.gruppoliturgico.com\/es\/#website"},"datePublished":"2022-05-20T01:08:44+00:00","dateModified":"2022-08-26T13:54:22+00:00","description":"Dalmatique r\u00e9alis\u00e9e avec un majestueux et pr\u00e9cieux tissu de brocart floral avec des croix sur fond blanc. Particulier est la confection de coupe classique. Complet avec \u00e9tole de diacre. Disponible en blanc et, sur demande, dans les autres couleurs usuelles.","breadcrumb":{"@id":"https:\/\/www.gruppoliturgico.com\/fr\/produit\/dalmatique-5\/#breadcrumb"},"inLanguage":"fr-FR","potentialAction":[{"@type":"ReadAction","target":["https:\/\/www.gruppoliturgico.com\/fr\/produit\/dalmatique-5\/"]}]},{"@type":"BreadcrumbList","@id":"https:\/\/www.gruppoliturgico.com\/fr\/produit\/dalmatique-5\/#breadcrumb","itemListElement":[{"@type":"ListItem","position":1,"name":"Home","item":"https:\/\/www.gruppoliturgico.com\/fr\/"},{"@type":"ListItem","position":2,"name":"Boutique","item":"https:\/\/www.gruppoliturgico.com\/fr\/boutique\/"},{"@type":"ListItem","position":3,"name":"Dalmatique"}]},{"@type":"WebSite","@id":"https:\/\/www.gruppoliturgico.com\/es\/#website","url":"https:\/\/www.gruppoliturgico.com\/es\/","name":"Laboratorio Gruppo Liturgico","description":"Articoli Religiosi online","publisher":{"@id":"https:\/\/www.gruppoliturgico.com\/es\/#organization"},"potentialAction":[{"@type":"SearchAction","target":{"@type":"EntryPoint","urlTemplate":"https:\/\/www.gruppoliturgico.com\/es\/?s={search_term_string}"},"query-input":"required name=search_term_string"}],"inLanguage":"fr-FR"},{"@type":"Organization","@id":"https:\/\/www.gruppoliturgico.com\/es\/#organization","name":"Laboratorio Gruppo Liturgico","url":"https:\/\/www.gruppoliturgico.com\/es\/","logo":{"@type":"ImageObject","inLanguage":"fr-FR","@id":"https:\/\/www.gruppoliturgico.com\/es\/#\/schema\/logo\/image\/","url":"https:\/\/www.gruppoliturgico.com\/wp-content\/uploads\/2022\/02\/logo-laboratoriogruppoliturgico.png","contentUrl":"https:\/\/www.gruppoliturgico.com\/wp-content\/uploads\/2022\/02\/logo-laboratoriogruppoliturgico.png","width":400,"height":114,"caption":"Laboratorio Gruppo Liturgico"},"image":{"@id":"https:\/\/www.gruppoliturgico.com\/es\/#\/schema\/logo\/image\/"}}]}},"_links":{"self":[{"href":"https:\/\/www.gruppoliturgico.com\/fr\/wp-json\/wp\/v2\/product\/68151"}],"collection":[{"href":"https:\/\/www.gruppoliturgico.com\/fr\/wp-json\/wp\/v2\/product"}],"about":[{"href":"https:\/\/www.gruppoliturgico.com\/fr\/wp-json\/wp\/v2\/types\/product"}],"wp:featuredmedia":[{"embeddable":true,"href":"https:\/\/www.gruppoliturgico.com\/fr\/wp-json\/wp\/v2\/media\/130623"}],"wp:attachment":[{"href":"https:\/\/www.gruppoliturgico.com\/fr\/wp-json\/wp\/v2\/media?parent=68151"}],"wp:term":[{"taxonomy":"product_cat","embeddable":true,"href":"https:\/\/www.gruppoliturgico.com\/fr\/wp-json\/wp\/v2\/product_cat?post=68151"},{"taxonomy":"product_tag","embeddable":true,"href":"https:\/\/www.gruppoliturgico.com\/fr\/wp-json\/wp\/v2\/product_tag?post=68151"}],"curies":[{"name":"wp","href":"https:\/\/api.w.org\/{rel}","templated":true}]}}