{"id":68123,"date":"2022-05-20T03:07:14","date_gmt":"2022-05-20T01:07:19","guid":{"rendered":"https:\/\/www.gruppoliturgico.com\/prodotto\/crosse-14\/"},"modified":"2022-05-20T10:55:54","modified_gmt":"2022-05-20T08:55:54","slug":"crosse-14","status":"publish","type":"product","link":"https:\/\/www.gruppoliturgico.com\/fr\/produit\/crosse-14\/","title":{"rendered":"crosse"},"content":{"rendered":"<html><body><p>Crosse en bronze fondu \u00e0 la cire perdue avec le symbole \u00ab\u00a0l\u2019Agneau de Dieu\u00a0\u00bb.<br>\nGrandiose ouvrage de grand artisanat enti\u00e8rement parachev\u00e9 avec des ciselures ex\u00e9cut\u00e9es \u00e0 la main et des pierres ornementales.<br>\nHauteur cm 40, plus b\u00e2ton de cm 150.<br>\nComplet d\u2019\u00e9tui. <\/p>\n<\/body><\/html>","protected":false},"excerpt":{"rendered":"<p>Crosse en bronze fondu \u00e0 la cire perdue avec le symbole \u00ab\u00a0l&rsquo;Agneau de Dieu\u00a0\u00bb.<br \/>\nGrandiose ouvrage de grand artisanat enti\u00e8rement parachev\u00e9 avec des ciselures ex\u00e9cut\u00e9es \u00e0 la main et des pierres ornementales.<br \/>\nHauteur cm 40, plus b\u00e2ton de cm 150.<br \/>\nComplet d&rsquo;\u00e9tui. <\/p>\n","protected":false},"featured_media":135397,"template":"","meta":[],"product_cat":[12120],"product_tag":[],"yoast_head":"<!-- This site is optimized with the Yoast SEO plugin v20.4 - https:\/\/yoast.com\/wordpress\/plugins\/seo\/ -->\n<title>crosse - crosses et Laboratorio Gruppo Liturgico<\/title>\n<meta name=\"description\" content=\"Crosse en bronze fondu \u00e0 la cire perdue avec le symbole &quot;l&#039;Agneau de Dieu&quot;.  Grandiose ouvrage de grand artisanat enti\u00e8rement parachev\u00e9 avec des ciselures ex\u00e9cut\u00e9es \u00e0 la main et des pierres ornementales.  Hauteur cm 40, plus b\u00e2ton de cm 150.  Complet d&#039;\u00e9tui.\" \/>\n<meta name=\"robots\" content=\"index, follow, max-snippet:-1, max-image-preview:large, max-video-preview:-1\" \/>\n<link rel=\"canonical\" href=\"https:\/\/www.gruppoliturgico.com\/fr\/produit\/crosse-14\/\" \/>\n<meta property=\"og:locale\" content=\"fr_FR\" \/>\n<meta property=\"og:type\" content=\"article\" \/>\n<meta property=\"og:title\" content=\"crosse - crosses et Laboratorio Gruppo Liturgico\" \/>\n<meta property=\"og:description\" content=\"Crosse en bronze fondu \u00e0 la cire perdue avec le symbole &quot;l&#039;Agneau de Dieu&quot;.  Grandiose ouvrage de grand artisanat enti\u00e8rement parachev\u00e9 avec des ciselures ex\u00e9cut\u00e9es \u00e0 la main et des pierres ornementales.  Hauteur cm 40, plus b\u00e2ton de cm 150.  Complet d&#039;\u00e9tui.\" \/>\n<meta property=\"og:url\" content=\"https:\/\/www.gruppoliturgico.com\/fr\/produit\/crosse-14\/\" \/>\n<meta property=\"og:site_name\" content=\"Laboratorio Gruppo Liturgico\" \/>\n<meta property=\"article:modified_time\" content=\"2022-05-20T08:55:54+00:00\" \/>\n<meta property=\"og:image\" content=\"https:\/\/www.gruppoliturgico.com\/wp-content\/uploads\/2022\/05\/2171-nv.jpg\" \/>\n\t<meta property=\"og:image:width\" content=\"1012\" \/>\n\t<meta property=\"og:image:height\" content=\"2000\" \/>\n\t<meta property=\"og:image:type\" content=\"image\/jpeg\" \/>\n<meta name=\"twitter:card\" content=\"summary_large_image\" \/>\n<script type=\"application\/ld+json\" class=\"yoast-schema-graph\">{\"@context\":\"https:\/\/schema.org\",\"@graph\":[{\"@type\":\"WebPage\",\"@id\":\"https:\/\/www.gruppoliturgico.com\/fr\/produit\/crosse-14\/\",\"url\":\"https:\/\/www.gruppoliturgico.com\/fr\/produit\/crosse-14\/\",\"name\":\"crosse - crosses et Laboratorio Gruppo Liturgico\",\"isPartOf\":{\"@id\":\"https:\/\/www.gruppoliturgico.com\/es\/#website\"},\"datePublished\":\"2022-05-20T01:07:19+00:00\",\"dateModified\":\"2022-05-20T08:55:54+00:00\",\"description\":\"Crosse en bronze fondu \u00e0 la cire perdue avec le symbole \\\"l'Agneau de Dieu\\\". Grandiose ouvrage de grand artisanat enti\u00e8rement parachev\u00e9 avec des ciselures ex\u00e9cut\u00e9es \u00e0 la main et des pierres ornementales. Hauteur cm 40, plus b\u00e2ton de cm 150. Complet d'\u00e9tui.\",\"breadcrumb\":{\"@id\":\"https:\/\/www.gruppoliturgico.com\/fr\/produit\/crosse-14\/#breadcrumb\"},\"inLanguage\":\"fr-FR\",\"potentialAction\":[{\"@type\":\"ReadAction\",\"target\":[\"https:\/\/www.gruppoliturgico.com\/fr\/produit\/crosse-14\/\"]}]},{\"@type\":\"BreadcrumbList\",\"@id\":\"https:\/\/www.gruppoliturgico.com\/fr\/produit\/crosse-14\/#breadcrumb\",\"itemListElement\":[{\"@type\":\"ListItem\",\"position\":1,\"name\":\"Home\",\"item\":\"https:\/\/www.gruppoliturgico.com\/fr\/\"},{\"@type\":\"ListItem\",\"position\":2,\"name\":\"Boutique\",\"item\":\"https:\/\/www.gruppoliturgico.com\/fr\/boutique\/\"},{\"@type\":\"ListItem\",\"position\":3,\"name\":\"crosse\"}]},{\"@type\":\"WebSite\",\"@id\":\"https:\/\/www.gruppoliturgico.com\/es\/#website\",\"url\":\"https:\/\/www.gruppoliturgico.com\/es\/\",\"name\":\"Laboratorio Gruppo Liturgico\",\"description\":\"Articoli Religiosi online\",\"publisher\":{\"@id\":\"https:\/\/www.gruppoliturgico.com\/es\/#organization\"},\"potentialAction\":[{\"@type\":\"SearchAction\",\"target\":{\"@type\":\"EntryPoint\",\"urlTemplate\":\"https:\/\/www.gruppoliturgico.com\/es\/?s={search_term_string}\"},\"query-input\":\"required name=search_term_string\"}],\"inLanguage\":\"fr-FR\"},{\"@type\":\"Organization\",\"@id\":\"https:\/\/www.gruppoliturgico.com\/es\/#organization\",\"name\":\"Laboratorio Gruppo Liturgico\",\"url\":\"https:\/\/www.gruppoliturgico.com\/es\/\",\"logo\":{\"@type\":\"ImageObject\",\"inLanguage\":\"fr-FR\",\"@id\":\"https:\/\/www.gruppoliturgico.com\/es\/#\/schema\/logo\/image\/\",\"url\":\"https:\/\/www.gruppoliturgico.com\/wp-content\/uploads\/2022\/02\/logo-laboratoriogruppoliturgico.png\",\"contentUrl\":\"https:\/\/www.gruppoliturgico.com\/wp-content\/uploads\/2022\/02\/logo-laboratoriogruppoliturgico.png\",\"width\":400,\"height\":114,\"caption\":\"Laboratorio Gruppo Liturgico\"},\"image\":{\"@id\":\"https:\/\/www.gruppoliturgico.com\/es\/#\/schema\/logo\/image\/\"}}]}<\/script>\n<!-- \/ Yoast SEO plugin. -->","yoast_head_json":{"title":"crosse - crosses et Laboratorio Gruppo Liturgico","description":"Crosse en bronze fondu \u00e0 la cire perdue avec le symbole \"l'Agneau de Dieu\".  Grandiose ouvrage de grand artisanat enti\u00e8rement parachev\u00e9 avec des ciselures ex\u00e9cut\u00e9es \u00e0 la main et des pierres ornementales.  Hauteur cm 40, plus b\u00e2ton de cm 150.  Complet d'\u00e9tui.","robots":{"index":"index","follow":"follow","max-snippet":"max-snippet:-1","max-image-preview":"max-image-preview:large","max-video-preview":"max-video-preview:-1"},"canonical":"https:\/\/www.gruppoliturgico.com\/fr\/produit\/crosse-14\/","og_locale":"fr_FR","og_type":"article","og_title":"crosse - crosses et Laboratorio Gruppo Liturgico","og_description":"Crosse en bronze fondu \u00e0 la cire perdue avec le symbole \"l'Agneau de Dieu\".  Grandiose ouvrage de grand artisanat enti\u00e8rement parachev\u00e9 avec des ciselures ex\u00e9cut\u00e9es \u00e0 la main et des pierres ornementales.  Hauteur cm 40, plus b\u00e2ton de cm 150.  Complet d'\u00e9tui.","og_url":"https:\/\/www.gruppoliturgico.com\/fr\/produit\/crosse-14\/","og_site_name":"Laboratorio Gruppo Liturgico","article_modified_time":"2022-05-20T08:55:54+00:00","og_image":[{"width":1012,"height":2000,"url":"https:\/\/www.gruppoliturgico.com\/wp-content\/uploads\/2022\/05\/2171-nv.jpg","type":"image\/jpeg"}],"twitter_card":"summary_large_image","schema":{"@context":"https:\/\/schema.org","@graph":[{"@type":"WebPage","@id":"https:\/\/www.gruppoliturgico.com\/fr\/produit\/crosse-14\/","url":"https:\/\/www.gruppoliturgico.com\/fr\/produit\/crosse-14\/","name":"crosse - crosses et Laboratorio Gruppo Liturgico","isPartOf":{"@id":"https:\/\/www.gruppoliturgico.com\/es\/#website"},"datePublished":"2022-05-20T01:07:19+00:00","dateModified":"2022-05-20T08:55:54+00:00","description":"Crosse en bronze fondu \u00e0 la cire perdue avec le symbole \"l'Agneau de Dieu\". Grandiose ouvrage de grand artisanat enti\u00e8rement parachev\u00e9 avec des ciselures ex\u00e9cut\u00e9es \u00e0 la main et des pierres ornementales. Hauteur cm 40, plus b\u00e2ton de cm 150. Complet d'\u00e9tui.","breadcrumb":{"@id":"https:\/\/www.gruppoliturgico.com\/fr\/produit\/crosse-14\/#breadcrumb"},"inLanguage":"fr-FR","potentialAction":[{"@type":"ReadAction","target":["https:\/\/www.gruppoliturgico.com\/fr\/produit\/crosse-14\/"]}]},{"@type":"BreadcrumbList","@id":"https:\/\/www.gruppoliturgico.com\/fr\/produit\/crosse-14\/#breadcrumb","itemListElement":[{"@type":"ListItem","position":1,"name":"Home","item":"https:\/\/www.gruppoliturgico.com\/fr\/"},{"@type":"ListItem","position":2,"name":"Boutique","item":"https:\/\/www.gruppoliturgico.com\/fr\/boutique\/"},{"@type":"ListItem","position":3,"name":"crosse"}]},{"@type":"WebSite","@id":"https:\/\/www.gruppoliturgico.com\/es\/#website","url":"https:\/\/www.gruppoliturgico.com\/es\/","name":"Laboratorio Gruppo Liturgico","description":"Articoli Religiosi online","publisher":{"@id":"https:\/\/www.gruppoliturgico.com\/es\/#organization"},"potentialAction":[{"@type":"SearchAction","target":{"@type":"EntryPoint","urlTemplate":"https:\/\/www.gruppoliturgico.com\/es\/?s={search_term_string}"},"query-input":"required name=search_term_string"}],"inLanguage":"fr-FR"},{"@type":"Organization","@id":"https:\/\/www.gruppoliturgico.com\/es\/#organization","name":"Laboratorio Gruppo Liturgico","url":"https:\/\/www.gruppoliturgico.com\/es\/","logo":{"@type":"ImageObject","inLanguage":"fr-FR","@id":"https:\/\/www.gruppoliturgico.com\/es\/#\/schema\/logo\/image\/","url":"https:\/\/www.gruppoliturgico.com\/wp-content\/uploads\/2022\/02\/logo-laboratoriogruppoliturgico.png","contentUrl":"https:\/\/www.gruppoliturgico.com\/wp-content\/uploads\/2022\/02\/logo-laboratoriogruppoliturgico.png","width":400,"height":114,"caption":"Laboratorio Gruppo Liturgico"},"image":{"@id":"https:\/\/www.gruppoliturgico.com\/es\/#\/schema\/logo\/image\/"}}]}},"_links":{"self":[{"href":"https:\/\/www.gruppoliturgico.com\/fr\/wp-json\/wp\/v2\/product\/68123"}],"collection":[{"href":"https:\/\/www.gruppoliturgico.com\/fr\/wp-json\/wp\/v2\/product"}],"about":[{"href":"https:\/\/www.gruppoliturgico.com\/fr\/wp-json\/wp\/v2\/types\/product"}],"wp:featuredmedia":[{"embeddable":true,"href":"https:\/\/www.gruppoliturgico.com\/fr\/wp-json\/wp\/v2\/media\/135397"}],"wp:attachment":[{"href":"https:\/\/www.gruppoliturgico.com\/fr\/wp-json\/wp\/v2\/media?parent=68123"}],"wp:term":[{"taxonomy":"product_cat","embeddable":true,"href":"https:\/\/www.gruppoliturgico.com\/fr\/wp-json\/wp\/v2\/product_cat?post=68123"},{"taxonomy":"product_tag","embeddable":true,"href":"https:\/\/www.gruppoliturgico.com\/fr\/wp-json\/wp\/v2\/product_tag?post=68123"}],"curies":[{"name":"wp","href":"https:\/\/api.w.org\/{rel}","templated":true}]}}