{"id":68119,"date":"2022-05-20T03:07:02","date_gmt":"2022-05-20T01:07:07","guid":{"rendered":"https:\/\/www.gruppoliturgico.com\/prodotto\/ostensoir-jesus-le-bon-pasteur\/"},"modified":"2022-05-20T10:55:42","modified_gmt":"2022-05-20T08:55:42","slug":"ostensoir-jesus-le-bon-pasteur","status":"publish","type":"product","link":"https:\/\/www.gruppoliturgico.com\/fr\/produit\/ostensoir-jesus-le-bon-pasteur\/","title":{"rendered":"ostensoir J\u00e9sus le Bon Pasteur"},"content":{"rendered":"<html><body><p>Pr\u00e9cieux ostensoir en laiton dor\u00e9 et argent\u00e9. Sur la base est pr\u00e9sente une repr\u00e9sentation de J\u00e9sus le Bon Pasteur cisel\u00e9e \u00e0 la main.<br>\nLa lunule est entour\u00e9e de petites t\u00eates d\u2019ange en fusion.<br>\nIl peut accueillir une hostie au diam\u00e8tre de cm 7,5. <\/p>\n<p>hauteur cm 43.<\/p>\n<\/body><\/html>","protected":false},"excerpt":{"rendered":"<p>Pr\u00e9cieux ostensoir en laiton dor\u00e9 et argent\u00e9. Sur la base est pr\u00e9sente une repr\u00e9sentation de J\u00e9sus le Bon Pasteur cisel\u00e9e \u00e0 la main.<br \/>\nLa lunule est entour\u00e9e de petites t\u00eates d&rsquo;ange en fusion.<br \/>\nIl peut accueillir une hostie au diam\u00e8tre de cm 7,5. <\/p>\n<p>hauteur cm 43.<\/p>\n","protected":false},"featured_media":78450,"template":"","meta":[],"product_cat":[12064],"product_tag":[],"yoast_head":"<!-- This site is optimized with the Yoast SEO plugin v20.4 - https:\/\/yoast.com\/wordpress\/plugins\/seo\/ -->\n<title>ostensoir J\u00e9sus le Bon Pasteur - ostensoirs et Laboratorio Gruppo Liturgico<\/title>\n<meta name=\"description\" content=\"Pr\u00e9cieux ostensoir en laiton dor\u00e9 et argent\u00e9. Sur la base est pr\u00e9sente une repr\u00e9sentation de J\u00e9sus le Bon Pasteur cisel\u00e9e \u00e0 la main.  La lunule est entour\u00e9e de petites t\u00eates d&#039;ange en fusion.  Il peut accueillir une hostie au diam\u00e8tre de cm 7,5.   hauteur cm 43.\" \/>\n<meta name=\"robots\" content=\"index, follow, max-snippet:-1, max-image-preview:large, max-video-preview:-1\" \/>\n<link rel=\"canonical\" href=\"https:\/\/www.gruppoliturgico.com\/fr\/produit\/ostensoir-jesus-le-bon-pasteur\/\" \/>\n<meta property=\"og:locale\" content=\"fr_FR\" \/>\n<meta property=\"og:type\" content=\"article\" \/>\n<meta property=\"og:title\" content=\"ostensoir J\u00e9sus le Bon Pasteur - ostensoirs et Laboratorio Gruppo Liturgico\" \/>\n<meta property=\"og:description\" content=\"Pr\u00e9cieux ostensoir en laiton dor\u00e9 et argent\u00e9. Sur la base est pr\u00e9sente une repr\u00e9sentation de J\u00e9sus le Bon Pasteur cisel\u00e9e \u00e0 la main.  La lunule est entour\u00e9e de petites t\u00eates d&#039;ange en fusion.  Il peut accueillir une hostie au diam\u00e8tre de cm 7,5.   hauteur cm 43.\" \/>\n<meta property=\"og:url\" content=\"https:\/\/www.gruppoliturgico.com\/fr\/produit\/ostensoir-jesus-le-bon-pasteur\/\" \/>\n<meta property=\"og:site_name\" content=\"Laboratorio Gruppo Liturgico\" \/>\n<meta property=\"article:modified_time\" content=\"2022-05-20T08:55:42+00:00\" \/>\n<meta property=\"og:image\" content=\"https:\/\/www.gruppoliturgico.com\/wp-content\/uploads\/2022\/05\/2144_0.jpg\" \/>\n\t<meta property=\"og:image:width\" content=\"850\" \/>\n\t<meta property=\"og:image:height\" content=\"1500\" \/>\n\t<meta property=\"og:image:type\" content=\"image\/jpeg\" \/>\n<meta name=\"twitter:card\" content=\"summary_large_image\" \/>\n<script type=\"application\/ld+json\" class=\"yoast-schema-graph\">{\"@context\":\"https:\/\/schema.org\",\"@graph\":[{\"@type\":\"WebPage\",\"@id\":\"https:\/\/www.gruppoliturgico.com\/fr\/produit\/ostensoir-jesus-le-bon-pasteur\/\",\"url\":\"https:\/\/www.gruppoliturgico.com\/fr\/produit\/ostensoir-jesus-le-bon-pasteur\/\",\"name\":\"ostensoir J\u00e9sus le Bon Pasteur - ostensoirs et Laboratorio Gruppo Liturgico\",\"isPartOf\":{\"@id\":\"https:\/\/www.gruppoliturgico.com\/es\/#website\"},\"datePublished\":\"2022-05-20T01:07:07+00:00\",\"dateModified\":\"2022-05-20T08:55:42+00:00\",\"description\":\"Pr\u00e9cieux ostensoir en laiton dor\u00e9 et argent\u00e9. Sur la base est pr\u00e9sente une repr\u00e9sentation de J\u00e9sus le Bon Pasteur cisel\u00e9e \u00e0 la main. La lunule est entour\u00e9e de petites t\u00eates d'ange en fusion. Il peut accueillir une hostie au diam\u00e8tre de cm 7,5. hauteur cm 43.\",\"breadcrumb\":{\"@id\":\"https:\/\/www.gruppoliturgico.com\/fr\/produit\/ostensoir-jesus-le-bon-pasteur\/#breadcrumb\"},\"inLanguage\":\"fr-FR\",\"potentialAction\":[{\"@type\":\"ReadAction\",\"target\":[\"https:\/\/www.gruppoliturgico.com\/fr\/produit\/ostensoir-jesus-le-bon-pasteur\/\"]}]},{\"@type\":\"BreadcrumbList\",\"@id\":\"https:\/\/www.gruppoliturgico.com\/fr\/produit\/ostensoir-jesus-le-bon-pasteur\/#breadcrumb\",\"itemListElement\":[{\"@type\":\"ListItem\",\"position\":1,\"name\":\"Home\",\"item\":\"https:\/\/www.gruppoliturgico.com\/fr\/\"},{\"@type\":\"ListItem\",\"position\":2,\"name\":\"Boutique\",\"item\":\"https:\/\/www.gruppoliturgico.com\/fr\/boutique\/\"},{\"@type\":\"ListItem\",\"position\":3,\"name\":\"ostensoir J\u00e9sus le Bon Pasteur\"}]},{\"@type\":\"WebSite\",\"@id\":\"https:\/\/www.gruppoliturgico.com\/es\/#website\",\"url\":\"https:\/\/www.gruppoliturgico.com\/es\/\",\"name\":\"Laboratorio Gruppo Liturgico\",\"description\":\"Articoli Religiosi online\",\"publisher\":{\"@id\":\"https:\/\/www.gruppoliturgico.com\/es\/#organization\"},\"potentialAction\":[{\"@type\":\"SearchAction\",\"target\":{\"@type\":\"EntryPoint\",\"urlTemplate\":\"https:\/\/www.gruppoliturgico.com\/es\/?s={search_term_string}\"},\"query-input\":\"required name=search_term_string\"}],\"inLanguage\":\"fr-FR\"},{\"@type\":\"Organization\",\"@id\":\"https:\/\/www.gruppoliturgico.com\/es\/#organization\",\"name\":\"Laboratorio Gruppo Liturgico\",\"url\":\"https:\/\/www.gruppoliturgico.com\/es\/\",\"logo\":{\"@type\":\"ImageObject\",\"inLanguage\":\"fr-FR\",\"@id\":\"https:\/\/www.gruppoliturgico.com\/es\/#\/schema\/logo\/image\/\",\"url\":\"https:\/\/www.gruppoliturgico.com\/wp-content\/uploads\/2022\/02\/logo-laboratoriogruppoliturgico.png\",\"contentUrl\":\"https:\/\/www.gruppoliturgico.com\/wp-content\/uploads\/2022\/02\/logo-laboratoriogruppoliturgico.png\",\"width\":400,\"height\":114,\"caption\":\"Laboratorio Gruppo Liturgico\"},\"image\":{\"@id\":\"https:\/\/www.gruppoliturgico.com\/es\/#\/schema\/logo\/image\/\"}}]}<\/script>\n<!-- \/ Yoast SEO plugin. -->","yoast_head_json":{"title":"ostensoir J\u00e9sus le Bon Pasteur - ostensoirs et Laboratorio Gruppo Liturgico","description":"Pr\u00e9cieux ostensoir en laiton dor\u00e9 et argent\u00e9. Sur la base est pr\u00e9sente une repr\u00e9sentation de J\u00e9sus le Bon Pasteur cisel\u00e9e \u00e0 la main.  La lunule est entour\u00e9e de petites t\u00eates d'ange en fusion.  Il peut accueillir une hostie au diam\u00e8tre de cm 7,5.   hauteur cm 43.","robots":{"index":"index","follow":"follow","max-snippet":"max-snippet:-1","max-image-preview":"max-image-preview:large","max-video-preview":"max-video-preview:-1"},"canonical":"https:\/\/www.gruppoliturgico.com\/fr\/produit\/ostensoir-jesus-le-bon-pasteur\/","og_locale":"fr_FR","og_type":"article","og_title":"ostensoir J\u00e9sus le Bon Pasteur - ostensoirs et Laboratorio Gruppo Liturgico","og_description":"Pr\u00e9cieux ostensoir en laiton dor\u00e9 et argent\u00e9. Sur la base est pr\u00e9sente une repr\u00e9sentation de J\u00e9sus le Bon Pasteur cisel\u00e9e \u00e0 la main.  La lunule est entour\u00e9e de petites t\u00eates d'ange en fusion.  Il peut accueillir une hostie au diam\u00e8tre de cm 7,5.   hauteur cm 43.","og_url":"https:\/\/www.gruppoliturgico.com\/fr\/produit\/ostensoir-jesus-le-bon-pasteur\/","og_site_name":"Laboratorio Gruppo Liturgico","article_modified_time":"2022-05-20T08:55:42+00:00","og_image":[{"width":850,"height":1500,"url":"https:\/\/www.gruppoliturgico.com\/wp-content\/uploads\/2022\/05\/2144_0.jpg","type":"image\/jpeg"}],"twitter_card":"summary_large_image","schema":{"@context":"https:\/\/schema.org","@graph":[{"@type":"WebPage","@id":"https:\/\/www.gruppoliturgico.com\/fr\/produit\/ostensoir-jesus-le-bon-pasteur\/","url":"https:\/\/www.gruppoliturgico.com\/fr\/produit\/ostensoir-jesus-le-bon-pasteur\/","name":"ostensoir J\u00e9sus le Bon Pasteur - ostensoirs et Laboratorio Gruppo Liturgico","isPartOf":{"@id":"https:\/\/www.gruppoliturgico.com\/es\/#website"},"datePublished":"2022-05-20T01:07:07+00:00","dateModified":"2022-05-20T08:55:42+00:00","description":"Pr\u00e9cieux ostensoir en laiton dor\u00e9 et argent\u00e9. Sur la base est pr\u00e9sente une repr\u00e9sentation de J\u00e9sus le Bon Pasteur cisel\u00e9e \u00e0 la main. La lunule est entour\u00e9e de petites t\u00eates d'ange en fusion. Il peut accueillir une hostie au diam\u00e8tre de cm 7,5. hauteur cm 43.","breadcrumb":{"@id":"https:\/\/www.gruppoliturgico.com\/fr\/produit\/ostensoir-jesus-le-bon-pasteur\/#breadcrumb"},"inLanguage":"fr-FR","potentialAction":[{"@type":"ReadAction","target":["https:\/\/www.gruppoliturgico.com\/fr\/produit\/ostensoir-jesus-le-bon-pasteur\/"]}]},{"@type":"BreadcrumbList","@id":"https:\/\/www.gruppoliturgico.com\/fr\/produit\/ostensoir-jesus-le-bon-pasteur\/#breadcrumb","itemListElement":[{"@type":"ListItem","position":1,"name":"Home","item":"https:\/\/www.gruppoliturgico.com\/fr\/"},{"@type":"ListItem","position":2,"name":"Boutique","item":"https:\/\/www.gruppoliturgico.com\/fr\/boutique\/"},{"@type":"ListItem","position":3,"name":"ostensoir J\u00e9sus le Bon Pasteur"}]},{"@type":"WebSite","@id":"https:\/\/www.gruppoliturgico.com\/es\/#website","url":"https:\/\/www.gruppoliturgico.com\/es\/","name":"Laboratorio Gruppo Liturgico","description":"Articoli Religiosi online","publisher":{"@id":"https:\/\/www.gruppoliturgico.com\/es\/#organization"},"potentialAction":[{"@type":"SearchAction","target":{"@type":"EntryPoint","urlTemplate":"https:\/\/www.gruppoliturgico.com\/es\/?s={search_term_string}"},"query-input":"required name=search_term_string"}],"inLanguage":"fr-FR"},{"@type":"Organization","@id":"https:\/\/www.gruppoliturgico.com\/es\/#organization","name":"Laboratorio Gruppo Liturgico","url":"https:\/\/www.gruppoliturgico.com\/es\/","logo":{"@type":"ImageObject","inLanguage":"fr-FR","@id":"https:\/\/www.gruppoliturgico.com\/es\/#\/schema\/logo\/image\/","url":"https:\/\/www.gruppoliturgico.com\/wp-content\/uploads\/2022\/02\/logo-laboratoriogruppoliturgico.png","contentUrl":"https:\/\/www.gruppoliturgico.com\/wp-content\/uploads\/2022\/02\/logo-laboratoriogruppoliturgico.png","width":400,"height":114,"caption":"Laboratorio Gruppo Liturgico"},"image":{"@id":"https:\/\/www.gruppoliturgico.com\/es\/#\/schema\/logo\/image\/"}}]}},"_links":{"self":[{"href":"https:\/\/www.gruppoliturgico.com\/fr\/wp-json\/wp\/v2\/product\/68119"}],"collection":[{"href":"https:\/\/www.gruppoliturgico.com\/fr\/wp-json\/wp\/v2\/product"}],"about":[{"href":"https:\/\/www.gruppoliturgico.com\/fr\/wp-json\/wp\/v2\/types\/product"}],"wp:featuredmedia":[{"embeddable":true,"href":"https:\/\/www.gruppoliturgico.com\/fr\/wp-json\/wp\/v2\/media\/78450"}],"wp:attachment":[{"href":"https:\/\/www.gruppoliturgico.com\/fr\/wp-json\/wp\/v2\/media?parent=68119"}],"wp:term":[{"taxonomy":"product_cat","embeddable":true,"href":"https:\/\/www.gruppoliturgico.com\/fr\/wp-json\/wp\/v2\/product_cat?post=68119"},{"taxonomy":"product_tag","embeddable":true,"href":"https:\/\/www.gruppoliturgico.com\/fr\/wp-json\/wp\/v2\/product_tag?post=68119"}],"curies":[{"name":"wp","href":"https:\/\/api.w.org\/{rel}","templated":true}]}}