{"id":68099,"date":"2022-05-20T03:06:02","date_gmt":"2022-05-20T01:06:09","guid":{"rendered":"https:\/\/www.gruppoliturgico.com\/prodotto\/paire-de-chandeliers-a-cinq-branches-3\/"},"modified":"2022-09-27T09:11:20","modified_gmt":"2022-09-27T07:11:20","slug":"paire-de-chandeliers-a-cinq-branches-3","status":"publish","type":"product","link":"https:\/\/www.gruppoliturgico.com\/fr\/produit\/paire-de-chandeliers-a-cinq-branches-3\/","title":{"rendered":"Chandelier \u00e0 cinq branches"},"content":{"rendered":"<html><body><p>Chandelier \u00e0 cinq branches.<br>\nIl est sculpt\u00e9 \u00e0 la main en bois dor\u00e9e \u00e0 la feuille d\u2019or de grande valeur.<br>\nDes gravures de volutes baroques soutiennent les bougies.<br>\nDimensions de cm 60 x 45.<\/p>\n<p>Le prix comprend les bogies avec le r\u00e9cipient de cire liquide.<\/p>\n<\/body><\/html>","protected":false},"excerpt":{"rendered":"<p>Chandelier \u00e0 cinq branches.<br \/>\nIl est sculpt\u00e9 \u00e0 la main en bois dor\u00e9e \u00e0 la feuille d&rsquo;or de grande valeur.<br \/>\nDes gravures de volutes baroques soutiennent les bougies.<br \/>\nDimensions de cm 60 x 45.<\/p>\n<p>Le prix comprend les bogies avec le r\u00e9cipient de cire liquide.<\/p>\n","protected":false},"featured_media":132086,"template":"","meta":[],"product_cat":[12056],"product_tag":[],"yoast_head":"<!-- This site is optimized with the Yoast SEO plugin v20.4 - https:\/\/yoast.com\/wordpress\/plugins\/seo\/ -->\n<title>Chandelier \u00e0 cinq branches - Chandelier \u00e0 plusieurs branches et Laboratorio Gruppo Liturgico<\/title>\n<meta name=\"description\" content=\"Chandelier \u00e0 cinq branches.  Il est sculpt\u00e9 \u00e0 la main en bois dor\u00e9e \u00e0 la feuille d&#039;or de grande valeur.  Des gravures de volutes baroques soutiennent les bougies.  Dimensions de cm 60 x 45.  Le prix comprend les bogies avec le r\u00e9cipient de cire liquide.\" \/>\n<meta name=\"robots\" content=\"index, follow, max-snippet:-1, max-image-preview:large, max-video-preview:-1\" \/>\n<link rel=\"canonical\" href=\"https:\/\/www.gruppoliturgico.com\/fr\/produit\/paire-de-chandeliers-a-cinq-branches-3\/\" \/>\n<meta property=\"og:locale\" content=\"fr_FR\" \/>\n<meta property=\"og:type\" content=\"article\" \/>\n<meta property=\"og:title\" content=\"Chandelier \u00e0 cinq branches - Chandelier \u00e0 plusieurs branches et Laboratorio Gruppo Liturgico\" \/>\n<meta property=\"og:description\" content=\"Chandelier \u00e0 cinq branches.  Il est sculpt\u00e9 \u00e0 la main en bois dor\u00e9e \u00e0 la feuille d&#039;or de grande valeur.  Des gravures de volutes baroques soutiennent les bougies.  Dimensions de cm 60 x 45.  Le prix comprend les bogies avec le r\u00e9cipient de cire liquide.\" \/>\n<meta property=\"og:url\" content=\"https:\/\/www.gruppoliturgico.com\/fr\/produit\/paire-de-chandeliers-a-cinq-branches-3\/\" \/>\n<meta property=\"og:site_name\" content=\"Laboratorio Gruppo Liturgico\" \/>\n<meta property=\"article:modified_time\" content=\"2022-09-27T07:11:20+00:00\" \/>\n<meta property=\"og:image\" content=\"https:\/\/www.gruppoliturgico.com\/wp-content\/uploads\/2022\/05\/263-1.jpg\" \/>\n\t<meta property=\"og:image:width\" content=\"1302\" \/>\n\t<meta property=\"og:image:height\" content=\"1500\" \/>\n\t<meta property=\"og:image:type\" content=\"image\/jpeg\" \/>\n<meta name=\"twitter:card\" content=\"summary_large_image\" \/>\n<script type=\"application\/ld+json\" class=\"yoast-schema-graph\">{\"@context\":\"https:\/\/schema.org\",\"@graph\":[{\"@type\":\"WebPage\",\"@id\":\"https:\/\/www.gruppoliturgico.com\/fr\/produit\/paire-de-chandeliers-a-cinq-branches-3\/\",\"url\":\"https:\/\/www.gruppoliturgico.com\/fr\/produit\/paire-de-chandeliers-a-cinq-branches-3\/\",\"name\":\"Chandelier \u00e0 cinq branches - Chandelier \u00e0 plusieurs branches et Laboratorio Gruppo Liturgico\",\"isPartOf\":{\"@id\":\"https:\/\/www.gruppoliturgico.com\/es\/#website\"},\"datePublished\":\"2022-05-20T01:06:09+00:00\",\"dateModified\":\"2022-09-27T07:11:20+00:00\",\"description\":\"Chandelier \u00e0 cinq branches. Il est sculpt\u00e9 \u00e0 la main en bois dor\u00e9e \u00e0 la feuille d'or de grande valeur. Des gravures de volutes baroques soutiennent les bougies. Dimensions de cm 60 x 45. Le prix comprend les bogies avec le r\u00e9cipient de cire liquide.\",\"breadcrumb\":{\"@id\":\"https:\/\/www.gruppoliturgico.com\/fr\/produit\/paire-de-chandeliers-a-cinq-branches-3\/#breadcrumb\"},\"inLanguage\":\"fr-FR\",\"potentialAction\":[{\"@type\":\"ReadAction\",\"target\":[\"https:\/\/www.gruppoliturgico.com\/fr\/produit\/paire-de-chandeliers-a-cinq-branches-3\/\"]}]},{\"@type\":\"BreadcrumbList\",\"@id\":\"https:\/\/www.gruppoliturgico.com\/fr\/produit\/paire-de-chandeliers-a-cinq-branches-3\/#breadcrumb\",\"itemListElement\":[{\"@type\":\"ListItem\",\"position\":1,\"name\":\"Home\",\"item\":\"https:\/\/www.gruppoliturgico.com\/fr\/\"},{\"@type\":\"ListItem\",\"position\":2,\"name\":\"Boutique\",\"item\":\"https:\/\/www.gruppoliturgico.com\/fr\/boutique\/\"},{\"@type\":\"ListItem\",\"position\":3,\"name\":\"Chandelier \u00e0 cinq branches\"}]},{\"@type\":\"WebSite\",\"@id\":\"https:\/\/www.gruppoliturgico.com\/es\/#website\",\"url\":\"https:\/\/www.gruppoliturgico.com\/es\/\",\"name\":\"Laboratorio Gruppo Liturgico\",\"description\":\"Articoli Religiosi online\",\"publisher\":{\"@id\":\"https:\/\/www.gruppoliturgico.com\/es\/#organization\"},\"potentialAction\":[{\"@type\":\"SearchAction\",\"target\":{\"@type\":\"EntryPoint\",\"urlTemplate\":\"https:\/\/www.gruppoliturgico.com\/es\/?s={search_term_string}\"},\"query-input\":\"required name=search_term_string\"}],\"inLanguage\":\"fr-FR\"},{\"@type\":\"Organization\",\"@id\":\"https:\/\/www.gruppoliturgico.com\/es\/#organization\",\"name\":\"Laboratorio Gruppo Liturgico\",\"url\":\"https:\/\/www.gruppoliturgico.com\/es\/\",\"logo\":{\"@type\":\"ImageObject\",\"inLanguage\":\"fr-FR\",\"@id\":\"https:\/\/www.gruppoliturgico.com\/es\/#\/schema\/logo\/image\/\",\"url\":\"https:\/\/www.gruppoliturgico.com\/wp-content\/uploads\/2022\/02\/logo-laboratoriogruppoliturgico.png\",\"contentUrl\":\"https:\/\/www.gruppoliturgico.com\/wp-content\/uploads\/2022\/02\/logo-laboratoriogruppoliturgico.png\",\"width\":400,\"height\":114,\"caption\":\"Laboratorio Gruppo Liturgico\"},\"image\":{\"@id\":\"https:\/\/www.gruppoliturgico.com\/es\/#\/schema\/logo\/image\/\"}}]}<\/script>\n<!-- \/ Yoast SEO plugin. -->","yoast_head_json":{"title":"Chandelier \u00e0 cinq branches - Chandelier \u00e0 plusieurs branches et Laboratorio Gruppo Liturgico","description":"Chandelier \u00e0 cinq branches.  Il est sculpt\u00e9 \u00e0 la main en bois dor\u00e9e \u00e0 la feuille d'or de grande valeur.  Des gravures de volutes baroques soutiennent les bougies.  Dimensions de cm 60 x 45.  Le prix comprend les bogies avec le r\u00e9cipient de cire liquide.","robots":{"index":"index","follow":"follow","max-snippet":"max-snippet:-1","max-image-preview":"max-image-preview:large","max-video-preview":"max-video-preview:-1"},"canonical":"https:\/\/www.gruppoliturgico.com\/fr\/produit\/paire-de-chandeliers-a-cinq-branches-3\/","og_locale":"fr_FR","og_type":"article","og_title":"Chandelier \u00e0 cinq branches - Chandelier \u00e0 plusieurs branches et Laboratorio Gruppo Liturgico","og_description":"Chandelier \u00e0 cinq branches.  Il est sculpt\u00e9 \u00e0 la main en bois dor\u00e9e \u00e0 la feuille d'or de grande valeur.  Des gravures de volutes baroques soutiennent les bougies.  Dimensions de cm 60 x 45.  Le prix comprend les bogies avec le r\u00e9cipient de cire liquide.","og_url":"https:\/\/www.gruppoliturgico.com\/fr\/produit\/paire-de-chandeliers-a-cinq-branches-3\/","og_site_name":"Laboratorio Gruppo Liturgico","article_modified_time":"2022-09-27T07:11:20+00:00","og_image":[{"width":1302,"height":1500,"url":"https:\/\/www.gruppoliturgico.com\/wp-content\/uploads\/2022\/05\/263-1.jpg","type":"image\/jpeg"}],"twitter_card":"summary_large_image","schema":{"@context":"https:\/\/schema.org","@graph":[{"@type":"WebPage","@id":"https:\/\/www.gruppoliturgico.com\/fr\/produit\/paire-de-chandeliers-a-cinq-branches-3\/","url":"https:\/\/www.gruppoliturgico.com\/fr\/produit\/paire-de-chandeliers-a-cinq-branches-3\/","name":"Chandelier \u00e0 cinq branches - Chandelier \u00e0 plusieurs branches et Laboratorio Gruppo Liturgico","isPartOf":{"@id":"https:\/\/www.gruppoliturgico.com\/es\/#website"},"datePublished":"2022-05-20T01:06:09+00:00","dateModified":"2022-09-27T07:11:20+00:00","description":"Chandelier \u00e0 cinq branches. Il est sculpt\u00e9 \u00e0 la main en bois dor\u00e9e \u00e0 la feuille d'or de grande valeur. Des gravures de volutes baroques soutiennent les bougies. Dimensions de cm 60 x 45. Le prix comprend les bogies avec le r\u00e9cipient de cire liquide.","breadcrumb":{"@id":"https:\/\/www.gruppoliturgico.com\/fr\/produit\/paire-de-chandeliers-a-cinq-branches-3\/#breadcrumb"},"inLanguage":"fr-FR","potentialAction":[{"@type":"ReadAction","target":["https:\/\/www.gruppoliturgico.com\/fr\/produit\/paire-de-chandeliers-a-cinq-branches-3\/"]}]},{"@type":"BreadcrumbList","@id":"https:\/\/www.gruppoliturgico.com\/fr\/produit\/paire-de-chandeliers-a-cinq-branches-3\/#breadcrumb","itemListElement":[{"@type":"ListItem","position":1,"name":"Home","item":"https:\/\/www.gruppoliturgico.com\/fr\/"},{"@type":"ListItem","position":2,"name":"Boutique","item":"https:\/\/www.gruppoliturgico.com\/fr\/boutique\/"},{"@type":"ListItem","position":3,"name":"Chandelier \u00e0 cinq branches"}]},{"@type":"WebSite","@id":"https:\/\/www.gruppoliturgico.com\/es\/#website","url":"https:\/\/www.gruppoliturgico.com\/es\/","name":"Laboratorio Gruppo Liturgico","description":"Articoli Religiosi online","publisher":{"@id":"https:\/\/www.gruppoliturgico.com\/es\/#organization"},"potentialAction":[{"@type":"SearchAction","target":{"@type":"EntryPoint","urlTemplate":"https:\/\/www.gruppoliturgico.com\/es\/?s={search_term_string}"},"query-input":"required name=search_term_string"}],"inLanguage":"fr-FR"},{"@type":"Organization","@id":"https:\/\/www.gruppoliturgico.com\/es\/#organization","name":"Laboratorio Gruppo Liturgico","url":"https:\/\/www.gruppoliturgico.com\/es\/","logo":{"@type":"ImageObject","inLanguage":"fr-FR","@id":"https:\/\/www.gruppoliturgico.com\/es\/#\/schema\/logo\/image\/","url":"https:\/\/www.gruppoliturgico.com\/wp-content\/uploads\/2022\/02\/logo-laboratoriogruppoliturgico.png","contentUrl":"https:\/\/www.gruppoliturgico.com\/wp-content\/uploads\/2022\/02\/logo-laboratoriogruppoliturgico.png","width":400,"height":114,"caption":"Laboratorio Gruppo Liturgico"},"image":{"@id":"https:\/\/www.gruppoliturgico.com\/es\/#\/schema\/logo\/image\/"}}]}},"_links":{"self":[{"href":"https:\/\/www.gruppoliturgico.com\/fr\/wp-json\/wp\/v2\/product\/68099"}],"collection":[{"href":"https:\/\/www.gruppoliturgico.com\/fr\/wp-json\/wp\/v2\/product"}],"about":[{"href":"https:\/\/www.gruppoliturgico.com\/fr\/wp-json\/wp\/v2\/types\/product"}],"wp:featuredmedia":[{"embeddable":true,"href":"https:\/\/www.gruppoliturgico.com\/fr\/wp-json\/wp\/v2\/media\/132086"}],"wp:attachment":[{"href":"https:\/\/www.gruppoliturgico.com\/fr\/wp-json\/wp\/v2\/media?parent=68099"}],"wp:term":[{"taxonomy":"product_cat","embeddable":true,"href":"https:\/\/www.gruppoliturgico.com\/fr\/wp-json\/wp\/v2\/product_cat?post=68099"},{"taxonomy":"product_tag","embeddable":true,"href":"https:\/\/www.gruppoliturgico.com\/fr\/wp-json\/wp\/v2\/product_tag?post=68099"}],"curies":[{"name":"wp","href":"https:\/\/api.w.org\/{rel}","templated":true}]}}