{"id":68071,"date":"2022-05-20T03:04:34","date_gmt":"2022-05-20T01:04:39","guid":{"rendered":"https:\/\/www.gruppoliturgico.com\/prodotto\/ciboire-35\/"},"modified":"2022-05-20T10:53:29","modified_gmt":"2022-05-20T08:53:29","slug":"ciboire-35","status":"publish","type":"product","link":"https:\/\/www.gruppoliturgico.com\/fr\/produit\/ciboire-35\/","title":{"rendered":"ciboire"},"content":{"rendered":"<html><body><p>ciboire avec \u00e9l\u00e9gante fusion en grand relief d\u2019\u00e9pis de bl\u00e9 et de grappes de raisin sur la base.<br>\nSur toute la coupe il ya une pr\u00e9cieuse ciselure ex\u00e9cut\u00e9e \u00e0 la main. <\/p>\n<p>Hauteur cm 22<br>\nCoupe \u00d8 cm 12,4<\/p>\n<\/body><\/html>","protected":false},"excerpt":{"rendered":"<p>ciboire avec \u00e9l\u00e9gante fusion en grand relief d&rsquo;\u00e9pis de bl\u00e9 et de grappes de raisin sur la base.<br \/>\nSur toute la coupe il ya une pr\u00e9cieuse ciselure ex\u00e9cut\u00e9e \u00e0 la main. <\/p>\n<p>Hauteur cm 22<br \/>\nCoupe \u00d8 cm 12,4<\/p>\n","protected":false},"featured_media":131121,"template":"","meta":[],"product_cat":[12032],"product_tag":[],"yoast_head":"<!-- This site is optimized with the Yoast SEO plugin v20.4 - https:\/\/yoast.com\/wordpress\/plugins\/seo\/ -->\n<title>ciboire - collection ciboires et Laboratorio Gruppo Liturgico<\/title>\n<meta name=\"description\" content=\"ciboire avec \u00e9l\u00e9gante fusion en grand relief d&#039;\u00e9pis de bl\u00e9 et de grappes de raisin sur la base.  Sur toute la coupe il ya une pr\u00e9cieuse ciselure ex\u00e9cut\u00e9e \u00e0 la main.   Hauteur cm 22 Coupe \u00d8 cm 12,4\" \/>\n<meta name=\"robots\" content=\"index, follow, max-snippet:-1, max-image-preview:large, max-video-preview:-1\" \/>\n<link rel=\"canonical\" href=\"https:\/\/www.gruppoliturgico.com\/fr\/produit\/ciboire-35\/\" \/>\n<meta property=\"og:locale\" content=\"fr_FR\" \/>\n<meta property=\"og:type\" content=\"article\" \/>\n<meta property=\"og:title\" content=\"ciboire - collection ciboires et Laboratorio Gruppo Liturgico\" \/>\n<meta property=\"og:description\" content=\"ciboire avec \u00e9l\u00e9gante fusion en grand relief d&#039;\u00e9pis de bl\u00e9 et de grappes de raisin sur la base.  Sur toute la coupe il ya une pr\u00e9cieuse ciselure ex\u00e9cut\u00e9e \u00e0 la main.   Hauteur cm 22 Coupe \u00d8 cm 12,4\" \/>\n<meta property=\"og:url\" content=\"https:\/\/www.gruppoliturgico.com\/fr\/produit\/ciboire-35\/\" \/>\n<meta property=\"og:site_name\" content=\"Laboratorio Gruppo Liturgico\" \/>\n<meta property=\"article:modified_time\" content=\"2022-05-20T08:53:29+00:00\" \/>\n<meta property=\"og:image\" content=\"https:\/\/www.gruppoliturgico.com\/wp-content\/uploads\/2022\/05\/2148.jpg\" \/>\n\t<meta property=\"og:image:width\" content=\"922\" \/>\n\t<meta property=\"og:image:height\" content=\"1500\" \/>\n\t<meta property=\"og:image:type\" content=\"image\/jpeg\" \/>\n<meta name=\"twitter:card\" content=\"summary_large_image\" \/>\n<script type=\"application\/ld+json\" class=\"yoast-schema-graph\">{\"@context\":\"https:\/\/schema.org\",\"@graph\":[{\"@type\":\"WebPage\",\"@id\":\"https:\/\/www.gruppoliturgico.com\/fr\/produit\/ciboire-35\/\",\"url\":\"https:\/\/www.gruppoliturgico.com\/fr\/produit\/ciboire-35\/\",\"name\":\"ciboire - collection ciboires et Laboratorio Gruppo Liturgico\",\"isPartOf\":{\"@id\":\"https:\/\/www.gruppoliturgico.com\/es\/#website\"},\"datePublished\":\"2022-05-20T01:04:39+00:00\",\"dateModified\":\"2022-05-20T08:53:29+00:00\",\"description\":\"ciboire avec \u00e9l\u00e9gante fusion en grand relief d'\u00e9pis de bl\u00e9 et de grappes de raisin sur la base. Sur toute la coupe il ya une pr\u00e9cieuse ciselure ex\u00e9cut\u00e9e \u00e0 la main. Hauteur cm 22 Coupe \u00d8 cm 12,4\",\"breadcrumb\":{\"@id\":\"https:\/\/www.gruppoliturgico.com\/fr\/produit\/ciboire-35\/#breadcrumb\"},\"inLanguage\":\"fr-FR\",\"potentialAction\":[{\"@type\":\"ReadAction\",\"target\":[\"https:\/\/www.gruppoliturgico.com\/fr\/produit\/ciboire-35\/\"]}]},{\"@type\":\"BreadcrumbList\",\"@id\":\"https:\/\/www.gruppoliturgico.com\/fr\/produit\/ciboire-35\/#breadcrumb\",\"itemListElement\":[{\"@type\":\"ListItem\",\"position\":1,\"name\":\"Home\",\"item\":\"https:\/\/www.gruppoliturgico.com\/fr\/\"},{\"@type\":\"ListItem\",\"position\":2,\"name\":\"Boutique\",\"item\":\"https:\/\/www.gruppoliturgico.com\/fr\/boutique\/\"},{\"@type\":\"ListItem\",\"position\":3,\"name\":\"ciboire\"}]},{\"@type\":\"WebSite\",\"@id\":\"https:\/\/www.gruppoliturgico.com\/es\/#website\",\"url\":\"https:\/\/www.gruppoliturgico.com\/es\/\",\"name\":\"Laboratorio Gruppo Liturgico\",\"description\":\"Articoli Religiosi online\",\"publisher\":{\"@id\":\"https:\/\/www.gruppoliturgico.com\/es\/#organization\"},\"potentialAction\":[{\"@type\":\"SearchAction\",\"target\":{\"@type\":\"EntryPoint\",\"urlTemplate\":\"https:\/\/www.gruppoliturgico.com\/es\/?s={search_term_string}\"},\"query-input\":\"required name=search_term_string\"}],\"inLanguage\":\"fr-FR\"},{\"@type\":\"Organization\",\"@id\":\"https:\/\/www.gruppoliturgico.com\/es\/#organization\",\"name\":\"Laboratorio Gruppo Liturgico\",\"url\":\"https:\/\/www.gruppoliturgico.com\/es\/\",\"logo\":{\"@type\":\"ImageObject\",\"inLanguage\":\"fr-FR\",\"@id\":\"https:\/\/www.gruppoliturgico.com\/es\/#\/schema\/logo\/image\/\",\"url\":\"https:\/\/www.gruppoliturgico.com\/wp-content\/uploads\/2022\/02\/logo-laboratoriogruppoliturgico.png\",\"contentUrl\":\"https:\/\/www.gruppoliturgico.com\/wp-content\/uploads\/2022\/02\/logo-laboratoriogruppoliturgico.png\",\"width\":400,\"height\":114,\"caption\":\"Laboratorio Gruppo Liturgico\"},\"image\":{\"@id\":\"https:\/\/www.gruppoliturgico.com\/es\/#\/schema\/logo\/image\/\"}}]}<\/script>\n<!-- \/ Yoast SEO plugin. -->","yoast_head_json":{"title":"ciboire - collection ciboires et Laboratorio Gruppo Liturgico","description":"ciboire avec \u00e9l\u00e9gante fusion en grand relief d'\u00e9pis de bl\u00e9 et de grappes de raisin sur la base.  Sur toute la coupe il ya une pr\u00e9cieuse ciselure ex\u00e9cut\u00e9e \u00e0 la main.   Hauteur cm 22 Coupe \u00d8 cm 12,4","robots":{"index":"index","follow":"follow","max-snippet":"max-snippet:-1","max-image-preview":"max-image-preview:large","max-video-preview":"max-video-preview:-1"},"canonical":"https:\/\/www.gruppoliturgico.com\/fr\/produit\/ciboire-35\/","og_locale":"fr_FR","og_type":"article","og_title":"ciboire - collection ciboires et Laboratorio Gruppo Liturgico","og_description":"ciboire avec \u00e9l\u00e9gante fusion en grand relief d'\u00e9pis de bl\u00e9 et de grappes de raisin sur la base.  Sur toute la coupe il ya une pr\u00e9cieuse ciselure ex\u00e9cut\u00e9e \u00e0 la main.   Hauteur cm 22 Coupe \u00d8 cm 12,4","og_url":"https:\/\/www.gruppoliturgico.com\/fr\/produit\/ciboire-35\/","og_site_name":"Laboratorio Gruppo Liturgico","article_modified_time":"2022-05-20T08:53:29+00:00","og_image":[{"width":922,"height":1500,"url":"https:\/\/www.gruppoliturgico.com\/wp-content\/uploads\/2022\/05\/2148.jpg","type":"image\/jpeg"}],"twitter_card":"summary_large_image","schema":{"@context":"https:\/\/schema.org","@graph":[{"@type":"WebPage","@id":"https:\/\/www.gruppoliturgico.com\/fr\/produit\/ciboire-35\/","url":"https:\/\/www.gruppoliturgico.com\/fr\/produit\/ciboire-35\/","name":"ciboire - collection ciboires et Laboratorio Gruppo Liturgico","isPartOf":{"@id":"https:\/\/www.gruppoliturgico.com\/es\/#website"},"datePublished":"2022-05-20T01:04:39+00:00","dateModified":"2022-05-20T08:53:29+00:00","description":"ciboire avec \u00e9l\u00e9gante fusion en grand relief d'\u00e9pis de bl\u00e9 et de grappes de raisin sur la base. Sur toute la coupe il ya une pr\u00e9cieuse ciselure ex\u00e9cut\u00e9e \u00e0 la main. Hauteur cm 22 Coupe \u00d8 cm 12,4","breadcrumb":{"@id":"https:\/\/www.gruppoliturgico.com\/fr\/produit\/ciboire-35\/#breadcrumb"},"inLanguage":"fr-FR","potentialAction":[{"@type":"ReadAction","target":["https:\/\/www.gruppoliturgico.com\/fr\/produit\/ciboire-35\/"]}]},{"@type":"BreadcrumbList","@id":"https:\/\/www.gruppoliturgico.com\/fr\/produit\/ciboire-35\/#breadcrumb","itemListElement":[{"@type":"ListItem","position":1,"name":"Home","item":"https:\/\/www.gruppoliturgico.com\/fr\/"},{"@type":"ListItem","position":2,"name":"Boutique","item":"https:\/\/www.gruppoliturgico.com\/fr\/boutique\/"},{"@type":"ListItem","position":3,"name":"ciboire"}]},{"@type":"WebSite","@id":"https:\/\/www.gruppoliturgico.com\/es\/#website","url":"https:\/\/www.gruppoliturgico.com\/es\/","name":"Laboratorio Gruppo Liturgico","description":"Articoli Religiosi online","publisher":{"@id":"https:\/\/www.gruppoliturgico.com\/es\/#organization"},"potentialAction":[{"@type":"SearchAction","target":{"@type":"EntryPoint","urlTemplate":"https:\/\/www.gruppoliturgico.com\/es\/?s={search_term_string}"},"query-input":"required name=search_term_string"}],"inLanguage":"fr-FR"},{"@type":"Organization","@id":"https:\/\/www.gruppoliturgico.com\/es\/#organization","name":"Laboratorio Gruppo Liturgico","url":"https:\/\/www.gruppoliturgico.com\/es\/","logo":{"@type":"ImageObject","inLanguage":"fr-FR","@id":"https:\/\/www.gruppoliturgico.com\/es\/#\/schema\/logo\/image\/","url":"https:\/\/www.gruppoliturgico.com\/wp-content\/uploads\/2022\/02\/logo-laboratoriogruppoliturgico.png","contentUrl":"https:\/\/www.gruppoliturgico.com\/wp-content\/uploads\/2022\/02\/logo-laboratoriogruppoliturgico.png","width":400,"height":114,"caption":"Laboratorio Gruppo Liturgico"},"image":{"@id":"https:\/\/www.gruppoliturgico.com\/es\/#\/schema\/logo\/image\/"}}]}},"_links":{"self":[{"href":"https:\/\/www.gruppoliturgico.com\/fr\/wp-json\/wp\/v2\/product\/68071"}],"collection":[{"href":"https:\/\/www.gruppoliturgico.com\/fr\/wp-json\/wp\/v2\/product"}],"about":[{"href":"https:\/\/www.gruppoliturgico.com\/fr\/wp-json\/wp\/v2\/types\/product"}],"wp:featuredmedia":[{"embeddable":true,"href":"https:\/\/www.gruppoliturgico.com\/fr\/wp-json\/wp\/v2\/media\/131121"}],"wp:attachment":[{"href":"https:\/\/www.gruppoliturgico.com\/fr\/wp-json\/wp\/v2\/media?parent=68071"}],"wp:term":[{"taxonomy":"product_cat","embeddable":true,"href":"https:\/\/www.gruppoliturgico.com\/fr\/wp-json\/wp\/v2\/product_cat?post=68071"},{"taxonomy":"product_tag","embeddable":true,"href":"https:\/\/www.gruppoliturgico.com\/fr\/wp-json\/wp\/v2\/product_tag?post=68071"}],"curies":[{"name":"wp","href":"https:\/\/api.w.org\/{rel}","templated":true}]}}