{"id":67979,"date":"2022-05-20T02:59:48","date_gmt":"2022-05-20T00:59:52","guid":{"rendered":"https:\/\/www.gruppoliturgico.com\/prodotto\/calice-avec-patene-3\/"},"modified":"2022-07-21T10:59:57","modified_gmt":"2022-07-21T08:59:57","slug":"calice-avec-patene-3","status":"publish","type":"product","link":"https:\/\/www.gruppoliturgico.com\/fr\/produit\/calice-avec-patene-3\/","title":{"rendered":"calice avec pat\u00e8ne"},"content":{"rendered":"<html><body><p>Calice avec pat\u00e8ne en style romantique.<br>\nIls sont r\u00e9alis\u00e9s enti\u00e8rement en argent massif 925 avec bain d\u2019 or 24 carats.<br>\nCette vraie \u0153uvre d\u2019art se distingue pour la d\u00e9coration avec \u00e9maillage \u00e0 feu cloisonn\u00e9 qui repr\u00e9sente les douze Ap\u00f4tres.<br>\nSur la base sont reproduits les symboles des quatre Evang\u00e9listes.<br>\nHauteur cm 27, diam\u00e8tre de la coupe cm 13,5.<br>\nIl est d\u00e9j\u00e0 complet de pat\u00e8ne avec \u00e9maillage \u00e0 feu cloisonn\u00e9 de diam\u00e8tre 18 cm<\/p>\n<p>\u00a0<\/p>\n<\/body><\/html>","protected":false},"excerpt":{"rendered":"<p>Calice avec pat\u00e8ne en style romantique.<br \/>\nIls sont r\u00e9alis\u00e9s enti\u00e8rement en argent massif 925 avec bain d&rsquo; or 24 carats.<br \/>\nCette vraie \u0153uvre d&rsquo;art se distingue pour la d\u00e9coration avec \u00e9maillage \u00e0 feu cloisonn\u00e9 qui repr\u00e9sente les douze Ap\u00f4tres.<br \/>\nSur la base sont reproduits les symboles des quatre Evang\u00e9listes.<br \/>\nHauteur cm 27, diam\u00e8tre de la coupe cm 13,5.<br \/>\nIl est d\u00e9j\u00e0 complet de pat\u00e8ne avec \u00e9maillage \u00e0 feu cloisonn\u00e9 de diam\u00e8tre 18 cm<\/p>\n<p>&nbsp;<\/p>\n","protected":false},"featured_media":130751,"template":"","meta":[],"product_cat":[12020],"product_tag":[],"yoast_head":"<!-- This site is optimized with the Yoast SEO plugin v20.4 - https:\/\/yoast.com\/wordpress\/plugins\/seo\/ -->\n<title>calice avec pat\u00e8ne - en argent massif et Laboratorio Gruppo Liturgico<\/title>\n<meta name=\"description\" content=\"Calice avec pat\u00e8ne en style romantique. Ils sont r\u00e9alis\u00e9s enti\u00e8rement en argent massif 925 avec bain d&#039; or 24 carats. Cette vraie \u0153uvre d&#039;art se distingue pour la d\u00e9coration avec \u00e9maillage \u00e0 feu cloisonn\u00e9 qui repr\u00e9sente les douze Ap\u00f4tres. Sur la base sont reproduits les symboles des quatre Evang\u00e9listes. Hauteur cm 27, diam\u00e8tre de la coupe cm 13,5. Il est d\u00e9j\u00e0 complet de pat\u00e8ne avec \u00e9maillage \u00e0 feu cloisonn\u00e9 de diam\u00e8tre 18 cm  &nbsp;\" \/>\n<meta name=\"robots\" content=\"index, follow, max-snippet:-1, max-image-preview:large, max-video-preview:-1\" \/>\n<link rel=\"canonical\" href=\"https:\/\/www.gruppoliturgico.com\/fr\/produit\/calice-avec-patene-3\/\" \/>\n<meta property=\"og:locale\" content=\"fr_FR\" \/>\n<meta property=\"og:type\" content=\"article\" \/>\n<meta property=\"og:title\" content=\"calice avec pat\u00e8ne - en argent massif et Laboratorio Gruppo Liturgico\" \/>\n<meta property=\"og:description\" content=\"Calice avec pat\u00e8ne en style romantique. Ils sont r\u00e9alis\u00e9s enti\u00e8rement en argent massif 925 avec bain d&#039; or 24 carats. Cette vraie \u0153uvre d&#039;art se distingue pour la d\u00e9coration avec \u00e9maillage \u00e0 feu cloisonn\u00e9 qui repr\u00e9sente les douze Ap\u00f4tres. Sur la base sont reproduits les symboles des quatre Evang\u00e9listes. Hauteur cm 27, diam\u00e8tre de la coupe cm 13,5. Il est d\u00e9j\u00e0 complet de pat\u00e8ne avec \u00e9maillage \u00e0 feu cloisonn\u00e9 de diam\u00e8tre 18 cm  &nbsp;\" \/>\n<meta property=\"og:url\" content=\"https:\/\/www.gruppoliturgico.com\/fr\/produit\/calice-avec-patene-3\/\" \/>\n<meta property=\"og:site_name\" content=\"Laboratorio Gruppo Liturgico\" \/>\n<meta property=\"article:modified_time\" content=\"2022-07-21T08:59:57+00:00\" \/>\n<meta property=\"og:image\" content=\"https:\/\/www.gruppoliturgico.com\/wp-content\/uploads\/2022\/05\/2000-da-migliorare_InPixio-864x1024.jpg\" \/>\n\t<meta property=\"og:image:width\" content=\"864\" \/>\n\t<meta property=\"og:image:height\" content=\"1024\" \/>\n\t<meta property=\"og:image:type\" content=\"image\/jpeg\" \/>\n<meta name=\"twitter:card\" content=\"summary_large_image\" \/>\n<meta name=\"twitter:label1\" content=\"Dur\u00e9e de lecture estim\u00e9e\" \/>\n\t<meta name=\"twitter:data1\" content=\"1 minute\" \/>\n<script type=\"application\/ld+json\" class=\"yoast-schema-graph\">{\"@context\":\"https:\/\/schema.org\",\"@graph\":[{\"@type\":\"WebPage\",\"@id\":\"https:\/\/www.gruppoliturgico.com\/fr\/produit\/calice-avec-patene-3\/\",\"url\":\"https:\/\/www.gruppoliturgico.com\/fr\/produit\/calice-avec-patene-3\/\",\"name\":\"calice avec pat\u00e8ne - en argent massif et Laboratorio Gruppo Liturgico\",\"isPartOf\":{\"@id\":\"https:\/\/www.gruppoliturgico.com\/es\/#website\"},\"datePublished\":\"2022-05-20T00:59:52+00:00\",\"dateModified\":\"2022-07-21T08:59:57+00:00\",\"description\":\"Calice avec pat\u00e8ne en style romantique. Ils sont r\u00e9alis\u00e9s enti\u00e8rement en argent massif 925 avec bain d' or 24 carats. Cette vraie \u0153uvre d'art se distingue pour la d\u00e9coration avec \u00e9maillage \u00e0 feu cloisonn\u00e9 qui repr\u00e9sente les douze Ap\u00f4tres. Sur la base sont reproduits les symboles des quatre Evang\u00e9listes. Hauteur cm 27, diam\u00e8tre de la coupe cm 13,5. Il est d\u00e9j\u00e0 complet de pat\u00e8ne avec \u00e9maillage \u00e0 feu cloisonn\u00e9 de diam\u00e8tre 18 cm &nbsp;\",\"breadcrumb\":{\"@id\":\"https:\/\/www.gruppoliturgico.com\/fr\/produit\/calice-avec-patene-3\/#breadcrumb\"},\"inLanguage\":\"fr-FR\",\"potentialAction\":[{\"@type\":\"ReadAction\",\"target\":[\"https:\/\/www.gruppoliturgico.com\/fr\/produit\/calice-avec-patene-3\/\"]}]},{\"@type\":\"BreadcrumbList\",\"@id\":\"https:\/\/www.gruppoliturgico.com\/fr\/produit\/calice-avec-patene-3\/#breadcrumb\",\"itemListElement\":[{\"@type\":\"ListItem\",\"position\":1,\"name\":\"Home\",\"item\":\"https:\/\/www.gruppoliturgico.com\/fr\/\"},{\"@type\":\"ListItem\",\"position\":2,\"name\":\"Boutique\",\"item\":\"https:\/\/www.gruppoliturgico.com\/fr\/boutique\/\"},{\"@type\":\"ListItem\",\"position\":3,\"name\":\"calice avec pat\u00e8ne\"}]},{\"@type\":\"WebSite\",\"@id\":\"https:\/\/www.gruppoliturgico.com\/es\/#website\",\"url\":\"https:\/\/www.gruppoliturgico.com\/es\/\",\"name\":\"Laboratorio Gruppo Liturgico\",\"description\":\"Articoli Religiosi online\",\"publisher\":{\"@id\":\"https:\/\/www.gruppoliturgico.com\/es\/#organization\"},\"potentialAction\":[{\"@type\":\"SearchAction\",\"target\":{\"@type\":\"EntryPoint\",\"urlTemplate\":\"https:\/\/www.gruppoliturgico.com\/es\/?s={search_term_string}\"},\"query-input\":\"required name=search_term_string\"}],\"inLanguage\":\"fr-FR\"},{\"@type\":\"Organization\",\"@id\":\"https:\/\/www.gruppoliturgico.com\/es\/#organization\",\"name\":\"Laboratorio Gruppo Liturgico\",\"url\":\"https:\/\/www.gruppoliturgico.com\/es\/\",\"logo\":{\"@type\":\"ImageObject\",\"inLanguage\":\"fr-FR\",\"@id\":\"https:\/\/www.gruppoliturgico.com\/es\/#\/schema\/logo\/image\/\",\"url\":\"https:\/\/www.gruppoliturgico.com\/wp-content\/uploads\/2022\/02\/logo-laboratoriogruppoliturgico.png\",\"contentUrl\":\"https:\/\/www.gruppoliturgico.com\/wp-content\/uploads\/2022\/02\/logo-laboratoriogruppoliturgico.png\",\"width\":400,\"height\":114,\"caption\":\"Laboratorio Gruppo Liturgico\"},\"image\":{\"@id\":\"https:\/\/www.gruppoliturgico.com\/es\/#\/schema\/logo\/image\/\"}}]}<\/script>\n<!-- \/ Yoast SEO plugin. -->","yoast_head_json":{"title":"calice avec pat\u00e8ne - en argent massif et Laboratorio Gruppo Liturgico","description":"Calice avec pat\u00e8ne en style romantique. Ils sont r\u00e9alis\u00e9s enti\u00e8rement en argent massif 925 avec bain d' or 24 carats. Cette vraie \u0153uvre d'art se distingue pour la d\u00e9coration avec \u00e9maillage \u00e0 feu cloisonn\u00e9 qui repr\u00e9sente les douze Ap\u00f4tres. Sur la base sont reproduits les symboles des quatre Evang\u00e9listes. Hauteur cm 27, diam\u00e8tre de la coupe cm 13,5. Il est d\u00e9j\u00e0 complet de pat\u00e8ne avec \u00e9maillage \u00e0 feu cloisonn\u00e9 de diam\u00e8tre 18 cm  &nbsp;","robots":{"index":"index","follow":"follow","max-snippet":"max-snippet:-1","max-image-preview":"max-image-preview:large","max-video-preview":"max-video-preview:-1"},"canonical":"https:\/\/www.gruppoliturgico.com\/fr\/produit\/calice-avec-patene-3\/","og_locale":"fr_FR","og_type":"article","og_title":"calice avec pat\u00e8ne - en argent massif et Laboratorio Gruppo Liturgico","og_description":"Calice avec pat\u00e8ne en style romantique. Ils sont r\u00e9alis\u00e9s enti\u00e8rement en argent massif 925 avec bain d' or 24 carats. Cette vraie \u0153uvre d'art se distingue pour la d\u00e9coration avec \u00e9maillage \u00e0 feu cloisonn\u00e9 qui repr\u00e9sente les douze Ap\u00f4tres. Sur la base sont reproduits les symboles des quatre Evang\u00e9listes. Hauteur cm 27, diam\u00e8tre de la coupe cm 13,5. Il est d\u00e9j\u00e0 complet de pat\u00e8ne avec \u00e9maillage \u00e0 feu cloisonn\u00e9 de diam\u00e8tre 18 cm  &nbsp;","og_url":"https:\/\/www.gruppoliturgico.com\/fr\/produit\/calice-avec-patene-3\/","og_site_name":"Laboratorio Gruppo Liturgico","article_modified_time":"2022-07-21T08:59:57+00:00","og_image":[{"width":864,"height":1024,"url":"https:\/\/www.gruppoliturgico.com\/wp-content\/uploads\/2022\/05\/2000-da-migliorare_InPixio-864x1024.jpg","type":"image\/jpeg"}],"twitter_card":"summary_large_image","twitter_misc":{"Dur\u00e9e de lecture estim\u00e9e":"1 minute"},"schema":{"@context":"https:\/\/schema.org","@graph":[{"@type":"WebPage","@id":"https:\/\/www.gruppoliturgico.com\/fr\/produit\/calice-avec-patene-3\/","url":"https:\/\/www.gruppoliturgico.com\/fr\/produit\/calice-avec-patene-3\/","name":"calice avec pat\u00e8ne - en argent massif et Laboratorio Gruppo Liturgico","isPartOf":{"@id":"https:\/\/www.gruppoliturgico.com\/es\/#website"},"datePublished":"2022-05-20T00:59:52+00:00","dateModified":"2022-07-21T08:59:57+00:00","description":"Calice avec pat\u00e8ne en style romantique. Ils sont r\u00e9alis\u00e9s enti\u00e8rement en argent massif 925 avec bain d' or 24 carats. Cette vraie \u0153uvre d'art se distingue pour la d\u00e9coration avec \u00e9maillage \u00e0 feu cloisonn\u00e9 qui repr\u00e9sente les douze Ap\u00f4tres. Sur la base sont reproduits les symboles des quatre Evang\u00e9listes. Hauteur cm 27, diam\u00e8tre de la coupe cm 13,5. Il est d\u00e9j\u00e0 complet de pat\u00e8ne avec \u00e9maillage \u00e0 feu cloisonn\u00e9 de diam\u00e8tre 18 cm &nbsp;","breadcrumb":{"@id":"https:\/\/www.gruppoliturgico.com\/fr\/produit\/calice-avec-patene-3\/#breadcrumb"},"inLanguage":"fr-FR","potentialAction":[{"@type":"ReadAction","target":["https:\/\/www.gruppoliturgico.com\/fr\/produit\/calice-avec-patene-3\/"]}]},{"@type":"BreadcrumbList","@id":"https:\/\/www.gruppoliturgico.com\/fr\/produit\/calice-avec-patene-3\/#breadcrumb","itemListElement":[{"@type":"ListItem","position":1,"name":"Home","item":"https:\/\/www.gruppoliturgico.com\/fr\/"},{"@type":"ListItem","position":2,"name":"Boutique","item":"https:\/\/www.gruppoliturgico.com\/fr\/boutique\/"},{"@type":"ListItem","position":3,"name":"calice avec pat\u00e8ne"}]},{"@type":"WebSite","@id":"https:\/\/www.gruppoliturgico.com\/es\/#website","url":"https:\/\/www.gruppoliturgico.com\/es\/","name":"Laboratorio Gruppo Liturgico","description":"Articoli Religiosi online","publisher":{"@id":"https:\/\/www.gruppoliturgico.com\/es\/#organization"},"potentialAction":[{"@type":"SearchAction","target":{"@type":"EntryPoint","urlTemplate":"https:\/\/www.gruppoliturgico.com\/es\/?s={search_term_string}"},"query-input":"required name=search_term_string"}],"inLanguage":"fr-FR"},{"@type":"Organization","@id":"https:\/\/www.gruppoliturgico.com\/es\/#organization","name":"Laboratorio Gruppo Liturgico","url":"https:\/\/www.gruppoliturgico.com\/es\/","logo":{"@type":"ImageObject","inLanguage":"fr-FR","@id":"https:\/\/www.gruppoliturgico.com\/es\/#\/schema\/logo\/image\/","url":"https:\/\/www.gruppoliturgico.com\/wp-content\/uploads\/2022\/02\/logo-laboratoriogruppoliturgico.png","contentUrl":"https:\/\/www.gruppoliturgico.com\/wp-content\/uploads\/2022\/02\/logo-laboratoriogruppoliturgico.png","width":400,"height":114,"caption":"Laboratorio Gruppo Liturgico"},"image":{"@id":"https:\/\/www.gruppoliturgico.com\/es\/#\/schema\/logo\/image\/"}}]}},"_links":{"self":[{"href":"https:\/\/www.gruppoliturgico.com\/fr\/wp-json\/wp\/v2\/product\/67979"}],"collection":[{"href":"https:\/\/www.gruppoliturgico.com\/fr\/wp-json\/wp\/v2\/product"}],"about":[{"href":"https:\/\/www.gruppoliturgico.com\/fr\/wp-json\/wp\/v2\/types\/product"}],"wp:featuredmedia":[{"embeddable":true,"href":"https:\/\/www.gruppoliturgico.com\/fr\/wp-json\/wp\/v2\/media\/130751"}],"wp:attachment":[{"href":"https:\/\/www.gruppoliturgico.com\/fr\/wp-json\/wp\/v2\/media?parent=67979"}],"wp:term":[{"taxonomy":"product_cat","embeddable":true,"href":"https:\/\/www.gruppoliturgico.com\/fr\/wp-json\/wp\/v2\/product_cat?post=67979"},{"taxonomy":"product_tag","embeddable":true,"href":"https:\/\/www.gruppoliturgico.com\/fr\/wp-json\/wp\/v2\/product_tag?post=67979"}],"curies":[{"name":"wp","href":"https:\/\/api.w.org\/{rel}","templated":true}]}}