{"id":67939,"date":"2022-05-20T02:57:58","date_gmt":"2022-05-20T00:58:03","guid":{"rendered":"https:\/\/www.gruppoliturgico.com\/prodotto\/lutrin-14\/"},"modified":"2022-10-25T15:42:15","modified_gmt":"2022-10-25T13:42:15","slug":"lutrin-14","status":"publish","type":"product","link":"https:\/\/www.gruppoliturgico.com\/fr\/produit\/lutrin-14\/","title":{"rendered":"lutrin"},"content":{"rendered":"<html><body><p>Lutrin en laiton dor\u00e9.<br>\nLa tige est enti\u00e8rement martel\u00e9e et travaill\u00e9e \u00e0 la main.<br>\nRiche socle en bronze coul\u00e9 dor\u00e9 vieilli d\u2019un diam\u00e8tre de 28 cm<br>\n\u00c9tag\u00e8re pupitre en plexiglas mesurant 40 x 30 cm<br>\nR\u00e9glable en hauteur.<\/p>\n<p>.<\/p>\n<\/body><\/html>","protected":false},"excerpt":{"rendered":"<p>Lutrin en laiton dor\u00e9.<br \/>\nLa tige est enti\u00e8rement martel\u00e9e et travaill\u00e9e \u00e0 la main.<br \/>\nRiche socle en bronze coul\u00e9 dor\u00e9 vieilli d&rsquo;un diam\u00e8tre de 28 cm<br \/>\n\u00c9tag\u00e8re pupitre en plexiglas mesurant 40 x 30 cm<br \/>\nR\u00e9glable en hauteur.<\/p>\n","protected":false},"featured_media":131581,"template":"","meta":[],"product_cat":[12188],"product_tag":[],"yoast_head":"<!-- This site is optimized with the Yoast SEO plugin v20.4 - https:\/\/yoast.com\/wordpress\/plugins\/seo\/ -->\n<title>lutrin - lutrins en m\u00e9tal et Laboratorio Gruppo Liturgico<\/title>\n<meta name=\"description\" content=\"Lutrin en laiton dor\u00e9. La tige est enti\u00e8rement martel\u00e9e et travaill\u00e9e \u00e0 la main. Riche socle en bronze coul\u00e9 dor\u00e9 vieilli d&#039;un diam\u00e8tre de 28 cm \u00c9tag\u00e8re pupitre en plexiglas mesurant 40 x 30 cm R\u00e9glable en hauteur.\" \/>\n<meta name=\"robots\" content=\"index, follow, max-snippet:-1, max-image-preview:large, max-video-preview:-1\" \/>\n<link rel=\"canonical\" href=\"https:\/\/www.gruppoliturgico.com\/fr\/produit\/lutrin-14\/\" \/>\n<meta property=\"og:locale\" content=\"fr_FR\" \/>\n<meta property=\"og:type\" content=\"article\" \/>\n<meta property=\"og:title\" content=\"lutrin - lutrins en m\u00e9tal et Laboratorio Gruppo Liturgico\" \/>\n<meta property=\"og:description\" content=\"Lutrin en laiton dor\u00e9. La tige est enti\u00e8rement martel\u00e9e et travaill\u00e9e \u00e0 la main. Riche socle en bronze coul\u00e9 dor\u00e9 vieilli d&#039;un diam\u00e8tre de 28 cm \u00c9tag\u00e8re pupitre en plexiglas mesurant 40 x 30 cm R\u00e9glable en hauteur.\" \/>\n<meta property=\"og:url\" content=\"https:\/\/www.gruppoliturgico.com\/fr\/produit\/lutrin-14\/\" \/>\n<meta property=\"og:site_name\" content=\"Laboratorio Gruppo Liturgico\" \/>\n<meta property=\"article:modified_time\" content=\"2022-10-25T13:42:15+00:00\" \/>\n<meta property=\"og:image\" content=\"https:\/\/www.gruppoliturgico.com\/wp-content\/uploads\/2022\/05\/211920leggio20stelo_0.jpg\" \/>\n\t<meta property=\"og:image:width\" content=\"628\" \/>\n\t<meta property=\"og:image:height\" content=\"1500\" \/>\n\t<meta property=\"og:image:type\" content=\"image\/jpeg\" \/>\n<meta name=\"twitter:card\" content=\"summary_large_image\" \/>\n<script type=\"application\/ld+json\" class=\"yoast-schema-graph\">{\"@context\":\"https:\/\/schema.org\",\"@graph\":[{\"@type\":\"WebPage\",\"@id\":\"https:\/\/www.gruppoliturgico.com\/fr\/produit\/lutrin-14\/\",\"url\":\"https:\/\/www.gruppoliturgico.com\/fr\/produit\/lutrin-14\/\",\"name\":\"lutrin - lutrins en m\u00e9tal et Laboratorio Gruppo Liturgico\",\"isPartOf\":{\"@id\":\"https:\/\/www.gruppoliturgico.com\/es\/#website\"},\"datePublished\":\"2022-05-20T00:58:03+00:00\",\"dateModified\":\"2022-10-25T13:42:15+00:00\",\"description\":\"Lutrin en laiton dor\u00e9. La tige est enti\u00e8rement martel\u00e9e et travaill\u00e9e \u00e0 la main. Riche socle en bronze coul\u00e9 dor\u00e9 vieilli d'un diam\u00e8tre de 28 cm \u00c9tag\u00e8re pupitre en plexiglas mesurant 40 x 30 cm R\u00e9glable en hauteur.\",\"breadcrumb\":{\"@id\":\"https:\/\/www.gruppoliturgico.com\/fr\/produit\/lutrin-14\/#breadcrumb\"},\"inLanguage\":\"fr-FR\",\"potentialAction\":[{\"@type\":\"ReadAction\",\"target\":[\"https:\/\/www.gruppoliturgico.com\/fr\/produit\/lutrin-14\/\"]}]},{\"@type\":\"BreadcrumbList\",\"@id\":\"https:\/\/www.gruppoliturgico.com\/fr\/produit\/lutrin-14\/#breadcrumb\",\"itemListElement\":[{\"@type\":\"ListItem\",\"position\":1,\"name\":\"Home\",\"item\":\"https:\/\/www.gruppoliturgico.com\/fr\/\"},{\"@type\":\"ListItem\",\"position\":2,\"name\":\"Boutique\",\"item\":\"https:\/\/www.gruppoliturgico.com\/fr\/boutique\/\"},{\"@type\":\"ListItem\",\"position\":3,\"name\":\"lutrin\"}]},{\"@type\":\"WebSite\",\"@id\":\"https:\/\/www.gruppoliturgico.com\/es\/#website\",\"url\":\"https:\/\/www.gruppoliturgico.com\/es\/\",\"name\":\"Laboratorio Gruppo Liturgico\",\"description\":\"Articoli Religiosi online\",\"publisher\":{\"@id\":\"https:\/\/www.gruppoliturgico.com\/es\/#organization\"},\"potentialAction\":[{\"@type\":\"SearchAction\",\"target\":{\"@type\":\"EntryPoint\",\"urlTemplate\":\"https:\/\/www.gruppoliturgico.com\/es\/?s={search_term_string}\"},\"query-input\":\"required name=search_term_string\"}],\"inLanguage\":\"fr-FR\"},{\"@type\":\"Organization\",\"@id\":\"https:\/\/www.gruppoliturgico.com\/es\/#organization\",\"name\":\"Laboratorio Gruppo Liturgico\",\"url\":\"https:\/\/www.gruppoliturgico.com\/es\/\",\"logo\":{\"@type\":\"ImageObject\",\"inLanguage\":\"fr-FR\",\"@id\":\"https:\/\/www.gruppoliturgico.com\/es\/#\/schema\/logo\/image\/\",\"url\":\"https:\/\/www.gruppoliturgico.com\/wp-content\/uploads\/2022\/02\/logo-laboratoriogruppoliturgico.png\",\"contentUrl\":\"https:\/\/www.gruppoliturgico.com\/wp-content\/uploads\/2022\/02\/logo-laboratoriogruppoliturgico.png\",\"width\":400,\"height\":114,\"caption\":\"Laboratorio Gruppo Liturgico\"},\"image\":{\"@id\":\"https:\/\/www.gruppoliturgico.com\/es\/#\/schema\/logo\/image\/\"}}]}<\/script>\n<!-- \/ Yoast SEO plugin. -->","yoast_head_json":{"title":"lutrin - lutrins en m\u00e9tal et Laboratorio Gruppo Liturgico","description":"Lutrin en laiton dor\u00e9. La tige est enti\u00e8rement martel\u00e9e et travaill\u00e9e \u00e0 la main. Riche socle en bronze coul\u00e9 dor\u00e9 vieilli d'un diam\u00e8tre de 28 cm \u00c9tag\u00e8re pupitre en plexiglas mesurant 40 x 30 cm R\u00e9glable en hauteur.","robots":{"index":"index","follow":"follow","max-snippet":"max-snippet:-1","max-image-preview":"max-image-preview:large","max-video-preview":"max-video-preview:-1"},"canonical":"https:\/\/www.gruppoliturgico.com\/fr\/produit\/lutrin-14\/","og_locale":"fr_FR","og_type":"article","og_title":"lutrin - lutrins en m\u00e9tal et Laboratorio Gruppo Liturgico","og_description":"Lutrin en laiton dor\u00e9. La tige est enti\u00e8rement martel\u00e9e et travaill\u00e9e \u00e0 la main. Riche socle en bronze coul\u00e9 dor\u00e9 vieilli d'un diam\u00e8tre de 28 cm \u00c9tag\u00e8re pupitre en plexiglas mesurant 40 x 30 cm R\u00e9glable en hauteur.","og_url":"https:\/\/www.gruppoliturgico.com\/fr\/produit\/lutrin-14\/","og_site_name":"Laboratorio Gruppo Liturgico","article_modified_time":"2022-10-25T13:42:15+00:00","og_image":[{"width":628,"height":1500,"url":"https:\/\/www.gruppoliturgico.com\/wp-content\/uploads\/2022\/05\/211920leggio20stelo_0.jpg","type":"image\/jpeg"}],"twitter_card":"summary_large_image","schema":{"@context":"https:\/\/schema.org","@graph":[{"@type":"WebPage","@id":"https:\/\/www.gruppoliturgico.com\/fr\/produit\/lutrin-14\/","url":"https:\/\/www.gruppoliturgico.com\/fr\/produit\/lutrin-14\/","name":"lutrin - lutrins en m\u00e9tal et Laboratorio Gruppo Liturgico","isPartOf":{"@id":"https:\/\/www.gruppoliturgico.com\/es\/#website"},"datePublished":"2022-05-20T00:58:03+00:00","dateModified":"2022-10-25T13:42:15+00:00","description":"Lutrin en laiton dor\u00e9. La tige est enti\u00e8rement martel\u00e9e et travaill\u00e9e \u00e0 la main. Riche socle en bronze coul\u00e9 dor\u00e9 vieilli d'un diam\u00e8tre de 28 cm \u00c9tag\u00e8re pupitre en plexiglas mesurant 40 x 30 cm R\u00e9glable en hauteur.","breadcrumb":{"@id":"https:\/\/www.gruppoliturgico.com\/fr\/produit\/lutrin-14\/#breadcrumb"},"inLanguage":"fr-FR","potentialAction":[{"@type":"ReadAction","target":["https:\/\/www.gruppoliturgico.com\/fr\/produit\/lutrin-14\/"]}]},{"@type":"BreadcrumbList","@id":"https:\/\/www.gruppoliturgico.com\/fr\/produit\/lutrin-14\/#breadcrumb","itemListElement":[{"@type":"ListItem","position":1,"name":"Home","item":"https:\/\/www.gruppoliturgico.com\/fr\/"},{"@type":"ListItem","position":2,"name":"Boutique","item":"https:\/\/www.gruppoliturgico.com\/fr\/boutique\/"},{"@type":"ListItem","position":3,"name":"lutrin"}]},{"@type":"WebSite","@id":"https:\/\/www.gruppoliturgico.com\/es\/#website","url":"https:\/\/www.gruppoliturgico.com\/es\/","name":"Laboratorio Gruppo Liturgico","description":"Articoli Religiosi online","publisher":{"@id":"https:\/\/www.gruppoliturgico.com\/es\/#organization"},"potentialAction":[{"@type":"SearchAction","target":{"@type":"EntryPoint","urlTemplate":"https:\/\/www.gruppoliturgico.com\/es\/?s={search_term_string}"},"query-input":"required name=search_term_string"}],"inLanguage":"fr-FR"},{"@type":"Organization","@id":"https:\/\/www.gruppoliturgico.com\/es\/#organization","name":"Laboratorio Gruppo Liturgico","url":"https:\/\/www.gruppoliturgico.com\/es\/","logo":{"@type":"ImageObject","inLanguage":"fr-FR","@id":"https:\/\/www.gruppoliturgico.com\/es\/#\/schema\/logo\/image\/","url":"https:\/\/www.gruppoliturgico.com\/wp-content\/uploads\/2022\/02\/logo-laboratoriogruppoliturgico.png","contentUrl":"https:\/\/www.gruppoliturgico.com\/wp-content\/uploads\/2022\/02\/logo-laboratoriogruppoliturgico.png","width":400,"height":114,"caption":"Laboratorio Gruppo Liturgico"},"image":{"@id":"https:\/\/www.gruppoliturgico.com\/es\/#\/schema\/logo\/image\/"}}]}},"_links":{"self":[{"href":"https:\/\/www.gruppoliturgico.com\/fr\/wp-json\/wp\/v2\/product\/67939"}],"collection":[{"href":"https:\/\/www.gruppoliturgico.com\/fr\/wp-json\/wp\/v2\/product"}],"about":[{"href":"https:\/\/www.gruppoliturgico.com\/fr\/wp-json\/wp\/v2\/types\/product"}],"wp:featuredmedia":[{"embeddable":true,"href":"https:\/\/www.gruppoliturgico.com\/fr\/wp-json\/wp\/v2\/media\/131581"}],"wp:attachment":[{"href":"https:\/\/www.gruppoliturgico.com\/fr\/wp-json\/wp\/v2\/media?parent=67939"}],"wp:term":[{"taxonomy":"product_cat","embeddable":true,"href":"https:\/\/www.gruppoliturgico.com\/fr\/wp-json\/wp\/v2\/product_cat?post=67939"},{"taxonomy":"product_tag","embeddable":true,"href":"https:\/\/www.gruppoliturgico.com\/fr\/wp-json\/wp\/v2\/product_tag?post=67939"}],"curies":[{"name":"wp","href":"https:\/\/api.w.org\/{rel}","templated":true}]}}