{"id":67935,"date":"2022-05-20T02:57:48","date_gmt":"2022-05-20T00:57:53","guid":{"rendered":"https:\/\/www.gruppoliturgico.com\/prodotto\/lutrin-13\/"},"modified":"2022-10-25T15:20:02","modified_gmt":"2022-10-25T13:20:02","slug":"lutrin-13","status":"publish","type":"product","link":"https:\/\/www.gruppoliturgico.com\/fr\/produit\/lutrin-13\/","title":{"rendered":"lutrin"},"content":{"rendered":"<html><body><p>Lutrin avec structure en laiton dor\u00e9.<br>\nIl est orn\u00e9e de huit fl\u00e8ches gothiques moul\u00e9es, dont quatre repr\u00e9sentent les symboles des \u00e9vang\u00e9listes.<br>\nSocle en fonte d\u2019un diam\u00e8tre de 30 cm.<br>\n\u00c9tag\u00e8re lutrin 40 x 30 cm.<br>\nR\u00e9glable en hauteur.<\/p>\n<\/body><\/html>","protected":false},"excerpt":{"rendered":"<p>Lutrin avec structure en laiton dor\u00e9.<br \/>\nIl est orn\u00e9e de huit fl\u00e8ches gothiques moul\u00e9es, dont quatre repr\u00e9sentent les symboles des \u00e9vang\u00e9listes.<br \/>\nSocle en fonte d&rsquo;un diam\u00e8tre de 30 cm.<br \/>\n\u00c9tag\u00e8re lutrin 40 x 30 cm.<br \/>\nR\u00e9glable en hauteur.<\/p>\n","protected":false},"featured_media":131577,"template":"","meta":[],"product_cat":[12188],"product_tag":[],"yoast_head":"<!-- This site is optimized with the Yoast SEO plugin v20.4 - https:\/\/yoast.com\/wordpress\/plugins\/seo\/ -->\n<title>lutrin - lutrins en m\u00e9tal et Laboratorio Gruppo Liturgico<\/title>\n<meta name=\"description\" content=\"Lutrin avec structure en laiton dor\u00e9. Il est orn\u00e9e de huit fl\u00e8ches gothiques moul\u00e9es, dont quatre repr\u00e9sentent les symboles des \u00e9vang\u00e9listes. Socle en fonte d&#039;un diam\u00e8tre de 30 cm. \u00c9tag\u00e8re lutrin 40 x 30 cm. R\u00e9glable en hauteur.\" \/>\n<meta name=\"robots\" content=\"index, follow, max-snippet:-1, max-image-preview:large, max-video-preview:-1\" \/>\n<link rel=\"canonical\" href=\"https:\/\/www.gruppoliturgico.com\/fr\/produit\/lutrin-13\/\" \/>\n<meta property=\"og:locale\" content=\"fr_FR\" \/>\n<meta property=\"og:type\" content=\"article\" \/>\n<meta property=\"og:title\" content=\"lutrin - lutrins en m\u00e9tal et Laboratorio Gruppo Liturgico\" \/>\n<meta property=\"og:description\" content=\"Lutrin avec structure en laiton dor\u00e9. Il est orn\u00e9e de huit fl\u00e8ches gothiques moul\u00e9es, dont quatre repr\u00e9sentent les symboles des \u00e9vang\u00e9listes. Socle en fonte d&#039;un diam\u00e8tre de 30 cm. \u00c9tag\u00e8re lutrin 40 x 30 cm. R\u00e9glable en hauteur.\" \/>\n<meta property=\"og:url\" content=\"https:\/\/www.gruppoliturgico.com\/fr\/produit\/lutrin-13\/\" \/>\n<meta property=\"og:site_name\" content=\"Laboratorio Gruppo Liturgico\" \/>\n<meta property=\"article:modified_time\" content=\"2022-10-25T13:20:02+00:00\" \/>\n<meta property=\"og:image\" content=\"https:\/\/www.gruppoliturgico.com\/wp-content\/uploads\/2022\/05\/2117_1.jpg\" \/>\n\t<meta property=\"og:image:width\" content=\"605\" \/>\n\t<meta property=\"og:image:height\" content=\"1500\" \/>\n\t<meta property=\"og:image:type\" content=\"image\/jpeg\" \/>\n<meta name=\"twitter:card\" content=\"summary_large_image\" \/>\n<script type=\"application\/ld+json\" class=\"yoast-schema-graph\">{\"@context\":\"https:\/\/schema.org\",\"@graph\":[{\"@type\":\"WebPage\",\"@id\":\"https:\/\/www.gruppoliturgico.com\/fr\/produit\/lutrin-13\/\",\"url\":\"https:\/\/www.gruppoliturgico.com\/fr\/produit\/lutrin-13\/\",\"name\":\"lutrin - lutrins en m\u00e9tal et Laboratorio Gruppo Liturgico\",\"isPartOf\":{\"@id\":\"https:\/\/www.gruppoliturgico.com\/es\/#website\"},\"datePublished\":\"2022-05-20T00:57:53+00:00\",\"dateModified\":\"2022-10-25T13:20:02+00:00\",\"description\":\"Lutrin avec structure en laiton dor\u00e9. Il est orn\u00e9e de huit fl\u00e8ches gothiques moul\u00e9es, dont quatre repr\u00e9sentent les symboles des \u00e9vang\u00e9listes. Socle en fonte d'un diam\u00e8tre de 30 cm. \u00c9tag\u00e8re lutrin 40 x 30 cm. R\u00e9glable en hauteur.\",\"breadcrumb\":{\"@id\":\"https:\/\/www.gruppoliturgico.com\/fr\/produit\/lutrin-13\/#breadcrumb\"},\"inLanguage\":\"fr-FR\",\"potentialAction\":[{\"@type\":\"ReadAction\",\"target\":[\"https:\/\/www.gruppoliturgico.com\/fr\/produit\/lutrin-13\/\"]}]},{\"@type\":\"BreadcrumbList\",\"@id\":\"https:\/\/www.gruppoliturgico.com\/fr\/produit\/lutrin-13\/#breadcrumb\",\"itemListElement\":[{\"@type\":\"ListItem\",\"position\":1,\"name\":\"Home\",\"item\":\"https:\/\/www.gruppoliturgico.com\/fr\/\"},{\"@type\":\"ListItem\",\"position\":2,\"name\":\"Boutique\",\"item\":\"https:\/\/www.gruppoliturgico.com\/fr\/boutique\/\"},{\"@type\":\"ListItem\",\"position\":3,\"name\":\"lutrin\"}]},{\"@type\":\"WebSite\",\"@id\":\"https:\/\/www.gruppoliturgico.com\/es\/#website\",\"url\":\"https:\/\/www.gruppoliturgico.com\/es\/\",\"name\":\"Laboratorio Gruppo Liturgico\",\"description\":\"Articoli Religiosi online\",\"publisher\":{\"@id\":\"https:\/\/www.gruppoliturgico.com\/es\/#organization\"},\"potentialAction\":[{\"@type\":\"SearchAction\",\"target\":{\"@type\":\"EntryPoint\",\"urlTemplate\":\"https:\/\/www.gruppoliturgico.com\/es\/?s={search_term_string}\"},\"query-input\":\"required name=search_term_string\"}],\"inLanguage\":\"fr-FR\"},{\"@type\":\"Organization\",\"@id\":\"https:\/\/www.gruppoliturgico.com\/es\/#organization\",\"name\":\"Laboratorio Gruppo Liturgico\",\"url\":\"https:\/\/www.gruppoliturgico.com\/es\/\",\"logo\":{\"@type\":\"ImageObject\",\"inLanguage\":\"fr-FR\",\"@id\":\"https:\/\/www.gruppoliturgico.com\/es\/#\/schema\/logo\/image\/\",\"url\":\"https:\/\/www.gruppoliturgico.com\/wp-content\/uploads\/2022\/02\/logo-laboratoriogruppoliturgico.png\",\"contentUrl\":\"https:\/\/www.gruppoliturgico.com\/wp-content\/uploads\/2022\/02\/logo-laboratoriogruppoliturgico.png\",\"width\":400,\"height\":114,\"caption\":\"Laboratorio Gruppo Liturgico\"},\"image\":{\"@id\":\"https:\/\/www.gruppoliturgico.com\/es\/#\/schema\/logo\/image\/\"}}]}<\/script>\n<!-- \/ Yoast SEO plugin. -->","yoast_head_json":{"title":"lutrin - lutrins en m\u00e9tal et Laboratorio Gruppo Liturgico","description":"Lutrin avec structure en laiton dor\u00e9. Il est orn\u00e9e de huit fl\u00e8ches gothiques moul\u00e9es, dont quatre repr\u00e9sentent les symboles des \u00e9vang\u00e9listes. Socle en fonte d'un diam\u00e8tre de 30 cm. \u00c9tag\u00e8re lutrin 40 x 30 cm. R\u00e9glable en hauteur.","robots":{"index":"index","follow":"follow","max-snippet":"max-snippet:-1","max-image-preview":"max-image-preview:large","max-video-preview":"max-video-preview:-1"},"canonical":"https:\/\/www.gruppoliturgico.com\/fr\/produit\/lutrin-13\/","og_locale":"fr_FR","og_type":"article","og_title":"lutrin - lutrins en m\u00e9tal et Laboratorio Gruppo Liturgico","og_description":"Lutrin avec structure en laiton dor\u00e9. Il est orn\u00e9e de huit fl\u00e8ches gothiques moul\u00e9es, dont quatre repr\u00e9sentent les symboles des \u00e9vang\u00e9listes. Socle en fonte d'un diam\u00e8tre de 30 cm. \u00c9tag\u00e8re lutrin 40 x 30 cm. R\u00e9glable en hauteur.","og_url":"https:\/\/www.gruppoliturgico.com\/fr\/produit\/lutrin-13\/","og_site_name":"Laboratorio Gruppo Liturgico","article_modified_time":"2022-10-25T13:20:02+00:00","og_image":[{"width":605,"height":1500,"url":"https:\/\/www.gruppoliturgico.com\/wp-content\/uploads\/2022\/05\/2117_1.jpg","type":"image\/jpeg"}],"twitter_card":"summary_large_image","schema":{"@context":"https:\/\/schema.org","@graph":[{"@type":"WebPage","@id":"https:\/\/www.gruppoliturgico.com\/fr\/produit\/lutrin-13\/","url":"https:\/\/www.gruppoliturgico.com\/fr\/produit\/lutrin-13\/","name":"lutrin - lutrins en m\u00e9tal et Laboratorio Gruppo Liturgico","isPartOf":{"@id":"https:\/\/www.gruppoliturgico.com\/es\/#website"},"datePublished":"2022-05-20T00:57:53+00:00","dateModified":"2022-10-25T13:20:02+00:00","description":"Lutrin avec structure en laiton dor\u00e9. Il est orn\u00e9e de huit fl\u00e8ches gothiques moul\u00e9es, dont quatre repr\u00e9sentent les symboles des \u00e9vang\u00e9listes. Socle en fonte d'un diam\u00e8tre de 30 cm. \u00c9tag\u00e8re lutrin 40 x 30 cm. R\u00e9glable en hauteur.","breadcrumb":{"@id":"https:\/\/www.gruppoliturgico.com\/fr\/produit\/lutrin-13\/#breadcrumb"},"inLanguage":"fr-FR","potentialAction":[{"@type":"ReadAction","target":["https:\/\/www.gruppoliturgico.com\/fr\/produit\/lutrin-13\/"]}]},{"@type":"BreadcrumbList","@id":"https:\/\/www.gruppoliturgico.com\/fr\/produit\/lutrin-13\/#breadcrumb","itemListElement":[{"@type":"ListItem","position":1,"name":"Home","item":"https:\/\/www.gruppoliturgico.com\/fr\/"},{"@type":"ListItem","position":2,"name":"Boutique","item":"https:\/\/www.gruppoliturgico.com\/fr\/boutique\/"},{"@type":"ListItem","position":3,"name":"lutrin"}]},{"@type":"WebSite","@id":"https:\/\/www.gruppoliturgico.com\/es\/#website","url":"https:\/\/www.gruppoliturgico.com\/es\/","name":"Laboratorio Gruppo Liturgico","description":"Articoli Religiosi online","publisher":{"@id":"https:\/\/www.gruppoliturgico.com\/es\/#organization"},"potentialAction":[{"@type":"SearchAction","target":{"@type":"EntryPoint","urlTemplate":"https:\/\/www.gruppoliturgico.com\/es\/?s={search_term_string}"},"query-input":"required name=search_term_string"}],"inLanguage":"fr-FR"},{"@type":"Organization","@id":"https:\/\/www.gruppoliturgico.com\/es\/#organization","name":"Laboratorio Gruppo Liturgico","url":"https:\/\/www.gruppoliturgico.com\/es\/","logo":{"@type":"ImageObject","inLanguage":"fr-FR","@id":"https:\/\/www.gruppoliturgico.com\/es\/#\/schema\/logo\/image\/","url":"https:\/\/www.gruppoliturgico.com\/wp-content\/uploads\/2022\/02\/logo-laboratoriogruppoliturgico.png","contentUrl":"https:\/\/www.gruppoliturgico.com\/wp-content\/uploads\/2022\/02\/logo-laboratoriogruppoliturgico.png","width":400,"height":114,"caption":"Laboratorio Gruppo Liturgico"},"image":{"@id":"https:\/\/www.gruppoliturgico.com\/es\/#\/schema\/logo\/image\/"}}]}},"_links":{"self":[{"href":"https:\/\/www.gruppoliturgico.com\/fr\/wp-json\/wp\/v2\/product\/67935"}],"collection":[{"href":"https:\/\/www.gruppoliturgico.com\/fr\/wp-json\/wp\/v2\/product"}],"about":[{"href":"https:\/\/www.gruppoliturgico.com\/fr\/wp-json\/wp\/v2\/types\/product"}],"wp:featuredmedia":[{"embeddable":true,"href":"https:\/\/www.gruppoliturgico.com\/fr\/wp-json\/wp\/v2\/media\/131577"}],"wp:attachment":[{"href":"https:\/\/www.gruppoliturgico.com\/fr\/wp-json\/wp\/v2\/media?parent=67935"}],"wp:term":[{"taxonomy":"product_cat","embeddable":true,"href":"https:\/\/www.gruppoliturgico.com\/fr\/wp-json\/wp\/v2\/product_cat?post=67935"},{"taxonomy":"product_tag","embeddable":true,"href":"https:\/\/www.gruppoliturgico.com\/fr\/wp-json\/wp\/v2\/product_tag?post=67935"}],"curies":[{"name":"wp","href":"https:\/\/api.w.org\/{rel}","templated":true}]}}