{"id":67931,"date":"2022-05-20T02:57:37","date_gmt":"2022-05-20T00:57:41","guid":{"rendered":"https:\/\/www.gruppoliturgico.com\/prodotto\/chandelier-pascal-14\/"},"modified":"2022-10-26T16:52:51","modified_gmt":"2022-10-26T14:52:51","slug":"chandelier-pascal-14","status":"publish","type":"product","link":"https:\/\/www.gruppoliturgico.com\/fr\/produit\/chandelier-pascal-14\/","title":{"rendered":"Chandelier pascal"},"content":{"rendered":"<html><body><p>Chandelier pascal en laiton dor\u00e9. avec une jolie d\u00e9coration de petites feuilles d\u2019olivier sur la base et sur le pied.<br>\nIl presente une jolie d\u00e9coration de petites feuilles d\u2019olivier sur la base et sur le pied.<br>\nIndiqu\u00e9 pour accueillir un cierge de cm 8 de diam\u00e8tre, non compris dans le prix.<br>\nSocle diam\u00e8tre cm 23<br>\nHauteur cm 90.<\/p>\n<\/body><\/html>","protected":false},"excerpt":{"rendered":"<p>Chandelier pascal en laiton dor\u00e9. avec une jolie d\u00e9coration de petites feuilles d&rsquo;olivier sur la base et sur le pied.<br \/>\nIl presente une jolie d\u00e9coration de petites feuilles d\u2019olivier sur la base et sur le pied.<br \/>\nIndiqu\u00e9 pour accueillir un cierge de cm 8 de diam\u00e8tre, non compris dans le prix.<br \/>\nSocle diam\u00e8tre cm 23<br \/>\nHauteur cm 90.<\/p>\n","protected":false},"featured_media":131669,"template":"","meta":[],"product_cat":[11736],"product_tag":[],"yoast_head":"<!-- This site is optimized with the Yoast SEO plugin v20.4 - https:\/\/yoast.com\/wordpress\/plugins\/seo\/ -->\n<title>Chandelier pascal - chandeliers pascal et Laboratorio Gruppo Liturgico<\/title>\n<meta name=\"description\" content=\"Chandelier pascal en laiton dor\u00e9. avec une jolie d\u00e9coration de petites feuilles d&#039;olivier sur la base et sur le pied.  Il presente une jolie d\u00e9coration de petites feuilles d\u2019olivier sur la base et sur le pied. Indiqu\u00e9 pour accueillir un cierge de cm 8 de diam\u00e8tre, non compris dans le prix.  Socle diam\u00e8tre cm 23 Hauteur cm 90.\" \/>\n<meta name=\"robots\" content=\"index, follow, max-snippet:-1, max-image-preview:large, max-video-preview:-1\" \/>\n<link rel=\"canonical\" href=\"https:\/\/www.gruppoliturgico.com\/fr\/produit\/chandelier-pascal-14\/\" \/>\n<meta property=\"og:locale\" content=\"fr_FR\" \/>\n<meta property=\"og:type\" content=\"article\" \/>\n<meta property=\"og:title\" content=\"Chandelier pascal - chandeliers pascal et Laboratorio Gruppo Liturgico\" \/>\n<meta property=\"og:description\" content=\"Chandelier pascal en laiton dor\u00e9. avec une jolie d\u00e9coration de petites feuilles d&#039;olivier sur la base et sur le pied.  Il presente une jolie d\u00e9coration de petites feuilles d\u2019olivier sur la base et sur le pied. Indiqu\u00e9 pour accueillir un cierge de cm 8 de diam\u00e8tre, non compris dans le prix.  Socle diam\u00e8tre cm 23 Hauteur cm 90.\" \/>\n<meta property=\"og:url\" content=\"https:\/\/www.gruppoliturgico.com\/fr\/produit\/chandelier-pascal-14\/\" \/>\n<meta property=\"og:site_name\" content=\"Laboratorio Gruppo Liturgico\" \/>\n<meta property=\"article:modified_time\" content=\"2022-10-26T14:52:51+00:00\" \/>\n<meta property=\"og:image\" content=\"https:\/\/www.gruppoliturgico.com\/wp-content\/uploads\/2022\/05\/2116__nv.jpg\" \/>\n\t<meta property=\"og:image:width\" content=\"540\" \/>\n\t<meta property=\"og:image:height\" content=\"2000\" \/>\n\t<meta property=\"og:image:type\" content=\"image\/jpeg\" \/>\n<meta name=\"twitter:card\" content=\"summary_large_image\" \/>\n<script type=\"application\/ld+json\" class=\"yoast-schema-graph\">{\"@context\":\"https:\/\/schema.org\",\"@graph\":[{\"@type\":\"WebPage\",\"@id\":\"https:\/\/www.gruppoliturgico.com\/fr\/produit\/chandelier-pascal-14\/\",\"url\":\"https:\/\/www.gruppoliturgico.com\/fr\/produit\/chandelier-pascal-14\/\",\"name\":\"Chandelier pascal - chandeliers pascal et Laboratorio Gruppo Liturgico\",\"isPartOf\":{\"@id\":\"https:\/\/www.gruppoliturgico.com\/es\/#website\"},\"datePublished\":\"2022-05-20T00:57:41+00:00\",\"dateModified\":\"2022-10-26T14:52:51+00:00\",\"description\":\"Chandelier pascal en laiton dor\u00e9. avec une jolie d\u00e9coration de petites feuilles d'olivier sur la base et sur le pied. Il presente une jolie d\u00e9coration de petites feuilles d\u2019olivier sur la base et sur le pied. Indiqu\u00e9 pour accueillir un cierge de cm 8 de diam\u00e8tre, non compris dans le prix. Socle diam\u00e8tre cm 23 Hauteur cm 90.\",\"breadcrumb\":{\"@id\":\"https:\/\/www.gruppoliturgico.com\/fr\/produit\/chandelier-pascal-14\/#breadcrumb\"},\"inLanguage\":\"fr-FR\",\"potentialAction\":[{\"@type\":\"ReadAction\",\"target\":[\"https:\/\/www.gruppoliturgico.com\/fr\/produit\/chandelier-pascal-14\/\"]}]},{\"@type\":\"BreadcrumbList\",\"@id\":\"https:\/\/www.gruppoliturgico.com\/fr\/produit\/chandelier-pascal-14\/#breadcrumb\",\"itemListElement\":[{\"@type\":\"ListItem\",\"position\":1,\"name\":\"Home\",\"item\":\"https:\/\/www.gruppoliturgico.com\/fr\/\"},{\"@type\":\"ListItem\",\"position\":2,\"name\":\"Boutique\",\"item\":\"https:\/\/www.gruppoliturgico.com\/fr\/boutique\/\"},{\"@type\":\"ListItem\",\"position\":3,\"name\":\"Chandelier pascal\"}]},{\"@type\":\"WebSite\",\"@id\":\"https:\/\/www.gruppoliturgico.com\/es\/#website\",\"url\":\"https:\/\/www.gruppoliturgico.com\/es\/\",\"name\":\"Laboratorio Gruppo Liturgico\",\"description\":\"Articoli Religiosi online\",\"publisher\":{\"@id\":\"https:\/\/www.gruppoliturgico.com\/es\/#organization\"},\"potentialAction\":[{\"@type\":\"SearchAction\",\"target\":{\"@type\":\"EntryPoint\",\"urlTemplate\":\"https:\/\/www.gruppoliturgico.com\/es\/?s={search_term_string}\"},\"query-input\":\"required name=search_term_string\"}],\"inLanguage\":\"fr-FR\"},{\"@type\":\"Organization\",\"@id\":\"https:\/\/www.gruppoliturgico.com\/es\/#organization\",\"name\":\"Laboratorio Gruppo Liturgico\",\"url\":\"https:\/\/www.gruppoliturgico.com\/es\/\",\"logo\":{\"@type\":\"ImageObject\",\"inLanguage\":\"fr-FR\",\"@id\":\"https:\/\/www.gruppoliturgico.com\/es\/#\/schema\/logo\/image\/\",\"url\":\"https:\/\/www.gruppoliturgico.com\/wp-content\/uploads\/2022\/02\/logo-laboratoriogruppoliturgico.png\",\"contentUrl\":\"https:\/\/www.gruppoliturgico.com\/wp-content\/uploads\/2022\/02\/logo-laboratoriogruppoliturgico.png\",\"width\":400,\"height\":114,\"caption\":\"Laboratorio Gruppo Liturgico\"},\"image\":{\"@id\":\"https:\/\/www.gruppoliturgico.com\/es\/#\/schema\/logo\/image\/\"}}]}<\/script>\n<!-- \/ Yoast SEO plugin. -->","yoast_head_json":{"title":"Chandelier pascal - chandeliers pascal et Laboratorio Gruppo Liturgico","description":"Chandelier pascal en laiton dor\u00e9. avec une jolie d\u00e9coration de petites feuilles d'olivier sur la base et sur le pied.  Il presente une jolie d\u00e9coration de petites feuilles d\u2019olivier sur la base et sur le pied. Indiqu\u00e9 pour accueillir un cierge de cm 8 de diam\u00e8tre, non compris dans le prix.  Socle diam\u00e8tre cm 23 Hauteur cm 90.","robots":{"index":"index","follow":"follow","max-snippet":"max-snippet:-1","max-image-preview":"max-image-preview:large","max-video-preview":"max-video-preview:-1"},"canonical":"https:\/\/www.gruppoliturgico.com\/fr\/produit\/chandelier-pascal-14\/","og_locale":"fr_FR","og_type":"article","og_title":"Chandelier pascal - chandeliers pascal et Laboratorio Gruppo Liturgico","og_description":"Chandelier pascal en laiton dor\u00e9. avec une jolie d\u00e9coration de petites feuilles d'olivier sur la base et sur le pied.  Il presente une jolie d\u00e9coration de petites feuilles d\u2019olivier sur la base et sur le pied. Indiqu\u00e9 pour accueillir un cierge de cm 8 de diam\u00e8tre, non compris dans le prix.  Socle diam\u00e8tre cm 23 Hauteur cm 90.","og_url":"https:\/\/www.gruppoliturgico.com\/fr\/produit\/chandelier-pascal-14\/","og_site_name":"Laboratorio Gruppo Liturgico","article_modified_time":"2022-10-26T14:52:51+00:00","og_image":[{"width":540,"height":2000,"url":"https:\/\/www.gruppoliturgico.com\/wp-content\/uploads\/2022\/05\/2116__nv.jpg","type":"image\/jpeg"}],"twitter_card":"summary_large_image","schema":{"@context":"https:\/\/schema.org","@graph":[{"@type":"WebPage","@id":"https:\/\/www.gruppoliturgico.com\/fr\/produit\/chandelier-pascal-14\/","url":"https:\/\/www.gruppoliturgico.com\/fr\/produit\/chandelier-pascal-14\/","name":"Chandelier pascal - chandeliers pascal et Laboratorio Gruppo Liturgico","isPartOf":{"@id":"https:\/\/www.gruppoliturgico.com\/es\/#website"},"datePublished":"2022-05-20T00:57:41+00:00","dateModified":"2022-10-26T14:52:51+00:00","description":"Chandelier pascal en laiton dor\u00e9. avec une jolie d\u00e9coration de petites feuilles d'olivier sur la base et sur le pied. Il presente une jolie d\u00e9coration de petites feuilles d\u2019olivier sur la base et sur le pied. Indiqu\u00e9 pour accueillir un cierge de cm 8 de diam\u00e8tre, non compris dans le prix. Socle diam\u00e8tre cm 23 Hauteur cm 90.","breadcrumb":{"@id":"https:\/\/www.gruppoliturgico.com\/fr\/produit\/chandelier-pascal-14\/#breadcrumb"},"inLanguage":"fr-FR","potentialAction":[{"@type":"ReadAction","target":["https:\/\/www.gruppoliturgico.com\/fr\/produit\/chandelier-pascal-14\/"]}]},{"@type":"BreadcrumbList","@id":"https:\/\/www.gruppoliturgico.com\/fr\/produit\/chandelier-pascal-14\/#breadcrumb","itemListElement":[{"@type":"ListItem","position":1,"name":"Home","item":"https:\/\/www.gruppoliturgico.com\/fr\/"},{"@type":"ListItem","position":2,"name":"Boutique","item":"https:\/\/www.gruppoliturgico.com\/fr\/boutique\/"},{"@type":"ListItem","position":3,"name":"Chandelier pascal"}]},{"@type":"WebSite","@id":"https:\/\/www.gruppoliturgico.com\/es\/#website","url":"https:\/\/www.gruppoliturgico.com\/es\/","name":"Laboratorio Gruppo Liturgico","description":"Articoli Religiosi online","publisher":{"@id":"https:\/\/www.gruppoliturgico.com\/es\/#organization"},"potentialAction":[{"@type":"SearchAction","target":{"@type":"EntryPoint","urlTemplate":"https:\/\/www.gruppoliturgico.com\/es\/?s={search_term_string}"},"query-input":"required name=search_term_string"}],"inLanguage":"fr-FR"},{"@type":"Organization","@id":"https:\/\/www.gruppoliturgico.com\/es\/#organization","name":"Laboratorio Gruppo Liturgico","url":"https:\/\/www.gruppoliturgico.com\/es\/","logo":{"@type":"ImageObject","inLanguage":"fr-FR","@id":"https:\/\/www.gruppoliturgico.com\/es\/#\/schema\/logo\/image\/","url":"https:\/\/www.gruppoliturgico.com\/wp-content\/uploads\/2022\/02\/logo-laboratoriogruppoliturgico.png","contentUrl":"https:\/\/www.gruppoliturgico.com\/wp-content\/uploads\/2022\/02\/logo-laboratoriogruppoliturgico.png","width":400,"height":114,"caption":"Laboratorio Gruppo Liturgico"},"image":{"@id":"https:\/\/www.gruppoliturgico.com\/es\/#\/schema\/logo\/image\/"}}]}},"_links":{"self":[{"href":"https:\/\/www.gruppoliturgico.com\/fr\/wp-json\/wp\/v2\/product\/67931"}],"collection":[{"href":"https:\/\/www.gruppoliturgico.com\/fr\/wp-json\/wp\/v2\/product"}],"about":[{"href":"https:\/\/www.gruppoliturgico.com\/fr\/wp-json\/wp\/v2\/types\/product"}],"wp:featuredmedia":[{"embeddable":true,"href":"https:\/\/www.gruppoliturgico.com\/fr\/wp-json\/wp\/v2\/media\/131669"}],"wp:attachment":[{"href":"https:\/\/www.gruppoliturgico.com\/fr\/wp-json\/wp\/v2\/media?parent=67931"}],"wp:term":[{"taxonomy":"product_cat","embeddable":true,"href":"https:\/\/www.gruppoliturgico.com\/fr\/wp-json\/wp\/v2\/product_cat?post=67931"},{"taxonomy":"product_tag","embeddable":true,"href":"https:\/\/www.gruppoliturgico.com\/fr\/wp-json\/wp\/v2\/product_tag?post=67931"}],"curies":[{"name":"wp","href":"https:\/\/api.w.org\/{rel}","templated":true}]}}