{"id":67919,"date":"2022-05-20T02:57:07","date_gmt":"2022-05-20T00:57:12","guid":{"rendered":"https:\/\/www.gruppoliturgico.com\/prodotto\/prie-dieu-5\/"},"modified":"2022-10-27T15:37:31","modified_gmt":"2022-10-27T13:37:31","slug":"prie-dieu-5","status":"publish","type":"product","link":"https:\/\/www.gruppoliturgico.com\/fr\/produit\/prie-dieu-5\/","title":{"rendered":"prie-dieu"},"content":{"rendered":"<html><body><p>Prie-dieu  en bois de h\u00eatre sculpt\u00e9.<br>\nLe style gothique s\u2019exprime avec le panneau sculpt\u00e9 repr\u00e9sentant des rosaces en relief.<br>\nPetites colonnes \u00e0 chapiteaux de feuilles d\u2019acanthe.<br>\nExcellentes finitions et rev\u00eatements en velours.<br>\nMod\u00e8le \u00e0 une place.<br>\nDimensions cm 63 x 85 x 50.<\/p>\n<\/body><\/html>","protected":false},"excerpt":{"rendered":"<p>Prie-dieu en bois de h\u00eatre sculpt\u00e9.<br \/>\nLe style gothique s&rsquo;exprime avec le panneau sculpt\u00e9 repr\u00e9sentant des rosaces en relief.<br \/>\nPetites colonnes \u00e0 chapiteaux de feuilles d&rsquo;acanthe.<br \/>\nExcellentes finitions et rev\u00eatements en velours.<br \/>\nMod\u00e8le \u00e0 une place.<br \/>\nDimensions cm 63 x 85 x 50.<\/p>\n","protected":false},"featured_media":78250,"template":"","meta":[],"product_cat":[11748],"product_tag":[],"yoast_head":"<!-- This site is optimized with the Yoast SEO plugin v20.4 - https:\/\/yoast.com\/wordpress\/plugins\/seo\/ -->\n<title>prie-dieu - prie-dieu et Laboratorio Gruppo Liturgico<\/title>\n<meta name=\"description\" content=\"Prie-dieu en bois de h\u00eatre sculpt\u00e9.  Le style gothique s&#039;exprime avec le panneau sculpt\u00e9 repr\u00e9sentant des rosaces en relief. Petites colonnes \u00e0 chapiteaux de feuilles d&#039;acanthe. Excellentes finitions et rev\u00eatements en velours.  Mod\u00e8le \u00e0 une place.  Dimensions cm 63 x 85 x 50.\" \/>\n<meta name=\"robots\" content=\"index, follow, max-snippet:-1, max-image-preview:large, max-video-preview:-1\" \/>\n<link rel=\"canonical\" href=\"https:\/\/www.gruppoliturgico.com\/fr\/produit\/prie-dieu-5\/\" \/>\n<meta property=\"og:locale\" content=\"fr_FR\" \/>\n<meta property=\"og:type\" content=\"article\" \/>\n<meta property=\"og:title\" content=\"prie-dieu - prie-dieu et Laboratorio Gruppo Liturgico\" \/>\n<meta property=\"og:description\" content=\"Prie-dieu en bois de h\u00eatre sculpt\u00e9.  Le style gothique s&#039;exprime avec le panneau sculpt\u00e9 repr\u00e9sentant des rosaces en relief. Petites colonnes \u00e0 chapiteaux de feuilles d&#039;acanthe. Excellentes finitions et rev\u00eatements en velours.  Mod\u00e8le \u00e0 une place.  Dimensions cm 63 x 85 x 50.\" \/>\n<meta property=\"og:url\" content=\"https:\/\/www.gruppoliturgico.com\/fr\/produit\/prie-dieu-5\/\" \/>\n<meta property=\"og:site_name\" content=\"Laboratorio Gruppo Liturgico\" \/>\n<meta property=\"article:modified_time\" content=\"2022-10-27T13:37:31+00:00\" \/>\n<meta property=\"og:image\" content=\"https:\/\/www.gruppoliturgico.com\/wp-content\/uploads\/2022\/05\/1415.ridotta.jpg\" \/>\n\t<meta property=\"og:image:width\" content=\"1272\" \/>\n\t<meta property=\"og:image:height\" content=\"1500\" \/>\n\t<meta property=\"og:image:type\" content=\"image\/jpeg\" \/>\n<meta name=\"twitter:card\" content=\"summary_large_image\" \/>\n<script type=\"application\/ld+json\" class=\"yoast-schema-graph\">{\"@context\":\"https:\/\/schema.org\",\"@graph\":[{\"@type\":\"WebPage\",\"@id\":\"https:\/\/www.gruppoliturgico.com\/fr\/produit\/prie-dieu-5\/\",\"url\":\"https:\/\/www.gruppoliturgico.com\/fr\/produit\/prie-dieu-5\/\",\"name\":\"prie-dieu - prie-dieu et Laboratorio Gruppo Liturgico\",\"isPartOf\":{\"@id\":\"https:\/\/www.gruppoliturgico.com\/es\/#website\"},\"datePublished\":\"2022-05-20T00:57:12+00:00\",\"dateModified\":\"2022-10-27T13:37:31+00:00\",\"description\":\"Prie-dieu en bois de h\u00eatre sculpt\u00e9. Le style gothique s'exprime avec le panneau sculpt\u00e9 repr\u00e9sentant des rosaces en relief. Petites colonnes \u00e0 chapiteaux de feuilles d'acanthe. Excellentes finitions et rev\u00eatements en velours. Mod\u00e8le \u00e0 une place. Dimensions cm 63 x 85 x 50.\",\"breadcrumb\":{\"@id\":\"https:\/\/www.gruppoliturgico.com\/fr\/produit\/prie-dieu-5\/#breadcrumb\"},\"inLanguage\":\"fr-FR\",\"potentialAction\":[{\"@type\":\"ReadAction\",\"target\":[\"https:\/\/www.gruppoliturgico.com\/fr\/produit\/prie-dieu-5\/\"]}]},{\"@type\":\"BreadcrumbList\",\"@id\":\"https:\/\/www.gruppoliturgico.com\/fr\/produit\/prie-dieu-5\/#breadcrumb\",\"itemListElement\":[{\"@type\":\"ListItem\",\"position\":1,\"name\":\"Home\",\"item\":\"https:\/\/www.gruppoliturgico.com\/fr\/\"},{\"@type\":\"ListItem\",\"position\":2,\"name\":\"Boutique\",\"item\":\"https:\/\/www.gruppoliturgico.com\/fr\/boutique\/\"},{\"@type\":\"ListItem\",\"position\":3,\"name\":\"prie-dieu\"}]},{\"@type\":\"WebSite\",\"@id\":\"https:\/\/www.gruppoliturgico.com\/es\/#website\",\"url\":\"https:\/\/www.gruppoliturgico.com\/es\/\",\"name\":\"Laboratorio Gruppo Liturgico\",\"description\":\"Articoli Religiosi online\",\"publisher\":{\"@id\":\"https:\/\/www.gruppoliturgico.com\/es\/#organization\"},\"potentialAction\":[{\"@type\":\"SearchAction\",\"target\":{\"@type\":\"EntryPoint\",\"urlTemplate\":\"https:\/\/www.gruppoliturgico.com\/es\/?s={search_term_string}\"},\"query-input\":\"required name=search_term_string\"}],\"inLanguage\":\"fr-FR\"},{\"@type\":\"Organization\",\"@id\":\"https:\/\/www.gruppoliturgico.com\/es\/#organization\",\"name\":\"Laboratorio Gruppo Liturgico\",\"url\":\"https:\/\/www.gruppoliturgico.com\/es\/\",\"logo\":{\"@type\":\"ImageObject\",\"inLanguage\":\"fr-FR\",\"@id\":\"https:\/\/www.gruppoliturgico.com\/es\/#\/schema\/logo\/image\/\",\"url\":\"https:\/\/www.gruppoliturgico.com\/wp-content\/uploads\/2022\/02\/logo-laboratoriogruppoliturgico.png\",\"contentUrl\":\"https:\/\/www.gruppoliturgico.com\/wp-content\/uploads\/2022\/02\/logo-laboratoriogruppoliturgico.png\",\"width\":400,\"height\":114,\"caption\":\"Laboratorio Gruppo Liturgico\"},\"image\":{\"@id\":\"https:\/\/www.gruppoliturgico.com\/es\/#\/schema\/logo\/image\/\"}}]}<\/script>\n<!-- \/ Yoast SEO plugin. -->","yoast_head_json":{"title":"prie-dieu - prie-dieu et Laboratorio Gruppo Liturgico","description":"Prie-dieu en bois de h\u00eatre sculpt\u00e9.  Le style gothique s'exprime avec le panneau sculpt\u00e9 repr\u00e9sentant des rosaces en relief. Petites colonnes \u00e0 chapiteaux de feuilles d'acanthe. Excellentes finitions et rev\u00eatements en velours.  Mod\u00e8le \u00e0 une place.  Dimensions cm 63 x 85 x 50.","robots":{"index":"index","follow":"follow","max-snippet":"max-snippet:-1","max-image-preview":"max-image-preview:large","max-video-preview":"max-video-preview:-1"},"canonical":"https:\/\/www.gruppoliturgico.com\/fr\/produit\/prie-dieu-5\/","og_locale":"fr_FR","og_type":"article","og_title":"prie-dieu - prie-dieu et Laboratorio Gruppo Liturgico","og_description":"Prie-dieu en bois de h\u00eatre sculpt\u00e9.  Le style gothique s'exprime avec le panneau sculpt\u00e9 repr\u00e9sentant des rosaces en relief. Petites colonnes \u00e0 chapiteaux de feuilles d'acanthe. Excellentes finitions et rev\u00eatements en velours.  Mod\u00e8le \u00e0 une place.  Dimensions cm 63 x 85 x 50.","og_url":"https:\/\/www.gruppoliturgico.com\/fr\/produit\/prie-dieu-5\/","og_site_name":"Laboratorio Gruppo Liturgico","article_modified_time":"2022-10-27T13:37:31+00:00","og_image":[{"width":1272,"height":1500,"url":"https:\/\/www.gruppoliturgico.com\/wp-content\/uploads\/2022\/05\/1415.ridotta.jpg","type":"image\/jpeg"}],"twitter_card":"summary_large_image","schema":{"@context":"https:\/\/schema.org","@graph":[{"@type":"WebPage","@id":"https:\/\/www.gruppoliturgico.com\/fr\/produit\/prie-dieu-5\/","url":"https:\/\/www.gruppoliturgico.com\/fr\/produit\/prie-dieu-5\/","name":"prie-dieu - prie-dieu et Laboratorio Gruppo Liturgico","isPartOf":{"@id":"https:\/\/www.gruppoliturgico.com\/es\/#website"},"datePublished":"2022-05-20T00:57:12+00:00","dateModified":"2022-10-27T13:37:31+00:00","description":"Prie-dieu en bois de h\u00eatre sculpt\u00e9. Le style gothique s'exprime avec le panneau sculpt\u00e9 repr\u00e9sentant des rosaces en relief. Petites colonnes \u00e0 chapiteaux de feuilles d'acanthe. Excellentes finitions et rev\u00eatements en velours. Mod\u00e8le \u00e0 une place. Dimensions cm 63 x 85 x 50.","breadcrumb":{"@id":"https:\/\/www.gruppoliturgico.com\/fr\/produit\/prie-dieu-5\/#breadcrumb"},"inLanguage":"fr-FR","potentialAction":[{"@type":"ReadAction","target":["https:\/\/www.gruppoliturgico.com\/fr\/produit\/prie-dieu-5\/"]}]},{"@type":"BreadcrumbList","@id":"https:\/\/www.gruppoliturgico.com\/fr\/produit\/prie-dieu-5\/#breadcrumb","itemListElement":[{"@type":"ListItem","position":1,"name":"Home","item":"https:\/\/www.gruppoliturgico.com\/fr\/"},{"@type":"ListItem","position":2,"name":"Boutique","item":"https:\/\/www.gruppoliturgico.com\/fr\/boutique\/"},{"@type":"ListItem","position":3,"name":"prie-dieu"}]},{"@type":"WebSite","@id":"https:\/\/www.gruppoliturgico.com\/es\/#website","url":"https:\/\/www.gruppoliturgico.com\/es\/","name":"Laboratorio Gruppo Liturgico","description":"Articoli Religiosi online","publisher":{"@id":"https:\/\/www.gruppoliturgico.com\/es\/#organization"},"potentialAction":[{"@type":"SearchAction","target":{"@type":"EntryPoint","urlTemplate":"https:\/\/www.gruppoliturgico.com\/es\/?s={search_term_string}"},"query-input":"required name=search_term_string"}],"inLanguage":"fr-FR"},{"@type":"Organization","@id":"https:\/\/www.gruppoliturgico.com\/es\/#organization","name":"Laboratorio Gruppo Liturgico","url":"https:\/\/www.gruppoliturgico.com\/es\/","logo":{"@type":"ImageObject","inLanguage":"fr-FR","@id":"https:\/\/www.gruppoliturgico.com\/es\/#\/schema\/logo\/image\/","url":"https:\/\/www.gruppoliturgico.com\/wp-content\/uploads\/2022\/02\/logo-laboratoriogruppoliturgico.png","contentUrl":"https:\/\/www.gruppoliturgico.com\/wp-content\/uploads\/2022\/02\/logo-laboratoriogruppoliturgico.png","width":400,"height":114,"caption":"Laboratorio Gruppo Liturgico"},"image":{"@id":"https:\/\/www.gruppoliturgico.com\/es\/#\/schema\/logo\/image\/"}}]}},"_links":{"self":[{"href":"https:\/\/www.gruppoliturgico.com\/fr\/wp-json\/wp\/v2\/product\/67919"}],"collection":[{"href":"https:\/\/www.gruppoliturgico.com\/fr\/wp-json\/wp\/v2\/product"}],"about":[{"href":"https:\/\/www.gruppoliturgico.com\/fr\/wp-json\/wp\/v2\/types\/product"}],"wp:featuredmedia":[{"embeddable":true,"href":"https:\/\/www.gruppoliturgico.com\/fr\/wp-json\/wp\/v2\/media\/78250"}],"wp:attachment":[{"href":"https:\/\/www.gruppoliturgico.com\/fr\/wp-json\/wp\/v2\/media?parent=67919"}],"wp:term":[{"taxonomy":"product_cat","embeddable":true,"href":"https:\/\/www.gruppoliturgico.com\/fr\/wp-json\/wp\/v2\/product_cat?post=67919"},{"taxonomy":"product_tag","embeddable":true,"href":"https:\/\/www.gruppoliturgico.com\/fr\/wp-json\/wp\/v2\/product_tag?post=67919"}],"curies":[{"name":"wp","href":"https:\/\/api.w.org\/{rel}","templated":true}]}}