{"id":67887,"date":"2022-05-20T02:55:48","date_gmt":"2022-05-20T00:55:52","guid":{"rendered":"https:\/\/www.gruppoliturgico.com\/prodotto\/croix-pectorale-15\/"},"modified":"2022-08-10T16:30:37","modified_gmt":"2022-08-10T14:30:37","slug":"croix-pectorale-15","status":"publish","type":"product","link":"https:\/\/www.gruppoliturgico.com\/fr\/produit\/croix-pectorale-15\/","title":{"rendered":"croix pectorale en pur argent"},"content":{"rendered":"<html><body><p>croix pectorale en argent 925 avec des ciselures.<br>\nDans les encoignures les symboles des Evang\u00e9listes.<br>\nDor\u00e9e \u00e0 l\u2019or fin.<br>\nPoids environ gr 55.<br>\nLa cha\u00eenette n\u2019est pas comprise.<br>\nDimensions cm 7,5 x 10,5.<\/p>\n<\/body><\/html>","protected":false},"excerpt":{"rendered":"<p>croix pectorale en argent 925 avec des ciselures.<br \/>\nDans les encoignures les symboles des Evang\u00e9listes.<br \/>\nDor\u00e9e \u00e0 l\u2019or fin.<br \/>\nPoids environ gr 55.<br \/>\nLa cha\u00eenette n&rsquo;est pas comprise.<br \/>\nDimensions cm 7,5 x 10,5.<\/p>\n","protected":false},"featured_media":135357,"template":"","meta":[],"product_cat":[12116],"product_tag":[],"yoast_head":"<!-- This site is optimized with the Yoast SEO plugin v20.4 - https:\/\/yoast.com\/wordpress\/plugins\/seo\/ -->\n<title>croix pectorale en pur argent - croix pectorales et Laboratorio Gruppo Liturgico<\/title>\n<meta name=\"description\" content=\"croix pectorale en argent 925 avec des ciselures. Dans les encoignures les symboles des Evang\u00e9listes. Dor\u00e9e \u00e0 l\u2019or fin. Poids environ gr 55. La cha\u00eenette n&#039;est pas comprise. Dimensions cm 7,5 x 10,5.\" \/>\n<meta name=\"robots\" content=\"index, follow, max-snippet:-1, max-image-preview:large, max-video-preview:-1\" \/>\n<link rel=\"canonical\" href=\"https:\/\/www.gruppoliturgico.com\/fr\/produit\/croix-pectorale-15\/\" \/>\n<meta property=\"og:locale\" content=\"fr_FR\" \/>\n<meta property=\"og:type\" content=\"article\" \/>\n<meta property=\"og:title\" content=\"croix pectorale en pur argent - croix pectorales et Laboratorio Gruppo Liturgico\" \/>\n<meta property=\"og:description\" content=\"croix pectorale en argent 925 avec des ciselures. Dans les encoignures les symboles des Evang\u00e9listes. Dor\u00e9e \u00e0 l\u2019or fin. Poids environ gr 55. La cha\u00eenette n&#039;est pas comprise. Dimensions cm 7,5 x 10,5.\" \/>\n<meta property=\"og:url\" content=\"https:\/\/www.gruppoliturgico.com\/fr\/produit\/croix-pectorale-15\/\" \/>\n<meta property=\"og:site_name\" content=\"Laboratorio Gruppo Liturgico\" \/>\n<meta property=\"article:modified_time\" content=\"2022-08-10T14:30:37+00:00\" \/>\n<meta property=\"og:image\" content=\"https:\/\/www.gruppoliturgico.com\/wp-content\/uploads\/2022\/05\/2540-NV.jpg\" \/>\n\t<meta property=\"og:image:width\" content=\"1252\" \/>\n\t<meta property=\"og:image:height\" content=\"2000\" \/>\n\t<meta property=\"og:image:type\" content=\"image\/jpeg\" \/>\n<meta name=\"twitter:card\" content=\"summary_large_image\" \/>\n<script type=\"application\/ld+json\" class=\"yoast-schema-graph\">{\"@context\":\"https:\/\/schema.org\",\"@graph\":[{\"@type\":\"WebPage\",\"@id\":\"https:\/\/www.gruppoliturgico.com\/fr\/produit\/croix-pectorale-15\/\",\"url\":\"https:\/\/www.gruppoliturgico.com\/fr\/produit\/croix-pectorale-15\/\",\"name\":\"croix pectorale en pur argent - croix pectorales et Laboratorio Gruppo Liturgico\",\"isPartOf\":{\"@id\":\"https:\/\/www.gruppoliturgico.com\/es\/#website\"},\"datePublished\":\"2022-05-20T00:55:52+00:00\",\"dateModified\":\"2022-08-10T14:30:37+00:00\",\"description\":\"croix pectorale en argent 925 avec des ciselures. Dans les encoignures les symboles des Evang\u00e9listes. Dor\u00e9e \u00e0 l\u2019or fin. Poids environ gr 55. La cha\u00eenette n'est pas comprise. Dimensions cm 7,5 x 10,5.\",\"breadcrumb\":{\"@id\":\"https:\/\/www.gruppoliturgico.com\/fr\/produit\/croix-pectorale-15\/#breadcrumb\"},\"inLanguage\":\"fr-FR\",\"potentialAction\":[{\"@type\":\"ReadAction\",\"target\":[\"https:\/\/www.gruppoliturgico.com\/fr\/produit\/croix-pectorale-15\/\"]}]},{\"@type\":\"BreadcrumbList\",\"@id\":\"https:\/\/www.gruppoliturgico.com\/fr\/produit\/croix-pectorale-15\/#breadcrumb\",\"itemListElement\":[{\"@type\":\"ListItem\",\"position\":1,\"name\":\"Home\",\"item\":\"https:\/\/www.gruppoliturgico.com\/fr\/\"},{\"@type\":\"ListItem\",\"position\":2,\"name\":\"Boutique\",\"item\":\"https:\/\/www.gruppoliturgico.com\/fr\/boutique\/\"},{\"@type\":\"ListItem\",\"position\":3,\"name\":\"croix pectorale en pur argent\"}]},{\"@type\":\"WebSite\",\"@id\":\"https:\/\/www.gruppoliturgico.com\/es\/#website\",\"url\":\"https:\/\/www.gruppoliturgico.com\/es\/\",\"name\":\"Laboratorio Gruppo Liturgico\",\"description\":\"Articoli Religiosi online\",\"publisher\":{\"@id\":\"https:\/\/www.gruppoliturgico.com\/es\/#organization\"},\"potentialAction\":[{\"@type\":\"SearchAction\",\"target\":{\"@type\":\"EntryPoint\",\"urlTemplate\":\"https:\/\/www.gruppoliturgico.com\/es\/?s={search_term_string}\"},\"query-input\":\"required name=search_term_string\"}],\"inLanguage\":\"fr-FR\"},{\"@type\":\"Organization\",\"@id\":\"https:\/\/www.gruppoliturgico.com\/es\/#organization\",\"name\":\"Laboratorio Gruppo Liturgico\",\"url\":\"https:\/\/www.gruppoliturgico.com\/es\/\",\"logo\":{\"@type\":\"ImageObject\",\"inLanguage\":\"fr-FR\",\"@id\":\"https:\/\/www.gruppoliturgico.com\/es\/#\/schema\/logo\/image\/\",\"url\":\"https:\/\/www.gruppoliturgico.com\/wp-content\/uploads\/2022\/02\/logo-laboratoriogruppoliturgico.png\",\"contentUrl\":\"https:\/\/www.gruppoliturgico.com\/wp-content\/uploads\/2022\/02\/logo-laboratoriogruppoliturgico.png\",\"width\":400,\"height\":114,\"caption\":\"Laboratorio Gruppo Liturgico\"},\"image\":{\"@id\":\"https:\/\/www.gruppoliturgico.com\/es\/#\/schema\/logo\/image\/\"}}]}<\/script>\n<!-- \/ Yoast SEO plugin. -->","yoast_head_json":{"title":"croix pectorale en pur argent - croix pectorales et Laboratorio Gruppo Liturgico","description":"croix pectorale en argent 925 avec des ciselures. Dans les encoignures les symboles des Evang\u00e9listes. Dor\u00e9e \u00e0 l\u2019or fin. Poids environ gr 55. La cha\u00eenette n'est pas comprise. Dimensions cm 7,5 x 10,5.","robots":{"index":"index","follow":"follow","max-snippet":"max-snippet:-1","max-image-preview":"max-image-preview:large","max-video-preview":"max-video-preview:-1"},"canonical":"https:\/\/www.gruppoliturgico.com\/fr\/produit\/croix-pectorale-15\/","og_locale":"fr_FR","og_type":"article","og_title":"croix pectorale en pur argent - croix pectorales et Laboratorio Gruppo Liturgico","og_description":"croix pectorale en argent 925 avec des ciselures. Dans les encoignures les symboles des Evang\u00e9listes. Dor\u00e9e \u00e0 l\u2019or fin. Poids environ gr 55. La cha\u00eenette n'est pas comprise. Dimensions cm 7,5 x 10,5.","og_url":"https:\/\/www.gruppoliturgico.com\/fr\/produit\/croix-pectorale-15\/","og_site_name":"Laboratorio Gruppo Liturgico","article_modified_time":"2022-08-10T14:30:37+00:00","og_image":[{"width":1252,"height":2000,"url":"https:\/\/www.gruppoliturgico.com\/wp-content\/uploads\/2022\/05\/2540-NV.jpg","type":"image\/jpeg"}],"twitter_card":"summary_large_image","schema":{"@context":"https:\/\/schema.org","@graph":[{"@type":"WebPage","@id":"https:\/\/www.gruppoliturgico.com\/fr\/produit\/croix-pectorale-15\/","url":"https:\/\/www.gruppoliturgico.com\/fr\/produit\/croix-pectorale-15\/","name":"croix pectorale en pur argent - croix pectorales et Laboratorio Gruppo Liturgico","isPartOf":{"@id":"https:\/\/www.gruppoliturgico.com\/es\/#website"},"datePublished":"2022-05-20T00:55:52+00:00","dateModified":"2022-08-10T14:30:37+00:00","description":"croix pectorale en argent 925 avec des ciselures. Dans les encoignures les symboles des Evang\u00e9listes. Dor\u00e9e \u00e0 l\u2019or fin. Poids environ gr 55. La cha\u00eenette n'est pas comprise. Dimensions cm 7,5 x 10,5.","breadcrumb":{"@id":"https:\/\/www.gruppoliturgico.com\/fr\/produit\/croix-pectorale-15\/#breadcrumb"},"inLanguage":"fr-FR","potentialAction":[{"@type":"ReadAction","target":["https:\/\/www.gruppoliturgico.com\/fr\/produit\/croix-pectorale-15\/"]}]},{"@type":"BreadcrumbList","@id":"https:\/\/www.gruppoliturgico.com\/fr\/produit\/croix-pectorale-15\/#breadcrumb","itemListElement":[{"@type":"ListItem","position":1,"name":"Home","item":"https:\/\/www.gruppoliturgico.com\/fr\/"},{"@type":"ListItem","position":2,"name":"Boutique","item":"https:\/\/www.gruppoliturgico.com\/fr\/boutique\/"},{"@type":"ListItem","position":3,"name":"croix pectorale en pur argent"}]},{"@type":"WebSite","@id":"https:\/\/www.gruppoliturgico.com\/es\/#website","url":"https:\/\/www.gruppoliturgico.com\/es\/","name":"Laboratorio Gruppo Liturgico","description":"Articoli Religiosi online","publisher":{"@id":"https:\/\/www.gruppoliturgico.com\/es\/#organization"},"potentialAction":[{"@type":"SearchAction","target":{"@type":"EntryPoint","urlTemplate":"https:\/\/www.gruppoliturgico.com\/es\/?s={search_term_string}"},"query-input":"required name=search_term_string"}],"inLanguage":"fr-FR"},{"@type":"Organization","@id":"https:\/\/www.gruppoliturgico.com\/es\/#organization","name":"Laboratorio Gruppo Liturgico","url":"https:\/\/www.gruppoliturgico.com\/es\/","logo":{"@type":"ImageObject","inLanguage":"fr-FR","@id":"https:\/\/www.gruppoliturgico.com\/es\/#\/schema\/logo\/image\/","url":"https:\/\/www.gruppoliturgico.com\/wp-content\/uploads\/2022\/02\/logo-laboratoriogruppoliturgico.png","contentUrl":"https:\/\/www.gruppoliturgico.com\/wp-content\/uploads\/2022\/02\/logo-laboratoriogruppoliturgico.png","width":400,"height":114,"caption":"Laboratorio Gruppo Liturgico"},"image":{"@id":"https:\/\/www.gruppoliturgico.com\/es\/#\/schema\/logo\/image\/"}}]}},"_links":{"self":[{"href":"https:\/\/www.gruppoliturgico.com\/fr\/wp-json\/wp\/v2\/product\/67887"}],"collection":[{"href":"https:\/\/www.gruppoliturgico.com\/fr\/wp-json\/wp\/v2\/product"}],"about":[{"href":"https:\/\/www.gruppoliturgico.com\/fr\/wp-json\/wp\/v2\/types\/product"}],"wp:featuredmedia":[{"embeddable":true,"href":"https:\/\/www.gruppoliturgico.com\/fr\/wp-json\/wp\/v2\/media\/135357"}],"wp:attachment":[{"href":"https:\/\/www.gruppoliturgico.com\/fr\/wp-json\/wp\/v2\/media?parent=67887"}],"wp:term":[{"taxonomy":"product_cat","embeddable":true,"href":"https:\/\/www.gruppoliturgico.com\/fr\/wp-json\/wp\/v2\/product_cat?post=67887"},{"taxonomy":"product_tag","embeddable":true,"href":"https:\/\/www.gruppoliturgico.com\/fr\/wp-json\/wp\/v2\/product_tag?post=67887"}],"curies":[{"name":"wp","href":"https:\/\/api.w.org\/{rel}","templated":true}]}}