{"id":67879,"date":"2022-05-20T02:55:27","date_gmt":"2022-05-20T00:55:32","guid":{"rendered":"https:\/\/www.gruppoliturgico.com\/prodotto\/crucifix-5\/"},"modified":"2022-11-04T10:35:21","modified_gmt":"2022-11-04T09:35:21","slug":"crucifix-5","status":"publish","type":"product","link":"https:\/\/www.gruppoliturgico.com\/fr\/produit\/crucifix-5\/","title":{"rendered":"Crucifix"},"content":{"rendered":"<html><body><p>Crucifix sculpt\u00e9 en bois, peint \u00e0 la main avec des couleurs \u00e0 l\u2019huile.<br>\nDorure r\u00e9alis\u00e9e \u00e0 la feuille d\u2019or.<br>\nPrix comprenant la croix.<br>\nDimensions<br>\nCorps en bois sculpt\u00e9 cm 60<br>\nCroix cm 120<\/p>\n<\/body><\/html>","protected":false},"excerpt":{"rendered":"<p>Crucifix sculpt\u00e9 en bois, peint \u00e0 la main avec des couleurs \u00e0 l&rsquo;huile.<br \/>\nDorure r\u00e9alis\u00e9e \u00e0 la feuille d&rsquo;or.<br \/>\nPrix comprenant la croix.<br \/>\nDimensions<br \/>\nCorps en bois sculpt\u00e9 cm 60<br \/>\nCroix cm 120<\/p>\n","protected":false},"featured_media":134812,"template":"","meta":[],"product_cat":[11592],"product_tag":[],"yoast_head":"<!-- This site is optimized with the Yoast SEO plugin v20.4 - https:\/\/yoast.com\/wordpress\/plugins\/seo\/ -->\n<title>Crucifix - crucifix en bois sculpt\u00e9 et Laboratorio Gruppo Liturgico<\/title>\n<meta name=\"description\" content=\"Crucifix sculpt\u00e9 en bois, peint \u00e0 la main avec des couleurs \u00e0 l&#039;huile. Dorure r\u00e9alis\u00e9e \u00e0 la feuille d&#039;or. Prix comprenant la croix. Dimensions Corps en bois sculpt\u00e9 cm 60 Croix cm 120\" \/>\n<meta name=\"robots\" content=\"index, follow, max-snippet:-1, max-image-preview:large, max-video-preview:-1\" \/>\n<link rel=\"canonical\" href=\"https:\/\/www.gruppoliturgico.com\/fr\/produit\/crucifix-5\/\" \/>\n<meta property=\"og:locale\" content=\"fr_FR\" \/>\n<meta property=\"og:type\" content=\"article\" \/>\n<meta property=\"og:title\" content=\"Crucifix - crucifix en bois sculpt\u00e9 et Laboratorio Gruppo Liturgico\" \/>\n<meta property=\"og:description\" content=\"Crucifix sculpt\u00e9 en bois, peint \u00e0 la main avec des couleurs \u00e0 l&#039;huile. Dorure r\u00e9alis\u00e9e \u00e0 la feuille d&#039;or. Prix comprenant la croix. Dimensions Corps en bois sculpt\u00e9 cm 60 Croix cm 120\" \/>\n<meta property=\"og:url\" content=\"https:\/\/www.gruppoliturgico.com\/fr\/produit\/crucifix-5\/\" \/>\n<meta property=\"og:site_name\" content=\"Laboratorio Gruppo Liturgico\" \/>\n<meta property=\"article:modified_time\" content=\"2022-11-04T09:35:21+00:00\" \/>\n<meta property=\"og:image\" content=\"https:\/\/www.gruppoliturgico.com\/wp-content\/uploads\/2022\/05\/2498-nv-rit.jpg\" \/>\n\t<meta property=\"og:image:width\" content=\"1159\" \/>\n\t<meta property=\"og:image:height\" content=\"2000\" \/>\n\t<meta property=\"og:image:type\" content=\"image\/jpeg\" \/>\n<meta name=\"twitter:card\" content=\"summary_large_image\" \/>\n<script type=\"application\/ld+json\" class=\"yoast-schema-graph\">{\"@context\":\"https:\/\/schema.org\",\"@graph\":[{\"@type\":\"WebPage\",\"@id\":\"https:\/\/www.gruppoliturgico.com\/fr\/produit\/crucifix-5\/\",\"url\":\"https:\/\/www.gruppoliturgico.com\/fr\/produit\/crucifix-5\/\",\"name\":\"Crucifix - crucifix en bois sculpt\u00e9 et Laboratorio Gruppo Liturgico\",\"isPartOf\":{\"@id\":\"https:\/\/www.gruppoliturgico.com\/es\/#website\"},\"datePublished\":\"2022-05-20T00:55:32+00:00\",\"dateModified\":\"2022-11-04T09:35:21+00:00\",\"description\":\"Crucifix sculpt\u00e9 en bois, peint \u00e0 la main avec des couleurs \u00e0 l'huile. Dorure r\u00e9alis\u00e9e \u00e0 la feuille d'or. Prix comprenant la croix. Dimensions Corps en bois sculpt\u00e9 cm 60 Croix cm 120\",\"breadcrumb\":{\"@id\":\"https:\/\/www.gruppoliturgico.com\/fr\/produit\/crucifix-5\/#breadcrumb\"},\"inLanguage\":\"fr-FR\",\"potentialAction\":[{\"@type\":\"ReadAction\",\"target\":[\"https:\/\/www.gruppoliturgico.com\/fr\/produit\/crucifix-5\/\"]}]},{\"@type\":\"BreadcrumbList\",\"@id\":\"https:\/\/www.gruppoliturgico.com\/fr\/produit\/crucifix-5\/#breadcrumb\",\"itemListElement\":[{\"@type\":\"ListItem\",\"position\":1,\"name\":\"Home\",\"item\":\"https:\/\/www.gruppoliturgico.com\/fr\/\"},{\"@type\":\"ListItem\",\"position\":2,\"name\":\"Boutique\",\"item\":\"https:\/\/www.gruppoliturgico.com\/fr\/boutique\/\"},{\"@type\":\"ListItem\",\"position\":3,\"name\":\"Crucifix\"}]},{\"@type\":\"WebSite\",\"@id\":\"https:\/\/www.gruppoliturgico.com\/es\/#website\",\"url\":\"https:\/\/www.gruppoliturgico.com\/es\/\",\"name\":\"Laboratorio Gruppo Liturgico\",\"description\":\"Articoli Religiosi online\",\"publisher\":{\"@id\":\"https:\/\/www.gruppoliturgico.com\/es\/#organization\"},\"potentialAction\":[{\"@type\":\"SearchAction\",\"target\":{\"@type\":\"EntryPoint\",\"urlTemplate\":\"https:\/\/www.gruppoliturgico.com\/es\/?s={search_term_string}\"},\"query-input\":\"required name=search_term_string\"}],\"inLanguage\":\"fr-FR\"},{\"@type\":\"Organization\",\"@id\":\"https:\/\/www.gruppoliturgico.com\/es\/#organization\",\"name\":\"Laboratorio Gruppo Liturgico\",\"url\":\"https:\/\/www.gruppoliturgico.com\/es\/\",\"logo\":{\"@type\":\"ImageObject\",\"inLanguage\":\"fr-FR\",\"@id\":\"https:\/\/www.gruppoliturgico.com\/es\/#\/schema\/logo\/image\/\",\"url\":\"https:\/\/www.gruppoliturgico.com\/wp-content\/uploads\/2022\/02\/logo-laboratoriogruppoliturgico.png\",\"contentUrl\":\"https:\/\/www.gruppoliturgico.com\/wp-content\/uploads\/2022\/02\/logo-laboratoriogruppoliturgico.png\",\"width\":400,\"height\":114,\"caption\":\"Laboratorio Gruppo Liturgico\"},\"image\":{\"@id\":\"https:\/\/www.gruppoliturgico.com\/es\/#\/schema\/logo\/image\/\"}}]}<\/script>\n<!-- \/ Yoast SEO plugin. -->","yoast_head_json":{"title":"Crucifix - crucifix en bois sculpt\u00e9 et Laboratorio Gruppo Liturgico","description":"Crucifix sculpt\u00e9 en bois, peint \u00e0 la main avec des couleurs \u00e0 l'huile. Dorure r\u00e9alis\u00e9e \u00e0 la feuille d'or. Prix comprenant la croix. Dimensions Corps en bois sculpt\u00e9 cm 60 Croix cm 120","robots":{"index":"index","follow":"follow","max-snippet":"max-snippet:-1","max-image-preview":"max-image-preview:large","max-video-preview":"max-video-preview:-1"},"canonical":"https:\/\/www.gruppoliturgico.com\/fr\/produit\/crucifix-5\/","og_locale":"fr_FR","og_type":"article","og_title":"Crucifix - crucifix en bois sculpt\u00e9 et Laboratorio Gruppo Liturgico","og_description":"Crucifix sculpt\u00e9 en bois, peint \u00e0 la main avec des couleurs \u00e0 l'huile. Dorure r\u00e9alis\u00e9e \u00e0 la feuille d'or. Prix comprenant la croix. Dimensions Corps en bois sculpt\u00e9 cm 60 Croix cm 120","og_url":"https:\/\/www.gruppoliturgico.com\/fr\/produit\/crucifix-5\/","og_site_name":"Laboratorio Gruppo Liturgico","article_modified_time":"2022-11-04T09:35:21+00:00","og_image":[{"width":1159,"height":2000,"url":"https:\/\/www.gruppoliturgico.com\/wp-content\/uploads\/2022\/05\/2498-nv-rit.jpg","type":"image\/jpeg"}],"twitter_card":"summary_large_image","schema":{"@context":"https:\/\/schema.org","@graph":[{"@type":"WebPage","@id":"https:\/\/www.gruppoliturgico.com\/fr\/produit\/crucifix-5\/","url":"https:\/\/www.gruppoliturgico.com\/fr\/produit\/crucifix-5\/","name":"Crucifix - crucifix en bois sculpt\u00e9 et Laboratorio Gruppo Liturgico","isPartOf":{"@id":"https:\/\/www.gruppoliturgico.com\/es\/#website"},"datePublished":"2022-05-20T00:55:32+00:00","dateModified":"2022-11-04T09:35:21+00:00","description":"Crucifix sculpt\u00e9 en bois, peint \u00e0 la main avec des couleurs \u00e0 l'huile. Dorure r\u00e9alis\u00e9e \u00e0 la feuille d'or. Prix comprenant la croix. Dimensions Corps en bois sculpt\u00e9 cm 60 Croix cm 120","breadcrumb":{"@id":"https:\/\/www.gruppoliturgico.com\/fr\/produit\/crucifix-5\/#breadcrumb"},"inLanguage":"fr-FR","potentialAction":[{"@type":"ReadAction","target":["https:\/\/www.gruppoliturgico.com\/fr\/produit\/crucifix-5\/"]}]},{"@type":"BreadcrumbList","@id":"https:\/\/www.gruppoliturgico.com\/fr\/produit\/crucifix-5\/#breadcrumb","itemListElement":[{"@type":"ListItem","position":1,"name":"Home","item":"https:\/\/www.gruppoliturgico.com\/fr\/"},{"@type":"ListItem","position":2,"name":"Boutique","item":"https:\/\/www.gruppoliturgico.com\/fr\/boutique\/"},{"@type":"ListItem","position":3,"name":"Crucifix"}]},{"@type":"WebSite","@id":"https:\/\/www.gruppoliturgico.com\/es\/#website","url":"https:\/\/www.gruppoliturgico.com\/es\/","name":"Laboratorio Gruppo Liturgico","description":"Articoli Religiosi online","publisher":{"@id":"https:\/\/www.gruppoliturgico.com\/es\/#organization"},"potentialAction":[{"@type":"SearchAction","target":{"@type":"EntryPoint","urlTemplate":"https:\/\/www.gruppoliturgico.com\/es\/?s={search_term_string}"},"query-input":"required name=search_term_string"}],"inLanguage":"fr-FR"},{"@type":"Organization","@id":"https:\/\/www.gruppoliturgico.com\/es\/#organization","name":"Laboratorio Gruppo Liturgico","url":"https:\/\/www.gruppoliturgico.com\/es\/","logo":{"@type":"ImageObject","inLanguage":"fr-FR","@id":"https:\/\/www.gruppoliturgico.com\/es\/#\/schema\/logo\/image\/","url":"https:\/\/www.gruppoliturgico.com\/wp-content\/uploads\/2022\/02\/logo-laboratoriogruppoliturgico.png","contentUrl":"https:\/\/www.gruppoliturgico.com\/wp-content\/uploads\/2022\/02\/logo-laboratoriogruppoliturgico.png","width":400,"height":114,"caption":"Laboratorio Gruppo Liturgico"},"image":{"@id":"https:\/\/www.gruppoliturgico.com\/es\/#\/schema\/logo\/image\/"}}]}},"_links":{"self":[{"href":"https:\/\/www.gruppoliturgico.com\/fr\/wp-json\/wp\/v2\/product\/67879"}],"collection":[{"href":"https:\/\/www.gruppoliturgico.com\/fr\/wp-json\/wp\/v2\/product"}],"about":[{"href":"https:\/\/www.gruppoliturgico.com\/fr\/wp-json\/wp\/v2\/types\/product"}],"wp:featuredmedia":[{"embeddable":true,"href":"https:\/\/www.gruppoliturgico.com\/fr\/wp-json\/wp\/v2\/media\/134812"}],"wp:attachment":[{"href":"https:\/\/www.gruppoliturgico.com\/fr\/wp-json\/wp\/v2\/media?parent=67879"}],"wp:term":[{"taxonomy":"product_cat","embeddable":true,"href":"https:\/\/www.gruppoliturgico.com\/fr\/wp-json\/wp\/v2\/product_cat?post=67879"},{"taxonomy":"product_tag","embeddable":true,"href":"https:\/\/www.gruppoliturgico.com\/fr\/wp-json\/wp\/v2\/product_tag?post=67879"}],"curies":[{"name":"wp","href":"https:\/\/api.w.org\/{rel}","templated":true}]}}