{"id":67779,"date":"2022-05-20T02:50:00","date_gmt":"2022-05-20T00:50:55","guid":{"rendered":"https:\/\/www.gruppoliturgico.com\/prodotto\/etole-30\/"},"modified":"2022-08-23T11:37:39","modified_gmt":"2022-08-23T09:37:39","slug":"etole-30","status":"publish","type":"product","link":"https:\/\/www.gruppoliturgico.com\/fr\/produit\/etole-30\/","title":{"rendered":"Etole"},"content":{"rendered":"<html><body><p>Etole simple et d\u00e9licate enti\u00e8rement r\u00e9alis\u00e9e au m\u00e9tier.<br>\nLe tissu est compl\u00e8tement ouvr\u00e9 avec broderies de croix en relief, certaines d\u2019entre elles sont compl\u00e9t\u00e9es avec du fil de la m\u00eame couleur liturgique choisie.<br>\nDisponible dans les coloris Liturgiques.<\/p>\n<p>\u00a0<\/p>\n<p>\u00a0<\/p>\n<\/body><\/html>","protected":false},"excerpt":{"rendered":"<p>Etole simple et d\u00e9licate enti\u00e8rement r\u00e9alis\u00e9e au m\u00e9tier.<br \/>\nLe tissu est compl\u00e8tement ouvr\u00e9 avec broderies de croix en relief, certaines d&rsquo;entre elles sont compl\u00e9t\u00e9es avec du fil de la m\u00eame couleur liturgique choisie.<br \/>\nDisponible dans les coloris Liturgiques.<\/p>\n","protected":false},"featured_media":78110,"template":"","meta":[],"product_cat":[12304],"product_tag":[],"yoast_head":"<!-- This site is optimized with the Yoast SEO plugin v20.4 - https:\/\/yoast.com\/wordpress\/plugins\/seo\/ -->\n<title>Etole - \u00e9toles brod\u00e9es et Laboratorio Gruppo Liturgico<\/title>\n<meta name=\"description\" content=\"Etole simple et d\u00e9licate enti\u00e8rement r\u00e9alis\u00e9e au m\u00e9tier. Le tissu est compl\u00e8tement ouvr\u00e9 avec broderies de croix en relief, certaines d&#039;entre elles sont compl\u00e9t\u00e9es avec du fil de la m\u00eame couleur liturgique choisie. Disponible dans les coloris Liturgiques.\" \/>\n<meta name=\"robots\" content=\"index, follow, max-snippet:-1, max-image-preview:large, max-video-preview:-1\" \/>\n<link rel=\"canonical\" href=\"https:\/\/www.gruppoliturgico.com\/fr\/produit\/etole-30\/\" \/>\n<meta property=\"og:locale\" content=\"fr_FR\" \/>\n<meta property=\"og:type\" content=\"article\" \/>\n<meta property=\"og:title\" content=\"Etole - \u00e9toles brod\u00e9es et Laboratorio Gruppo Liturgico\" \/>\n<meta property=\"og:description\" content=\"Etole simple et d\u00e9licate enti\u00e8rement r\u00e9alis\u00e9e au m\u00e9tier. Le tissu est compl\u00e8tement ouvr\u00e9 avec broderies de croix en relief, certaines d&#039;entre elles sont compl\u00e9t\u00e9es avec du fil de la m\u00eame couleur liturgique choisie. Disponible dans les coloris Liturgiques.\" \/>\n<meta property=\"og:url\" content=\"https:\/\/www.gruppoliturgico.com\/fr\/produit\/etole-30\/\" \/>\n<meta property=\"og:site_name\" content=\"Laboratorio Gruppo Liturgico\" \/>\n<meta property=\"article:modified_time\" content=\"2022-08-23T09:37:39+00:00\" \/>\n<meta property=\"og:image\" content=\"https:\/\/www.gruppoliturgico.com\/wp-content\/uploads\/2022\/05\/2887.vi_.jpg\" \/>\n\t<meta property=\"og:image:width\" content=\"472\" \/>\n\t<meta property=\"og:image:height\" content=\"1500\" \/>\n\t<meta property=\"og:image:type\" content=\"image\/jpeg\" \/>\n<meta name=\"twitter:card\" content=\"summary_large_image\" \/>\n<meta name=\"twitter:label1\" content=\"Dur\u00e9e de lecture estim\u00e9e\" \/>\n\t<meta name=\"twitter:data1\" content=\"1 minute\" \/>\n<script type=\"application\/ld+json\" class=\"yoast-schema-graph\">{\"@context\":\"https:\/\/schema.org\",\"@graph\":[{\"@type\":\"WebPage\",\"@id\":\"https:\/\/www.gruppoliturgico.com\/fr\/produit\/etole-30\/\",\"url\":\"https:\/\/www.gruppoliturgico.com\/fr\/produit\/etole-30\/\",\"name\":\"Etole - \u00e9toles brod\u00e9es et Laboratorio Gruppo Liturgico\",\"isPartOf\":{\"@id\":\"https:\/\/www.gruppoliturgico.com\/es\/#website\"},\"datePublished\":\"2022-05-20T00:50:55+00:00\",\"dateModified\":\"2022-08-23T09:37:39+00:00\",\"description\":\"Etole simple et d\u00e9licate enti\u00e8rement r\u00e9alis\u00e9e au m\u00e9tier. Le tissu est compl\u00e8tement ouvr\u00e9 avec broderies de croix en relief, certaines d'entre elles sont compl\u00e9t\u00e9es avec du fil de la m\u00eame couleur liturgique choisie. Disponible dans les coloris Liturgiques.\",\"breadcrumb\":{\"@id\":\"https:\/\/www.gruppoliturgico.com\/fr\/produit\/etole-30\/#breadcrumb\"},\"inLanguage\":\"fr-FR\",\"potentialAction\":[{\"@type\":\"ReadAction\",\"target\":[\"https:\/\/www.gruppoliturgico.com\/fr\/produit\/etole-30\/\"]}]},{\"@type\":\"BreadcrumbList\",\"@id\":\"https:\/\/www.gruppoliturgico.com\/fr\/produit\/etole-30\/#breadcrumb\",\"itemListElement\":[{\"@type\":\"ListItem\",\"position\":1,\"name\":\"Home\",\"item\":\"https:\/\/www.gruppoliturgico.com\/fr\/\"},{\"@type\":\"ListItem\",\"position\":2,\"name\":\"Boutique\",\"item\":\"https:\/\/www.gruppoliturgico.com\/fr\/boutique\/\"},{\"@type\":\"ListItem\",\"position\":3,\"name\":\"Etole\"}]},{\"@type\":\"WebSite\",\"@id\":\"https:\/\/www.gruppoliturgico.com\/es\/#website\",\"url\":\"https:\/\/www.gruppoliturgico.com\/es\/\",\"name\":\"Laboratorio Gruppo Liturgico\",\"description\":\"Articoli Religiosi online\",\"publisher\":{\"@id\":\"https:\/\/www.gruppoliturgico.com\/es\/#organization\"},\"potentialAction\":[{\"@type\":\"SearchAction\",\"target\":{\"@type\":\"EntryPoint\",\"urlTemplate\":\"https:\/\/www.gruppoliturgico.com\/es\/?s={search_term_string}\"},\"query-input\":\"required name=search_term_string\"}],\"inLanguage\":\"fr-FR\"},{\"@type\":\"Organization\",\"@id\":\"https:\/\/www.gruppoliturgico.com\/es\/#organization\",\"name\":\"Laboratorio Gruppo Liturgico\",\"url\":\"https:\/\/www.gruppoliturgico.com\/es\/\",\"logo\":{\"@type\":\"ImageObject\",\"inLanguage\":\"fr-FR\",\"@id\":\"https:\/\/www.gruppoliturgico.com\/es\/#\/schema\/logo\/image\/\",\"url\":\"https:\/\/www.gruppoliturgico.com\/wp-content\/uploads\/2022\/02\/logo-laboratoriogruppoliturgico.png\",\"contentUrl\":\"https:\/\/www.gruppoliturgico.com\/wp-content\/uploads\/2022\/02\/logo-laboratoriogruppoliturgico.png\",\"width\":400,\"height\":114,\"caption\":\"Laboratorio Gruppo Liturgico\"},\"image\":{\"@id\":\"https:\/\/www.gruppoliturgico.com\/es\/#\/schema\/logo\/image\/\"}}]}<\/script>\n<!-- \/ Yoast SEO plugin. -->","yoast_head_json":{"title":"Etole - \u00e9toles brod\u00e9es et Laboratorio Gruppo Liturgico","description":"Etole simple et d\u00e9licate enti\u00e8rement r\u00e9alis\u00e9e au m\u00e9tier. Le tissu est compl\u00e8tement ouvr\u00e9 avec broderies de croix en relief, certaines d'entre elles sont compl\u00e9t\u00e9es avec du fil de la m\u00eame couleur liturgique choisie. Disponible dans les coloris Liturgiques.","robots":{"index":"index","follow":"follow","max-snippet":"max-snippet:-1","max-image-preview":"max-image-preview:large","max-video-preview":"max-video-preview:-1"},"canonical":"https:\/\/www.gruppoliturgico.com\/fr\/produit\/etole-30\/","og_locale":"fr_FR","og_type":"article","og_title":"Etole - \u00e9toles brod\u00e9es et Laboratorio Gruppo Liturgico","og_description":"Etole simple et d\u00e9licate enti\u00e8rement r\u00e9alis\u00e9e au m\u00e9tier. Le tissu est compl\u00e8tement ouvr\u00e9 avec broderies de croix en relief, certaines d'entre elles sont compl\u00e9t\u00e9es avec du fil de la m\u00eame couleur liturgique choisie. Disponible dans les coloris Liturgiques.","og_url":"https:\/\/www.gruppoliturgico.com\/fr\/produit\/etole-30\/","og_site_name":"Laboratorio Gruppo Liturgico","article_modified_time":"2022-08-23T09:37:39+00:00","og_image":[{"width":472,"height":1500,"url":"https:\/\/www.gruppoliturgico.com\/wp-content\/uploads\/2022\/05\/2887.vi_.jpg","type":"image\/jpeg"}],"twitter_card":"summary_large_image","twitter_misc":{"Dur\u00e9e de lecture estim\u00e9e":"1 minute"},"schema":{"@context":"https:\/\/schema.org","@graph":[{"@type":"WebPage","@id":"https:\/\/www.gruppoliturgico.com\/fr\/produit\/etole-30\/","url":"https:\/\/www.gruppoliturgico.com\/fr\/produit\/etole-30\/","name":"Etole - \u00e9toles brod\u00e9es et Laboratorio Gruppo Liturgico","isPartOf":{"@id":"https:\/\/www.gruppoliturgico.com\/es\/#website"},"datePublished":"2022-05-20T00:50:55+00:00","dateModified":"2022-08-23T09:37:39+00:00","description":"Etole simple et d\u00e9licate enti\u00e8rement r\u00e9alis\u00e9e au m\u00e9tier. Le tissu est compl\u00e8tement ouvr\u00e9 avec broderies de croix en relief, certaines d'entre elles sont compl\u00e9t\u00e9es avec du fil de la m\u00eame couleur liturgique choisie. Disponible dans les coloris Liturgiques.","breadcrumb":{"@id":"https:\/\/www.gruppoliturgico.com\/fr\/produit\/etole-30\/#breadcrumb"},"inLanguage":"fr-FR","potentialAction":[{"@type":"ReadAction","target":["https:\/\/www.gruppoliturgico.com\/fr\/produit\/etole-30\/"]}]},{"@type":"BreadcrumbList","@id":"https:\/\/www.gruppoliturgico.com\/fr\/produit\/etole-30\/#breadcrumb","itemListElement":[{"@type":"ListItem","position":1,"name":"Home","item":"https:\/\/www.gruppoliturgico.com\/fr\/"},{"@type":"ListItem","position":2,"name":"Boutique","item":"https:\/\/www.gruppoliturgico.com\/fr\/boutique\/"},{"@type":"ListItem","position":3,"name":"Etole"}]},{"@type":"WebSite","@id":"https:\/\/www.gruppoliturgico.com\/es\/#website","url":"https:\/\/www.gruppoliturgico.com\/es\/","name":"Laboratorio Gruppo Liturgico","description":"Articoli Religiosi online","publisher":{"@id":"https:\/\/www.gruppoliturgico.com\/es\/#organization"},"potentialAction":[{"@type":"SearchAction","target":{"@type":"EntryPoint","urlTemplate":"https:\/\/www.gruppoliturgico.com\/es\/?s={search_term_string}"},"query-input":"required name=search_term_string"}],"inLanguage":"fr-FR"},{"@type":"Organization","@id":"https:\/\/www.gruppoliturgico.com\/es\/#organization","name":"Laboratorio Gruppo Liturgico","url":"https:\/\/www.gruppoliturgico.com\/es\/","logo":{"@type":"ImageObject","inLanguage":"fr-FR","@id":"https:\/\/www.gruppoliturgico.com\/es\/#\/schema\/logo\/image\/","url":"https:\/\/www.gruppoliturgico.com\/wp-content\/uploads\/2022\/02\/logo-laboratoriogruppoliturgico.png","contentUrl":"https:\/\/www.gruppoliturgico.com\/wp-content\/uploads\/2022\/02\/logo-laboratoriogruppoliturgico.png","width":400,"height":114,"caption":"Laboratorio Gruppo Liturgico"},"image":{"@id":"https:\/\/www.gruppoliturgico.com\/es\/#\/schema\/logo\/image\/"}}]}},"_links":{"self":[{"href":"https:\/\/www.gruppoliturgico.com\/fr\/wp-json\/wp\/v2\/product\/67779"}],"collection":[{"href":"https:\/\/www.gruppoliturgico.com\/fr\/wp-json\/wp\/v2\/product"}],"about":[{"href":"https:\/\/www.gruppoliturgico.com\/fr\/wp-json\/wp\/v2\/types\/product"}],"wp:featuredmedia":[{"embeddable":true,"href":"https:\/\/www.gruppoliturgico.com\/fr\/wp-json\/wp\/v2\/media\/78110"}],"wp:attachment":[{"href":"https:\/\/www.gruppoliturgico.com\/fr\/wp-json\/wp\/v2\/media?parent=67779"}],"wp:term":[{"taxonomy":"product_cat","embeddable":true,"href":"https:\/\/www.gruppoliturgico.com\/fr\/wp-json\/wp\/v2\/product_cat?post=67779"},{"taxonomy":"product_tag","embeddable":true,"href":"https:\/\/www.gruppoliturgico.com\/fr\/wp-json\/wp\/v2\/product_tag?post=67779"}],"curies":[{"name":"wp","href":"https:\/\/api.w.org\/{rel}","templated":true}]}}