{"id":67679,"date":"2022-05-20T02:46:00","date_gmt":"2022-05-20T00:46:07","guid":{"rendered":"https:\/\/www.gruppoliturgico.com\/prodotto\/chasuble-49\/"},"modified":"2022-05-20T10:35:19","modified_gmt":"2022-05-20T08:35:19","slug":"chasuble-49","status":"publish","type":"product","link":"https:\/\/www.gruppoliturgico.com\/fr\/produit\/chasuble-49\/","title":{"rendered":"chasuble"},"content":{"rendered":"<html><body><p>El\u00e9gante chasuble confectionn\u00e9e avec un tissu de laine et lurex r\u00e9alis\u00e9 au m\u00e9tier.<br>\nLes broderies du symbole marial et des fleurs, les m\u00eames sur le devant et sur le dos, sont ex\u00e9cut\u00e9es directement dans le tissu.<br>\nLa chasuble est compl\u00e9t\u00e9e d\u2019une tr\u00e8s belle \u00e9tole, comprise dans le prix, avec de symboles mariaux.<\/p>\n<\/body><\/html>","protected":false},"excerpt":{"rendered":"<p>El\u00e9gante chasuble confectionn\u00e9e avec un tissu de laine et lurex r\u00e9alis\u00e9 au m\u00e9tier.<br \/>\nLes broderies du symbole marial et des fleurs, les m\u00eames sur le devant et sur le dos, sont ex\u00e9cut\u00e9es directement dans le tissu.<br \/>\nLa chasuble est compl\u00e9t\u00e9e d&rsquo;une tr\u00e8s belle \u00e9tole, comprise dans le prix, avec de symboles mariaux.<\/p>\n","protected":false},"featured_media":129385,"template":"","meta":[],"product_cat":[12264],"product_tag":[15301],"yoast_head":"<!-- This site is optimized with the Yoast SEO plugin v20.4 - https:\/\/yoast.com\/wordpress\/plugins\/seo\/ -->\n<title>chasuble - mariales et Laboratorio Gruppo Liturgico<\/title>\n<meta name=\"description\" content=\"El\u00e9gante chasuble confectionn\u00e9e avec un tissu de laine et lurex r\u00e9alis\u00e9 au m\u00e9tier.  Les broderies du symbole marial et des fleurs, les m\u00eames sur le devant et sur le dos, sont ex\u00e9cut\u00e9es directement dans le tissu.  La chasuble est compl\u00e9t\u00e9e d&#039;une tr\u00e8s belle \u00e9tole, comprise dans le prix, avec de symboles mariaux.\" \/>\n<meta name=\"robots\" content=\"index, follow, max-snippet:-1, max-image-preview:large, max-video-preview:-1\" \/>\n<link rel=\"canonical\" href=\"https:\/\/www.gruppoliturgico.com\/fr\/produit\/chasuble-49\/\" \/>\n<meta property=\"og:locale\" content=\"fr_FR\" \/>\n<meta property=\"og:type\" content=\"article\" \/>\n<meta property=\"og:title\" content=\"chasuble - mariales et Laboratorio Gruppo Liturgico\" \/>\n<meta property=\"og:description\" content=\"El\u00e9gante chasuble confectionn\u00e9e avec un tissu de laine et lurex r\u00e9alis\u00e9 au m\u00e9tier.  Les broderies du symbole marial et des fleurs, les m\u00eames sur le devant et sur le dos, sont ex\u00e9cut\u00e9es directement dans le tissu.  La chasuble est compl\u00e9t\u00e9e d&#039;une tr\u00e8s belle \u00e9tole, comprise dans le prix, avec de symboles mariaux.\" \/>\n<meta property=\"og:url\" content=\"https:\/\/www.gruppoliturgico.com\/fr\/produit\/chasuble-49\/\" \/>\n<meta property=\"og:site_name\" content=\"Laboratorio Gruppo Liturgico\" \/>\n<meta property=\"article:modified_time\" content=\"2022-05-20T08:35:19+00:00\" \/>\n<meta property=\"og:image\" content=\"https:\/\/www.gruppoliturgico.com\/wp-content\/uploads\/2022\/05\/2068_inPixio-Copy.jpg\" \/>\n\t<meta property=\"og:image:width\" content=\"1262\" \/>\n\t<meta property=\"og:image:height\" content=\"2000\" \/>\n\t<meta property=\"og:image:type\" content=\"image\/jpeg\" \/>\n<meta name=\"twitter:card\" content=\"summary_large_image\" \/>\n<script type=\"application\/ld+json\" class=\"yoast-schema-graph\">{\"@context\":\"https:\/\/schema.org\",\"@graph\":[{\"@type\":\"WebPage\",\"@id\":\"https:\/\/www.gruppoliturgico.com\/fr\/produit\/chasuble-49\/\",\"url\":\"https:\/\/www.gruppoliturgico.com\/fr\/produit\/chasuble-49\/\",\"name\":\"chasuble - mariales et Laboratorio Gruppo Liturgico\",\"isPartOf\":{\"@id\":\"https:\/\/www.gruppoliturgico.com\/es\/#website\"},\"datePublished\":\"2022-05-20T00:46:07+00:00\",\"dateModified\":\"2022-05-20T08:35:19+00:00\",\"description\":\"El\u00e9gante chasuble confectionn\u00e9e avec un tissu de laine et lurex r\u00e9alis\u00e9 au m\u00e9tier. Les broderies du symbole marial et des fleurs, les m\u00eames sur le devant et sur le dos, sont ex\u00e9cut\u00e9es directement dans le tissu. La chasuble est compl\u00e9t\u00e9e d'une tr\u00e8s belle \u00e9tole, comprise dans le prix, avec de symboles mariaux.\",\"breadcrumb\":{\"@id\":\"https:\/\/www.gruppoliturgico.com\/fr\/produit\/chasuble-49\/#breadcrumb\"},\"inLanguage\":\"fr-FR\",\"potentialAction\":[{\"@type\":\"ReadAction\",\"target\":[\"https:\/\/www.gruppoliturgico.com\/fr\/produit\/chasuble-49\/\"]}]},{\"@type\":\"BreadcrumbList\",\"@id\":\"https:\/\/www.gruppoliturgico.com\/fr\/produit\/chasuble-49\/#breadcrumb\",\"itemListElement\":[{\"@type\":\"ListItem\",\"position\":1,\"name\":\"Home\",\"item\":\"https:\/\/www.gruppoliturgico.com\/fr\/\"},{\"@type\":\"ListItem\",\"position\":2,\"name\":\"Boutique\",\"item\":\"https:\/\/www.gruppoliturgico.com\/fr\/boutique\/\"},{\"@type\":\"ListItem\",\"position\":3,\"name\":\"chasuble\"}]},{\"@type\":\"WebSite\",\"@id\":\"https:\/\/www.gruppoliturgico.com\/es\/#website\",\"url\":\"https:\/\/www.gruppoliturgico.com\/es\/\",\"name\":\"Laboratorio Gruppo Liturgico\",\"description\":\"Articoli Religiosi online\",\"publisher\":{\"@id\":\"https:\/\/www.gruppoliturgico.com\/es\/#organization\"},\"potentialAction\":[{\"@type\":\"SearchAction\",\"target\":{\"@type\":\"EntryPoint\",\"urlTemplate\":\"https:\/\/www.gruppoliturgico.com\/es\/?s={search_term_string}\"},\"query-input\":\"required name=search_term_string\"}],\"inLanguage\":\"fr-FR\"},{\"@type\":\"Organization\",\"@id\":\"https:\/\/www.gruppoliturgico.com\/es\/#organization\",\"name\":\"Laboratorio Gruppo Liturgico\",\"url\":\"https:\/\/www.gruppoliturgico.com\/es\/\",\"logo\":{\"@type\":\"ImageObject\",\"inLanguage\":\"fr-FR\",\"@id\":\"https:\/\/www.gruppoliturgico.com\/es\/#\/schema\/logo\/image\/\",\"url\":\"https:\/\/www.gruppoliturgico.com\/wp-content\/uploads\/2022\/02\/logo-laboratoriogruppoliturgico.png\",\"contentUrl\":\"https:\/\/www.gruppoliturgico.com\/wp-content\/uploads\/2022\/02\/logo-laboratoriogruppoliturgico.png\",\"width\":400,\"height\":114,\"caption\":\"Laboratorio Gruppo Liturgico\"},\"image\":{\"@id\":\"https:\/\/www.gruppoliturgico.com\/es\/#\/schema\/logo\/image\/\"}}]}<\/script>\n<!-- \/ Yoast SEO plugin. -->","yoast_head_json":{"title":"chasuble - mariales et Laboratorio Gruppo Liturgico","description":"El\u00e9gante chasuble confectionn\u00e9e avec un tissu de laine et lurex r\u00e9alis\u00e9 au m\u00e9tier.  Les broderies du symbole marial et des fleurs, les m\u00eames sur le devant et sur le dos, sont ex\u00e9cut\u00e9es directement dans le tissu.  La chasuble est compl\u00e9t\u00e9e d'une tr\u00e8s belle \u00e9tole, comprise dans le prix, avec de symboles mariaux.","robots":{"index":"index","follow":"follow","max-snippet":"max-snippet:-1","max-image-preview":"max-image-preview:large","max-video-preview":"max-video-preview:-1"},"canonical":"https:\/\/www.gruppoliturgico.com\/fr\/produit\/chasuble-49\/","og_locale":"fr_FR","og_type":"article","og_title":"chasuble - mariales et Laboratorio Gruppo Liturgico","og_description":"El\u00e9gante chasuble confectionn\u00e9e avec un tissu de laine et lurex r\u00e9alis\u00e9 au m\u00e9tier.  Les broderies du symbole marial et des fleurs, les m\u00eames sur le devant et sur le dos, sont ex\u00e9cut\u00e9es directement dans le tissu.  La chasuble est compl\u00e9t\u00e9e d'une tr\u00e8s belle \u00e9tole, comprise dans le prix, avec de symboles mariaux.","og_url":"https:\/\/www.gruppoliturgico.com\/fr\/produit\/chasuble-49\/","og_site_name":"Laboratorio Gruppo Liturgico","article_modified_time":"2022-05-20T08:35:19+00:00","og_image":[{"width":1262,"height":2000,"url":"https:\/\/www.gruppoliturgico.com\/wp-content\/uploads\/2022\/05\/2068_inPixio-Copy.jpg","type":"image\/jpeg"}],"twitter_card":"summary_large_image","schema":{"@context":"https:\/\/schema.org","@graph":[{"@type":"WebPage","@id":"https:\/\/www.gruppoliturgico.com\/fr\/produit\/chasuble-49\/","url":"https:\/\/www.gruppoliturgico.com\/fr\/produit\/chasuble-49\/","name":"chasuble - mariales et Laboratorio Gruppo Liturgico","isPartOf":{"@id":"https:\/\/www.gruppoliturgico.com\/es\/#website"},"datePublished":"2022-05-20T00:46:07+00:00","dateModified":"2022-05-20T08:35:19+00:00","description":"El\u00e9gante chasuble confectionn\u00e9e avec un tissu de laine et lurex r\u00e9alis\u00e9 au m\u00e9tier. Les broderies du symbole marial et des fleurs, les m\u00eames sur le devant et sur le dos, sont ex\u00e9cut\u00e9es directement dans le tissu. La chasuble est compl\u00e9t\u00e9e d'une tr\u00e8s belle \u00e9tole, comprise dans le prix, avec de symboles mariaux.","breadcrumb":{"@id":"https:\/\/www.gruppoliturgico.com\/fr\/produit\/chasuble-49\/#breadcrumb"},"inLanguage":"fr-FR","potentialAction":[{"@type":"ReadAction","target":["https:\/\/www.gruppoliturgico.com\/fr\/produit\/chasuble-49\/"]}]},{"@type":"BreadcrumbList","@id":"https:\/\/www.gruppoliturgico.com\/fr\/produit\/chasuble-49\/#breadcrumb","itemListElement":[{"@type":"ListItem","position":1,"name":"Home","item":"https:\/\/www.gruppoliturgico.com\/fr\/"},{"@type":"ListItem","position":2,"name":"Boutique","item":"https:\/\/www.gruppoliturgico.com\/fr\/boutique\/"},{"@type":"ListItem","position":3,"name":"chasuble"}]},{"@type":"WebSite","@id":"https:\/\/www.gruppoliturgico.com\/es\/#website","url":"https:\/\/www.gruppoliturgico.com\/es\/","name":"Laboratorio Gruppo Liturgico","description":"Articoli Religiosi online","publisher":{"@id":"https:\/\/www.gruppoliturgico.com\/es\/#organization"},"potentialAction":[{"@type":"SearchAction","target":{"@type":"EntryPoint","urlTemplate":"https:\/\/www.gruppoliturgico.com\/es\/?s={search_term_string}"},"query-input":"required name=search_term_string"}],"inLanguage":"fr-FR"},{"@type":"Organization","@id":"https:\/\/www.gruppoliturgico.com\/es\/#organization","name":"Laboratorio Gruppo Liturgico","url":"https:\/\/www.gruppoliturgico.com\/es\/","logo":{"@type":"ImageObject","inLanguage":"fr-FR","@id":"https:\/\/www.gruppoliturgico.com\/es\/#\/schema\/logo\/image\/","url":"https:\/\/www.gruppoliturgico.com\/wp-content\/uploads\/2022\/02\/logo-laboratoriogruppoliturgico.png","contentUrl":"https:\/\/www.gruppoliturgico.com\/wp-content\/uploads\/2022\/02\/logo-laboratoriogruppoliturgico.png","width":400,"height":114,"caption":"Laboratorio Gruppo Liturgico"},"image":{"@id":"https:\/\/www.gruppoliturgico.com\/es\/#\/schema\/logo\/image\/"}}]}},"_links":{"self":[{"href":"https:\/\/www.gruppoliturgico.com\/fr\/wp-json\/wp\/v2\/product\/67679"}],"collection":[{"href":"https:\/\/www.gruppoliturgico.com\/fr\/wp-json\/wp\/v2\/product"}],"about":[{"href":"https:\/\/www.gruppoliturgico.com\/fr\/wp-json\/wp\/v2\/types\/product"}],"wp:featuredmedia":[{"embeddable":true,"href":"https:\/\/www.gruppoliturgico.com\/fr\/wp-json\/wp\/v2\/media\/129385"}],"wp:attachment":[{"href":"https:\/\/www.gruppoliturgico.com\/fr\/wp-json\/wp\/v2\/media?parent=67679"}],"wp:term":[{"taxonomy":"product_cat","embeddable":true,"href":"https:\/\/www.gruppoliturgico.com\/fr\/wp-json\/wp\/v2\/product_cat?post=67679"},{"taxonomy":"product_tag","embeddable":true,"href":"https:\/\/www.gruppoliturgico.com\/fr\/wp-json\/wp\/v2\/product_tag?post=67679"}],"curies":[{"name":"wp","href":"https:\/\/api.w.org\/{rel}","templated":true}]}}