{"id":67647,"date":"2022-05-20T02:44:28","date_gmt":"2022-05-20T00:44:33","guid":{"rendered":"https:\/\/www.gruppoliturgico.com\/prodotto\/soutane-pour-lete\/"},"modified":"2022-06-02T12:57:25","modified_gmt":"2022-06-02T10:57:25","slug":"soutane-pour-lete","status":"publish","type":"product","link":"https:\/\/www.gruppoliturgico.com\/fr\/produit\/soutane-pour-lete\/","title":{"rendered":"soutane pour l&rsquo;\u00e9t\u00e9"},"content":{"rendered":"<html><body><p>Soutane mod\u00e8le romain.<br>\nConfection de couturier tr\u00e8s soign\u00e9e en tissu tr\u00e8s l\u00e9ger de pure laine vierge id\u00e9al pour l\u2019\u00e9t\u00e9.<br>\nPr\u00e9ciser la taille et la longueur d\u00e9sir\u00e9e. <\/p>\n<p>Il est possible aussi d\u2019avoir la soutane faite sur mesure, demander des informations.<\/p>\n<\/body><\/html>","protected":false},"excerpt":{"rendered":"<p>Soutane mod\u00e8le romain.<br \/>\nConfection de couturier tr\u00e8s soign\u00e9e en tissu tr\u00e8s l\u00e9ger de pure laine vierge id\u00e9al pour l&rsquo;\u00e9t\u00e9.<br \/>\nPr\u00e9ciser la taille et la longueur d\u00e9sir\u00e9e. <\/p>\n<p>Il est possible aussi d&rsquo;avoir la soutane faite sur mesure, demander des informations.<\/p>\n","protected":false},"featured_media":77978,"template":"","meta":[],"product_cat":[11932],"product_tag":[],"yoast_head":"<!-- This site is optimized with the Yoast SEO plugin v20.4 - https:\/\/yoast.com\/wordpress\/plugins\/seo\/ -->\n<title>soutane pour l&#039;\u00e9t\u00e9 - habillement pour pr\u00eatre et Laboratorio Gruppo Liturgico<\/title>\n<meta name=\"description\" content=\"Soutane mod\u00e8le romain.  Confection de couturier tr\u00e8s soign\u00e9e en tissu tr\u00e8s l\u00e9ger de pure laine vierge id\u00e9al pour l&#039;\u00e9t\u00e9.  Pr\u00e9ciser la taille et la longueur d\u00e9sir\u00e9e.   Il est possible aussi d&#039;avoir la soutane faite sur mesure, demander des informations.\" \/>\n<meta name=\"robots\" content=\"index, follow, max-snippet:-1, max-image-preview:large, max-video-preview:-1\" \/>\n<link rel=\"canonical\" href=\"https:\/\/www.gruppoliturgico.com\/fr\/produit\/soutane-pour-lete\/\" \/>\n<meta property=\"og:locale\" content=\"fr_FR\" \/>\n<meta property=\"og:type\" content=\"article\" \/>\n<meta property=\"og:title\" content=\"soutane pour l&#039;\u00e9t\u00e9 - habillement pour pr\u00eatre et Laboratorio Gruppo Liturgico\" \/>\n<meta property=\"og:description\" content=\"Soutane mod\u00e8le romain.  Confection de couturier tr\u00e8s soign\u00e9e en tissu tr\u00e8s l\u00e9ger de pure laine vierge id\u00e9al pour l&#039;\u00e9t\u00e9.  Pr\u00e9ciser la taille et la longueur d\u00e9sir\u00e9e.   Il est possible aussi d&#039;avoir la soutane faite sur mesure, demander des informations.\" \/>\n<meta property=\"og:url\" content=\"https:\/\/www.gruppoliturgico.com\/fr\/produit\/soutane-pour-lete\/\" \/>\n<meta property=\"og:site_name\" content=\"Laboratorio Gruppo Liturgico\" \/>\n<meta property=\"article:modified_time\" content=\"2022-06-02T10:57:25+00:00\" \/>\n<meta property=\"og:image\" content=\"https:\/\/www.gruppoliturgico.com\/wp-content\/uploads\/2022\/05\/156.ind_.jpg\" \/>\n\t<meta property=\"og:image:width\" content=\"738\" \/>\n\t<meta property=\"og:image:height\" content=\"1500\" \/>\n\t<meta property=\"og:image:type\" content=\"image\/jpeg\" \/>\n<meta name=\"twitter:card\" content=\"summary_large_image\" \/>\n<script type=\"application\/ld+json\" class=\"yoast-schema-graph\">{\"@context\":\"https:\/\/schema.org\",\"@graph\":[{\"@type\":\"WebPage\",\"@id\":\"https:\/\/www.gruppoliturgico.com\/fr\/produit\/soutane-pour-lete\/\",\"url\":\"https:\/\/www.gruppoliturgico.com\/fr\/produit\/soutane-pour-lete\/\",\"name\":\"soutane pour l'\u00e9t\u00e9 - habillement pour pr\u00eatre et Laboratorio Gruppo Liturgico\",\"isPartOf\":{\"@id\":\"https:\/\/www.gruppoliturgico.com\/es\/#website\"},\"datePublished\":\"2022-05-20T00:44:33+00:00\",\"dateModified\":\"2022-06-02T10:57:25+00:00\",\"description\":\"Soutane mod\u00e8le romain. Confection de couturier tr\u00e8s soign\u00e9e en tissu tr\u00e8s l\u00e9ger de pure laine vierge id\u00e9al pour l'\u00e9t\u00e9. Pr\u00e9ciser la taille et la longueur d\u00e9sir\u00e9e. Il est possible aussi d'avoir la soutane faite sur mesure, demander des informations.\",\"breadcrumb\":{\"@id\":\"https:\/\/www.gruppoliturgico.com\/fr\/produit\/soutane-pour-lete\/#breadcrumb\"},\"inLanguage\":\"fr-FR\",\"potentialAction\":[{\"@type\":\"ReadAction\",\"target\":[\"https:\/\/www.gruppoliturgico.com\/fr\/produit\/soutane-pour-lete\/\"]}]},{\"@type\":\"BreadcrumbList\",\"@id\":\"https:\/\/www.gruppoliturgico.com\/fr\/produit\/soutane-pour-lete\/#breadcrumb\",\"itemListElement\":[{\"@type\":\"ListItem\",\"position\":1,\"name\":\"Home\",\"item\":\"https:\/\/www.gruppoliturgico.com\/fr\/\"},{\"@type\":\"ListItem\",\"position\":2,\"name\":\"Boutique\",\"item\":\"https:\/\/www.gruppoliturgico.com\/fr\/boutique\/\"},{\"@type\":\"ListItem\",\"position\":3,\"name\":\"soutane pour l&rsquo;\u00e9t\u00e9\"}]},{\"@type\":\"WebSite\",\"@id\":\"https:\/\/www.gruppoliturgico.com\/es\/#website\",\"url\":\"https:\/\/www.gruppoliturgico.com\/es\/\",\"name\":\"Laboratorio Gruppo Liturgico\",\"description\":\"Articoli Religiosi online\",\"publisher\":{\"@id\":\"https:\/\/www.gruppoliturgico.com\/es\/#organization\"},\"potentialAction\":[{\"@type\":\"SearchAction\",\"target\":{\"@type\":\"EntryPoint\",\"urlTemplate\":\"https:\/\/www.gruppoliturgico.com\/es\/?s={search_term_string}\"},\"query-input\":\"required name=search_term_string\"}],\"inLanguage\":\"fr-FR\"},{\"@type\":\"Organization\",\"@id\":\"https:\/\/www.gruppoliturgico.com\/es\/#organization\",\"name\":\"Laboratorio Gruppo Liturgico\",\"url\":\"https:\/\/www.gruppoliturgico.com\/es\/\",\"logo\":{\"@type\":\"ImageObject\",\"inLanguage\":\"fr-FR\",\"@id\":\"https:\/\/www.gruppoliturgico.com\/es\/#\/schema\/logo\/image\/\",\"url\":\"https:\/\/www.gruppoliturgico.com\/wp-content\/uploads\/2022\/02\/logo-laboratoriogruppoliturgico.png\",\"contentUrl\":\"https:\/\/www.gruppoliturgico.com\/wp-content\/uploads\/2022\/02\/logo-laboratoriogruppoliturgico.png\",\"width\":400,\"height\":114,\"caption\":\"Laboratorio Gruppo Liturgico\"},\"image\":{\"@id\":\"https:\/\/www.gruppoliturgico.com\/es\/#\/schema\/logo\/image\/\"}}]}<\/script>\n<!-- \/ Yoast SEO plugin. -->","yoast_head_json":{"title":"soutane pour l'\u00e9t\u00e9 - habillement pour pr\u00eatre et Laboratorio Gruppo Liturgico","description":"Soutane mod\u00e8le romain.  Confection de couturier tr\u00e8s soign\u00e9e en tissu tr\u00e8s l\u00e9ger de pure laine vierge id\u00e9al pour l'\u00e9t\u00e9.  Pr\u00e9ciser la taille et la longueur d\u00e9sir\u00e9e.   Il est possible aussi d'avoir la soutane faite sur mesure, demander des informations.","robots":{"index":"index","follow":"follow","max-snippet":"max-snippet:-1","max-image-preview":"max-image-preview:large","max-video-preview":"max-video-preview:-1"},"canonical":"https:\/\/www.gruppoliturgico.com\/fr\/produit\/soutane-pour-lete\/","og_locale":"fr_FR","og_type":"article","og_title":"soutane pour l'\u00e9t\u00e9 - habillement pour pr\u00eatre et Laboratorio Gruppo Liturgico","og_description":"Soutane mod\u00e8le romain.  Confection de couturier tr\u00e8s soign\u00e9e en tissu tr\u00e8s l\u00e9ger de pure laine vierge id\u00e9al pour l'\u00e9t\u00e9.  Pr\u00e9ciser la taille et la longueur d\u00e9sir\u00e9e.   Il est possible aussi d'avoir la soutane faite sur mesure, demander des informations.","og_url":"https:\/\/www.gruppoliturgico.com\/fr\/produit\/soutane-pour-lete\/","og_site_name":"Laboratorio Gruppo Liturgico","article_modified_time":"2022-06-02T10:57:25+00:00","og_image":[{"width":738,"height":1500,"url":"https:\/\/www.gruppoliturgico.com\/wp-content\/uploads\/2022\/05\/156.ind_.jpg","type":"image\/jpeg"}],"twitter_card":"summary_large_image","schema":{"@context":"https:\/\/schema.org","@graph":[{"@type":"WebPage","@id":"https:\/\/www.gruppoliturgico.com\/fr\/produit\/soutane-pour-lete\/","url":"https:\/\/www.gruppoliturgico.com\/fr\/produit\/soutane-pour-lete\/","name":"soutane pour l'\u00e9t\u00e9 - habillement pour pr\u00eatre et Laboratorio Gruppo Liturgico","isPartOf":{"@id":"https:\/\/www.gruppoliturgico.com\/es\/#website"},"datePublished":"2022-05-20T00:44:33+00:00","dateModified":"2022-06-02T10:57:25+00:00","description":"Soutane mod\u00e8le romain. Confection de couturier tr\u00e8s soign\u00e9e en tissu tr\u00e8s l\u00e9ger de pure laine vierge id\u00e9al pour l'\u00e9t\u00e9. Pr\u00e9ciser la taille et la longueur d\u00e9sir\u00e9e. Il est possible aussi d'avoir la soutane faite sur mesure, demander des informations.","breadcrumb":{"@id":"https:\/\/www.gruppoliturgico.com\/fr\/produit\/soutane-pour-lete\/#breadcrumb"},"inLanguage":"fr-FR","potentialAction":[{"@type":"ReadAction","target":["https:\/\/www.gruppoliturgico.com\/fr\/produit\/soutane-pour-lete\/"]}]},{"@type":"BreadcrumbList","@id":"https:\/\/www.gruppoliturgico.com\/fr\/produit\/soutane-pour-lete\/#breadcrumb","itemListElement":[{"@type":"ListItem","position":1,"name":"Home","item":"https:\/\/www.gruppoliturgico.com\/fr\/"},{"@type":"ListItem","position":2,"name":"Boutique","item":"https:\/\/www.gruppoliturgico.com\/fr\/boutique\/"},{"@type":"ListItem","position":3,"name":"soutane pour l&rsquo;\u00e9t\u00e9"}]},{"@type":"WebSite","@id":"https:\/\/www.gruppoliturgico.com\/es\/#website","url":"https:\/\/www.gruppoliturgico.com\/es\/","name":"Laboratorio Gruppo Liturgico","description":"Articoli Religiosi online","publisher":{"@id":"https:\/\/www.gruppoliturgico.com\/es\/#organization"},"potentialAction":[{"@type":"SearchAction","target":{"@type":"EntryPoint","urlTemplate":"https:\/\/www.gruppoliturgico.com\/es\/?s={search_term_string}"},"query-input":"required name=search_term_string"}],"inLanguage":"fr-FR"},{"@type":"Organization","@id":"https:\/\/www.gruppoliturgico.com\/es\/#organization","name":"Laboratorio Gruppo Liturgico","url":"https:\/\/www.gruppoliturgico.com\/es\/","logo":{"@type":"ImageObject","inLanguage":"fr-FR","@id":"https:\/\/www.gruppoliturgico.com\/es\/#\/schema\/logo\/image\/","url":"https:\/\/www.gruppoliturgico.com\/wp-content\/uploads\/2022\/02\/logo-laboratoriogruppoliturgico.png","contentUrl":"https:\/\/www.gruppoliturgico.com\/wp-content\/uploads\/2022\/02\/logo-laboratoriogruppoliturgico.png","width":400,"height":114,"caption":"Laboratorio Gruppo Liturgico"},"image":{"@id":"https:\/\/www.gruppoliturgico.com\/es\/#\/schema\/logo\/image\/"}}]}},"_links":{"self":[{"href":"https:\/\/www.gruppoliturgico.com\/fr\/wp-json\/wp\/v2\/product\/67647"}],"collection":[{"href":"https:\/\/www.gruppoliturgico.com\/fr\/wp-json\/wp\/v2\/product"}],"about":[{"href":"https:\/\/www.gruppoliturgico.com\/fr\/wp-json\/wp\/v2\/types\/product"}],"wp:featuredmedia":[{"embeddable":true,"href":"https:\/\/www.gruppoliturgico.com\/fr\/wp-json\/wp\/v2\/media\/77978"}],"wp:attachment":[{"href":"https:\/\/www.gruppoliturgico.com\/fr\/wp-json\/wp\/v2\/media?parent=67647"}],"wp:term":[{"taxonomy":"product_cat","embeddable":true,"href":"https:\/\/www.gruppoliturgico.com\/fr\/wp-json\/wp\/v2\/product_cat?post=67647"},{"taxonomy":"product_tag","embeddable":true,"href":"https:\/\/www.gruppoliturgico.com\/fr\/wp-json\/wp\/v2\/product_tag?post=67647"}],"curies":[{"name":"wp","href":"https:\/\/api.w.org\/{rel}","templated":true}]}}