{"id":67619,"date":"2022-05-20T02:43:03","date_gmt":"2022-05-20T00:43:10","guid":{"rendered":"https:\/\/www.gruppoliturgico.com\/prodotto\/valise-chapelle-4\/"},"modified":"2023-04-15T15:57:47","modified_gmt":"2023-04-15T13:57:47","slug":"valise-chapelle-4","status":"publish","type":"product","link":"https:\/\/www.gruppoliturgico.com\/fr\/produit\/valise-chapelle-4\/","title":{"rendered":"valise chapelle"},"content":{"rendered":"<html><body><p>Valise chapelle en cuir v\u00e9ritable avec poign\u00e9es et bandouli\u00e8re et garniture int\u00e9rieure de luxe.<br>\nElle contient tous les objets et les ornements n\u00e9cessaires.<br>\nCouleur de la valise: noir.<br>\nContient:calice en laiton plaqu\u00e9 or 24k avec martelage, asperges, pat\u00e8ne pour calice, Bo\u00eete \u00e0 hosties en laiton dor\u00e9 avec \u00e9maux, coupe pat\u00e8ne, ampoule pour sacrament des malades, autel en fonte avec support pour croix et bougies, bouteilles d\u2019eau et de vin 30 ml, croix pastorale, bougies en cire, petite \u00e8stola double face, set des nappes d\u2019autel avec croix brod\u00e9e.<br>\nDimensions cm 35 x 25 x 9.<\/p>\n<\/body><\/html>","protected":false},"excerpt":{"rendered":"<p>Valise chapelle en cuir v\u00e9ritable avec poign\u00e9es et bandouli\u00e8re et garniture int\u00e9rieure de luxe.<br \/>\nElle contient tous les objets et les ornements n\u00e9cessaires.<br \/>\nCouleur de la valise: noir.<br \/>\nContient:calice en laiton plaqu\u00e9 or 24k avec martelage, asperges, pat\u00e8ne pour calice, Bo\u00eete \u00e0 hosties en laiton dor\u00e9 avec \u00e9maux, coupe pat\u00e8ne, ampoule pour sacrament des malades, autel en fonte avec support pour croix et bougies, bouteilles d&rsquo;eau et de vin 30 ml, croix pastorale, bougies en cire, petite \u00e8stola double face, set des nappes d&rsquo;autel avec croix brod\u00e9e.<br \/>\nDimensions cm 35 x 25 x 9.<\/p>\n","protected":false},"featured_media":133209,"template":"","meta":[],"product_cat":[11716],"product_tag":[],"yoast_head":"<!-- This site is optimized with the Yoast SEO plugin v20.4 - https:\/\/yoast.com\/wordpress\/plugins\/seo\/ -->\n<title>valise chapelle - valises chapelle et Laboratorio Gruppo Liturgico<\/title>\n<meta name=\"description\" content=\"Valise chapelle en cuir v\u00e9ritable avec poign\u00e9es et bandouli\u00e8re et garniture int\u00e9rieure de luxe. Elle contient tous les objets et les ornements n\u00e9cessaires.  Couleur de la valise: noir. Contient:calice en laiton plaqu\u00e9 or 24k avec martelage, asperges, pat\u00e8ne pour calice, Bo\u00eete \u00e0 hosties en laiton dor\u00e9 avec \u00e9maux, coupe pat\u00e8ne, ampoule pour sacrament des malades, autel en fonte avec support pour croix et bougies, bouteilles d&#039;eau et de vin 30 ml, croix pastorale, bougies en cire, petite \u00e8stola double face, set des nappes d&#039;autel avec croix brod\u00e9e. Dimensions cm 35 x 25 x 9.\" \/>\n<meta name=\"robots\" content=\"index, follow, max-snippet:-1, max-image-preview:large, max-video-preview:-1\" \/>\n<link rel=\"canonical\" href=\"https:\/\/www.gruppoliturgico.com\/fr\/produit\/valise-chapelle-4\/\" \/>\n<meta property=\"og:locale\" content=\"fr_FR\" \/>\n<meta property=\"og:type\" content=\"article\" \/>\n<meta property=\"og:title\" content=\"valise chapelle - valises chapelle et Laboratorio Gruppo Liturgico\" \/>\n<meta property=\"og:description\" content=\"Valise chapelle en cuir v\u00e9ritable avec poign\u00e9es et bandouli\u00e8re et garniture int\u00e9rieure de luxe. Elle contient tous les objets et les ornements n\u00e9cessaires.  Couleur de la valise: noir. Contient:calice en laiton plaqu\u00e9 or 24k avec martelage, asperges, pat\u00e8ne pour calice, Bo\u00eete \u00e0 hosties en laiton dor\u00e9 avec \u00e9maux, coupe pat\u00e8ne, ampoule pour sacrament des malades, autel en fonte avec support pour croix et bougies, bouteilles d&#039;eau et de vin 30 ml, croix pastorale, bougies en cire, petite \u00e8stola double face, set des nappes d&#039;autel avec croix brod\u00e9e. Dimensions cm 35 x 25 x 9.\" \/>\n<meta property=\"og:url\" content=\"https:\/\/www.gruppoliturgico.com\/fr\/produit\/valise-chapelle-4\/\" \/>\n<meta property=\"og:site_name\" content=\"Laboratorio Gruppo Liturgico\" \/>\n<meta property=\"article:modified_time\" content=\"2023-04-15T13:57:47+00:00\" \/>\n<meta property=\"og:image\" content=\"https:\/\/www.gruppoliturgico.com\/wp-content\/uploads\/2022\/05\/2059.jpg\" \/>\n\t<meta property=\"og:image:width\" content=\"1354\" \/>\n\t<meta property=\"og:image:height\" content=\"1500\" \/>\n\t<meta property=\"og:image:type\" content=\"image\/jpeg\" \/>\n<meta name=\"twitter:card\" content=\"summary_large_image\" \/>\n<script type=\"application\/ld+json\" class=\"yoast-schema-graph\">{\"@context\":\"https:\/\/schema.org\",\"@graph\":[{\"@type\":\"WebPage\",\"@id\":\"https:\/\/www.gruppoliturgico.com\/fr\/produit\/valise-chapelle-4\/\",\"url\":\"https:\/\/www.gruppoliturgico.com\/fr\/produit\/valise-chapelle-4\/\",\"name\":\"valise chapelle - valises chapelle et Laboratorio Gruppo Liturgico\",\"isPartOf\":{\"@id\":\"https:\/\/www.gruppoliturgico.com\/es\/#website\"},\"datePublished\":\"2022-05-20T00:43:10+00:00\",\"dateModified\":\"2023-04-15T13:57:47+00:00\",\"description\":\"Valise chapelle en cuir v\u00e9ritable avec poign\u00e9es et bandouli\u00e8re et garniture int\u00e9rieure de luxe. Elle contient tous les objets et les ornements n\u00e9cessaires. Couleur de la valise: noir. Contient:calice en laiton plaqu\u00e9 or 24k avec martelage, asperges, pat\u00e8ne pour calice, Bo\u00eete \u00e0 hosties en laiton dor\u00e9 avec \u00e9maux, coupe pat\u00e8ne, ampoule pour sacrament des malades, autel en fonte avec support pour croix et bougies, bouteilles d'eau et de vin 30 ml, croix pastorale, bougies en cire, petite \u00e8stola double face, set des nappes d'autel avec croix brod\u00e9e. Dimensions cm 35 x 25 x 9.\",\"breadcrumb\":{\"@id\":\"https:\/\/www.gruppoliturgico.com\/fr\/produit\/valise-chapelle-4\/#breadcrumb\"},\"inLanguage\":\"fr-FR\",\"potentialAction\":[{\"@type\":\"ReadAction\",\"target\":[\"https:\/\/www.gruppoliturgico.com\/fr\/produit\/valise-chapelle-4\/\"]}]},{\"@type\":\"BreadcrumbList\",\"@id\":\"https:\/\/www.gruppoliturgico.com\/fr\/produit\/valise-chapelle-4\/#breadcrumb\",\"itemListElement\":[{\"@type\":\"ListItem\",\"position\":1,\"name\":\"Home\",\"item\":\"https:\/\/www.gruppoliturgico.com\/fr\/\"},{\"@type\":\"ListItem\",\"position\":2,\"name\":\"Boutique\",\"item\":\"https:\/\/www.gruppoliturgico.com\/fr\/boutique\/\"},{\"@type\":\"ListItem\",\"position\":3,\"name\":\"valise chapelle\"}]},{\"@type\":\"WebSite\",\"@id\":\"https:\/\/www.gruppoliturgico.com\/es\/#website\",\"url\":\"https:\/\/www.gruppoliturgico.com\/es\/\",\"name\":\"Laboratorio Gruppo Liturgico\",\"description\":\"Articoli Religiosi online\",\"publisher\":{\"@id\":\"https:\/\/www.gruppoliturgico.com\/es\/#organization\"},\"potentialAction\":[{\"@type\":\"SearchAction\",\"target\":{\"@type\":\"EntryPoint\",\"urlTemplate\":\"https:\/\/www.gruppoliturgico.com\/es\/?s={search_term_string}\"},\"query-input\":\"required name=search_term_string\"}],\"inLanguage\":\"fr-FR\"},{\"@type\":\"Organization\",\"@id\":\"https:\/\/www.gruppoliturgico.com\/es\/#organization\",\"name\":\"Laboratorio Gruppo Liturgico\",\"url\":\"https:\/\/www.gruppoliturgico.com\/es\/\",\"logo\":{\"@type\":\"ImageObject\",\"inLanguage\":\"fr-FR\",\"@id\":\"https:\/\/www.gruppoliturgico.com\/es\/#\/schema\/logo\/image\/\",\"url\":\"https:\/\/www.gruppoliturgico.com\/wp-content\/uploads\/2022\/02\/logo-laboratoriogruppoliturgico.png\",\"contentUrl\":\"https:\/\/www.gruppoliturgico.com\/wp-content\/uploads\/2022\/02\/logo-laboratoriogruppoliturgico.png\",\"width\":400,\"height\":114,\"caption\":\"Laboratorio Gruppo Liturgico\"},\"image\":{\"@id\":\"https:\/\/www.gruppoliturgico.com\/es\/#\/schema\/logo\/image\/\"}}]}<\/script>\n<!-- \/ Yoast SEO plugin. -->","yoast_head_json":{"title":"valise chapelle - valises chapelle et Laboratorio Gruppo Liturgico","description":"Valise chapelle en cuir v\u00e9ritable avec poign\u00e9es et bandouli\u00e8re et garniture int\u00e9rieure de luxe. Elle contient tous les objets et les ornements n\u00e9cessaires.  Couleur de la valise: noir. Contient:calice en laiton plaqu\u00e9 or 24k avec martelage, asperges, pat\u00e8ne pour calice, Bo\u00eete \u00e0 hosties en laiton dor\u00e9 avec \u00e9maux, coupe pat\u00e8ne, ampoule pour sacrament des malades, autel en fonte avec support pour croix et bougies, bouteilles d'eau et de vin 30 ml, croix pastorale, bougies en cire, petite \u00e8stola double face, set des nappes d'autel avec croix brod\u00e9e. Dimensions cm 35 x 25 x 9.","robots":{"index":"index","follow":"follow","max-snippet":"max-snippet:-1","max-image-preview":"max-image-preview:large","max-video-preview":"max-video-preview:-1"},"canonical":"https:\/\/www.gruppoliturgico.com\/fr\/produit\/valise-chapelle-4\/","og_locale":"fr_FR","og_type":"article","og_title":"valise chapelle - valises chapelle et Laboratorio Gruppo Liturgico","og_description":"Valise chapelle en cuir v\u00e9ritable avec poign\u00e9es et bandouli\u00e8re et garniture int\u00e9rieure de luxe. Elle contient tous les objets et les ornements n\u00e9cessaires.  Couleur de la valise: noir. Contient:calice en laiton plaqu\u00e9 or 24k avec martelage, asperges, pat\u00e8ne pour calice, Bo\u00eete \u00e0 hosties en laiton dor\u00e9 avec \u00e9maux, coupe pat\u00e8ne, ampoule pour sacrament des malades, autel en fonte avec support pour croix et bougies, bouteilles d'eau et de vin 30 ml, croix pastorale, bougies en cire, petite \u00e8stola double face, set des nappes d'autel avec croix brod\u00e9e. Dimensions cm 35 x 25 x 9.","og_url":"https:\/\/www.gruppoliturgico.com\/fr\/produit\/valise-chapelle-4\/","og_site_name":"Laboratorio Gruppo Liturgico","article_modified_time":"2023-04-15T13:57:47+00:00","og_image":[{"width":1354,"height":1500,"url":"https:\/\/www.gruppoliturgico.com\/wp-content\/uploads\/2022\/05\/2059.jpg","type":"image\/jpeg"}],"twitter_card":"summary_large_image","schema":{"@context":"https:\/\/schema.org","@graph":[{"@type":"WebPage","@id":"https:\/\/www.gruppoliturgico.com\/fr\/produit\/valise-chapelle-4\/","url":"https:\/\/www.gruppoliturgico.com\/fr\/produit\/valise-chapelle-4\/","name":"valise chapelle - valises chapelle et Laboratorio Gruppo Liturgico","isPartOf":{"@id":"https:\/\/www.gruppoliturgico.com\/es\/#website"},"datePublished":"2022-05-20T00:43:10+00:00","dateModified":"2023-04-15T13:57:47+00:00","description":"Valise chapelle en cuir v\u00e9ritable avec poign\u00e9es et bandouli\u00e8re et garniture int\u00e9rieure de luxe. Elle contient tous les objets et les ornements n\u00e9cessaires. Couleur de la valise: noir. Contient:calice en laiton plaqu\u00e9 or 24k avec martelage, asperges, pat\u00e8ne pour calice, Bo\u00eete \u00e0 hosties en laiton dor\u00e9 avec \u00e9maux, coupe pat\u00e8ne, ampoule pour sacrament des malades, autel en fonte avec support pour croix et bougies, bouteilles d'eau et de vin 30 ml, croix pastorale, bougies en cire, petite \u00e8stola double face, set des nappes d'autel avec croix brod\u00e9e. Dimensions cm 35 x 25 x 9.","breadcrumb":{"@id":"https:\/\/www.gruppoliturgico.com\/fr\/produit\/valise-chapelle-4\/#breadcrumb"},"inLanguage":"fr-FR","potentialAction":[{"@type":"ReadAction","target":["https:\/\/www.gruppoliturgico.com\/fr\/produit\/valise-chapelle-4\/"]}]},{"@type":"BreadcrumbList","@id":"https:\/\/www.gruppoliturgico.com\/fr\/produit\/valise-chapelle-4\/#breadcrumb","itemListElement":[{"@type":"ListItem","position":1,"name":"Home","item":"https:\/\/www.gruppoliturgico.com\/fr\/"},{"@type":"ListItem","position":2,"name":"Boutique","item":"https:\/\/www.gruppoliturgico.com\/fr\/boutique\/"},{"@type":"ListItem","position":3,"name":"valise chapelle"}]},{"@type":"WebSite","@id":"https:\/\/www.gruppoliturgico.com\/es\/#website","url":"https:\/\/www.gruppoliturgico.com\/es\/","name":"Laboratorio Gruppo Liturgico","description":"Articoli Religiosi online","publisher":{"@id":"https:\/\/www.gruppoliturgico.com\/es\/#organization"},"potentialAction":[{"@type":"SearchAction","target":{"@type":"EntryPoint","urlTemplate":"https:\/\/www.gruppoliturgico.com\/es\/?s={search_term_string}"},"query-input":"required name=search_term_string"}],"inLanguage":"fr-FR"},{"@type":"Organization","@id":"https:\/\/www.gruppoliturgico.com\/es\/#organization","name":"Laboratorio Gruppo Liturgico","url":"https:\/\/www.gruppoliturgico.com\/es\/","logo":{"@type":"ImageObject","inLanguage":"fr-FR","@id":"https:\/\/www.gruppoliturgico.com\/es\/#\/schema\/logo\/image\/","url":"https:\/\/www.gruppoliturgico.com\/wp-content\/uploads\/2022\/02\/logo-laboratoriogruppoliturgico.png","contentUrl":"https:\/\/www.gruppoliturgico.com\/wp-content\/uploads\/2022\/02\/logo-laboratoriogruppoliturgico.png","width":400,"height":114,"caption":"Laboratorio Gruppo Liturgico"},"image":{"@id":"https:\/\/www.gruppoliturgico.com\/es\/#\/schema\/logo\/image\/"}}]}},"_links":{"self":[{"href":"https:\/\/www.gruppoliturgico.com\/fr\/wp-json\/wp\/v2\/product\/67619"}],"collection":[{"href":"https:\/\/www.gruppoliturgico.com\/fr\/wp-json\/wp\/v2\/product"}],"about":[{"href":"https:\/\/www.gruppoliturgico.com\/fr\/wp-json\/wp\/v2\/types\/product"}],"wp:featuredmedia":[{"embeddable":true,"href":"https:\/\/www.gruppoliturgico.com\/fr\/wp-json\/wp\/v2\/media\/133209"}],"wp:attachment":[{"href":"https:\/\/www.gruppoliturgico.com\/fr\/wp-json\/wp\/v2\/media?parent=67619"}],"wp:term":[{"taxonomy":"product_cat","embeddable":true,"href":"https:\/\/www.gruppoliturgico.com\/fr\/wp-json\/wp\/v2\/product_cat?post=67619"},{"taxonomy":"product_tag","embeddable":true,"href":"https:\/\/www.gruppoliturgico.com\/fr\/wp-json\/wp\/v2\/product_tag?post=67619"}],"curies":[{"name":"wp","href":"https:\/\/api.w.org\/{rel}","templated":true}]}}