{"id":67603,"date":"2022-05-20T02:42:15","date_gmt":"2022-05-20T00:42:20","guid":{"rendered":"https:\/\/www.gruppoliturgico.com\/prodotto\/petit-ostensoir-12\/"},"modified":"2022-05-20T10:32:00","modified_gmt":"2022-05-20T08:32:00","slug":"petit-ostensoir-12","status":"publish","type":"product","link":"https:\/\/www.gruppoliturgico.com\/fr\/produit\/petit-ostensoir-12\/","title":{"rendered":"petit ostensoir"},"content":{"rendered":"<html><body><p>Merveilleuse fusion en laiton dor\u00e9.<br>\nLe petit ostensoir est d\u00e9cor\u00e9 de feuilles d\u2019olivier en \u00e9mail.<br>\nIl peut accueillir une hostie au diam\u00e8tre de cm 7,5.<\/p>\n<p>Hauteur cm 14.<\/p>\n<\/body><\/html>","protected":false},"excerpt":{"rendered":"<p>Merveilleuse fusion en laiton dor\u00e9.<br \/>\nLe petit ostensoir est d\u00e9cor\u00e9 de feuilles d&rsquo;olivier en \u00e9mail.<br \/>\nIl peut accueillir une hostie au diam\u00e8tre de cm 7,5.<\/p>\n<p>Hauteur cm 14.<\/p>\n","protected":false},"featured_media":132773,"template":"","meta":[],"product_cat":[12068],"product_tag":[],"yoast_head":"<!-- This site is optimized with the Yoast SEO plugin v20.4 - https:\/\/yoast.com\/wordpress\/plugins\/seo\/ -->\n<title>petit ostensoir - petits ostensoirs et Laboratorio Gruppo Liturgico<\/title>\n<meta name=\"description\" content=\"Merveilleuse fusion en laiton dor\u00e9.  Le petit ostensoir est d\u00e9cor\u00e9 de feuilles d&#039;olivier en \u00e9mail.  Il peut accueillir une hostie au diam\u00e8tre de cm 7,5.  Hauteur cm 14.\" \/>\n<meta name=\"robots\" content=\"index, follow, max-snippet:-1, max-image-preview:large, max-video-preview:-1\" \/>\n<link rel=\"canonical\" href=\"https:\/\/www.gruppoliturgico.com\/fr\/produit\/petit-ostensoir-12\/\" \/>\n<meta property=\"og:locale\" content=\"fr_FR\" \/>\n<meta property=\"og:type\" content=\"article\" \/>\n<meta property=\"og:title\" content=\"petit ostensoir - petits ostensoirs et Laboratorio Gruppo Liturgico\" \/>\n<meta property=\"og:description\" content=\"Merveilleuse fusion en laiton dor\u00e9.  Le petit ostensoir est d\u00e9cor\u00e9 de feuilles d&#039;olivier en \u00e9mail.  Il peut accueillir une hostie au diam\u00e8tre de cm 7,5.  Hauteur cm 14.\" \/>\n<meta property=\"og:url\" content=\"https:\/\/www.gruppoliturgico.com\/fr\/produit\/petit-ostensoir-12\/\" \/>\n<meta property=\"og:site_name\" content=\"Laboratorio Gruppo Liturgico\" \/>\n<meta property=\"article:modified_time\" content=\"2022-05-20T08:32:00+00:00\" \/>\n<meta property=\"og:image\" content=\"https:\/\/www.gruppoliturgico.com\/wp-content\/uploads\/2022\/05\/2051_InPixio.jpg\" \/>\n\t<meta property=\"og:image:width\" content=\"1736\" \/>\n\t<meta property=\"og:image:height\" content=\"2000\" \/>\n\t<meta property=\"og:image:type\" content=\"image\/jpeg\" \/>\n<meta name=\"twitter:card\" content=\"summary_large_image\" \/>\n<script type=\"application\/ld+json\" class=\"yoast-schema-graph\">{\"@context\":\"https:\/\/schema.org\",\"@graph\":[{\"@type\":\"WebPage\",\"@id\":\"https:\/\/www.gruppoliturgico.com\/fr\/produit\/petit-ostensoir-12\/\",\"url\":\"https:\/\/www.gruppoliturgico.com\/fr\/produit\/petit-ostensoir-12\/\",\"name\":\"petit ostensoir - petits ostensoirs et Laboratorio Gruppo Liturgico\",\"isPartOf\":{\"@id\":\"https:\/\/www.gruppoliturgico.com\/es\/#website\"},\"datePublished\":\"2022-05-20T00:42:20+00:00\",\"dateModified\":\"2022-05-20T08:32:00+00:00\",\"description\":\"Merveilleuse fusion en laiton dor\u00e9. Le petit ostensoir est d\u00e9cor\u00e9 de feuilles d'olivier en \u00e9mail. Il peut accueillir une hostie au diam\u00e8tre de cm 7,5. Hauteur cm 14.\",\"breadcrumb\":{\"@id\":\"https:\/\/www.gruppoliturgico.com\/fr\/produit\/petit-ostensoir-12\/#breadcrumb\"},\"inLanguage\":\"fr-FR\",\"potentialAction\":[{\"@type\":\"ReadAction\",\"target\":[\"https:\/\/www.gruppoliturgico.com\/fr\/produit\/petit-ostensoir-12\/\"]}]},{\"@type\":\"BreadcrumbList\",\"@id\":\"https:\/\/www.gruppoliturgico.com\/fr\/produit\/petit-ostensoir-12\/#breadcrumb\",\"itemListElement\":[{\"@type\":\"ListItem\",\"position\":1,\"name\":\"Home\",\"item\":\"https:\/\/www.gruppoliturgico.com\/fr\/\"},{\"@type\":\"ListItem\",\"position\":2,\"name\":\"Boutique\",\"item\":\"https:\/\/www.gruppoliturgico.com\/fr\/boutique\/\"},{\"@type\":\"ListItem\",\"position\":3,\"name\":\"petit ostensoir\"}]},{\"@type\":\"WebSite\",\"@id\":\"https:\/\/www.gruppoliturgico.com\/es\/#website\",\"url\":\"https:\/\/www.gruppoliturgico.com\/es\/\",\"name\":\"Laboratorio Gruppo Liturgico\",\"description\":\"Articoli Religiosi online\",\"publisher\":{\"@id\":\"https:\/\/www.gruppoliturgico.com\/es\/#organization\"},\"potentialAction\":[{\"@type\":\"SearchAction\",\"target\":{\"@type\":\"EntryPoint\",\"urlTemplate\":\"https:\/\/www.gruppoliturgico.com\/es\/?s={search_term_string}\"},\"query-input\":\"required name=search_term_string\"}],\"inLanguage\":\"fr-FR\"},{\"@type\":\"Organization\",\"@id\":\"https:\/\/www.gruppoliturgico.com\/es\/#organization\",\"name\":\"Laboratorio Gruppo Liturgico\",\"url\":\"https:\/\/www.gruppoliturgico.com\/es\/\",\"logo\":{\"@type\":\"ImageObject\",\"inLanguage\":\"fr-FR\",\"@id\":\"https:\/\/www.gruppoliturgico.com\/es\/#\/schema\/logo\/image\/\",\"url\":\"https:\/\/www.gruppoliturgico.com\/wp-content\/uploads\/2022\/02\/logo-laboratoriogruppoliturgico.png\",\"contentUrl\":\"https:\/\/www.gruppoliturgico.com\/wp-content\/uploads\/2022\/02\/logo-laboratoriogruppoliturgico.png\",\"width\":400,\"height\":114,\"caption\":\"Laboratorio Gruppo Liturgico\"},\"image\":{\"@id\":\"https:\/\/www.gruppoliturgico.com\/es\/#\/schema\/logo\/image\/\"}}]}<\/script>\n<!-- \/ Yoast SEO plugin. -->","yoast_head_json":{"title":"petit ostensoir - petits ostensoirs et Laboratorio Gruppo Liturgico","description":"Merveilleuse fusion en laiton dor\u00e9.  Le petit ostensoir est d\u00e9cor\u00e9 de feuilles d'olivier en \u00e9mail.  Il peut accueillir une hostie au diam\u00e8tre de cm 7,5.  Hauteur cm 14.","robots":{"index":"index","follow":"follow","max-snippet":"max-snippet:-1","max-image-preview":"max-image-preview:large","max-video-preview":"max-video-preview:-1"},"canonical":"https:\/\/www.gruppoliturgico.com\/fr\/produit\/petit-ostensoir-12\/","og_locale":"fr_FR","og_type":"article","og_title":"petit ostensoir - petits ostensoirs et Laboratorio Gruppo Liturgico","og_description":"Merveilleuse fusion en laiton dor\u00e9.  Le petit ostensoir est d\u00e9cor\u00e9 de feuilles d'olivier en \u00e9mail.  Il peut accueillir une hostie au diam\u00e8tre de cm 7,5.  Hauteur cm 14.","og_url":"https:\/\/www.gruppoliturgico.com\/fr\/produit\/petit-ostensoir-12\/","og_site_name":"Laboratorio Gruppo Liturgico","article_modified_time":"2022-05-20T08:32:00+00:00","og_image":[{"width":1736,"height":2000,"url":"https:\/\/www.gruppoliturgico.com\/wp-content\/uploads\/2022\/05\/2051_InPixio.jpg","type":"image\/jpeg"}],"twitter_card":"summary_large_image","schema":{"@context":"https:\/\/schema.org","@graph":[{"@type":"WebPage","@id":"https:\/\/www.gruppoliturgico.com\/fr\/produit\/petit-ostensoir-12\/","url":"https:\/\/www.gruppoliturgico.com\/fr\/produit\/petit-ostensoir-12\/","name":"petit ostensoir - petits ostensoirs et Laboratorio Gruppo Liturgico","isPartOf":{"@id":"https:\/\/www.gruppoliturgico.com\/es\/#website"},"datePublished":"2022-05-20T00:42:20+00:00","dateModified":"2022-05-20T08:32:00+00:00","description":"Merveilleuse fusion en laiton dor\u00e9. Le petit ostensoir est d\u00e9cor\u00e9 de feuilles d'olivier en \u00e9mail. Il peut accueillir une hostie au diam\u00e8tre de cm 7,5. Hauteur cm 14.","breadcrumb":{"@id":"https:\/\/www.gruppoliturgico.com\/fr\/produit\/petit-ostensoir-12\/#breadcrumb"},"inLanguage":"fr-FR","potentialAction":[{"@type":"ReadAction","target":["https:\/\/www.gruppoliturgico.com\/fr\/produit\/petit-ostensoir-12\/"]}]},{"@type":"BreadcrumbList","@id":"https:\/\/www.gruppoliturgico.com\/fr\/produit\/petit-ostensoir-12\/#breadcrumb","itemListElement":[{"@type":"ListItem","position":1,"name":"Home","item":"https:\/\/www.gruppoliturgico.com\/fr\/"},{"@type":"ListItem","position":2,"name":"Boutique","item":"https:\/\/www.gruppoliturgico.com\/fr\/boutique\/"},{"@type":"ListItem","position":3,"name":"petit ostensoir"}]},{"@type":"WebSite","@id":"https:\/\/www.gruppoliturgico.com\/es\/#website","url":"https:\/\/www.gruppoliturgico.com\/es\/","name":"Laboratorio Gruppo Liturgico","description":"Articoli Religiosi online","publisher":{"@id":"https:\/\/www.gruppoliturgico.com\/es\/#organization"},"potentialAction":[{"@type":"SearchAction","target":{"@type":"EntryPoint","urlTemplate":"https:\/\/www.gruppoliturgico.com\/es\/?s={search_term_string}"},"query-input":"required name=search_term_string"}],"inLanguage":"fr-FR"},{"@type":"Organization","@id":"https:\/\/www.gruppoliturgico.com\/es\/#organization","name":"Laboratorio Gruppo Liturgico","url":"https:\/\/www.gruppoliturgico.com\/es\/","logo":{"@type":"ImageObject","inLanguage":"fr-FR","@id":"https:\/\/www.gruppoliturgico.com\/es\/#\/schema\/logo\/image\/","url":"https:\/\/www.gruppoliturgico.com\/wp-content\/uploads\/2022\/02\/logo-laboratoriogruppoliturgico.png","contentUrl":"https:\/\/www.gruppoliturgico.com\/wp-content\/uploads\/2022\/02\/logo-laboratoriogruppoliturgico.png","width":400,"height":114,"caption":"Laboratorio Gruppo Liturgico"},"image":{"@id":"https:\/\/www.gruppoliturgico.com\/es\/#\/schema\/logo\/image\/"}}]}},"_links":{"self":[{"href":"https:\/\/www.gruppoliturgico.com\/fr\/wp-json\/wp\/v2\/product\/67603"}],"collection":[{"href":"https:\/\/www.gruppoliturgico.com\/fr\/wp-json\/wp\/v2\/product"}],"about":[{"href":"https:\/\/www.gruppoliturgico.com\/fr\/wp-json\/wp\/v2\/types\/product"}],"wp:featuredmedia":[{"embeddable":true,"href":"https:\/\/www.gruppoliturgico.com\/fr\/wp-json\/wp\/v2\/media\/132773"}],"wp:attachment":[{"href":"https:\/\/www.gruppoliturgico.com\/fr\/wp-json\/wp\/v2\/media?parent=67603"}],"wp:term":[{"taxonomy":"product_cat","embeddable":true,"href":"https:\/\/www.gruppoliturgico.com\/fr\/wp-json\/wp\/v2\/product_cat?post=67603"},{"taxonomy":"product_tag","embeddable":true,"href":"https:\/\/www.gruppoliturgico.com\/fr\/wp-json\/wp\/v2\/product_tag?post=67603"}],"curies":[{"name":"wp","href":"https:\/\/api.w.org\/{rel}","templated":true}]}}