{"id":67567,"date":"2022-05-20T02:40:26","date_gmt":"2022-05-20T00:40:31","guid":{"rendered":"https:\/\/www.gruppoliturgico.com\/prodotto\/bassin-baptistere\/"},"modified":"2022-10-26T15:28:35","modified_gmt":"2022-10-26T13:28:35","slug":"bassin-baptistere","status":"publish","type":"product","link":"https:\/\/www.gruppoliturgico.com\/fr\/produit\/bassin-baptistere\/","title":{"rendered":"bassin baptist\u00e8re"},"content":{"rendered":"<html><body><p>Bassin baptist\u00e8re enti\u00e8rement martel\u00e9 \u00e0 la main.<br>\nArgent\u00e9 avec pied bruni.<br>\nTransportable, on peut le poser sur une petite colonne ou sur la balustrade.<br>\nDiam\u00e8tre cm 43<br>\nHauteur cm 40.<\/p>\n<\/body><\/html>","protected":false},"excerpt":{"rendered":"<p>Bassin baptist\u00e8re enti\u00e8rement martel\u00e9 \u00e0 la main.<br \/>\nArgent\u00e9 avec pied bruni.<br \/>\nTransportable, on peut le poser sur une petite colonne ou sur la balustrade.<br \/>\nDiam\u00e8tre cm 43<br \/>\nHauteur cm 40.<\/p>\n","protected":false},"featured_media":77902,"template":"","meta":[],"product_cat":[11732],"product_tag":[],"yoast_head":"<!-- This site is optimized with the Yoast SEO plugin v20.4 - https:\/\/yoast.com\/wordpress\/plugins\/seo\/ -->\n<title>bassin baptist\u00e8re - baptist\u00e8res et Laboratorio Gruppo Liturgico<\/title>\n<meta name=\"description\" content=\"Bassin baptist\u00e8re enti\u00e8rement martel\u00e9 \u00e0 la main.  Argent\u00e9 avec pied bruni.  Transportable, on peut le poser sur une petite colonne ou sur la balustrade.  Diam\u00e8tre cm 43  Hauteur cm 40.\" \/>\n<meta name=\"robots\" content=\"index, follow, max-snippet:-1, max-image-preview:large, max-video-preview:-1\" \/>\n<link rel=\"canonical\" href=\"https:\/\/www.gruppoliturgico.com\/fr\/produit\/bassin-baptistere\/\" \/>\n<meta property=\"og:locale\" content=\"fr_FR\" \/>\n<meta property=\"og:type\" content=\"article\" \/>\n<meta property=\"og:title\" content=\"bassin baptist\u00e8re - baptist\u00e8res et Laboratorio Gruppo Liturgico\" \/>\n<meta property=\"og:description\" content=\"Bassin baptist\u00e8re enti\u00e8rement martel\u00e9 \u00e0 la main.  Argent\u00e9 avec pied bruni.  Transportable, on peut le poser sur une petite colonne ou sur la balustrade.  Diam\u00e8tre cm 43  Hauteur cm 40.\" \/>\n<meta property=\"og:url\" content=\"https:\/\/www.gruppoliturgico.com\/fr\/produit\/bassin-baptistere\/\" \/>\n<meta property=\"og:site_name\" content=\"Laboratorio Gruppo Liturgico\" \/>\n<meta property=\"article:modified_time\" content=\"2022-10-26T13:28:35+00:00\" \/>\n<meta property=\"og:image\" content=\"https:\/\/www.gruppoliturgico.com\/wp-content\/uploads\/2022\/05\/2610.jpg\" \/>\n\t<meta property=\"og:image:width\" content=\"1500\" \/>\n\t<meta property=\"og:image:height\" content=\"1343\" \/>\n\t<meta property=\"og:image:type\" content=\"image\/jpeg\" \/>\n<meta name=\"twitter:card\" content=\"summary_large_image\" \/>\n<script type=\"application\/ld+json\" class=\"yoast-schema-graph\">{\"@context\":\"https:\/\/schema.org\",\"@graph\":[{\"@type\":\"WebPage\",\"@id\":\"https:\/\/www.gruppoliturgico.com\/fr\/produit\/bassin-baptistere\/\",\"url\":\"https:\/\/www.gruppoliturgico.com\/fr\/produit\/bassin-baptistere\/\",\"name\":\"bassin baptist\u00e8re - baptist\u00e8res et Laboratorio Gruppo Liturgico\",\"isPartOf\":{\"@id\":\"https:\/\/www.gruppoliturgico.com\/es\/#website\"},\"datePublished\":\"2022-05-20T00:40:31+00:00\",\"dateModified\":\"2022-10-26T13:28:35+00:00\",\"description\":\"Bassin baptist\u00e8re enti\u00e8rement martel\u00e9 \u00e0 la main. Argent\u00e9 avec pied bruni. Transportable, on peut le poser sur une petite colonne ou sur la balustrade. Diam\u00e8tre cm 43 Hauteur cm 40.\",\"breadcrumb\":{\"@id\":\"https:\/\/www.gruppoliturgico.com\/fr\/produit\/bassin-baptistere\/#breadcrumb\"},\"inLanguage\":\"fr-FR\",\"potentialAction\":[{\"@type\":\"ReadAction\",\"target\":[\"https:\/\/www.gruppoliturgico.com\/fr\/produit\/bassin-baptistere\/\"]}]},{\"@type\":\"BreadcrumbList\",\"@id\":\"https:\/\/www.gruppoliturgico.com\/fr\/produit\/bassin-baptistere\/#breadcrumb\",\"itemListElement\":[{\"@type\":\"ListItem\",\"position\":1,\"name\":\"Home\",\"item\":\"https:\/\/www.gruppoliturgico.com\/fr\/\"},{\"@type\":\"ListItem\",\"position\":2,\"name\":\"Boutique\",\"item\":\"https:\/\/www.gruppoliturgico.com\/fr\/boutique\/\"},{\"@type\":\"ListItem\",\"position\":3,\"name\":\"bassin baptist\u00e8re\"}]},{\"@type\":\"WebSite\",\"@id\":\"https:\/\/www.gruppoliturgico.com\/es\/#website\",\"url\":\"https:\/\/www.gruppoliturgico.com\/es\/\",\"name\":\"Laboratorio Gruppo Liturgico\",\"description\":\"Articoli Religiosi online\",\"publisher\":{\"@id\":\"https:\/\/www.gruppoliturgico.com\/es\/#organization\"},\"potentialAction\":[{\"@type\":\"SearchAction\",\"target\":{\"@type\":\"EntryPoint\",\"urlTemplate\":\"https:\/\/www.gruppoliturgico.com\/es\/?s={search_term_string}\"},\"query-input\":\"required name=search_term_string\"}],\"inLanguage\":\"fr-FR\"},{\"@type\":\"Organization\",\"@id\":\"https:\/\/www.gruppoliturgico.com\/es\/#organization\",\"name\":\"Laboratorio Gruppo Liturgico\",\"url\":\"https:\/\/www.gruppoliturgico.com\/es\/\",\"logo\":{\"@type\":\"ImageObject\",\"inLanguage\":\"fr-FR\",\"@id\":\"https:\/\/www.gruppoliturgico.com\/es\/#\/schema\/logo\/image\/\",\"url\":\"https:\/\/www.gruppoliturgico.com\/wp-content\/uploads\/2022\/02\/logo-laboratoriogruppoliturgico.png\",\"contentUrl\":\"https:\/\/www.gruppoliturgico.com\/wp-content\/uploads\/2022\/02\/logo-laboratoriogruppoliturgico.png\",\"width\":400,\"height\":114,\"caption\":\"Laboratorio Gruppo Liturgico\"},\"image\":{\"@id\":\"https:\/\/www.gruppoliturgico.com\/es\/#\/schema\/logo\/image\/\"}}]}<\/script>\n<!-- \/ Yoast SEO plugin. -->","yoast_head_json":{"title":"bassin baptist\u00e8re - baptist\u00e8res et Laboratorio Gruppo Liturgico","description":"Bassin baptist\u00e8re enti\u00e8rement martel\u00e9 \u00e0 la main.  Argent\u00e9 avec pied bruni.  Transportable, on peut le poser sur une petite colonne ou sur la balustrade.  Diam\u00e8tre cm 43  Hauteur cm 40.","robots":{"index":"index","follow":"follow","max-snippet":"max-snippet:-1","max-image-preview":"max-image-preview:large","max-video-preview":"max-video-preview:-1"},"canonical":"https:\/\/www.gruppoliturgico.com\/fr\/produit\/bassin-baptistere\/","og_locale":"fr_FR","og_type":"article","og_title":"bassin baptist\u00e8re - baptist\u00e8res et Laboratorio Gruppo Liturgico","og_description":"Bassin baptist\u00e8re enti\u00e8rement martel\u00e9 \u00e0 la main.  Argent\u00e9 avec pied bruni.  Transportable, on peut le poser sur une petite colonne ou sur la balustrade.  Diam\u00e8tre cm 43  Hauteur cm 40.","og_url":"https:\/\/www.gruppoliturgico.com\/fr\/produit\/bassin-baptistere\/","og_site_name":"Laboratorio Gruppo Liturgico","article_modified_time":"2022-10-26T13:28:35+00:00","og_image":[{"width":1500,"height":1343,"url":"https:\/\/www.gruppoliturgico.com\/wp-content\/uploads\/2022\/05\/2610.jpg","type":"image\/jpeg"}],"twitter_card":"summary_large_image","schema":{"@context":"https:\/\/schema.org","@graph":[{"@type":"WebPage","@id":"https:\/\/www.gruppoliturgico.com\/fr\/produit\/bassin-baptistere\/","url":"https:\/\/www.gruppoliturgico.com\/fr\/produit\/bassin-baptistere\/","name":"bassin baptist\u00e8re - baptist\u00e8res et Laboratorio Gruppo Liturgico","isPartOf":{"@id":"https:\/\/www.gruppoliturgico.com\/es\/#website"},"datePublished":"2022-05-20T00:40:31+00:00","dateModified":"2022-10-26T13:28:35+00:00","description":"Bassin baptist\u00e8re enti\u00e8rement martel\u00e9 \u00e0 la main. Argent\u00e9 avec pied bruni. Transportable, on peut le poser sur une petite colonne ou sur la balustrade. Diam\u00e8tre cm 43 Hauteur cm 40.","breadcrumb":{"@id":"https:\/\/www.gruppoliturgico.com\/fr\/produit\/bassin-baptistere\/#breadcrumb"},"inLanguage":"fr-FR","potentialAction":[{"@type":"ReadAction","target":["https:\/\/www.gruppoliturgico.com\/fr\/produit\/bassin-baptistere\/"]}]},{"@type":"BreadcrumbList","@id":"https:\/\/www.gruppoliturgico.com\/fr\/produit\/bassin-baptistere\/#breadcrumb","itemListElement":[{"@type":"ListItem","position":1,"name":"Home","item":"https:\/\/www.gruppoliturgico.com\/fr\/"},{"@type":"ListItem","position":2,"name":"Boutique","item":"https:\/\/www.gruppoliturgico.com\/fr\/boutique\/"},{"@type":"ListItem","position":3,"name":"bassin baptist\u00e8re"}]},{"@type":"WebSite","@id":"https:\/\/www.gruppoliturgico.com\/es\/#website","url":"https:\/\/www.gruppoliturgico.com\/es\/","name":"Laboratorio Gruppo Liturgico","description":"Articoli Religiosi online","publisher":{"@id":"https:\/\/www.gruppoliturgico.com\/es\/#organization"},"potentialAction":[{"@type":"SearchAction","target":{"@type":"EntryPoint","urlTemplate":"https:\/\/www.gruppoliturgico.com\/es\/?s={search_term_string}"},"query-input":"required name=search_term_string"}],"inLanguage":"fr-FR"},{"@type":"Organization","@id":"https:\/\/www.gruppoliturgico.com\/es\/#organization","name":"Laboratorio Gruppo Liturgico","url":"https:\/\/www.gruppoliturgico.com\/es\/","logo":{"@type":"ImageObject","inLanguage":"fr-FR","@id":"https:\/\/www.gruppoliturgico.com\/es\/#\/schema\/logo\/image\/","url":"https:\/\/www.gruppoliturgico.com\/wp-content\/uploads\/2022\/02\/logo-laboratoriogruppoliturgico.png","contentUrl":"https:\/\/www.gruppoliturgico.com\/wp-content\/uploads\/2022\/02\/logo-laboratoriogruppoliturgico.png","width":400,"height":114,"caption":"Laboratorio Gruppo Liturgico"},"image":{"@id":"https:\/\/www.gruppoliturgico.com\/es\/#\/schema\/logo\/image\/"}}]}},"_links":{"self":[{"href":"https:\/\/www.gruppoliturgico.com\/fr\/wp-json\/wp\/v2\/product\/67567"}],"collection":[{"href":"https:\/\/www.gruppoliturgico.com\/fr\/wp-json\/wp\/v2\/product"}],"about":[{"href":"https:\/\/www.gruppoliturgico.com\/fr\/wp-json\/wp\/v2\/types\/product"}],"wp:featuredmedia":[{"embeddable":true,"href":"https:\/\/www.gruppoliturgico.com\/fr\/wp-json\/wp\/v2\/media\/77902"}],"wp:attachment":[{"href":"https:\/\/www.gruppoliturgico.com\/fr\/wp-json\/wp\/v2\/media?parent=67567"}],"wp:term":[{"taxonomy":"product_cat","embeddable":true,"href":"https:\/\/www.gruppoliturgico.com\/fr\/wp-json\/wp\/v2\/product_cat?post=67567"},{"taxonomy":"product_tag","embeddable":true,"href":"https:\/\/www.gruppoliturgico.com\/fr\/wp-json\/wp\/v2\/product_tag?post=67567"}],"curies":[{"name":"wp","href":"https:\/\/api.w.org\/{rel}","templated":true}]}}