{"id":67547,"date":"2022-05-20T02:39:33","date_gmt":"2022-05-20T00:39:37","guid":{"rendered":"https:\/\/www.gruppoliturgico.com\/prodotto\/asta-per-baldacchino\/"},"modified":"2023-01-10T15:38:21","modified_gmt":"2023-01-10T14:38:21","slug":"asta-per-baldacchino","status":"publish","type":"product","link":"https:\/\/www.gruppoliturgico.com\/fr\/produit\/asta-per-baldacchino\/","title":{"rendered":"Ench\u00e8re pour canop\u00e9e"},"content":{"rendered":"<html><body><p>Ench\u00e8re pour canop\u00e9e en bois divisible en deux parties.<br>\nComplet avec bouton dor\u00e9 avec croix en laiton dor\u00e9 et crochet pour la fixation.<br>\nIl est disponible en bois clair ou fonc\u00e9 de votre choix.<\/p>\n<\/body><\/html>","protected":false},"excerpt":{"rendered":"<p>Ench\u00e8re pour canop\u00e9e en bois divisible en deux parties.<br \/>\nComplet avec bouton dor\u00e9 avec croix en laiton dor\u00e9 et crochet pour la fixation.<br \/>\nIl est disponible en bois clair ou fonc\u00e9 de votre choix.<\/p>\n","protected":false},"featured_media":77882,"template":"","meta":[],"product_cat":[11756],"product_tag":[],"yoast_head":"<!-- This site is optimized with the Yoast SEO plugin v20.4 - https:\/\/yoast.com\/wordpress\/plugins\/seo\/ -->\n<title>Ench\u00e8re pour canop\u00e9e - baldaquins-ombrellino de procession et Laboratorio Gruppo Liturgico<\/title>\n<meta name=\"description\" content=\"Ench\u00e8re pour canop\u00e9e en bois divisible en deux parties. Complet avec bouton dor\u00e9 avec croix en laiton dor\u00e9 et crochet pour la fixation. Il est disponible en bois clair ou fonc\u00e9 de votre choix.\" \/>\n<meta name=\"robots\" content=\"index, follow, max-snippet:-1, max-image-preview:large, max-video-preview:-1\" \/>\n<link rel=\"canonical\" href=\"https:\/\/www.gruppoliturgico.com\/fr\/produit\/asta-per-baldacchino\/\" \/>\n<meta property=\"og:locale\" content=\"fr_FR\" \/>\n<meta property=\"og:type\" content=\"article\" \/>\n<meta property=\"og:title\" content=\"Ench\u00e8re pour canop\u00e9e - baldaquins-ombrellino de procession et Laboratorio Gruppo Liturgico\" \/>\n<meta property=\"og:description\" content=\"Ench\u00e8re pour canop\u00e9e en bois divisible en deux parties. Complet avec bouton dor\u00e9 avec croix en laiton dor\u00e9 et crochet pour la fixation. Il est disponible en bois clair ou fonc\u00e9 de votre choix.\" \/>\n<meta property=\"og:url\" content=\"https:\/\/www.gruppoliturgico.com\/fr\/produit\/asta-per-baldacchino\/\" \/>\n<meta property=\"og:site_name\" content=\"Laboratorio Gruppo Liturgico\" \/>\n<meta property=\"article:modified_time\" content=\"2023-01-10T14:38:21+00:00\" \/>\n<meta property=\"og:image\" content=\"https:\/\/www.gruppoliturgico.com\/wp-content\/uploads\/2022\/05\/3440.jpg\" \/>\n\t<meta property=\"og:image:width\" content=\"499\" \/>\n\t<meta property=\"og:image:height\" content=\"1500\" \/>\n\t<meta property=\"og:image:type\" content=\"image\/jpeg\" \/>\n<meta name=\"twitter:card\" content=\"summary_large_image\" \/>\n<script type=\"application\/ld+json\" class=\"yoast-schema-graph\">{\"@context\":\"https:\/\/schema.org\",\"@graph\":[{\"@type\":\"WebPage\",\"@id\":\"https:\/\/www.gruppoliturgico.com\/fr\/produit\/asta-per-baldacchino\/\",\"url\":\"https:\/\/www.gruppoliturgico.com\/fr\/produit\/asta-per-baldacchino\/\",\"name\":\"Ench\u00e8re pour canop\u00e9e - baldaquins-ombrellino de procession et Laboratorio Gruppo Liturgico\",\"isPartOf\":{\"@id\":\"https:\/\/www.gruppoliturgico.com\/es\/#website\"},\"datePublished\":\"2022-05-20T00:39:37+00:00\",\"dateModified\":\"2023-01-10T14:38:21+00:00\",\"description\":\"Ench\u00e8re pour canop\u00e9e en bois divisible en deux parties. Complet avec bouton dor\u00e9 avec croix en laiton dor\u00e9 et crochet pour la fixation. Il est disponible en bois clair ou fonc\u00e9 de votre choix.\",\"breadcrumb\":{\"@id\":\"https:\/\/www.gruppoliturgico.com\/fr\/produit\/asta-per-baldacchino\/#breadcrumb\"},\"inLanguage\":\"fr-FR\",\"potentialAction\":[{\"@type\":\"ReadAction\",\"target\":[\"https:\/\/www.gruppoliturgico.com\/fr\/produit\/asta-per-baldacchino\/\"]}]},{\"@type\":\"BreadcrumbList\",\"@id\":\"https:\/\/www.gruppoliturgico.com\/fr\/produit\/asta-per-baldacchino\/#breadcrumb\",\"itemListElement\":[{\"@type\":\"ListItem\",\"position\":1,\"name\":\"Home\",\"item\":\"https:\/\/www.gruppoliturgico.com\/fr\/\"},{\"@type\":\"ListItem\",\"position\":2,\"name\":\"Boutique\",\"item\":\"https:\/\/www.gruppoliturgico.com\/fr\/boutique\/\"},{\"@type\":\"ListItem\",\"position\":3,\"name\":\"Ench\u00e8re pour canop\u00e9e\"}]},{\"@type\":\"WebSite\",\"@id\":\"https:\/\/www.gruppoliturgico.com\/es\/#website\",\"url\":\"https:\/\/www.gruppoliturgico.com\/es\/\",\"name\":\"Laboratorio Gruppo Liturgico\",\"description\":\"Articoli Religiosi online\",\"publisher\":{\"@id\":\"https:\/\/www.gruppoliturgico.com\/es\/#organization\"},\"potentialAction\":[{\"@type\":\"SearchAction\",\"target\":{\"@type\":\"EntryPoint\",\"urlTemplate\":\"https:\/\/www.gruppoliturgico.com\/es\/?s={search_term_string}\"},\"query-input\":\"required name=search_term_string\"}],\"inLanguage\":\"fr-FR\"},{\"@type\":\"Organization\",\"@id\":\"https:\/\/www.gruppoliturgico.com\/es\/#organization\",\"name\":\"Laboratorio Gruppo Liturgico\",\"url\":\"https:\/\/www.gruppoliturgico.com\/es\/\",\"logo\":{\"@type\":\"ImageObject\",\"inLanguage\":\"fr-FR\",\"@id\":\"https:\/\/www.gruppoliturgico.com\/es\/#\/schema\/logo\/image\/\",\"url\":\"https:\/\/www.gruppoliturgico.com\/wp-content\/uploads\/2022\/02\/logo-laboratoriogruppoliturgico.png\",\"contentUrl\":\"https:\/\/www.gruppoliturgico.com\/wp-content\/uploads\/2022\/02\/logo-laboratoriogruppoliturgico.png\",\"width\":400,\"height\":114,\"caption\":\"Laboratorio Gruppo Liturgico\"},\"image\":{\"@id\":\"https:\/\/www.gruppoliturgico.com\/es\/#\/schema\/logo\/image\/\"}}]}<\/script>\n<!-- \/ Yoast SEO plugin. -->","yoast_head_json":{"title":"Ench\u00e8re pour canop\u00e9e - baldaquins-ombrellino de procession et Laboratorio Gruppo Liturgico","description":"Ench\u00e8re pour canop\u00e9e en bois divisible en deux parties. Complet avec bouton dor\u00e9 avec croix en laiton dor\u00e9 et crochet pour la fixation. Il est disponible en bois clair ou fonc\u00e9 de votre choix.","robots":{"index":"index","follow":"follow","max-snippet":"max-snippet:-1","max-image-preview":"max-image-preview:large","max-video-preview":"max-video-preview:-1"},"canonical":"https:\/\/www.gruppoliturgico.com\/fr\/produit\/asta-per-baldacchino\/","og_locale":"fr_FR","og_type":"article","og_title":"Ench\u00e8re pour canop\u00e9e - baldaquins-ombrellino de procession et Laboratorio Gruppo Liturgico","og_description":"Ench\u00e8re pour canop\u00e9e en bois divisible en deux parties. Complet avec bouton dor\u00e9 avec croix en laiton dor\u00e9 et crochet pour la fixation. Il est disponible en bois clair ou fonc\u00e9 de votre choix.","og_url":"https:\/\/www.gruppoliturgico.com\/fr\/produit\/asta-per-baldacchino\/","og_site_name":"Laboratorio Gruppo Liturgico","article_modified_time":"2023-01-10T14:38:21+00:00","og_image":[{"width":499,"height":1500,"url":"https:\/\/www.gruppoliturgico.com\/wp-content\/uploads\/2022\/05\/3440.jpg","type":"image\/jpeg"}],"twitter_card":"summary_large_image","schema":{"@context":"https:\/\/schema.org","@graph":[{"@type":"WebPage","@id":"https:\/\/www.gruppoliturgico.com\/fr\/produit\/asta-per-baldacchino\/","url":"https:\/\/www.gruppoliturgico.com\/fr\/produit\/asta-per-baldacchino\/","name":"Ench\u00e8re pour canop\u00e9e - baldaquins-ombrellino de procession et Laboratorio Gruppo Liturgico","isPartOf":{"@id":"https:\/\/www.gruppoliturgico.com\/es\/#website"},"datePublished":"2022-05-20T00:39:37+00:00","dateModified":"2023-01-10T14:38:21+00:00","description":"Ench\u00e8re pour canop\u00e9e en bois divisible en deux parties. Complet avec bouton dor\u00e9 avec croix en laiton dor\u00e9 et crochet pour la fixation. Il est disponible en bois clair ou fonc\u00e9 de votre choix.","breadcrumb":{"@id":"https:\/\/www.gruppoliturgico.com\/fr\/produit\/asta-per-baldacchino\/#breadcrumb"},"inLanguage":"fr-FR","potentialAction":[{"@type":"ReadAction","target":["https:\/\/www.gruppoliturgico.com\/fr\/produit\/asta-per-baldacchino\/"]}]},{"@type":"BreadcrumbList","@id":"https:\/\/www.gruppoliturgico.com\/fr\/produit\/asta-per-baldacchino\/#breadcrumb","itemListElement":[{"@type":"ListItem","position":1,"name":"Home","item":"https:\/\/www.gruppoliturgico.com\/fr\/"},{"@type":"ListItem","position":2,"name":"Boutique","item":"https:\/\/www.gruppoliturgico.com\/fr\/boutique\/"},{"@type":"ListItem","position":3,"name":"Ench\u00e8re pour canop\u00e9e"}]},{"@type":"WebSite","@id":"https:\/\/www.gruppoliturgico.com\/es\/#website","url":"https:\/\/www.gruppoliturgico.com\/es\/","name":"Laboratorio Gruppo Liturgico","description":"Articoli Religiosi online","publisher":{"@id":"https:\/\/www.gruppoliturgico.com\/es\/#organization"},"potentialAction":[{"@type":"SearchAction","target":{"@type":"EntryPoint","urlTemplate":"https:\/\/www.gruppoliturgico.com\/es\/?s={search_term_string}"},"query-input":"required name=search_term_string"}],"inLanguage":"fr-FR"},{"@type":"Organization","@id":"https:\/\/www.gruppoliturgico.com\/es\/#organization","name":"Laboratorio Gruppo Liturgico","url":"https:\/\/www.gruppoliturgico.com\/es\/","logo":{"@type":"ImageObject","inLanguage":"fr-FR","@id":"https:\/\/www.gruppoliturgico.com\/es\/#\/schema\/logo\/image\/","url":"https:\/\/www.gruppoliturgico.com\/wp-content\/uploads\/2022\/02\/logo-laboratoriogruppoliturgico.png","contentUrl":"https:\/\/www.gruppoliturgico.com\/wp-content\/uploads\/2022\/02\/logo-laboratoriogruppoliturgico.png","width":400,"height":114,"caption":"Laboratorio Gruppo Liturgico"},"image":{"@id":"https:\/\/www.gruppoliturgico.com\/es\/#\/schema\/logo\/image\/"}}]}},"_links":{"self":[{"href":"https:\/\/www.gruppoliturgico.com\/fr\/wp-json\/wp\/v2\/product\/67547"}],"collection":[{"href":"https:\/\/www.gruppoliturgico.com\/fr\/wp-json\/wp\/v2\/product"}],"about":[{"href":"https:\/\/www.gruppoliturgico.com\/fr\/wp-json\/wp\/v2\/types\/product"}],"wp:featuredmedia":[{"embeddable":true,"href":"https:\/\/www.gruppoliturgico.com\/fr\/wp-json\/wp\/v2\/media\/77882"}],"wp:attachment":[{"href":"https:\/\/www.gruppoliturgico.com\/fr\/wp-json\/wp\/v2\/media?parent=67547"}],"wp:term":[{"taxonomy":"product_cat","embeddable":true,"href":"https:\/\/www.gruppoliturgico.com\/fr\/wp-json\/wp\/v2\/product_cat?post=67547"},{"taxonomy":"product_tag","embeddable":true,"href":"https:\/\/www.gruppoliturgico.com\/fr\/wp-json\/wp\/v2\/product_tag?post=67547"}],"curies":[{"name":"wp","href":"https:\/\/api.w.org\/{rel}","templated":true}]}}