{"id":67487,"date":"2022-05-20T02:36:52","date_gmt":"2022-05-20T00:36:58","guid":{"rendered":"https:\/\/www.gruppoliturgico.com\/prodotto\/cire-liquide-de-leremo-3\/"},"modified":"2022-05-20T10:26:51","modified_gmt":"2022-05-20T08:26:51","slug":"cire-liquide-de-leremo-3","status":"publish","type":"product","link":"https:\/\/www.gruppoliturgico.com\/fr\/produit\/cire-liquide-de-leremo-3\/","title":{"rendered":"Cire liquide de l&rsquo;Eremo"},"content":{"rendered":"<html><body><p>Cire liquide  pour lampes et bougies en paraffine pure.<br>\nSans aucun doute l\u2019une des meilleures cires vendues actuellement; elle est fabriqu\u00e9e depuis plus de trente ans.<br>\nEn br\u00fblant de mani\u00e8re correcte elle ne d\u00e9veloppe ni cendres, ni odeurs ni fum\u00e9es avec une flamme extr\u00eamement propre.<br>\nBouteille d\u20191 litre  <\/p>\n<p>Une bo\u00eete de 12 bouteilles<\/p>\n<\/body><\/html>","protected":false},"excerpt":{"rendered":"<p>Cire liquide  pour lampes et bougies en paraffine pure.<br \/>\nSans aucun doute l&rsquo;une des meilleures cires vendues actuellement; elle est fabriqu\u00e9e depuis plus de trente ans.<br \/>\nEn br\u00fblant de mani\u00e8re correcte elle ne d\u00e9veloppe ni cendres, ni odeurs ni fum\u00e9es avec une flamme extr\u00eamement propre.<br \/>\nBouteille d&rsquo;1 litre  <\/p>\n<p>Une bo\u00eete de 12 bouteilles<\/p>\n","protected":false},"featured_media":77822,"template":"","meta":[],"product_cat":[11860],"product_tag":[],"yoast_head":"<!-- This site is optimized with the Yoast SEO plugin v20.4 - https:\/\/yoast.com\/wordpress\/plugins\/seo\/ -->\n<title>Cire liquide de l&#039;Eremo - Cire liquide et Laboratorio Gruppo Liturgico<\/title>\n<meta name=\"description\" content=\"Cire liquide pour lampes et bougies en paraffine pure. Sans aucun doute l&#039;une des meilleures cires vendues actuellement; elle est fabriqu\u00e9e depuis plus de trente ans. En br\u00fblant de mani\u00e8re correcte elle ne d\u00e9veloppe ni cendres, ni odeurs ni fum\u00e9es avec une flamme extr\u00eamement propre. Bouteille d&#039;1 litre   Une bo\u00eete de 12 bouteilles\" \/>\n<meta name=\"robots\" content=\"index, follow, max-snippet:-1, max-image-preview:large, max-video-preview:-1\" \/>\n<link rel=\"canonical\" href=\"https:\/\/www.gruppoliturgico.com\/fr\/produit\/cire-liquide-de-leremo-3\/\" \/>\n<meta property=\"og:locale\" content=\"fr_FR\" \/>\n<meta property=\"og:type\" content=\"article\" \/>\n<meta property=\"og:title\" content=\"Cire liquide de l&#039;Eremo - Cire liquide et Laboratorio Gruppo Liturgico\" \/>\n<meta property=\"og:description\" content=\"Cire liquide pour lampes et bougies en paraffine pure. Sans aucun doute l&#039;une des meilleures cires vendues actuellement; elle est fabriqu\u00e9e depuis plus de trente ans. En br\u00fblant de mani\u00e8re correcte elle ne d\u00e9veloppe ni cendres, ni odeurs ni fum\u00e9es avec une flamme extr\u00eamement propre. Bouteille d&#039;1 litre   Une bo\u00eete de 12 bouteilles\" \/>\n<meta property=\"og:url\" content=\"https:\/\/www.gruppoliturgico.com\/fr\/produit\/cire-liquide-de-leremo-3\/\" \/>\n<meta property=\"og:site_name\" content=\"Laboratorio Gruppo Liturgico\" \/>\n<meta property=\"article:modified_time\" content=\"2022-05-20T08:26:51+00:00\" \/>\n<meta property=\"og:image\" content=\"https:\/\/www.gruppoliturgico.com\/wp-content\/uploads\/2022\/05\/1907.cera20liquida.jpg\" \/>\n\t<meta property=\"og:image:width\" content=\"681\" \/>\n\t<meta property=\"og:image:height\" content=\"1500\" \/>\n\t<meta property=\"og:image:type\" content=\"image\/jpeg\" \/>\n<meta name=\"twitter:card\" content=\"summary_large_image\" \/>\n<script type=\"application\/ld+json\" class=\"yoast-schema-graph\">{\"@context\":\"https:\/\/schema.org\",\"@graph\":[{\"@type\":\"WebPage\",\"@id\":\"https:\/\/www.gruppoliturgico.com\/fr\/produit\/cire-liquide-de-leremo-3\/\",\"url\":\"https:\/\/www.gruppoliturgico.com\/fr\/produit\/cire-liquide-de-leremo-3\/\",\"name\":\"Cire liquide de l'Eremo - Cire liquide et Laboratorio Gruppo Liturgico\",\"isPartOf\":{\"@id\":\"https:\/\/www.gruppoliturgico.com\/es\/#website\"},\"datePublished\":\"2022-05-20T00:36:58+00:00\",\"dateModified\":\"2022-05-20T08:26:51+00:00\",\"description\":\"Cire liquide pour lampes et bougies en paraffine pure. Sans aucun doute l'une des meilleures cires vendues actuellement; elle est fabriqu\u00e9e depuis plus de trente ans. En br\u00fblant de mani\u00e8re correcte elle ne d\u00e9veloppe ni cendres, ni odeurs ni fum\u00e9es avec une flamme extr\u00eamement propre. Bouteille d'1 litre Une bo\u00eete de 12 bouteilles\",\"breadcrumb\":{\"@id\":\"https:\/\/www.gruppoliturgico.com\/fr\/produit\/cire-liquide-de-leremo-3\/#breadcrumb\"},\"inLanguage\":\"fr-FR\",\"potentialAction\":[{\"@type\":\"ReadAction\",\"target\":[\"https:\/\/www.gruppoliturgico.com\/fr\/produit\/cire-liquide-de-leremo-3\/\"]}]},{\"@type\":\"BreadcrumbList\",\"@id\":\"https:\/\/www.gruppoliturgico.com\/fr\/produit\/cire-liquide-de-leremo-3\/#breadcrumb\",\"itemListElement\":[{\"@type\":\"ListItem\",\"position\":1,\"name\":\"Home\",\"item\":\"https:\/\/www.gruppoliturgico.com\/fr\/\"},{\"@type\":\"ListItem\",\"position\":2,\"name\":\"Boutique\",\"item\":\"https:\/\/www.gruppoliturgico.com\/fr\/boutique\/\"},{\"@type\":\"ListItem\",\"position\":3,\"name\":\"Cire liquide de l&rsquo;Eremo\"}]},{\"@type\":\"WebSite\",\"@id\":\"https:\/\/www.gruppoliturgico.com\/es\/#website\",\"url\":\"https:\/\/www.gruppoliturgico.com\/es\/\",\"name\":\"Laboratorio Gruppo Liturgico\",\"description\":\"Articoli Religiosi online\",\"publisher\":{\"@id\":\"https:\/\/www.gruppoliturgico.com\/es\/#organization\"},\"potentialAction\":[{\"@type\":\"SearchAction\",\"target\":{\"@type\":\"EntryPoint\",\"urlTemplate\":\"https:\/\/www.gruppoliturgico.com\/es\/?s={search_term_string}\"},\"query-input\":\"required name=search_term_string\"}],\"inLanguage\":\"fr-FR\"},{\"@type\":\"Organization\",\"@id\":\"https:\/\/www.gruppoliturgico.com\/es\/#organization\",\"name\":\"Laboratorio Gruppo Liturgico\",\"url\":\"https:\/\/www.gruppoliturgico.com\/es\/\",\"logo\":{\"@type\":\"ImageObject\",\"inLanguage\":\"fr-FR\",\"@id\":\"https:\/\/www.gruppoliturgico.com\/es\/#\/schema\/logo\/image\/\",\"url\":\"https:\/\/www.gruppoliturgico.com\/wp-content\/uploads\/2022\/02\/logo-laboratoriogruppoliturgico.png\",\"contentUrl\":\"https:\/\/www.gruppoliturgico.com\/wp-content\/uploads\/2022\/02\/logo-laboratoriogruppoliturgico.png\",\"width\":400,\"height\":114,\"caption\":\"Laboratorio Gruppo Liturgico\"},\"image\":{\"@id\":\"https:\/\/www.gruppoliturgico.com\/es\/#\/schema\/logo\/image\/\"}}]}<\/script>\n<!-- \/ Yoast SEO plugin. -->","yoast_head_json":{"title":"Cire liquide de l'Eremo - Cire liquide et Laboratorio Gruppo Liturgico","description":"Cire liquide pour lampes et bougies en paraffine pure. Sans aucun doute l'une des meilleures cires vendues actuellement; elle est fabriqu\u00e9e depuis plus de trente ans. En br\u00fblant de mani\u00e8re correcte elle ne d\u00e9veloppe ni cendres, ni odeurs ni fum\u00e9es avec une flamme extr\u00eamement propre. Bouteille d'1 litre   Une bo\u00eete de 12 bouteilles","robots":{"index":"index","follow":"follow","max-snippet":"max-snippet:-1","max-image-preview":"max-image-preview:large","max-video-preview":"max-video-preview:-1"},"canonical":"https:\/\/www.gruppoliturgico.com\/fr\/produit\/cire-liquide-de-leremo-3\/","og_locale":"fr_FR","og_type":"article","og_title":"Cire liquide de l'Eremo - Cire liquide et Laboratorio Gruppo Liturgico","og_description":"Cire liquide pour lampes et bougies en paraffine pure. Sans aucun doute l'une des meilleures cires vendues actuellement; elle est fabriqu\u00e9e depuis plus de trente ans. En br\u00fblant de mani\u00e8re correcte elle ne d\u00e9veloppe ni cendres, ni odeurs ni fum\u00e9es avec une flamme extr\u00eamement propre. Bouteille d'1 litre   Une bo\u00eete de 12 bouteilles","og_url":"https:\/\/www.gruppoliturgico.com\/fr\/produit\/cire-liquide-de-leremo-3\/","og_site_name":"Laboratorio Gruppo Liturgico","article_modified_time":"2022-05-20T08:26:51+00:00","og_image":[{"width":681,"height":1500,"url":"https:\/\/www.gruppoliturgico.com\/wp-content\/uploads\/2022\/05\/1907.cera20liquida.jpg","type":"image\/jpeg"}],"twitter_card":"summary_large_image","schema":{"@context":"https:\/\/schema.org","@graph":[{"@type":"WebPage","@id":"https:\/\/www.gruppoliturgico.com\/fr\/produit\/cire-liquide-de-leremo-3\/","url":"https:\/\/www.gruppoliturgico.com\/fr\/produit\/cire-liquide-de-leremo-3\/","name":"Cire liquide de l'Eremo - Cire liquide et Laboratorio Gruppo Liturgico","isPartOf":{"@id":"https:\/\/www.gruppoliturgico.com\/es\/#website"},"datePublished":"2022-05-20T00:36:58+00:00","dateModified":"2022-05-20T08:26:51+00:00","description":"Cire liquide pour lampes et bougies en paraffine pure. Sans aucun doute l'une des meilleures cires vendues actuellement; elle est fabriqu\u00e9e depuis plus de trente ans. En br\u00fblant de mani\u00e8re correcte elle ne d\u00e9veloppe ni cendres, ni odeurs ni fum\u00e9es avec une flamme extr\u00eamement propre. Bouteille d'1 litre Une bo\u00eete de 12 bouteilles","breadcrumb":{"@id":"https:\/\/www.gruppoliturgico.com\/fr\/produit\/cire-liquide-de-leremo-3\/#breadcrumb"},"inLanguage":"fr-FR","potentialAction":[{"@type":"ReadAction","target":["https:\/\/www.gruppoliturgico.com\/fr\/produit\/cire-liquide-de-leremo-3\/"]}]},{"@type":"BreadcrumbList","@id":"https:\/\/www.gruppoliturgico.com\/fr\/produit\/cire-liquide-de-leremo-3\/#breadcrumb","itemListElement":[{"@type":"ListItem","position":1,"name":"Home","item":"https:\/\/www.gruppoliturgico.com\/fr\/"},{"@type":"ListItem","position":2,"name":"Boutique","item":"https:\/\/www.gruppoliturgico.com\/fr\/boutique\/"},{"@type":"ListItem","position":3,"name":"Cire liquide de l&rsquo;Eremo"}]},{"@type":"WebSite","@id":"https:\/\/www.gruppoliturgico.com\/es\/#website","url":"https:\/\/www.gruppoliturgico.com\/es\/","name":"Laboratorio Gruppo Liturgico","description":"Articoli Religiosi online","publisher":{"@id":"https:\/\/www.gruppoliturgico.com\/es\/#organization"},"potentialAction":[{"@type":"SearchAction","target":{"@type":"EntryPoint","urlTemplate":"https:\/\/www.gruppoliturgico.com\/es\/?s={search_term_string}"},"query-input":"required name=search_term_string"}],"inLanguage":"fr-FR"},{"@type":"Organization","@id":"https:\/\/www.gruppoliturgico.com\/es\/#organization","name":"Laboratorio Gruppo Liturgico","url":"https:\/\/www.gruppoliturgico.com\/es\/","logo":{"@type":"ImageObject","inLanguage":"fr-FR","@id":"https:\/\/www.gruppoliturgico.com\/es\/#\/schema\/logo\/image\/","url":"https:\/\/www.gruppoliturgico.com\/wp-content\/uploads\/2022\/02\/logo-laboratoriogruppoliturgico.png","contentUrl":"https:\/\/www.gruppoliturgico.com\/wp-content\/uploads\/2022\/02\/logo-laboratoriogruppoliturgico.png","width":400,"height":114,"caption":"Laboratorio Gruppo Liturgico"},"image":{"@id":"https:\/\/www.gruppoliturgico.com\/es\/#\/schema\/logo\/image\/"}}]}},"_links":{"self":[{"href":"https:\/\/www.gruppoliturgico.com\/fr\/wp-json\/wp\/v2\/product\/67487"}],"collection":[{"href":"https:\/\/www.gruppoliturgico.com\/fr\/wp-json\/wp\/v2\/product"}],"about":[{"href":"https:\/\/www.gruppoliturgico.com\/fr\/wp-json\/wp\/v2\/types\/product"}],"wp:featuredmedia":[{"embeddable":true,"href":"https:\/\/www.gruppoliturgico.com\/fr\/wp-json\/wp\/v2\/media\/77822"}],"wp:attachment":[{"href":"https:\/\/www.gruppoliturgico.com\/fr\/wp-json\/wp\/v2\/media?parent=67487"}],"wp:term":[{"taxonomy":"product_cat","embeddable":true,"href":"https:\/\/www.gruppoliturgico.com\/fr\/wp-json\/wp\/v2\/product_cat?post=67487"},{"taxonomy":"product_tag","embeddable":true,"href":"https:\/\/www.gruppoliturgico.com\/fr\/wp-json\/wp\/v2\/product_tag?post=67487"}],"curies":[{"name":"wp","href":"https:\/\/api.w.org\/{rel}","templated":true}]}}