{"id":67355,"date":"2022-05-20T02:30:36","date_gmt":"2022-05-20T00:30:42","guid":{"rendered":"https:\/\/www.gruppoliturgico.com\/prodotto\/trone\/"},"modified":"2022-10-20T10:35:35","modified_gmt":"2022-10-20T08:35:35","slug":"trone","status":"publish","type":"product","link":"https:\/\/www.gruppoliturgico.com\/fr\/produit\/trone\/","title":{"rendered":"Tr\u00f4ne"},"content":{"rendered":"<html><body><p>Magnifique et majestueux travail en bois de tilleul sculpt\u00e9.<br>\nLe dossier est orn\u00e9 d\u2019un panneau sculpt\u00e9 de style baroque du XVIIe si\u00e8cle.<br>\nLes corniches pr\u00e9sentent des sculptures raffin\u00e9es et des gravures pr\u00e9cieuses.<br>\nDimensions cm 160 x 65 x 50.<\/p>\n<\/body><\/html>","protected":false},"excerpt":{"rendered":"<p>Magnifique et majestueux travail en bois de tilleul sculpt\u00e9.<br \/>\nLe dossier est orn\u00e9 d&rsquo;un panneau sculpt\u00e9 de style baroque du XVIIe si\u00e8cle.<br \/>\nLes corniches pr\u00e9sentent des sculptures raffin\u00e9es et des gravures pr\u00e9cieuses.<br \/>\nDimensions cm 160 x 65 x 50.<\/p>\n","protected":false},"featured_media":131294,"template":"","meta":[],"product_cat":[12136,12208],"product_tag":[],"yoast_head":"<!-- This site is optimized with the Yoast SEO plugin v20.4 - https:\/\/yoast.com\/wordpress\/plugins\/seo\/ -->\n<title>Tr\u00f4ne - art 1316, art 2032 et Laboratorio Gruppo Liturgico<\/title>\n<meta name=\"description\" content=\"Magnifique et majestueux travail en bois de tilleul sculpt\u00e9. Le dossier est orn\u00e9 d&#039;un panneau sculpt\u00e9 de style baroque du XVIIe si\u00e8cle. Les corniches pr\u00e9sentent des sculptures raffin\u00e9es et des gravures pr\u00e9cieuses. Dimensions cm 160 x 65 x 50.\" \/>\n<meta name=\"robots\" content=\"index, follow, max-snippet:-1, max-image-preview:large, max-video-preview:-1\" \/>\n<link rel=\"canonical\" href=\"https:\/\/www.gruppoliturgico.com\/fr\/produit\/trone\/\" \/>\n<meta property=\"og:locale\" content=\"fr_FR\" \/>\n<meta property=\"og:type\" content=\"article\" \/>\n<meta property=\"og:title\" content=\"Tr\u00f4ne - art 1316, art 2032 et Laboratorio Gruppo Liturgico\" \/>\n<meta property=\"og:description\" content=\"Magnifique et majestueux travail en bois de tilleul sculpt\u00e9. Le dossier est orn\u00e9 d&#039;un panneau sculpt\u00e9 de style baroque du XVIIe si\u00e8cle. Les corniches pr\u00e9sentent des sculptures raffin\u00e9es et des gravures pr\u00e9cieuses. Dimensions cm 160 x 65 x 50.\" \/>\n<meta property=\"og:url\" content=\"https:\/\/www.gruppoliturgico.com\/fr\/produit\/trone\/\" \/>\n<meta property=\"og:site_name\" content=\"Laboratorio Gruppo Liturgico\" \/>\n<meta property=\"article:modified_time\" content=\"2022-10-20T08:35:35+00:00\" \/>\n<meta property=\"og:image\" content=\"https:\/\/www.gruppoliturgico.com\/wp-content\/uploads\/2022\/05\/2032pol-nv2.jpg\" \/>\n\t<meta property=\"og:image:width\" content=\"988\" \/>\n\t<meta property=\"og:image:height\" content=\"2000\" \/>\n\t<meta property=\"og:image:type\" content=\"image\/jpeg\" \/>\n<meta name=\"twitter:card\" content=\"summary_large_image\" \/>\n<script type=\"application\/ld+json\" class=\"yoast-schema-graph\">{\"@context\":\"https:\/\/schema.org\",\"@graph\":[{\"@type\":\"WebPage\",\"@id\":\"https:\/\/www.gruppoliturgico.com\/fr\/produit\/trone\/\",\"url\":\"https:\/\/www.gruppoliturgico.com\/fr\/produit\/trone\/\",\"name\":\"Tr\u00f4ne - art 1316, art 2032 et Laboratorio Gruppo Liturgico\",\"isPartOf\":{\"@id\":\"https:\/\/www.gruppoliturgico.com\/es\/#website\"},\"datePublished\":\"2022-05-20T00:30:42+00:00\",\"dateModified\":\"2022-10-20T08:35:35+00:00\",\"description\":\"Magnifique et majestueux travail en bois de tilleul sculpt\u00e9. Le dossier est orn\u00e9 d'un panneau sculpt\u00e9 de style baroque du XVIIe si\u00e8cle. Les corniches pr\u00e9sentent des sculptures raffin\u00e9es et des gravures pr\u00e9cieuses. Dimensions cm 160 x 65 x 50.\",\"breadcrumb\":{\"@id\":\"https:\/\/www.gruppoliturgico.com\/fr\/produit\/trone\/#breadcrumb\"},\"inLanguage\":\"fr-FR\",\"potentialAction\":[{\"@type\":\"ReadAction\",\"target\":[\"https:\/\/www.gruppoliturgico.com\/fr\/produit\/trone\/\"]}]},{\"@type\":\"BreadcrumbList\",\"@id\":\"https:\/\/www.gruppoliturgico.com\/fr\/produit\/trone\/#breadcrumb\",\"itemListElement\":[{\"@type\":\"ListItem\",\"position\":1,\"name\":\"Home\",\"item\":\"https:\/\/www.gruppoliturgico.com\/fr\/\"},{\"@type\":\"ListItem\",\"position\":2,\"name\":\"Boutique\",\"item\":\"https:\/\/www.gruppoliturgico.com\/fr\/boutique\/\"},{\"@type\":\"ListItem\",\"position\":3,\"name\":\"Tr\u00f4ne\"}]},{\"@type\":\"WebSite\",\"@id\":\"https:\/\/www.gruppoliturgico.com\/es\/#website\",\"url\":\"https:\/\/www.gruppoliturgico.com\/es\/\",\"name\":\"Laboratorio Gruppo Liturgico\",\"description\":\"Articoli Religiosi online\",\"publisher\":{\"@id\":\"https:\/\/www.gruppoliturgico.com\/es\/#organization\"},\"potentialAction\":[{\"@type\":\"SearchAction\",\"target\":{\"@type\":\"EntryPoint\",\"urlTemplate\":\"https:\/\/www.gruppoliturgico.com\/es\/?s={search_term_string}\"},\"query-input\":\"required name=search_term_string\"}],\"inLanguage\":\"fr-FR\"},{\"@type\":\"Organization\",\"@id\":\"https:\/\/www.gruppoliturgico.com\/es\/#organization\",\"name\":\"Laboratorio Gruppo Liturgico\",\"url\":\"https:\/\/www.gruppoliturgico.com\/es\/\",\"logo\":{\"@type\":\"ImageObject\",\"inLanguage\":\"fr-FR\",\"@id\":\"https:\/\/www.gruppoliturgico.com\/es\/#\/schema\/logo\/image\/\",\"url\":\"https:\/\/www.gruppoliturgico.com\/wp-content\/uploads\/2022\/02\/logo-laboratoriogruppoliturgico.png\",\"contentUrl\":\"https:\/\/www.gruppoliturgico.com\/wp-content\/uploads\/2022\/02\/logo-laboratoriogruppoliturgico.png\",\"width\":400,\"height\":114,\"caption\":\"Laboratorio Gruppo Liturgico\"},\"image\":{\"@id\":\"https:\/\/www.gruppoliturgico.com\/es\/#\/schema\/logo\/image\/\"}}]}<\/script>\n<!-- \/ Yoast SEO plugin. -->","yoast_head_json":{"title":"Tr\u00f4ne - art 1316, art 2032 et Laboratorio Gruppo Liturgico","description":"Magnifique et majestueux travail en bois de tilleul sculpt\u00e9. Le dossier est orn\u00e9 d'un panneau sculpt\u00e9 de style baroque du XVIIe si\u00e8cle. Les corniches pr\u00e9sentent des sculptures raffin\u00e9es et des gravures pr\u00e9cieuses. Dimensions cm 160 x 65 x 50.","robots":{"index":"index","follow":"follow","max-snippet":"max-snippet:-1","max-image-preview":"max-image-preview:large","max-video-preview":"max-video-preview:-1"},"canonical":"https:\/\/www.gruppoliturgico.com\/fr\/produit\/trone\/","og_locale":"fr_FR","og_type":"article","og_title":"Tr\u00f4ne - art 1316, art 2032 et Laboratorio Gruppo Liturgico","og_description":"Magnifique et majestueux travail en bois de tilleul sculpt\u00e9. Le dossier est orn\u00e9 d'un panneau sculpt\u00e9 de style baroque du XVIIe si\u00e8cle. Les corniches pr\u00e9sentent des sculptures raffin\u00e9es et des gravures pr\u00e9cieuses. Dimensions cm 160 x 65 x 50.","og_url":"https:\/\/www.gruppoliturgico.com\/fr\/produit\/trone\/","og_site_name":"Laboratorio Gruppo Liturgico","article_modified_time":"2022-10-20T08:35:35+00:00","og_image":[{"width":988,"height":2000,"url":"https:\/\/www.gruppoliturgico.com\/wp-content\/uploads\/2022\/05\/2032pol-nv2.jpg","type":"image\/jpeg"}],"twitter_card":"summary_large_image","schema":{"@context":"https:\/\/schema.org","@graph":[{"@type":"WebPage","@id":"https:\/\/www.gruppoliturgico.com\/fr\/produit\/trone\/","url":"https:\/\/www.gruppoliturgico.com\/fr\/produit\/trone\/","name":"Tr\u00f4ne - art 1316, art 2032 et Laboratorio Gruppo Liturgico","isPartOf":{"@id":"https:\/\/www.gruppoliturgico.com\/es\/#website"},"datePublished":"2022-05-20T00:30:42+00:00","dateModified":"2022-10-20T08:35:35+00:00","description":"Magnifique et majestueux travail en bois de tilleul sculpt\u00e9. Le dossier est orn\u00e9 d'un panneau sculpt\u00e9 de style baroque du XVIIe si\u00e8cle. Les corniches pr\u00e9sentent des sculptures raffin\u00e9es et des gravures pr\u00e9cieuses. Dimensions cm 160 x 65 x 50.","breadcrumb":{"@id":"https:\/\/www.gruppoliturgico.com\/fr\/produit\/trone\/#breadcrumb"},"inLanguage":"fr-FR","potentialAction":[{"@type":"ReadAction","target":["https:\/\/www.gruppoliturgico.com\/fr\/produit\/trone\/"]}]},{"@type":"BreadcrumbList","@id":"https:\/\/www.gruppoliturgico.com\/fr\/produit\/trone\/#breadcrumb","itemListElement":[{"@type":"ListItem","position":1,"name":"Home","item":"https:\/\/www.gruppoliturgico.com\/fr\/"},{"@type":"ListItem","position":2,"name":"Boutique","item":"https:\/\/www.gruppoliturgico.com\/fr\/boutique\/"},{"@type":"ListItem","position":3,"name":"Tr\u00f4ne"}]},{"@type":"WebSite","@id":"https:\/\/www.gruppoliturgico.com\/es\/#website","url":"https:\/\/www.gruppoliturgico.com\/es\/","name":"Laboratorio Gruppo Liturgico","description":"Articoli Religiosi online","publisher":{"@id":"https:\/\/www.gruppoliturgico.com\/es\/#organization"},"potentialAction":[{"@type":"SearchAction","target":{"@type":"EntryPoint","urlTemplate":"https:\/\/www.gruppoliturgico.com\/es\/?s={search_term_string}"},"query-input":"required name=search_term_string"}],"inLanguage":"fr-FR"},{"@type":"Organization","@id":"https:\/\/www.gruppoliturgico.com\/es\/#organization","name":"Laboratorio Gruppo Liturgico","url":"https:\/\/www.gruppoliturgico.com\/es\/","logo":{"@type":"ImageObject","inLanguage":"fr-FR","@id":"https:\/\/www.gruppoliturgico.com\/es\/#\/schema\/logo\/image\/","url":"https:\/\/www.gruppoliturgico.com\/wp-content\/uploads\/2022\/02\/logo-laboratoriogruppoliturgico.png","contentUrl":"https:\/\/www.gruppoliturgico.com\/wp-content\/uploads\/2022\/02\/logo-laboratoriogruppoliturgico.png","width":400,"height":114,"caption":"Laboratorio Gruppo Liturgico"},"image":{"@id":"https:\/\/www.gruppoliturgico.com\/es\/#\/schema\/logo\/image\/"}}]}},"_links":{"self":[{"href":"https:\/\/www.gruppoliturgico.com\/fr\/wp-json\/wp\/v2\/product\/67355"}],"collection":[{"href":"https:\/\/www.gruppoliturgico.com\/fr\/wp-json\/wp\/v2\/product"}],"about":[{"href":"https:\/\/www.gruppoliturgico.com\/fr\/wp-json\/wp\/v2\/types\/product"}],"wp:featuredmedia":[{"embeddable":true,"href":"https:\/\/www.gruppoliturgico.com\/fr\/wp-json\/wp\/v2\/media\/131294"}],"wp:attachment":[{"href":"https:\/\/www.gruppoliturgico.com\/fr\/wp-json\/wp\/v2\/media?parent=67355"}],"wp:term":[{"taxonomy":"product_cat","embeddable":true,"href":"https:\/\/www.gruppoliturgico.com\/fr\/wp-json\/wp\/v2\/product_cat?post=67355"},{"taxonomy":"product_tag","embeddable":true,"href":"https:\/\/www.gruppoliturgico.com\/fr\/wp-json\/wp\/v2\/product_tag?post=67355"}],"curies":[{"name":"wp","href":"https:\/\/api.w.org\/{rel}","templated":true}]}}