{"id":67247,"date":"2022-05-20T02:25:45","date_gmt":"2022-05-20T00:25:49","guid":{"rendered":"https:\/\/www.gruppoliturgico.com\/prodotto\/croix-pectorale-11\/"},"modified":"2026-01-24T09:32:26","modified_gmt":"2026-01-24T08:32:26","slug":"croix-pectorale-11","status":"publish","type":"product","link":"https:\/\/www.gruppoliturgico.com\/fr\/produit\/croix-pectorale-11\/","title":{"rendered":"croix pectorale en pur argent"},"content":{"rendered":"<html><body><p>Croix pectorale en argent massif avec des ciselures ex\u00e9cut\u00e9es \u00e0 la main.<br>\nDorure \u00e0 l\u2019or fin.<br>\nDimensions cm 11,5 x 7.<\/p>\n<p>Le prix de l\u2019argent varie d\u2019un jour \u00e0 l\u2019autre.<br>\nC\u2019est pourquoi nous vous demandons de nous contacter pour conna\u00eetre le prix actualis\u00e9 de cet article.<\/p>\n<\/body><\/html>","protected":false},"excerpt":{"rendered":"<p>Croix pectorale en argent massif avec des ciselures ex\u00e9cut\u00e9es \u00e0 la main.<br \/>\nDorure \u00e0 l\u2019or fin.<br \/>\nDimensions cm 11,5 x 7.<\/p>\n<p>Le prix de l&rsquo;argent varie d&rsquo;un jour \u00e0 l&rsquo;autre.<br \/>\nC&rsquo;est pourquoi nous vous demandons de nous contacter pour conna\u00eetre le prix actualis\u00e9 de cet article.<\/p>\n","protected":false},"featured_media":135353,"template":"","meta":[],"product_cat":[12116],"product_tag":[],"yoast_head":"<!-- This site is optimized with the Yoast SEO plugin v20.4 - https:\/\/yoast.com\/wordpress\/plugins\/seo\/ -->\n<title>croix pectorale en pur argent - croix pectorales et Laboratorio Gruppo Liturgico<\/title>\n<meta name=\"description\" content=\"Croix pectorale en argent massif avec des ciselures ex\u00e9cut\u00e9es \u00e0 la main. Dorure \u00e0 l\u2019or fin. Dimensions cm 11,5 x 7.  Le prix de l&#039;argent varie d&#039;un jour \u00e0 l&#039;autre. C&#039;est pourquoi nous vous demandons de nous contacter pour conna\u00eetre le prix actualis\u00e9 de cet article.\" \/>\n<meta name=\"robots\" content=\"index, follow, max-snippet:-1, max-image-preview:large, max-video-preview:-1\" \/>\n<link rel=\"canonical\" href=\"https:\/\/www.gruppoliturgico.com\/fr\/produit\/croix-pectorale-11\/\" \/>\n<meta property=\"og:locale\" content=\"fr_FR\" \/>\n<meta property=\"og:type\" content=\"article\" \/>\n<meta property=\"og:title\" content=\"croix pectorale en pur argent - croix pectorales et Laboratorio Gruppo Liturgico\" \/>\n<meta property=\"og:description\" content=\"Croix pectorale en argent massif avec des ciselures ex\u00e9cut\u00e9es \u00e0 la main. Dorure \u00e0 l\u2019or fin. Dimensions cm 11,5 x 7.  Le prix de l&#039;argent varie d&#039;un jour \u00e0 l&#039;autre. C&#039;est pourquoi nous vous demandons de nous contacter pour conna\u00eetre le prix actualis\u00e9 de cet article.\" \/>\n<meta property=\"og:url\" content=\"https:\/\/www.gruppoliturgico.com\/fr\/produit\/croix-pectorale-11\/\" \/>\n<meta property=\"og:site_name\" content=\"Laboratorio Gruppo Liturgico\" \/>\n<meta property=\"article:modified_time\" content=\"2026-01-24T08:32:26+00:00\" \/>\n<meta property=\"og:image\" content=\"https:\/\/www.gruppoliturgico.com\/wp-content\/uploads\/2022\/05\/2558-NV.jpg\" \/>\n\t<meta property=\"og:image:width\" content=\"1297\" \/>\n\t<meta property=\"og:image:height\" content=\"2000\" \/>\n\t<meta property=\"og:image:type\" content=\"image\/jpeg\" \/>\n<meta name=\"twitter:card\" content=\"summary_large_image\" \/>\n<script type=\"application\/ld+json\" class=\"yoast-schema-graph\">{\"@context\":\"https:\/\/schema.org\",\"@graph\":[{\"@type\":\"WebPage\",\"@id\":\"https:\/\/www.gruppoliturgico.com\/fr\/produit\/croix-pectorale-11\/\",\"url\":\"https:\/\/www.gruppoliturgico.com\/fr\/produit\/croix-pectorale-11\/\",\"name\":\"croix pectorale en pur argent - croix pectorales et Laboratorio Gruppo Liturgico\",\"isPartOf\":{\"@id\":\"https:\/\/www.gruppoliturgico.com\/es\/#website\"},\"datePublished\":\"2022-05-20T00:25:49+00:00\",\"dateModified\":\"2026-01-24T08:32:26+00:00\",\"description\":\"Croix pectorale en argent massif avec des ciselures ex\u00e9cut\u00e9es \u00e0 la main. Dorure \u00e0 l\u2019or fin. Dimensions cm 11,5 x 7. Le prix de l'argent varie d'un jour \u00e0 l'autre. C'est pourquoi nous vous demandons de nous contacter pour conna\u00eetre le prix actualis\u00e9 de cet article.\",\"breadcrumb\":{\"@id\":\"https:\/\/www.gruppoliturgico.com\/fr\/produit\/croix-pectorale-11\/#breadcrumb\"},\"inLanguage\":\"fr-FR\",\"potentialAction\":[{\"@type\":\"ReadAction\",\"target\":[\"https:\/\/www.gruppoliturgico.com\/fr\/produit\/croix-pectorale-11\/\"]}]},{\"@type\":\"BreadcrumbList\",\"@id\":\"https:\/\/www.gruppoliturgico.com\/fr\/produit\/croix-pectorale-11\/#breadcrumb\",\"itemListElement\":[{\"@type\":\"ListItem\",\"position\":1,\"name\":\"Home\",\"item\":\"https:\/\/www.gruppoliturgico.com\/fr\/\"},{\"@type\":\"ListItem\",\"position\":2,\"name\":\"Boutique\",\"item\":\"https:\/\/www.gruppoliturgico.com\/fr\/boutique\/\"},{\"@type\":\"ListItem\",\"position\":3,\"name\":\"croix pectorale en pur argent\"}]},{\"@type\":\"WebSite\",\"@id\":\"https:\/\/www.gruppoliturgico.com\/es\/#website\",\"url\":\"https:\/\/www.gruppoliturgico.com\/es\/\",\"name\":\"Laboratorio Gruppo Liturgico\",\"description\":\"Articoli Religiosi online\",\"publisher\":{\"@id\":\"https:\/\/www.gruppoliturgico.com\/es\/#organization\"},\"potentialAction\":[{\"@type\":\"SearchAction\",\"target\":{\"@type\":\"EntryPoint\",\"urlTemplate\":\"https:\/\/www.gruppoliturgico.com\/es\/?s={search_term_string}\"},\"query-input\":\"required name=search_term_string\"}],\"inLanguage\":\"fr-FR\"},{\"@type\":\"Organization\",\"@id\":\"https:\/\/www.gruppoliturgico.com\/es\/#organization\",\"name\":\"Laboratorio Gruppo Liturgico\",\"url\":\"https:\/\/www.gruppoliturgico.com\/es\/\",\"logo\":{\"@type\":\"ImageObject\",\"inLanguage\":\"fr-FR\",\"@id\":\"https:\/\/www.gruppoliturgico.com\/es\/#\/schema\/logo\/image\/\",\"url\":\"https:\/\/www.gruppoliturgico.com\/wp-content\/uploads\/2022\/02\/logo-laboratoriogruppoliturgico.png\",\"contentUrl\":\"https:\/\/www.gruppoliturgico.com\/wp-content\/uploads\/2022\/02\/logo-laboratoriogruppoliturgico.png\",\"width\":400,\"height\":114,\"caption\":\"Laboratorio Gruppo Liturgico\"},\"image\":{\"@id\":\"https:\/\/www.gruppoliturgico.com\/es\/#\/schema\/logo\/image\/\"}}]}<\/script>\n<!-- \/ Yoast SEO plugin. -->","yoast_head_json":{"title":"croix pectorale en pur argent - croix pectorales et Laboratorio Gruppo Liturgico","description":"Croix pectorale en argent massif avec des ciselures ex\u00e9cut\u00e9es \u00e0 la main. Dorure \u00e0 l\u2019or fin. Dimensions cm 11,5 x 7.  Le prix de l'argent varie d'un jour \u00e0 l'autre. C'est pourquoi nous vous demandons de nous contacter pour conna\u00eetre le prix actualis\u00e9 de cet article.","robots":{"index":"index","follow":"follow","max-snippet":"max-snippet:-1","max-image-preview":"max-image-preview:large","max-video-preview":"max-video-preview:-1"},"canonical":"https:\/\/www.gruppoliturgico.com\/fr\/produit\/croix-pectorale-11\/","og_locale":"fr_FR","og_type":"article","og_title":"croix pectorale en pur argent - croix pectorales et Laboratorio Gruppo Liturgico","og_description":"Croix pectorale en argent massif avec des ciselures ex\u00e9cut\u00e9es \u00e0 la main. Dorure \u00e0 l\u2019or fin. Dimensions cm 11,5 x 7.  Le prix de l'argent varie d'un jour \u00e0 l'autre. C'est pourquoi nous vous demandons de nous contacter pour conna\u00eetre le prix actualis\u00e9 de cet article.","og_url":"https:\/\/www.gruppoliturgico.com\/fr\/produit\/croix-pectorale-11\/","og_site_name":"Laboratorio Gruppo Liturgico","article_modified_time":"2026-01-24T08:32:26+00:00","og_image":[{"width":1297,"height":2000,"url":"https:\/\/www.gruppoliturgico.com\/wp-content\/uploads\/2022\/05\/2558-NV.jpg","type":"image\/jpeg"}],"twitter_card":"summary_large_image","schema":{"@context":"https:\/\/schema.org","@graph":[{"@type":"WebPage","@id":"https:\/\/www.gruppoliturgico.com\/fr\/produit\/croix-pectorale-11\/","url":"https:\/\/www.gruppoliturgico.com\/fr\/produit\/croix-pectorale-11\/","name":"croix pectorale en pur argent - croix pectorales et Laboratorio Gruppo Liturgico","isPartOf":{"@id":"https:\/\/www.gruppoliturgico.com\/es\/#website"},"datePublished":"2022-05-20T00:25:49+00:00","dateModified":"2026-01-24T08:32:26+00:00","description":"Croix pectorale en argent massif avec des ciselures ex\u00e9cut\u00e9es \u00e0 la main. Dorure \u00e0 l\u2019or fin. Dimensions cm 11,5 x 7. Le prix de l'argent varie d'un jour \u00e0 l'autre. C'est pourquoi nous vous demandons de nous contacter pour conna\u00eetre le prix actualis\u00e9 de cet article.","breadcrumb":{"@id":"https:\/\/www.gruppoliturgico.com\/fr\/produit\/croix-pectorale-11\/#breadcrumb"},"inLanguage":"fr-FR","potentialAction":[{"@type":"ReadAction","target":["https:\/\/www.gruppoliturgico.com\/fr\/produit\/croix-pectorale-11\/"]}]},{"@type":"BreadcrumbList","@id":"https:\/\/www.gruppoliturgico.com\/fr\/produit\/croix-pectorale-11\/#breadcrumb","itemListElement":[{"@type":"ListItem","position":1,"name":"Home","item":"https:\/\/www.gruppoliturgico.com\/fr\/"},{"@type":"ListItem","position":2,"name":"Boutique","item":"https:\/\/www.gruppoliturgico.com\/fr\/boutique\/"},{"@type":"ListItem","position":3,"name":"croix pectorale en pur argent"}]},{"@type":"WebSite","@id":"https:\/\/www.gruppoliturgico.com\/es\/#website","url":"https:\/\/www.gruppoliturgico.com\/es\/","name":"Laboratorio Gruppo Liturgico","description":"Articoli Religiosi online","publisher":{"@id":"https:\/\/www.gruppoliturgico.com\/es\/#organization"},"potentialAction":[{"@type":"SearchAction","target":{"@type":"EntryPoint","urlTemplate":"https:\/\/www.gruppoliturgico.com\/es\/?s={search_term_string}"},"query-input":"required name=search_term_string"}],"inLanguage":"fr-FR"},{"@type":"Organization","@id":"https:\/\/www.gruppoliturgico.com\/es\/#organization","name":"Laboratorio Gruppo Liturgico","url":"https:\/\/www.gruppoliturgico.com\/es\/","logo":{"@type":"ImageObject","inLanguage":"fr-FR","@id":"https:\/\/www.gruppoliturgico.com\/es\/#\/schema\/logo\/image\/","url":"https:\/\/www.gruppoliturgico.com\/wp-content\/uploads\/2022\/02\/logo-laboratoriogruppoliturgico.png","contentUrl":"https:\/\/www.gruppoliturgico.com\/wp-content\/uploads\/2022\/02\/logo-laboratoriogruppoliturgico.png","width":400,"height":114,"caption":"Laboratorio Gruppo Liturgico"},"image":{"@id":"https:\/\/www.gruppoliturgico.com\/es\/#\/schema\/logo\/image\/"}}]}},"_links":{"self":[{"href":"https:\/\/www.gruppoliturgico.com\/fr\/wp-json\/wp\/v2\/product\/67247"}],"collection":[{"href":"https:\/\/www.gruppoliturgico.com\/fr\/wp-json\/wp\/v2\/product"}],"about":[{"href":"https:\/\/www.gruppoliturgico.com\/fr\/wp-json\/wp\/v2\/types\/product"}],"wp:featuredmedia":[{"embeddable":true,"href":"https:\/\/www.gruppoliturgico.com\/fr\/wp-json\/wp\/v2\/media\/135353"}],"wp:attachment":[{"href":"https:\/\/www.gruppoliturgico.com\/fr\/wp-json\/wp\/v2\/media?parent=67247"}],"wp:term":[{"taxonomy":"product_cat","embeddable":true,"href":"https:\/\/www.gruppoliturgico.com\/fr\/wp-json\/wp\/v2\/product_cat?post=67247"},{"taxonomy":"product_tag","embeddable":true,"href":"https:\/\/www.gruppoliturgico.com\/fr\/wp-json\/wp\/v2\/product_tag?post=67247"}],"curies":[{"name":"wp","href":"https:\/\/api.w.org\/{rel}","templated":true}]}}