{"id":67231,"date":"2022-05-20T02:25:00","date_gmt":"2022-05-20T00:25:06","guid":{"rendered":"https:\/\/www.gruppoliturgico.com\/prodotto\/mitre-5\/"},"modified":"2022-06-02T12:50:06","modified_gmt":"2022-06-02T10:50:06","slug":"mitre-5","status":"publish","type":"product","link":"https:\/\/www.gruppoliturgico.com\/fr\/produit\/mitre-5\/","title":{"rendered":"Mitre"},"content":{"rendered":"<html><body><p>Mitre \u00e9piscopale pour les c\u00e9l\u00e9brations mariales.<br>\nElle est finement brod\u00e9e de fils d\u2019argent et d\u2019or, est agr\u00e9ment\u00e9e de perles blanches et de cristaux swarovski bleus.<br>\nBroderie de symboles mariaux sur les fanons.<\/p>\n<p>Lors de la commande, veuillez indiquer le tour de t\u00eate<\/p>\n<\/body><\/html>","protected":false},"excerpt":{"rendered":"<p>Mitre \u00e9piscopale pour les c\u00e9l\u00e9brations mariales.<br \/>\nElle est finement brod\u00e9e de fils d&rsquo;argent et d&rsquo;or, est agr\u00e9ment\u00e9e de perles blanches et de cristaux swarovski bleus.<br \/>\nBroderie de symboles mariaux sur les fanons.<\/p>\n<p>Lors de la commande, veuillez indiquer le tour de t\u00eate<\/p>\n","protected":false},"featured_media":135491,"template":"","meta":[],"product_cat":[11964],"product_tag":[],"yoast_head":"<!-- This site is optimized with the Yoast SEO plugin v20.4 - https:\/\/yoast.com\/wordpress\/plugins\/seo\/ -->\n<title>Mitre - mitres et Laboratorio Gruppo Liturgico<\/title>\n<meta name=\"description\" content=\"Mitre \u00e9piscopale pour les c\u00e9l\u00e9brations mariales. Elle est finement brod\u00e9e de fils d&#039;argent et d&#039;or, est agr\u00e9ment\u00e9e de perles blanches et de cristaux swarovski bleus. Broderie de symboles mariaux sur les fanons.  Lors de la commande, veuillez indiquer le tour de t\u00eate\" \/>\n<meta name=\"robots\" content=\"index, follow, max-snippet:-1, max-image-preview:large, max-video-preview:-1\" \/>\n<link rel=\"canonical\" href=\"https:\/\/www.gruppoliturgico.com\/fr\/produit\/mitre-5\/\" \/>\n<meta property=\"og:locale\" content=\"fr_FR\" \/>\n<meta property=\"og:type\" content=\"article\" \/>\n<meta property=\"og:title\" content=\"Mitre - mitres et Laboratorio Gruppo Liturgico\" \/>\n<meta property=\"og:description\" content=\"Mitre \u00e9piscopale pour les c\u00e9l\u00e9brations mariales. Elle est finement brod\u00e9e de fils d&#039;argent et d&#039;or, est agr\u00e9ment\u00e9e de perles blanches et de cristaux swarovski bleus. Broderie de symboles mariaux sur les fanons.  Lors de la commande, veuillez indiquer le tour de t\u00eate\" \/>\n<meta property=\"og:url\" content=\"https:\/\/www.gruppoliturgico.com\/fr\/produit\/mitre-5\/\" \/>\n<meta property=\"og:site_name\" content=\"Laboratorio Gruppo Liturgico\" \/>\n<meta property=\"article:modified_time\" content=\"2022-06-02T10:50:06+00:00\" \/>\n<meta property=\"og:image\" content=\"https:\/\/www.gruppoliturgico.com\/wp-content\/uploads\/2022\/05\/3700.jpg\" \/>\n\t<meta property=\"og:image:width\" content=\"1500\" \/>\n\t<meta property=\"og:image:height\" content=\"1070\" \/>\n\t<meta property=\"og:image:type\" content=\"image\/jpeg\" \/>\n<meta name=\"twitter:card\" content=\"summary_large_image\" \/>\n<script type=\"application\/ld+json\" class=\"yoast-schema-graph\">{\"@context\":\"https:\/\/schema.org\",\"@graph\":[{\"@type\":\"WebPage\",\"@id\":\"https:\/\/www.gruppoliturgico.com\/fr\/produit\/mitre-5\/\",\"url\":\"https:\/\/www.gruppoliturgico.com\/fr\/produit\/mitre-5\/\",\"name\":\"Mitre - mitres et Laboratorio Gruppo Liturgico\",\"isPartOf\":{\"@id\":\"https:\/\/www.gruppoliturgico.com\/es\/#website\"},\"datePublished\":\"2022-05-20T00:25:06+00:00\",\"dateModified\":\"2022-06-02T10:50:06+00:00\",\"description\":\"Mitre \u00e9piscopale pour les c\u00e9l\u00e9brations mariales. Elle est finement brod\u00e9e de fils d'argent et d'or, est agr\u00e9ment\u00e9e de perles blanches et de cristaux swarovski bleus. Broderie de symboles mariaux sur les fanons. Lors de la commande, veuillez indiquer le tour de t\u00eate\",\"breadcrumb\":{\"@id\":\"https:\/\/www.gruppoliturgico.com\/fr\/produit\/mitre-5\/#breadcrumb\"},\"inLanguage\":\"fr-FR\",\"potentialAction\":[{\"@type\":\"ReadAction\",\"target\":[\"https:\/\/www.gruppoliturgico.com\/fr\/produit\/mitre-5\/\"]}]},{\"@type\":\"BreadcrumbList\",\"@id\":\"https:\/\/www.gruppoliturgico.com\/fr\/produit\/mitre-5\/#breadcrumb\",\"itemListElement\":[{\"@type\":\"ListItem\",\"position\":1,\"name\":\"Home\",\"item\":\"https:\/\/www.gruppoliturgico.com\/fr\/\"},{\"@type\":\"ListItem\",\"position\":2,\"name\":\"Boutique\",\"item\":\"https:\/\/www.gruppoliturgico.com\/fr\/boutique\/\"},{\"@type\":\"ListItem\",\"position\":3,\"name\":\"Mitre\"}]},{\"@type\":\"WebSite\",\"@id\":\"https:\/\/www.gruppoliturgico.com\/es\/#website\",\"url\":\"https:\/\/www.gruppoliturgico.com\/es\/\",\"name\":\"Laboratorio Gruppo Liturgico\",\"description\":\"Articoli Religiosi online\",\"publisher\":{\"@id\":\"https:\/\/www.gruppoliturgico.com\/es\/#organization\"},\"potentialAction\":[{\"@type\":\"SearchAction\",\"target\":{\"@type\":\"EntryPoint\",\"urlTemplate\":\"https:\/\/www.gruppoliturgico.com\/es\/?s={search_term_string}\"},\"query-input\":\"required name=search_term_string\"}],\"inLanguage\":\"fr-FR\"},{\"@type\":\"Organization\",\"@id\":\"https:\/\/www.gruppoliturgico.com\/es\/#organization\",\"name\":\"Laboratorio Gruppo Liturgico\",\"url\":\"https:\/\/www.gruppoliturgico.com\/es\/\",\"logo\":{\"@type\":\"ImageObject\",\"inLanguage\":\"fr-FR\",\"@id\":\"https:\/\/www.gruppoliturgico.com\/es\/#\/schema\/logo\/image\/\",\"url\":\"https:\/\/www.gruppoliturgico.com\/wp-content\/uploads\/2022\/02\/logo-laboratoriogruppoliturgico.png\",\"contentUrl\":\"https:\/\/www.gruppoliturgico.com\/wp-content\/uploads\/2022\/02\/logo-laboratoriogruppoliturgico.png\",\"width\":400,\"height\":114,\"caption\":\"Laboratorio Gruppo Liturgico\"},\"image\":{\"@id\":\"https:\/\/www.gruppoliturgico.com\/es\/#\/schema\/logo\/image\/\"}}]}<\/script>\n<!-- \/ Yoast SEO plugin. -->","yoast_head_json":{"title":"Mitre - mitres et Laboratorio Gruppo Liturgico","description":"Mitre \u00e9piscopale pour les c\u00e9l\u00e9brations mariales. Elle est finement brod\u00e9e de fils d'argent et d'or, est agr\u00e9ment\u00e9e de perles blanches et de cristaux swarovski bleus. Broderie de symboles mariaux sur les fanons.  Lors de la commande, veuillez indiquer le tour de t\u00eate","robots":{"index":"index","follow":"follow","max-snippet":"max-snippet:-1","max-image-preview":"max-image-preview:large","max-video-preview":"max-video-preview:-1"},"canonical":"https:\/\/www.gruppoliturgico.com\/fr\/produit\/mitre-5\/","og_locale":"fr_FR","og_type":"article","og_title":"Mitre - mitres et Laboratorio Gruppo Liturgico","og_description":"Mitre \u00e9piscopale pour les c\u00e9l\u00e9brations mariales. Elle est finement brod\u00e9e de fils d'argent et d'or, est agr\u00e9ment\u00e9e de perles blanches et de cristaux swarovski bleus. Broderie de symboles mariaux sur les fanons.  Lors de la commande, veuillez indiquer le tour de t\u00eate","og_url":"https:\/\/www.gruppoliturgico.com\/fr\/produit\/mitre-5\/","og_site_name":"Laboratorio Gruppo Liturgico","article_modified_time":"2022-06-02T10:50:06+00:00","og_image":[{"width":1500,"height":1070,"url":"https:\/\/www.gruppoliturgico.com\/wp-content\/uploads\/2022\/05\/3700.jpg","type":"image\/jpeg"}],"twitter_card":"summary_large_image","schema":{"@context":"https:\/\/schema.org","@graph":[{"@type":"WebPage","@id":"https:\/\/www.gruppoliturgico.com\/fr\/produit\/mitre-5\/","url":"https:\/\/www.gruppoliturgico.com\/fr\/produit\/mitre-5\/","name":"Mitre - mitres et Laboratorio Gruppo Liturgico","isPartOf":{"@id":"https:\/\/www.gruppoliturgico.com\/es\/#website"},"datePublished":"2022-05-20T00:25:06+00:00","dateModified":"2022-06-02T10:50:06+00:00","description":"Mitre \u00e9piscopale pour les c\u00e9l\u00e9brations mariales. Elle est finement brod\u00e9e de fils d'argent et d'or, est agr\u00e9ment\u00e9e de perles blanches et de cristaux swarovski bleus. Broderie de symboles mariaux sur les fanons. Lors de la commande, veuillez indiquer le tour de t\u00eate","breadcrumb":{"@id":"https:\/\/www.gruppoliturgico.com\/fr\/produit\/mitre-5\/#breadcrumb"},"inLanguage":"fr-FR","potentialAction":[{"@type":"ReadAction","target":["https:\/\/www.gruppoliturgico.com\/fr\/produit\/mitre-5\/"]}]},{"@type":"BreadcrumbList","@id":"https:\/\/www.gruppoliturgico.com\/fr\/produit\/mitre-5\/#breadcrumb","itemListElement":[{"@type":"ListItem","position":1,"name":"Home","item":"https:\/\/www.gruppoliturgico.com\/fr\/"},{"@type":"ListItem","position":2,"name":"Boutique","item":"https:\/\/www.gruppoliturgico.com\/fr\/boutique\/"},{"@type":"ListItem","position":3,"name":"Mitre"}]},{"@type":"WebSite","@id":"https:\/\/www.gruppoliturgico.com\/es\/#website","url":"https:\/\/www.gruppoliturgico.com\/es\/","name":"Laboratorio Gruppo Liturgico","description":"Articoli Religiosi online","publisher":{"@id":"https:\/\/www.gruppoliturgico.com\/es\/#organization"},"potentialAction":[{"@type":"SearchAction","target":{"@type":"EntryPoint","urlTemplate":"https:\/\/www.gruppoliturgico.com\/es\/?s={search_term_string}"},"query-input":"required name=search_term_string"}],"inLanguage":"fr-FR"},{"@type":"Organization","@id":"https:\/\/www.gruppoliturgico.com\/es\/#organization","name":"Laboratorio Gruppo Liturgico","url":"https:\/\/www.gruppoliturgico.com\/es\/","logo":{"@type":"ImageObject","inLanguage":"fr-FR","@id":"https:\/\/www.gruppoliturgico.com\/es\/#\/schema\/logo\/image\/","url":"https:\/\/www.gruppoliturgico.com\/wp-content\/uploads\/2022\/02\/logo-laboratoriogruppoliturgico.png","contentUrl":"https:\/\/www.gruppoliturgico.com\/wp-content\/uploads\/2022\/02\/logo-laboratoriogruppoliturgico.png","width":400,"height":114,"caption":"Laboratorio Gruppo Liturgico"},"image":{"@id":"https:\/\/www.gruppoliturgico.com\/es\/#\/schema\/logo\/image\/"}}]}},"_links":{"self":[{"href":"https:\/\/www.gruppoliturgico.com\/fr\/wp-json\/wp\/v2\/product\/67231"}],"collection":[{"href":"https:\/\/www.gruppoliturgico.com\/fr\/wp-json\/wp\/v2\/product"}],"about":[{"href":"https:\/\/www.gruppoliturgico.com\/fr\/wp-json\/wp\/v2\/types\/product"}],"wp:featuredmedia":[{"embeddable":true,"href":"https:\/\/www.gruppoliturgico.com\/fr\/wp-json\/wp\/v2\/media\/135491"}],"wp:attachment":[{"href":"https:\/\/www.gruppoliturgico.com\/fr\/wp-json\/wp\/v2\/media?parent=67231"}],"wp:term":[{"taxonomy":"product_cat","embeddable":true,"href":"https:\/\/www.gruppoliturgico.com\/fr\/wp-json\/wp\/v2\/product_cat?post=67231"},{"taxonomy":"product_tag","embeddable":true,"href":"https:\/\/www.gruppoliturgico.com\/fr\/wp-json\/wp\/v2\/product_tag?post=67231"}],"curies":[{"name":"wp","href":"https:\/\/api.w.org\/{rel}","templated":true}]}}