{"id":67211,"date":"2022-05-20T02:24:06","date_gmt":"2022-05-20T00:24:10","guid":{"rendered":"https:\/\/www.gruppoliturgico.com\/prodotto\/corps-de-jesus-crucifie-2\/"},"modified":"2022-11-04T16:02:18","modified_gmt":"2022-11-04T15:02:18","slug":"corps-de-jesus-crucifie-2","status":"publish","type":"product","link":"https:\/\/www.gruppoliturgico.com\/fr\/produit\/corps-de-jesus-crucifie-2\/","title":{"rendered":"Corps de j\u00e9sus crucifi\u00e9"},"content":{"rendered":"<html><body><p>Crucifix en bois massif, vrai exemple de haut artisanat artistique.<br>\nPeint \u00e0 la main avec des couleurs \u00e0 l\u2019huile.<br>\nHauteurs disponibles de cm 40 \u00e0 cm 240.<br>\nDevise sur demande pour les mesures sup\u00e9rieures \u00e0 150 cm<\/p>\n<\/body><\/html>","protected":false},"excerpt":{"rendered":"<p>Crucifix en bois massif, vrai exemple de haut artisanat artistique.<br \/>\nPeint \u00e0 la main avec des couleurs \u00e0 l&rsquo;huile.<br \/>\nHauteurs disponibles de cm 40 \u00e0 cm 240.<br \/>\nDevise sur demande pour les mesures sup\u00e9rieures \u00e0 150 cm<\/p>\n","protected":false},"featured_media":77546,"template":"","meta":[],"product_cat":[11592],"product_tag":[],"yoast_head":"<!-- This site is optimized with the Yoast SEO plugin v20.4 - https:\/\/yoast.com\/wordpress\/plugins\/seo\/ -->\n<title>Corps de j\u00e9sus crucifi\u00e9 - crucifix en bois sculpt\u00e9 et Laboratorio Gruppo Liturgico<\/title>\n<meta name=\"description\" content=\"Crucifix en bois massif, vrai exemple de haut artisanat artistique.  Peint \u00e0 la main avec des couleurs \u00e0 l&#039;huile. Hauteurs disponibles de cm 40 \u00e0 cm 240. Devise sur demande pour les mesures sup\u00e9rieures \u00e0 150 cm\" \/>\n<meta name=\"robots\" content=\"index, follow, max-snippet:-1, max-image-preview:large, max-video-preview:-1\" \/>\n<link rel=\"canonical\" href=\"https:\/\/www.gruppoliturgico.com\/fr\/produit\/corps-de-jesus-crucifie-2\/\" \/>\n<meta property=\"og:locale\" content=\"fr_FR\" \/>\n<meta property=\"og:type\" content=\"article\" \/>\n<meta property=\"og:title\" content=\"Corps de j\u00e9sus crucifi\u00e9 - crucifix en bois sculpt\u00e9 et Laboratorio Gruppo Liturgico\" \/>\n<meta property=\"og:description\" content=\"Crucifix en bois massif, vrai exemple de haut artisanat artistique.  Peint \u00e0 la main avec des couleurs \u00e0 l&#039;huile. Hauteurs disponibles de cm 40 \u00e0 cm 240. Devise sur demande pour les mesures sup\u00e9rieures \u00e0 150 cm\" \/>\n<meta property=\"og:url\" content=\"https:\/\/www.gruppoliturgico.com\/fr\/produit\/corps-de-jesus-crucifie-2\/\" \/>\n<meta property=\"og:site_name\" content=\"Laboratorio Gruppo Liturgico\" \/>\n<meta property=\"article:modified_time\" content=\"2022-11-04T15:02:18+00:00\" \/>\n<meta property=\"og:image\" content=\"https:\/\/www.gruppoliturgico.com\/wp-content\/uploads\/2022\/05\/684000_Color_0.jpg\" \/>\n\t<meta property=\"og:image:width\" content=\"960\" \/>\n\t<meta property=\"og:image:height\" content=\"1500\" \/>\n\t<meta property=\"og:image:type\" content=\"image\/jpeg\" \/>\n<meta name=\"twitter:card\" content=\"summary_large_image\" \/>\n<script type=\"application\/ld+json\" class=\"yoast-schema-graph\">{\"@context\":\"https:\/\/schema.org\",\"@graph\":[{\"@type\":\"WebPage\",\"@id\":\"https:\/\/www.gruppoliturgico.com\/fr\/produit\/corps-de-jesus-crucifie-2\/\",\"url\":\"https:\/\/www.gruppoliturgico.com\/fr\/produit\/corps-de-jesus-crucifie-2\/\",\"name\":\"Corps de j\u00e9sus crucifi\u00e9 - crucifix en bois sculpt\u00e9 et Laboratorio Gruppo Liturgico\",\"isPartOf\":{\"@id\":\"https:\/\/www.gruppoliturgico.com\/es\/#website\"},\"datePublished\":\"2022-05-20T00:24:10+00:00\",\"dateModified\":\"2022-11-04T15:02:18+00:00\",\"description\":\"Crucifix en bois massif, vrai exemple de haut artisanat artistique. Peint \u00e0 la main avec des couleurs \u00e0 l'huile. Hauteurs disponibles de cm 40 \u00e0 cm 240. Devise sur demande pour les mesures sup\u00e9rieures \u00e0 150 cm\",\"breadcrumb\":{\"@id\":\"https:\/\/www.gruppoliturgico.com\/fr\/produit\/corps-de-jesus-crucifie-2\/#breadcrumb\"},\"inLanguage\":\"fr-FR\",\"potentialAction\":[{\"@type\":\"ReadAction\",\"target\":[\"https:\/\/www.gruppoliturgico.com\/fr\/produit\/corps-de-jesus-crucifie-2\/\"]}]},{\"@type\":\"BreadcrumbList\",\"@id\":\"https:\/\/www.gruppoliturgico.com\/fr\/produit\/corps-de-jesus-crucifie-2\/#breadcrumb\",\"itemListElement\":[{\"@type\":\"ListItem\",\"position\":1,\"name\":\"Home\",\"item\":\"https:\/\/www.gruppoliturgico.com\/fr\/\"},{\"@type\":\"ListItem\",\"position\":2,\"name\":\"Boutique\",\"item\":\"https:\/\/www.gruppoliturgico.com\/fr\/boutique\/\"},{\"@type\":\"ListItem\",\"position\":3,\"name\":\"Corps de j\u00e9sus crucifi\u00e9\"}]},{\"@type\":\"WebSite\",\"@id\":\"https:\/\/www.gruppoliturgico.com\/es\/#website\",\"url\":\"https:\/\/www.gruppoliturgico.com\/es\/\",\"name\":\"Laboratorio Gruppo Liturgico\",\"description\":\"Articoli Religiosi online\",\"publisher\":{\"@id\":\"https:\/\/www.gruppoliturgico.com\/es\/#organization\"},\"potentialAction\":[{\"@type\":\"SearchAction\",\"target\":{\"@type\":\"EntryPoint\",\"urlTemplate\":\"https:\/\/www.gruppoliturgico.com\/es\/?s={search_term_string}\"},\"query-input\":\"required name=search_term_string\"}],\"inLanguage\":\"fr-FR\"},{\"@type\":\"Organization\",\"@id\":\"https:\/\/www.gruppoliturgico.com\/es\/#organization\",\"name\":\"Laboratorio Gruppo Liturgico\",\"url\":\"https:\/\/www.gruppoliturgico.com\/es\/\",\"logo\":{\"@type\":\"ImageObject\",\"inLanguage\":\"fr-FR\",\"@id\":\"https:\/\/www.gruppoliturgico.com\/es\/#\/schema\/logo\/image\/\",\"url\":\"https:\/\/www.gruppoliturgico.com\/wp-content\/uploads\/2022\/02\/logo-laboratoriogruppoliturgico.png\",\"contentUrl\":\"https:\/\/www.gruppoliturgico.com\/wp-content\/uploads\/2022\/02\/logo-laboratoriogruppoliturgico.png\",\"width\":400,\"height\":114,\"caption\":\"Laboratorio Gruppo Liturgico\"},\"image\":{\"@id\":\"https:\/\/www.gruppoliturgico.com\/es\/#\/schema\/logo\/image\/\"}}]}<\/script>\n<!-- \/ Yoast SEO plugin. -->","yoast_head_json":{"title":"Corps de j\u00e9sus crucifi\u00e9 - crucifix en bois sculpt\u00e9 et Laboratorio Gruppo Liturgico","description":"Crucifix en bois massif, vrai exemple de haut artisanat artistique.  Peint \u00e0 la main avec des couleurs \u00e0 l'huile. Hauteurs disponibles de cm 40 \u00e0 cm 240. Devise sur demande pour les mesures sup\u00e9rieures \u00e0 150 cm","robots":{"index":"index","follow":"follow","max-snippet":"max-snippet:-1","max-image-preview":"max-image-preview:large","max-video-preview":"max-video-preview:-1"},"canonical":"https:\/\/www.gruppoliturgico.com\/fr\/produit\/corps-de-jesus-crucifie-2\/","og_locale":"fr_FR","og_type":"article","og_title":"Corps de j\u00e9sus crucifi\u00e9 - crucifix en bois sculpt\u00e9 et Laboratorio Gruppo Liturgico","og_description":"Crucifix en bois massif, vrai exemple de haut artisanat artistique.  Peint \u00e0 la main avec des couleurs \u00e0 l'huile. Hauteurs disponibles de cm 40 \u00e0 cm 240. Devise sur demande pour les mesures sup\u00e9rieures \u00e0 150 cm","og_url":"https:\/\/www.gruppoliturgico.com\/fr\/produit\/corps-de-jesus-crucifie-2\/","og_site_name":"Laboratorio Gruppo Liturgico","article_modified_time":"2022-11-04T15:02:18+00:00","og_image":[{"width":960,"height":1500,"url":"https:\/\/www.gruppoliturgico.com\/wp-content\/uploads\/2022\/05\/684000_Color_0.jpg","type":"image\/jpeg"}],"twitter_card":"summary_large_image","schema":{"@context":"https:\/\/schema.org","@graph":[{"@type":"WebPage","@id":"https:\/\/www.gruppoliturgico.com\/fr\/produit\/corps-de-jesus-crucifie-2\/","url":"https:\/\/www.gruppoliturgico.com\/fr\/produit\/corps-de-jesus-crucifie-2\/","name":"Corps de j\u00e9sus crucifi\u00e9 - crucifix en bois sculpt\u00e9 et Laboratorio Gruppo Liturgico","isPartOf":{"@id":"https:\/\/www.gruppoliturgico.com\/es\/#website"},"datePublished":"2022-05-20T00:24:10+00:00","dateModified":"2022-11-04T15:02:18+00:00","description":"Crucifix en bois massif, vrai exemple de haut artisanat artistique. Peint \u00e0 la main avec des couleurs \u00e0 l'huile. Hauteurs disponibles de cm 40 \u00e0 cm 240. Devise sur demande pour les mesures sup\u00e9rieures \u00e0 150 cm","breadcrumb":{"@id":"https:\/\/www.gruppoliturgico.com\/fr\/produit\/corps-de-jesus-crucifie-2\/#breadcrumb"},"inLanguage":"fr-FR","potentialAction":[{"@type":"ReadAction","target":["https:\/\/www.gruppoliturgico.com\/fr\/produit\/corps-de-jesus-crucifie-2\/"]}]},{"@type":"BreadcrumbList","@id":"https:\/\/www.gruppoliturgico.com\/fr\/produit\/corps-de-jesus-crucifie-2\/#breadcrumb","itemListElement":[{"@type":"ListItem","position":1,"name":"Home","item":"https:\/\/www.gruppoliturgico.com\/fr\/"},{"@type":"ListItem","position":2,"name":"Boutique","item":"https:\/\/www.gruppoliturgico.com\/fr\/boutique\/"},{"@type":"ListItem","position":3,"name":"Corps de j\u00e9sus crucifi\u00e9"}]},{"@type":"WebSite","@id":"https:\/\/www.gruppoliturgico.com\/es\/#website","url":"https:\/\/www.gruppoliturgico.com\/es\/","name":"Laboratorio Gruppo Liturgico","description":"Articoli Religiosi online","publisher":{"@id":"https:\/\/www.gruppoliturgico.com\/es\/#organization"},"potentialAction":[{"@type":"SearchAction","target":{"@type":"EntryPoint","urlTemplate":"https:\/\/www.gruppoliturgico.com\/es\/?s={search_term_string}"},"query-input":"required name=search_term_string"}],"inLanguage":"fr-FR"},{"@type":"Organization","@id":"https:\/\/www.gruppoliturgico.com\/es\/#organization","name":"Laboratorio Gruppo Liturgico","url":"https:\/\/www.gruppoliturgico.com\/es\/","logo":{"@type":"ImageObject","inLanguage":"fr-FR","@id":"https:\/\/www.gruppoliturgico.com\/es\/#\/schema\/logo\/image\/","url":"https:\/\/www.gruppoliturgico.com\/wp-content\/uploads\/2022\/02\/logo-laboratoriogruppoliturgico.png","contentUrl":"https:\/\/www.gruppoliturgico.com\/wp-content\/uploads\/2022\/02\/logo-laboratoriogruppoliturgico.png","width":400,"height":114,"caption":"Laboratorio Gruppo Liturgico"},"image":{"@id":"https:\/\/www.gruppoliturgico.com\/es\/#\/schema\/logo\/image\/"}}]}},"_links":{"self":[{"href":"https:\/\/www.gruppoliturgico.com\/fr\/wp-json\/wp\/v2\/product\/67211"}],"collection":[{"href":"https:\/\/www.gruppoliturgico.com\/fr\/wp-json\/wp\/v2\/product"}],"about":[{"href":"https:\/\/www.gruppoliturgico.com\/fr\/wp-json\/wp\/v2\/types\/product"}],"wp:featuredmedia":[{"embeddable":true,"href":"https:\/\/www.gruppoliturgico.com\/fr\/wp-json\/wp\/v2\/media\/77546"}],"wp:attachment":[{"href":"https:\/\/www.gruppoliturgico.com\/fr\/wp-json\/wp\/v2\/media?parent=67211"}],"wp:term":[{"taxonomy":"product_cat","embeddable":true,"href":"https:\/\/www.gruppoliturgico.com\/fr\/wp-json\/wp\/v2\/product_cat?post=67211"},{"taxonomy":"product_tag","embeddable":true,"href":"https:\/\/www.gruppoliturgico.com\/fr\/wp-json\/wp\/v2\/product_tag?post=67211"}],"curies":[{"name":"wp","href":"https:\/\/api.w.org\/{rel}","templated":true}]}}